{"id":8867,"date":"2026-04-29T15:00:41","date_gmt":"2026-04-29T14:00:41","guid":{"rendered":"https:\/\/new.latinconnect.com\/product\/kuba-rundreise-la-vida-cubana\/"},"modified":"2026-04-29T15:12:05","modified_gmt":"2026-04-29T14:12:05","slug":"tour-de-cuba-la-vida-cubana","status":"publish","type":"product","link":"https:\/\/new.latinconnect.com\/fr\/produit\/tour-de-cuba-la-vida-cubana\/","title":{"rendered":"Circuit \u00e0 Cuba \u2013 La Vida Cubana"},"content":{"rendered":"<p>D\u00e9couvrez le Cuba authentique lors de ce circuit de 9 jours au d\u00e9part de La Havane \u00e0 travers les plus belles r\u00e9gions de l'\u00eele des Cara\u00efbes. Vous s\u00e9journerez dans des Casas Particulares s\u00e9lectionn\u00e9es et vivrez la vraie vie cubaine au plus pr\u00e8s. De la capitale tr\u00e9pidante de La Havane, l'itin\u00e9raire vous m\u00e8nera \u00e0 travers la pittoresque vall\u00e9e de Vi\u00f1ales, la perle du sud, Cienfuegos, jusqu'\u00e0 la ville coloniale de r\u00eave de Trinidad.<\/p>","protected":false},"featured_media":8411,"template":"","meta":{"_acf_changed":false},"class_list":["post-8867","product","type-product","status-publish","has-post-thumbnail","hentry"],"acf":[],"yoast_head":"<!-- This site is optimized with the Yoast SEO plugin v26.9 - https:\/\/yoast.com\/product\/yoast-seo-wordpress\/ -->\n<title>Kuba Rundreise La Vida Cubana - 9 Tage authentisches Kuba erleben<\/title>\n<meta name=\"description\" content=\"Entdecke das authentische Kuba auf dieser 9-t\u00e4gigen Rundreise. Von Havanna \u00fcber Vi\u00f1ales und Cienfuegos nach Trinidad. \u00dcbernachtung in Casas Particulares, deutschsprachige Reiseleitung, ab 2 Personen.\" \/>\n<meta name=\"robots\" content=\"noindex, follow, max-snippet:-1, max-image-preview:large, max-video-preview:-1\" \/>\n<meta property=\"og:locale\" content=\"fr_FR\" \/>\n<meta property=\"og:type\" content=\"article\" \/>\n<meta property=\"og:title\" content=\"Kuba Rundreise La Vida Cubana - 9 Tage authentisches Kuba erleben\" \/>\n<meta property=\"og:description\" content=\"Entdecke das authentische Kuba auf dieser 9-t\u00e4gigen Rundreise. Von Havanna \u00fcber Vi\u00f1ales und Cienfuegos nach Trinidad. \u00dcbernachtung in Casas Particulares, deutschsprachige Reiseleitung, ab 2 Personen.\" \/>\n<meta property=\"og:url\" content=\"https:\/\/new.latinconnect.com\/fr\/produit\/tour-de-cuba-la-vida-cubana\/\" \/>\n<meta property=\"og:site_name\" content=\"Latinconnect\" \/>\n<meta property=\"article:modified_time\" content=\"2026-04-29T14:12:05+00:00\" \/>\n<meta property=\"og:image\" content=\"https:\/\/new.latinconnect.com\/wp-content\/uploads\/CUB_LVC_01_kuba-rundreise-la-vida-cubana.png\" \/>\n\t<meta property=\"og:image:width\" content=\"2400\" \/>\n\t<meta property=\"og:image:height\" content=\"1800\" \/>\n\t<meta property=\"og:image:type\" content=\"image\/png\" \/>\n<meta name=\"twitter:card\" content=\"summary_large_image\" \/>\n<script type=\"application\/ld+json\" class=\"yoast-schema-graph\">{\"@context\":\"https:\/\/schema.org\",\"@graph\":[{\"@type\":\"WebPage\",\"@id\":\"https:\/\/new.latinconnect.com\/product\/kuba-rundreise-la-vida-cubana\/\",\"url\":\"https:\/\/new.latinconnect.com\/product\/kuba-rundreise-la-vida-cubana\/\",\"name\":\"Kuba Rundreise La Vida Cubana - 9 Tage authentisches Kuba erleben\",\"isPartOf\":{\"@id\":\"http:\/\/new.latinconnect.com\/de\/#website\"},\"primaryImageOfPage\":{\"@id\":\"https:\/\/new.latinconnect.com\/product\/kuba-rundreise-la-vida-cubana\/#primaryimage\"},\"image\":{\"@id\":\"https:\/\/new.latinconnect.com\/product\/kuba-rundreise-la-vida-cubana\/#primaryimage\"},\"thumbnailUrl\":\"https:\/\/new.latinconnect.com\/wp-content\/uploads\/CUB_LVC_01_kuba-rundreise-la-vida-cubana.png\",\"datePublished\":\"2026-04-29T14:00:41+00:00\",\"dateModified\":\"2026-04-29T14:12:05+00:00\",\"description\":\"Entdecke das authentische Kuba auf dieser 9-t\u00e4gigen Rundreise. Von Havanna \u00fcber Vi\u00f1ales und Cienfuegos nach Trinidad. \u00dcbernachtung in Casas Particulares, deutschsprachige Reiseleitung, ab 2 Personen.\",\"breadcrumb\":{\"@id\":\"https:\/\/new.latinconnect.com\/product\/kuba-rundreise-la-vida-cubana\/#breadcrumb\"},\"inLanguage\":\"fr-FR\",\"potentialAction\":[{\"@type\":\"ReadAction\",\"target\":[\"https:\/\/new.latinconnect.com\/product\/kuba-rundreise-la-vida-cubana\/\"]}]},{\"@type\":\"ImageObject\",\"inLanguage\":\"fr-FR\",\"@id\":\"https:\/\/new.latinconnect.com\/product\/kuba-rundreise-la-vida-cubana\/#primaryimage\",\"url\":\"https:\/\/new.latinconnect.com\/wp-content\/uploads\/CUB_LVC_01_kuba-rundreise-la-vida-cubana.png\",\"contentUrl\":\"https:\/\/new.latinconnect.com\/wp-content\/uploads\/CUB_LVC_01_kuba-rundreise-la-vida-cubana.png\",\"width\":2400,\"height\":1800},{\"@type\":\"BreadcrumbList\",\"@id\":\"https:\/\/new.latinconnect.com\/product\/kuba-rundreise-la-vida-cubana\/#breadcrumb\",\"itemListElement\":[{\"@type\":\"ListItem\",\"position\":1,\"name\":\"Home\",\"item\":\"https:\/\/new.latinconnect.com\/\"},{\"@type\":\"ListItem\",\"position\":2,\"name\":\"Kuba Rundreise \u2013 La Vida Cubana\"}]},{\"@type\":\"WebSite\",\"@id\":\"http:\/\/new.latinconnect.com\/de\/#website\",\"url\":\"http:\/\/new.latinconnect.com\/de\/\",\"name\":\"Latinconnect\",\"description\":\"latin america&#039;s dmc alliance\",\"publisher\":{\"@id\":\"http:\/\/new.latinconnect.com\/de\/#organization\"},\"potentialAction\":[{\"@type\":\"SearchAction\",\"target\":{\"@type\":\"EntryPoint\",\"urlTemplate\":\"http:\/\/new.latinconnect.com\/de\/?s={search_term_string}\"},\"query-input\":{\"@type\":\"PropertyValueSpecification\",\"valueRequired\":true,\"valueName\":\"search_term_string\"}}],\"inLanguage\":\"fr-FR\"},{\"@type\":\"Organization\",\"@id\":\"http:\/\/new.latinconnect.com\/de\/#organization\",\"name\":\"Latinconnect\",\"url\":\"http:\/\/new.latinconnect.com\/de\/\",\"logo\":{\"@type\":\"ImageObject\",\"inLanguage\":\"fr-FR\",\"@id\":\"http:\/\/new.latinconnect.com\/de\/#\/schema\/logo\/image\/\",\"url\":\"https:\/\/new.latinconnect.com\/wp-content\/uploads\/logo-latinconnect.svg\",\"contentUrl\":\"https:\/\/new.latinconnect.com\/wp-content\/uploads\/logo-latinconnect.svg\",\"width\":260,\"height\":50,\"caption\":\"Latinconnect\"},\"image\":{\"@id\":\"http:\/\/new.latinconnect.com\/de\/#\/schema\/logo\/image\/\"},\"sameAs\":[\"https:\/\/www.linkedin.com\/company\/latinconnect\"]}]}<\/script>\n<!-- \/ Yoast SEO plugin. -->","yoast_head_json":{"title":"Kuba Rundreise La Vida Cubana - 9 Jours pour vivre le Cuba authentique","description":"D\u00e9couvrez le Cuba authentique lors de ce circuit de 9 jours. De La Havane \u00e0 Trinidad en passant par Vi\u00f1ales et Cienfuegos. Nuits en Casas Particulares, guide germanophone, \u00e0 partir de 2 personnes.","robots":{"index":"noindex","follow":"follow","max-snippet":"max-snippet:-1","max-image-preview":"max-image-preview:large","max-video-preview":"max-video-preview:-1"},"og_locale":"fr_FR","og_type":"article","og_title":"Kuba Rundreise La Vida Cubana - 9 Tage authentisches Kuba erleben","og_description":"Entdecke das authentische Kuba auf dieser 9-t\u00e4gigen Rundreise. Von Havanna \u00fcber Vi\u00f1ales und Cienfuegos nach Trinidad. \u00dcbernachtung in Casas Particulares, deutschsprachige Reiseleitung, ab 2 Personen.","og_url":"https:\/\/new.latinconnect.com\/fr\/produit\/tour-de-cuba-la-vida-cubana\/","og_site_name":"Latinconnect","article_modified_time":"2026-04-29T14:12:05+00:00","og_image":[{"width":2400,"height":1800,"url":"https:\/\/new.latinconnect.com\/wp-content\/uploads\/CUB_LVC_01_kuba-rundreise-la-vida-cubana.png","type":"image\/png"}],"twitter_card":"summary_large_image","schema":{"@context":"https:\/\/schema.org","@graph":[{"@type":"WebPage","@id":"https:\/\/new.latinconnect.com\/product\/kuba-rundreise-la-vida-cubana\/","url":"https:\/\/new.latinconnect.com\/product\/kuba-rundreise-la-vida-cubana\/","name":"Kuba Rundreise La Vida Cubana - 9 Jours pour vivre le Cuba authentique","isPartOf":{"@id":"http:\/\/new.latinconnect.com\/de\/#website"},"primaryImageOfPage":{"@id":"https:\/\/new.latinconnect.com\/product\/kuba-rundreise-la-vida-cubana\/#primaryimage"},"image":{"@id":"https:\/\/new.latinconnect.com\/product\/kuba-rundreise-la-vida-cubana\/#primaryimage"},"thumbnailUrl":"https:\/\/new.latinconnect.com\/wp-content\/uploads\/CUB_LVC_01_kuba-rundreise-la-vida-cubana.png","datePublished":"2026-04-29T14:00:41+00:00","dateModified":"2026-04-29T14:12:05+00:00","description":"D\u00e9couvrez le Cuba authentique lors de ce circuit de 9 jours. De La Havane \u00e0 Trinidad en passant par Vi\u00f1ales et Cienfuegos. Nuits en Casas Particulares, guide germanophone, \u00e0 partir de 2 personnes.","breadcrumb":{"@id":"https:\/\/new.latinconnect.com\/product\/kuba-rundreise-la-vida-cubana\/#breadcrumb"},"inLanguage":"fr-FR","potentialAction":[{"@type":"ReadAction","target":["https:\/\/new.latinconnect.com\/product\/kuba-rundreise-la-vida-cubana\/"]}]},{"@type":"ImageObject","inLanguage":"fr-FR","@id":"https:\/\/new.latinconnect.com\/product\/kuba-rundreise-la-vida-cubana\/#primaryimage","url":"https:\/\/new.latinconnect.com\/wp-content\/uploads\/CUB_LVC_01_kuba-rundreise-la-vida-cubana.png","contentUrl":"https:\/\/new.latinconnect.com\/wp-content\/uploads\/CUB_LVC_01_kuba-rundreise-la-vida-cubana.png","width":2400,"height":1800},{"@type":"BreadcrumbList","@id":"https:\/\/new.latinconnect.com\/product\/kuba-rundreise-la-vida-cubana\/#breadcrumb","itemListElement":[{"@type":"ListItem","position":1,"name":"Home","item":"https:\/\/new.latinconnect.com\/"},{"@type":"ListItem","position":2,"name":"Kuba Rundreise \u2013 La Vida Cubana"}]},{"@type":"WebSite","@id":"http:\/\/new.latinconnect.com\/de\/#website","url":"http:\/\/new.latinconnect.com\/de\/","name":"Latinconnect","description":"latin america's dmc alliance","publisher":{"@id":"http:\/\/new.latinconnect.com\/de\/#organization"},"potentialAction":[{"@type":"SearchAction","target":{"@type":"EntryPoint","urlTemplate":"http:\/\/new.latinconnect.com\/de\/?s={search_term_string}"},"query-input":{"@type":"PropertyValueSpecification","valueRequired":true,"valueName":"search_term_string"}}],"inLanguage":"fr-FR"},{"@type":"Organization","@id":"http:\/\/new.latinconnect.com\/de\/#organization","name":"Latinconnect","url":"http:\/\/new.latinconnect.com\/de\/","logo":{"@type":"ImageObject","inLanguage":"fr-FR","@id":"http:\/\/new.latinconnect.com\/de\/#\/schema\/logo\/image\/","url":"https:\/\/new.latinconnect.com\/wp-content\/uploads\/logo-latinconnect.svg","contentUrl":"https:\/\/new.latinconnect.com\/wp-content\/uploads\/logo-latinconnect.svg","width":260,"height":50,"caption":"Latinconnect"},"image":{"@id":"http:\/\/new.latinconnect.com\/de\/#\/schema\/logo\/image\/"},"sameAs":["https:\/\/www.linkedin.com\/company\/latinconnect"]}]}},"_links":{"self":[{"href":"https:\/\/new.latinconnect.com\/fr\/wp-json\/wp\/v2\/product\/8867","targetHints":{"allow":["GET"]}}],"collection":[{"href":"https:\/\/new.latinconnect.com\/fr\/wp-json\/wp\/v2\/product"}],"about":[{"href":"https:\/\/new.latinconnect.com\/fr\/wp-json\/wp\/v2\/types\/product"}],"wp:featuredmedia":[{"embeddable":true,"href":"https:\/\/new.latinconnect.com\/fr\/wp-json\/wp\/v2\/media\/8411"}],"wp:attachment":[{"href":"https:\/\/new.latinconnect.com\/fr\/wp-json\/wp\/v2\/media?parent=8867"}],"curies":[{"name":"wp","href":"https:\/\/api.w.org\/{rel}","templated":true}]}}