{"id":8857,"date":"2026-04-29T15:00:34","date_gmt":"2026-04-29T14:00:34","guid":{"rendered":"https:\/\/new.latinconnect.com\/product\/mexiko-rundreise-klassisches-mexiko\/"},"modified":"2026-04-29T15:12:04","modified_gmt":"2026-04-29T14:12:04","slug":"voyage-au-mexique-circuit-classique","status":"publish","type":"product","link":"https:\/\/new.latinconnect.com\/fr\/produit\/voyage-au-mexique-circuit-classique\/","title":{"rendered":"Circuit au Mexique \u2013 Mexique classique"},"content":{"rendered":"<p>Ce circuit de 14 jours au Mexique vous emm\u00e8ne de la capitale tr\u00e9pidante de Mexico aux plages de r\u00eave de la Riviera Maya. Vous d\u00e9couvrirez la diversit\u00e9 du Mexique en direct : des pyramides imposantes de Teotihuac\u00e1n \u00e0 la splendeur coloniale d'Oaxaca et de San Crist\u00f3bal de las Casas, en passant par les sites mayas myst\u00e9rieux tels que Palenque et Chich\u00e9n Itz\u00e1.<\/p>","protected":false},"featured_media":8398,"template":"","meta":{"_acf_changed":false},"class_list":["post-8857","product","type-product","status-publish","has-post-thumbnail","hentry"],"acf":[],"yoast_head":"<!-- This site is optimized with the Yoast SEO plugin v26.9 - https:\/\/yoast.com\/product\/yoast-seo-wordpress\/ -->\n<title>Mexiko Rundreise \u2013 Klassisches Mexiko in 14 Tagen | Latinconnect<\/title>\n<meta name=\"description\" content=\"Entdecke Mexiko auf einer 14-t\u00e4gigen Rundreise von Mexiko Stadt bis zur Riviera Maya. Besuche Teotihuac\u00e1n, Oaxaca, Palenque und Chich\u00e9n Itz\u00e1. Mit Mietwagen und Fr\u00fchst\u00fcck ab 1.204 EUR.\" \/>\n<meta name=\"robots\" content=\"noindex, follow, max-snippet:-1, max-image-preview:large, max-video-preview:-1\" \/>\n<meta property=\"og:locale\" content=\"fr_FR\" \/>\n<meta property=\"og:type\" content=\"article\" \/>\n<meta property=\"og:title\" content=\"Mexiko Rundreise \u2013 Klassisches Mexiko in 14 Tagen | Latinconnect\" \/>\n<meta property=\"og:description\" content=\"Entdecke Mexiko auf einer 14-t\u00e4gigen Rundreise von Mexiko Stadt bis zur Riviera Maya. Besuche Teotihuac\u00e1n, Oaxaca, Palenque und Chich\u00e9n Itz\u00e1. Mit Mietwagen und Fr\u00fchst\u00fcck ab 1.204 EUR.\" \/>\n<meta property=\"og:url\" content=\"https:\/\/new.latinconnect.com\/fr\/produit\/voyage-au-mexique-circuit-classique\/\" \/>\n<meta property=\"og:site_name\" content=\"Latinconnect\" \/>\n<meta property=\"article:modified_time\" content=\"2026-04-29T14:12:04+00:00\" \/>\n<meta property=\"og:image\" content=\"https:\/\/new.latinconnect.com\/wp-content\/uploads\/MEX_KM_01_mexiko-rundreise-klassisches-mexiko.png\" \/>\n\t<meta property=\"og:image:width\" content=\"2400\" \/>\n\t<meta property=\"og:image:height\" content=\"1800\" \/>\n\t<meta property=\"og:image:type\" content=\"image\/png\" \/>\n<meta name=\"twitter:card\" content=\"summary_large_image\" \/>\n<script type=\"application\/ld+json\" class=\"yoast-schema-graph\">{\"@context\":\"https:\/\/schema.org\",\"@graph\":[{\"@type\":\"WebPage\",\"@id\":\"https:\/\/new.latinconnect.com\/product\/mexiko-rundreise-klassisches-mexiko\/\",\"url\":\"https:\/\/new.latinconnect.com\/product\/mexiko-rundreise-klassisches-mexiko\/\",\"name\":\"Mexiko Rundreise \u2013 Klassisches Mexiko in 14 Tagen | Latinconnect\",\"isPartOf\":{\"@id\":\"http:\/\/new.latinconnect.com\/de\/#website\"},\"primaryImageOfPage\":{\"@id\":\"https:\/\/new.latinconnect.com\/product\/mexiko-rundreise-klassisches-mexiko\/#primaryimage\"},\"image\":{\"@id\":\"https:\/\/new.latinconnect.com\/product\/mexiko-rundreise-klassisches-mexiko\/#primaryimage\"},\"thumbnailUrl\":\"https:\/\/new.latinconnect.com\/wp-content\/uploads\/MEX_KM_01_mexiko-rundreise-klassisches-mexiko.png\",\"datePublished\":\"2026-04-29T14:00:34+00:00\",\"dateModified\":\"2026-04-29T14:12:04+00:00\",\"description\":\"Entdecke Mexiko auf einer 14-t\u00e4gigen Rundreise von Mexiko Stadt bis zur Riviera Maya. Besuche Teotihuac\u00e1n, Oaxaca, Palenque und Chich\u00e9n Itz\u00e1. Mit Mietwagen und Fr\u00fchst\u00fcck ab 1.204 EUR.\",\"breadcrumb\":{\"@id\":\"https:\/\/new.latinconnect.com\/product\/mexiko-rundreise-klassisches-mexiko\/#breadcrumb\"},\"inLanguage\":\"fr-FR\",\"potentialAction\":[{\"@type\":\"ReadAction\",\"target\":[\"https:\/\/new.latinconnect.com\/product\/mexiko-rundreise-klassisches-mexiko\/\"]}]},{\"@type\":\"ImageObject\",\"inLanguage\":\"fr-FR\",\"@id\":\"https:\/\/new.latinconnect.com\/product\/mexiko-rundreise-klassisches-mexiko\/#primaryimage\",\"url\":\"https:\/\/new.latinconnect.com\/wp-content\/uploads\/MEX_KM_01_mexiko-rundreise-klassisches-mexiko.png\",\"contentUrl\":\"https:\/\/new.latinconnect.com\/wp-content\/uploads\/MEX_KM_01_mexiko-rundreise-klassisches-mexiko.png\",\"width\":2400,\"height\":1800},{\"@type\":\"BreadcrumbList\",\"@id\":\"https:\/\/new.latinconnect.com\/product\/mexiko-rundreise-klassisches-mexiko\/#breadcrumb\",\"itemListElement\":[{\"@type\":\"ListItem\",\"position\":1,\"name\":\"Home\",\"item\":\"https:\/\/new.latinconnect.com\/\"},{\"@type\":\"ListItem\",\"position\":2,\"name\":\"Mexiko Rundreise \u2013 Klassisches Mexiko\"}]},{\"@type\":\"WebSite\",\"@id\":\"http:\/\/new.latinconnect.com\/de\/#website\",\"url\":\"http:\/\/new.latinconnect.com\/de\/\",\"name\":\"Latinconnect\",\"description\":\"latin america&#039;s dmc alliance\",\"publisher\":{\"@id\":\"http:\/\/new.latinconnect.com\/de\/#organization\"},\"potentialAction\":[{\"@type\":\"SearchAction\",\"target\":{\"@type\":\"EntryPoint\",\"urlTemplate\":\"http:\/\/new.latinconnect.com\/de\/?s={search_term_string}\"},\"query-input\":{\"@type\":\"PropertyValueSpecification\",\"valueRequired\":true,\"valueName\":\"search_term_string\"}}],\"inLanguage\":\"fr-FR\"},{\"@type\":\"Organization\",\"@id\":\"http:\/\/new.latinconnect.com\/de\/#organization\",\"name\":\"Latinconnect\",\"url\":\"http:\/\/new.latinconnect.com\/de\/\",\"logo\":{\"@type\":\"ImageObject\",\"inLanguage\":\"fr-FR\",\"@id\":\"http:\/\/new.latinconnect.com\/de\/#\/schema\/logo\/image\/\",\"url\":\"https:\/\/new.latinconnect.com\/wp-content\/uploads\/logo-latinconnect.svg\",\"contentUrl\":\"https:\/\/new.latinconnect.com\/wp-content\/uploads\/logo-latinconnect.svg\",\"width\":260,\"height\":50,\"caption\":\"Latinconnect\"},\"image\":{\"@id\":\"http:\/\/new.latinconnect.com\/de\/#\/schema\/logo\/image\/\"},\"sameAs\":[\"https:\/\/www.linkedin.com\/company\/latinconnect\"]}]}<\/script>\n<!-- \/ Yoast SEO plugin. -->","yoast_head_json":{"title":"Voyage au Mexique - Mexique classique en 14 jours | Latinconnect","description":"D\u00e9couvrez le Mexique lors d'un circuit de 14 jours de Mexico \u00e0 la Riviera Maya. Visitez Teotihuacan, Oaxaca, Palenque et Chichen Itza. Avec voiture de location et petit-d\u00e9jeuner \u00e0 partir de 1.204 EUR.","robots":{"index":"noindex","follow":"follow","max-snippet":"max-snippet:-1","max-image-preview":"max-image-preview:large","max-video-preview":"max-video-preview:-1"},"og_locale":"fr_FR","og_type":"article","og_title":"Mexiko Rundreise \u2013 Klassisches Mexiko in 14 Tagen | Latinconnect","og_description":"Entdecke Mexiko auf einer 14-t\u00e4gigen Rundreise von Mexiko Stadt bis zur Riviera Maya. Besuche Teotihuac\u00e1n, Oaxaca, Palenque und Chich\u00e9n Itz\u00e1. Mit Mietwagen und Fr\u00fchst\u00fcck ab 1.204 EUR.","og_url":"https:\/\/new.latinconnect.com\/fr\/produit\/voyage-au-mexique-circuit-classique\/","og_site_name":"Latinconnect","article_modified_time":"2026-04-29T14:12:04+00:00","og_image":[{"width":2400,"height":1800,"url":"https:\/\/new.latinconnect.com\/wp-content\/uploads\/MEX_KM_01_mexiko-rundreise-klassisches-mexiko.png","type":"image\/png"}],"twitter_card":"summary_large_image","schema":{"@context":"https:\/\/schema.org","@graph":[{"@type":"WebPage","@id":"https:\/\/new.latinconnect.com\/product\/mexiko-rundreise-klassisches-mexiko\/","url":"https:\/\/new.latinconnect.com\/product\/mexiko-rundreise-klassisches-mexiko\/","name":"Voyage au Mexique - Mexique classique en 14 jours | Latinconnect","isPartOf":{"@id":"http:\/\/new.latinconnect.com\/de\/#website"},"primaryImageOfPage":{"@id":"https:\/\/new.latinconnect.com\/product\/mexiko-rundreise-klassisches-mexiko\/#primaryimage"},"image":{"@id":"https:\/\/new.latinconnect.com\/product\/mexiko-rundreise-klassisches-mexiko\/#primaryimage"},"thumbnailUrl":"https:\/\/new.latinconnect.com\/wp-content\/uploads\/MEX_KM_01_mexiko-rundreise-klassisches-mexiko.png","datePublished":"2026-04-29T14:00:34+00:00","dateModified":"2026-04-29T14:12:04+00:00","description":"D\u00e9couvrez le Mexique lors d'un circuit de 14 jours de Mexico \u00e0 la Riviera Maya. Visitez Teotihuacan, Oaxaca, Palenque et Chichen Itza. Avec voiture de location et petit-d\u00e9jeuner \u00e0 partir de 1.204 EUR.","breadcrumb":{"@id":"https:\/\/new.latinconnect.com\/product\/mexiko-rundreise-klassisches-mexiko\/#breadcrumb"},"inLanguage":"fr-FR","potentialAction":[{"@type":"ReadAction","target":["https:\/\/new.latinconnect.com\/product\/mexiko-rundreise-klassisches-mexiko\/"]}]},{"@type":"ImageObject","inLanguage":"fr-FR","@id":"https:\/\/new.latinconnect.com\/product\/mexiko-rundreise-klassisches-mexiko\/#primaryimage","url":"https:\/\/new.latinconnect.com\/wp-content\/uploads\/MEX_KM_01_mexiko-rundreise-klassisches-mexiko.png","contentUrl":"https:\/\/new.latinconnect.com\/wp-content\/uploads\/MEX_KM_01_mexiko-rundreise-klassisches-mexiko.png","width":2400,"height":1800},{"@type":"BreadcrumbList","@id":"https:\/\/new.latinconnect.com\/product\/mexiko-rundreise-klassisches-mexiko\/#breadcrumb","itemListElement":[{"@type":"ListItem","position":1,"name":"Home","item":"https:\/\/new.latinconnect.com\/"},{"@type":"ListItem","position":2,"name":"Mexiko Rundreise \u2013 Klassisches Mexiko"}]},{"@type":"WebSite","@id":"http:\/\/new.latinconnect.com\/de\/#website","url":"http:\/\/new.latinconnect.com\/de\/","name":"Latinconnect","description":"latin america's dmc alliance","publisher":{"@id":"http:\/\/new.latinconnect.com\/de\/#organization"},"potentialAction":[{"@type":"SearchAction","target":{"@type":"EntryPoint","urlTemplate":"http:\/\/new.latinconnect.com\/de\/?s={search_term_string}"},"query-input":{"@type":"PropertyValueSpecification","valueRequired":true,"valueName":"search_term_string"}}],"inLanguage":"fr-FR"},{"@type":"Organization","@id":"http:\/\/new.latinconnect.com\/de\/#organization","name":"Latinconnect","url":"http:\/\/new.latinconnect.com\/de\/","logo":{"@type":"ImageObject","inLanguage":"fr-FR","@id":"http:\/\/new.latinconnect.com\/de\/#\/schema\/logo\/image\/","url":"https:\/\/new.latinconnect.com\/wp-content\/uploads\/logo-latinconnect.svg","contentUrl":"https:\/\/new.latinconnect.com\/wp-content\/uploads\/logo-latinconnect.svg","width":260,"height":50,"caption":"Latinconnect"},"image":{"@id":"http:\/\/new.latinconnect.com\/de\/#\/schema\/logo\/image\/"},"sameAs":["https:\/\/www.linkedin.com\/company\/latinconnect"]}]}},"_links":{"self":[{"href":"https:\/\/new.latinconnect.com\/fr\/wp-json\/wp\/v2\/product\/8857","targetHints":{"allow":["GET"]}}],"collection":[{"href":"https:\/\/new.latinconnect.com\/fr\/wp-json\/wp\/v2\/product"}],"about":[{"href":"https:\/\/new.latinconnect.com\/fr\/wp-json\/wp\/v2\/types\/product"}],"wp:featuredmedia":[{"embeddable":true,"href":"https:\/\/new.latinconnect.com\/fr\/wp-json\/wp\/v2\/media\/8398"}],"wp:attachment":[{"href":"https:\/\/new.latinconnect.com\/fr\/wp-json\/wp\/v2\/media?parent=8857"}],"curies":[{"name":"wp","href":"https:\/\/api.w.org\/{rel}","templated":true}]}}