{"id":8847,"date":"2026-04-29T15:00:27","date_gmt":"2026-04-29T14:00:27","guid":{"rendered":"https:\/\/new.latinconnect.com\/product\/panama-stadt-erleben-staedtereise\/"},"modified":"2026-04-29T15:12:04","modified_gmt":"2026-04-29T14:12:04","slug":"decouvrir-panama-city-voyage-urbain","status":"publish","type":"product","link":"https:\/\/latinconnect.com\/fr\/produit\/decouvrir-panama-city-voyage-urbain\/","title":{"rendered":"Circuit au Panama \u2013 D\u00e9couvrez Panama City"},"content":{"rendered":"<p>D\u00e9couvrez Panama City lors d'un city-trip intense de 4 jours dans la fascinante capitale du canal de Panama. Des ruines historiques de Panama Viejo au Casco Viejo colonial en passant par une travers\u00e9e partielle spectaculaire du c\u00e9l\u00e8bre canal de Panama, vous vivrez le m\u00e9lange parfait d'histoire, de culture et de prouesses techniques.<\/p>","protected":false},"featured_media":8386,"template":"","meta":{"_acf_changed":false},"class_list":["post-8847","product","type-product","status-publish","has-post-thumbnail","hentry"],"acf":[],"yoast_head":"<!-- This site is optimized with the Yoast SEO plugin v26.9 - https:\/\/yoast.com\/product\/yoast-seo-wordpress\/ -->\n<title>Panama Rundreise \u2013 Panama-Stadt Erleben | 4 Tage St\u00e4dtereise<\/title>\n<meta name=\"description\" content=\"Panama-Stadt intensiv erleben: 4-t\u00e4gige Rundreise mit UNESCO-Weltkulturerbe Casco Viejo, Panama Viejo Ruinen und Teildurchquerung des Panamakanals. Ab 355 USD pro Person.\" \/>\n<meta name=\"robots\" content=\"noindex, follow, max-snippet:-1, max-image-preview:large, max-video-preview:-1\" \/>\n<meta property=\"og:locale\" content=\"fr_FR\" \/>\n<meta property=\"og:type\" content=\"article\" \/>\n<meta property=\"og:title\" content=\"Panama Rundreise \u2013 Panama-Stadt Erleben | 4 Tage St\u00e4dtereise\" \/>\n<meta property=\"og:description\" content=\"Panama-Stadt intensiv erleben: 4-t\u00e4gige Rundreise mit UNESCO-Weltkulturerbe Casco Viejo, Panama Viejo Ruinen und Teildurchquerung des Panamakanals. Ab 355 USD pro Person.\" \/>\n<meta property=\"og:url\" content=\"https:\/\/latinconnect.com\/fr\/produit\/decouvrir-panama-city-voyage-urbain\/\" \/>\n<meta property=\"og:site_name\" content=\"Latinconnect\" \/>\n<meta property=\"article:modified_time\" content=\"2026-04-29T14:12:04+00:00\" \/>\n<meta property=\"og:image\" content=\"https:\/\/latinconnect.com\/wp-content\/uploads\/PAN_PSE_01_panama-stadt-erleben-staedtereise.png\" \/>\n\t<meta property=\"og:image:width\" content=\"2400\" \/>\n\t<meta property=\"og:image:height\" content=\"1800\" \/>\n\t<meta property=\"og:image:type\" content=\"image\/png\" \/>\n<meta name=\"twitter:card\" content=\"summary_large_image\" \/>\n<script type=\"application\/ld+json\" class=\"yoast-schema-graph\">{\"@context\":\"https:\/\/schema.org\",\"@graph\":[{\"@type\":\"WebPage\",\"@id\":\"https:\/\/latinconnect.com\/product\/panama-stadt-erleben-staedtereise\/\",\"url\":\"https:\/\/latinconnect.com\/product\/panama-stadt-erleben-staedtereise\/\",\"name\":\"Panama Rundreise \u2013 Panama-Stadt Erleben | 4 Tage St\u00e4dtereise\",\"isPartOf\":{\"@id\":\"https:\/\/latinconnect.com\/de\/#website\"},\"primaryImageOfPage\":{\"@id\":\"https:\/\/latinconnect.com\/product\/panama-stadt-erleben-staedtereise\/#primaryimage\"},\"image\":{\"@id\":\"https:\/\/latinconnect.com\/product\/panama-stadt-erleben-staedtereise\/#primaryimage\"},\"thumbnailUrl\":\"https:\/\/latinconnect.com\/wp-content\/uploads\/PAN_PSE_01_panama-stadt-erleben-staedtereise.png\",\"datePublished\":\"2026-04-29T14:00:27+00:00\",\"dateModified\":\"2026-04-29T14:12:04+00:00\",\"description\":\"Panama-Stadt intensiv erleben: 4-t\u00e4gige Rundreise mit UNESCO-Weltkulturerbe Casco Viejo, Panama Viejo Ruinen und Teildurchquerung des Panamakanals. Ab 355 USD pro Person.\",\"breadcrumb\":{\"@id\":\"https:\/\/latinconnect.com\/product\/panama-stadt-erleben-staedtereise\/#breadcrumb\"},\"inLanguage\":\"fr-FR\",\"potentialAction\":[{\"@type\":\"ReadAction\",\"target\":[\"https:\/\/latinconnect.com\/product\/panama-stadt-erleben-staedtereise\/\"]}]},{\"@type\":\"ImageObject\",\"inLanguage\":\"fr-FR\",\"@id\":\"https:\/\/latinconnect.com\/product\/panama-stadt-erleben-staedtereise\/#primaryimage\",\"url\":\"https:\/\/latinconnect.com\/wp-content\/uploads\/PAN_PSE_01_panama-stadt-erleben-staedtereise.png\",\"contentUrl\":\"https:\/\/latinconnect.com\/wp-content\/uploads\/PAN_PSE_01_panama-stadt-erleben-staedtereise.png\",\"width\":2400,\"height\":1800},{\"@type\":\"BreadcrumbList\",\"@id\":\"https:\/\/latinconnect.com\/product\/panama-stadt-erleben-staedtereise\/#breadcrumb\",\"itemListElement\":[{\"@type\":\"ListItem\",\"position\":1,\"name\":\"Home\",\"item\":\"https:\/\/latinconnect.com\/de\/\"},{\"@type\":\"ListItem\",\"position\":2,\"name\":\"Panama Rundreise \u2013 Panama-Stadt Erleben\"}]},{\"@type\":\"WebSite\",\"@id\":\"https:\/\/latinconnect.com\/de\/#website\",\"url\":\"https:\/\/latinconnect.com\/de\/\",\"name\":\"Latinconnect\",\"description\":\"latin america&#039;s dmc alliance\",\"publisher\":{\"@id\":\"https:\/\/latinconnect.com\/de\/#organization\"},\"potentialAction\":[{\"@type\":\"SearchAction\",\"target\":{\"@type\":\"EntryPoint\",\"urlTemplate\":\"https:\/\/latinconnect.com\/de\/?s={search_term_string}\"},\"query-input\":{\"@type\":\"PropertyValueSpecification\",\"valueRequired\":true,\"valueName\":\"search_term_string\"}}],\"inLanguage\":\"fr-FR\"},{\"@type\":\"Organization\",\"@id\":\"https:\/\/latinconnect.com\/de\/#organization\",\"name\":\"Latinconnect\",\"url\":\"https:\/\/latinconnect.com\/de\/\",\"logo\":{\"@type\":\"ImageObject\",\"inLanguage\":\"fr-FR\",\"@id\":\"https:\/\/latinconnect.com\/de\/#\/schema\/logo\/image\/\",\"url\":\"https:\/\/latinconnect.com\/wp-content\/uploads\/logo-latinconnect.svg\",\"contentUrl\":\"https:\/\/latinconnect.com\/wp-content\/uploads\/logo-latinconnect.svg\",\"width\":260,\"height\":50,\"caption\":\"Latinconnect\"},\"image\":{\"@id\":\"https:\/\/latinconnect.com\/de\/#\/schema\/logo\/image\/\"},\"sameAs\":[\"https:\/\/www.linkedin.com\/company\/latinconnect\"]}]}<\/script>\n<!-- \/ Yoast SEO plugin. -->","yoast_head_json":{"title":"Voyage organis\u00e9 au Panama \u2013 D\u00e9couvrir Panama-Ville | City trip de 4 jours","description":"D\u00e9couvrez Panama City en profondeur : circuit de 4 jours avec le site du patrimoine mondial de l'UNESCO Casco Viejo, les ruines de Panama Viejo et une travers\u00e9e partielle du canal de Panama. \u00c0 partir de 355 USD par personne.","robots":{"index":"noindex","follow":"follow","max-snippet":"max-snippet:-1","max-image-preview":"max-image-preview:large","max-video-preview":"max-video-preview:-1"},"og_locale":"fr_FR","og_type":"article","og_title":"Panama Rundreise \u2013 Panama-Stadt Erleben | 4 Tage St\u00e4dtereise","og_description":"Panama-Stadt intensiv erleben: 4-t\u00e4gige Rundreise mit UNESCO-Weltkulturerbe Casco Viejo, Panama Viejo Ruinen und Teildurchquerung des Panamakanals. Ab 355 USD pro Person.","og_url":"https:\/\/latinconnect.com\/fr\/produit\/decouvrir-panama-city-voyage-urbain\/","og_site_name":"Latinconnect","article_modified_time":"2026-04-29T14:12:04+00:00","og_image":[{"width":2400,"height":1800,"url":"https:\/\/latinconnect.com\/wp-content\/uploads\/PAN_PSE_01_panama-stadt-erleben-staedtereise.png","type":"image\/png"}],"twitter_card":"summary_large_image","schema":{"@context":"https:\/\/schema.org","@graph":[{"@type":"WebPage","@id":"https:\/\/latinconnect.com\/product\/panama-stadt-erleben-staedtereise\/","url":"https:\/\/latinconnect.com\/product\/panama-stadt-erleben-staedtereise\/","name":"Voyage organis\u00e9 au Panama \u2013 D\u00e9couvrir Panama-Ville | City trip de 4 jours","isPartOf":{"@id":"https:\/\/latinconnect.com\/de\/#website"},"primaryImageOfPage":{"@id":"https:\/\/latinconnect.com\/product\/panama-stadt-erleben-staedtereise\/#primaryimage"},"image":{"@id":"https:\/\/latinconnect.com\/product\/panama-stadt-erleben-staedtereise\/#primaryimage"},"thumbnailUrl":"https:\/\/latinconnect.com\/wp-content\/uploads\/PAN_PSE_01_panama-stadt-erleben-staedtereise.png","datePublished":"2026-04-29T14:00:27+00:00","dateModified":"2026-04-29T14:12:04+00:00","description":"D\u00e9couvrez Panama City en profondeur : circuit de 4 jours avec le site du patrimoine mondial de l'UNESCO Casco Viejo, les ruines de Panama Viejo et une travers\u00e9e partielle du canal de Panama. \u00c0 partir de 355 USD par personne.","breadcrumb":{"@id":"https:\/\/latinconnect.com\/product\/panama-stadt-erleben-staedtereise\/#breadcrumb"},"inLanguage":"fr-FR","potentialAction":[{"@type":"ReadAction","target":["https:\/\/latinconnect.com\/product\/panama-stadt-erleben-staedtereise\/"]}]},{"@type":"ImageObject","inLanguage":"fr-FR","@id":"https:\/\/latinconnect.com\/product\/panama-stadt-erleben-staedtereise\/#primaryimage","url":"https:\/\/latinconnect.com\/wp-content\/uploads\/PAN_PSE_01_panama-stadt-erleben-staedtereise.png","contentUrl":"https:\/\/latinconnect.com\/wp-content\/uploads\/PAN_PSE_01_panama-stadt-erleben-staedtereise.png","width":2400,"height":1800},{"@type":"BreadcrumbList","@id":"https:\/\/latinconnect.com\/product\/panama-stadt-erleben-staedtereise\/#breadcrumb","itemListElement":[{"@type":"ListItem","position":1,"name":"Home","item":"https:\/\/latinconnect.com\/de\/"},{"@type":"ListItem","position":2,"name":"Panama Rundreise \u2013 Panama-Stadt Erleben"}]},{"@type":"WebSite","@id":"https:\/\/latinconnect.com\/de\/#website","url":"https:\/\/latinconnect.com\/de\/","name":"Latinconnect","description":"latin america's dmc alliance","publisher":{"@id":"https:\/\/latinconnect.com\/de\/#organization"},"potentialAction":[{"@type":"SearchAction","target":{"@type":"EntryPoint","urlTemplate":"https:\/\/latinconnect.com\/de\/?s={search_term_string}"},"query-input":{"@type":"PropertyValueSpecification","valueRequired":true,"valueName":"search_term_string"}}],"inLanguage":"fr-FR"},{"@type":"Organization","@id":"https:\/\/latinconnect.com\/de\/#organization","name":"Latinconnect","url":"https:\/\/latinconnect.com\/de\/","logo":{"@type":"ImageObject","inLanguage":"fr-FR","@id":"https:\/\/latinconnect.com\/de\/#\/schema\/logo\/image\/","url":"https:\/\/latinconnect.com\/wp-content\/uploads\/logo-latinconnect.svg","contentUrl":"https:\/\/latinconnect.com\/wp-content\/uploads\/logo-latinconnect.svg","width":260,"height":50,"caption":"Latinconnect"},"image":{"@id":"https:\/\/latinconnect.com\/de\/#\/schema\/logo\/image\/"},"sameAs":["https:\/\/www.linkedin.com\/company\/latinconnect"]}]}},"_links":{"self":[{"href":"https:\/\/latinconnect.com\/fr\/wp-json\/wp\/v2\/product\/8847","targetHints":{"allow":["GET"]}}],"collection":[{"href":"https:\/\/latinconnect.com\/fr\/wp-json\/wp\/v2\/product"}],"about":[{"href":"https:\/\/latinconnect.com\/fr\/wp-json\/wp\/v2\/types\/product"}],"wp:featuredmedia":[{"embeddable":true,"href":"https:\/\/latinconnect.com\/fr\/wp-json\/wp\/v2\/media\/8386"}],"wp:attachment":[{"href":"https:\/\/latinconnect.com\/fr\/wp-json\/wp\/v2\/media?parent=8847"}],"curies":[{"name":"wp","href":"https:\/\/api.w.org\/{rel}","templated":true}]}}