{"id":8842,"date":"2026-04-29T15:00:24","date_gmt":"2026-04-29T14:00:24","guid":{"rendered":"https:\/\/new.latinconnect.com\/product\/panama-honeymoon-rundreise-romantisch-aktiv\/"},"modified":"2026-04-29T15:12:03","modified_gmt":"2026-04-29T14:12:03","slug":"voyage-de-noces-romantique-et-actif-au-panama","status":"publish","type":"product","link":"https:\/\/new.latinconnect.com\/fr\/produit\/voyage-de-noces-romantique-et-actif-au-panama\/","title":{"rendered":"Circuit au Panama \u2013 Lune de miel romantique et active"},"content":{"rendered":"<p>Ce circuit de 19 jours au Panama combine parfaitement romantisme et aventure pour votre lune de miel. Vous d\u00e9couvrirez la capitale anim\u00e9e, Panama City, vous d\u00e9tendrez sur les \u00eeles paradisiaques de San Blas et explorerez des paysages vari\u00e9s, des crat\u00e8res volcaniques aux plages de r\u00eave des Cara\u00efbes \u00e0 Bocas del Toro.<\/p>","protected":false},"featured_media":8381,"template":"","meta":{"_acf_changed":false},"class_list":["post-8842","product","type-product","status-publish","has-post-thumbnail","hentry"],"acf":[],"yoast_head":"<!-- This site is optimized with the Yoast SEO plugin v26.9 - https:\/\/yoast.com\/product\/yoast-seo-wordpress\/ -->\n<title>Panama Rundreise Honeymoon - 19 Tage Romantisch &amp; Aktiv | Latinconnect<\/title>\n<meta name=\"description\" content=\"19-t\u00e4gige Panama Rundreise f\u00fcr Flitterwochen: San Blas Inseln, Vulkankrater El Valle, Boquete &amp; Bocas del Toro. Romantik &amp; Abenteuer perfekt kombiniert. Ab 4.048 USD.\" \/>\n<meta name=\"robots\" content=\"noindex, follow, max-snippet:-1, max-image-preview:large, max-video-preview:-1\" \/>\n<meta property=\"og:locale\" content=\"fr_FR\" \/>\n<meta property=\"og:type\" content=\"article\" \/>\n<meta property=\"og:title\" content=\"Panama Rundreise Honeymoon - 19 Tage Romantisch &amp; Aktiv | Latinconnect\" \/>\n<meta property=\"og:description\" content=\"19-t\u00e4gige Panama Rundreise f\u00fcr Flitterwochen: San Blas Inseln, Vulkankrater El Valle, Boquete &amp; Bocas del Toro. Romantik &amp; Abenteuer perfekt kombiniert. Ab 4.048 USD.\" \/>\n<meta property=\"og:url\" content=\"https:\/\/new.latinconnect.com\/fr\/produit\/voyage-de-noces-romantique-et-actif-au-panama\/\" \/>\n<meta property=\"og:site_name\" content=\"Latinconnect\" \/>\n<meta property=\"article:modified_time\" content=\"2026-04-29T14:12:03+00:00\" \/>\n<meta property=\"og:image\" content=\"https:\/\/new.latinconnect.com\/wp-content\/uploads\/PAN_HPR_02_panama-honeymoon-rundreise-romantisch-aktiv.png\" \/>\n\t<meta property=\"og:image:width\" content=\"2400\" \/>\n\t<meta property=\"og:image:height\" content=\"1800\" \/>\n\t<meta property=\"og:image:type\" content=\"image\/png\" \/>\n<meta name=\"twitter:card\" content=\"summary_large_image\" \/>\n<script type=\"application\/ld+json\" class=\"yoast-schema-graph\">{\"@context\":\"https:\/\/schema.org\",\"@graph\":[{\"@type\":\"WebPage\",\"@id\":\"https:\/\/new.latinconnect.com\/product\/panama-honeymoon-rundreise-romantisch-aktiv\/\",\"url\":\"https:\/\/new.latinconnect.com\/product\/panama-honeymoon-rundreise-romantisch-aktiv\/\",\"name\":\"Panama Rundreise Honeymoon - 19 Tage Romantisch & Aktiv | Latinconnect\",\"isPartOf\":{\"@id\":\"http:\/\/new.latinconnect.com\/de\/#website\"},\"primaryImageOfPage\":{\"@id\":\"https:\/\/new.latinconnect.com\/product\/panama-honeymoon-rundreise-romantisch-aktiv\/#primaryimage\"},\"image\":{\"@id\":\"https:\/\/new.latinconnect.com\/product\/panama-honeymoon-rundreise-romantisch-aktiv\/#primaryimage\"},\"thumbnailUrl\":\"https:\/\/new.latinconnect.com\/wp-content\/uploads\/PAN_HPR_02_panama-honeymoon-rundreise-romantisch-aktiv.png\",\"datePublished\":\"2026-04-29T14:00:24+00:00\",\"dateModified\":\"2026-04-29T14:12:03+00:00\",\"description\":\"19-t\u00e4gige Panama Rundreise f\u00fcr Flitterwochen: San Blas Inseln, Vulkankrater El Valle, Boquete & Bocas del Toro. Romantik & Abenteuer perfekt kombiniert. Ab 4.048 USD.\",\"breadcrumb\":{\"@id\":\"https:\/\/new.latinconnect.com\/product\/panama-honeymoon-rundreise-romantisch-aktiv\/#breadcrumb\"},\"inLanguage\":\"fr-FR\",\"potentialAction\":[{\"@type\":\"ReadAction\",\"target\":[\"https:\/\/new.latinconnect.com\/product\/panama-honeymoon-rundreise-romantisch-aktiv\/\"]}]},{\"@type\":\"ImageObject\",\"inLanguage\":\"fr-FR\",\"@id\":\"https:\/\/new.latinconnect.com\/product\/panama-honeymoon-rundreise-romantisch-aktiv\/#primaryimage\",\"url\":\"https:\/\/new.latinconnect.com\/wp-content\/uploads\/PAN_HPR_02_panama-honeymoon-rundreise-romantisch-aktiv.png\",\"contentUrl\":\"https:\/\/new.latinconnect.com\/wp-content\/uploads\/PAN_HPR_02_panama-honeymoon-rundreise-romantisch-aktiv.png\",\"width\":2400,\"height\":1800},{\"@type\":\"BreadcrumbList\",\"@id\":\"https:\/\/new.latinconnect.com\/product\/panama-honeymoon-rundreise-romantisch-aktiv\/#breadcrumb\",\"itemListElement\":[{\"@type\":\"ListItem\",\"position\":1,\"name\":\"Home\",\"item\":\"https:\/\/new.latinconnect.com\/\"},{\"@type\":\"ListItem\",\"position\":2,\"name\":\"Panama Rundreise \u2013 Honeymoon Romantisch &#038; Aktiv\"}]},{\"@type\":\"WebSite\",\"@id\":\"http:\/\/new.latinconnect.com\/de\/#website\",\"url\":\"http:\/\/new.latinconnect.com\/de\/\",\"name\":\"Latinconnect\",\"description\":\"latin america&#039;s dmc alliance\",\"publisher\":{\"@id\":\"http:\/\/new.latinconnect.com\/de\/#organization\"},\"potentialAction\":[{\"@type\":\"SearchAction\",\"target\":{\"@type\":\"EntryPoint\",\"urlTemplate\":\"http:\/\/new.latinconnect.com\/de\/?s={search_term_string}\"},\"query-input\":{\"@type\":\"PropertyValueSpecification\",\"valueRequired\":true,\"valueName\":\"search_term_string\"}}],\"inLanguage\":\"fr-FR\"},{\"@type\":\"Organization\",\"@id\":\"http:\/\/new.latinconnect.com\/de\/#organization\",\"name\":\"Latinconnect\",\"url\":\"http:\/\/new.latinconnect.com\/de\/\",\"logo\":{\"@type\":\"ImageObject\",\"inLanguage\":\"fr-FR\",\"@id\":\"http:\/\/new.latinconnect.com\/de\/#\/schema\/logo\/image\/\",\"url\":\"https:\/\/new.latinconnect.com\/wp-content\/uploads\/logo-latinconnect.svg\",\"contentUrl\":\"https:\/\/new.latinconnect.com\/wp-content\/uploads\/logo-latinconnect.svg\",\"width\":260,\"height\":50,\"caption\":\"Latinconnect\"},\"image\":{\"@id\":\"http:\/\/new.latinconnect.com\/de\/#\/schema\/logo\/image\/\"},\"sameAs\":[\"https:\/\/www.linkedin.com\/company\/latinconnect\"]}]}<\/script>\n<!-- \/ Yoast SEO plugin. -->","yoast_head_json":{"title":"Voyage touristique au Panama Lune de Miel - 19 jours Romantique &amp; Actif | Latinconnect","description":"Voyage de noces de 19 jours au Panama : \u00eeles San Blas, crat\u00e8re El Valle, Boquete et Bocas del Toro. Romance et aventure parfaitement combin\u00e9es. \u00c0 partir de 4 048 USD.","robots":{"index":"noindex","follow":"follow","max-snippet":"max-snippet:-1","max-image-preview":"max-image-preview:large","max-video-preview":"max-video-preview:-1"},"og_locale":"fr_FR","og_type":"article","og_title":"Panama Rundreise Honeymoon - 19 Tage Romantisch & Aktiv | Latinconnect","og_description":"19-t\u00e4gige Panama Rundreise f\u00fcr Flitterwochen: San Blas Inseln, Vulkankrater El Valle, Boquete & Bocas del Toro. Romantik & Abenteuer perfekt kombiniert. Ab 4.048 USD.","og_url":"https:\/\/new.latinconnect.com\/fr\/produit\/voyage-de-noces-romantique-et-actif-au-panama\/","og_site_name":"Latinconnect","article_modified_time":"2026-04-29T14:12:03+00:00","og_image":[{"width":2400,"height":1800,"url":"https:\/\/new.latinconnect.com\/wp-content\/uploads\/PAN_HPR_02_panama-honeymoon-rundreise-romantisch-aktiv.png","type":"image\/png"}],"twitter_card":"summary_large_image","schema":{"@context":"https:\/\/schema.org","@graph":[{"@type":"WebPage","@id":"https:\/\/new.latinconnect.com\/product\/panama-honeymoon-rundreise-romantisch-aktiv\/","url":"https:\/\/new.latinconnect.com\/product\/panama-honeymoon-rundreise-romantisch-aktiv\/","name":"Voyage touristique au Panama Lune de Miel - 19 jours Romantique &amp; Actif | Latinconnect","isPartOf":{"@id":"http:\/\/new.latinconnect.com\/de\/#website"},"primaryImageOfPage":{"@id":"https:\/\/new.latinconnect.com\/product\/panama-honeymoon-rundreise-romantisch-aktiv\/#primaryimage"},"image":{"@id":"https:\/\/new.latinconnect.com\/product\/panama-honeymoon-rundreise-romantisch-aktiv\/#primaryimage"},"thumbnailUrl":"https:\/\/new.latinconnect.com\/wp-content\/uploads\/PAN_HPR_02_panama-honeymoon-rundreise-romantisch-aktiv.png","datePublished":"2026-04-29T14:00:24+00:00","dateModified":"2026-04-29T14:12:03+00:00","description":"Voyage de noces de 19 jours au Panama : \u00eeles San Blas, crat\u00e8re El Valle, Boquete et Bocas del Toro. Romance et aventure parfaitement combin\u00e9es. \u00c0 partir de 4 048 USD.","breadcrumb":{"@id":"https:\/\/new.latinconnect.com\/product\/panama-honeymoon-rundreise-romantisch-aktiv\/#breadcrumb"},"inLanguage":"fr-FR","potentialAction":[{"@type":"ReadAction","target":["https:\/\/new.latinconnect.com\/product\/panama-honeymoon-rundreise-romantisch-aktiv\/"]}]},{"@type":"ImageObject","inLanguage":"fr-FR","@id":"https:\/\/new.latinconnect.com\/product\/panama-honeymoon-rundreise-romantisch-aktiv\/#primaryimage","url":"https:\/\/new.latinconnect.com\/wp-content\/uploads\/PAN_HPR_02_panama-honeymoon-rundreise-romantisch-aktiv.png","contentUrl":"https:\/\/new.latinconnect.com\/wp-content\/uploads\/PAN_HPR_02_panama-honeymoon-rundreise-romantisch-aktiv.png","width":2400,"height":1800},{"@type":"BreadcrumbList","@id":"https:\/\/new.latinconnect.com\/product\/panama-honeymoon-rundreise-romantisch-aktiv\/#breadcrumb","itemListElement":[{"@type":"ListItem","position":1,"name":"Home","item":"https:\/\/new.latinconnect.com\/"},{"@type":"ListItem","position":2,"name":"Panama Rundreise \u2013 Honeymoon Romantisch &#038; Aktiv"}]},{"@type":"WebSite","@id":"http:\/\/new.latinconnect.com\/de\/#website","url":"http:\/\/new.latinconnect.com\/de\/","name":"Latinconnect","description":"latin america's dmc alliance","publisher":{"@id":"http:\/\/new.latinconnect.com\/de\/#organization"},"potentialAction":[{"@type":"SearchAction","target":{"@type":"EntryPoint","urlTemplate":"http:\/\/new.latinconnect.com\/de\/?s={search_term_string}"},"query-input":{"@type":"PropertyValueSpecification","valueRequired":true,"valueName":"search_term_string"}}],"inLanguage":"fr-FR"},{"@type":"Organization","@id":"http:\/\/new.latinconnect.com\/de\/#organization","name":"Latinconnect","url":"http:\/\/new.latinconnect.com\/de\/","logo":{"@type":"ImageObject","inLanguage":"fr-FR","@id":"http:\/\/new.latinconnect.com\/de\/#\/schema\/logo\/image\/","url":"https:\/\/new.latinconnect.com\/wp-content\/uploads\/logo-latinconnect.svg","contentUrl":"https:\/\/new.latinconnect.com\/wp-content\/uploads\/logo-latinconnect.svg","width":260,"height":50,"caption":"Latinconnect"},"image":{"@id":"http:\/\/new.latinconnect.com\/de\/#\/schema\/logo\/image\/"},"sameAs":["https:\/\/www.linkedin.com\/company\/latinconnect"]}]}},"_links":{"self":[{"href":"https:\/\/new.latinconnect.com\/fr\/wp-json\/wp\/v2\/product\/8842","targetHints":{"allow":["GET"]}}],"collection":[{"href":"https:\/\/new.latinconnect.com\/fr\/wp-json\/wp\/v2\/product"}],"about":[{"href":"https:\/\/new.latinconnect.com\/fr\/wp-json\/wp\/v2\/types\/product"}],"wp:featuredmedia":[{"embeddable":true,"href":"https:\/\/new.latinconnect.com\/fr\/wp-json\/wp\/v2\/media\/8381"}],"wp:attachment":[{"href":"https:\/\/new.latinconnect.com\/fr\/wp-json\/wp\/v2\/media?parent=8842"}],"curies":[{"name":"wp","href":"https:\/\/api.w.org\/{rel}","templated":true}]}}