{"id":8818,"date":"2026-04-29T14:59:59","date_gmt":"2026-04-29T13:59:59","guid":{"rendered":"https:\/\/new.latinconnect.com\/product\/costa-rica-rundreise-wandertour\/"},"modified":"2026-04-29T15:12:01","modified_gmt":"2026-04-29T14:12:01","slug":"voyage-au-costa-rica-circuit-de-randonnee","status":"publish","type":"product","link":"https:\/\/latinconnect.com\/fr\/produit\/voyage-au-costa-rica-circuit-de-randonnee\/","title":{"rendered":"Voyage au Costa Rica \u2013 Circuit de randonn\u00e9e"},"content":{"rendered":"<p>Ce circuit au Costa Rica vous emm\u00e8nera \u00e0 travers les paysages naturels les plus spectaculaires du pays, du majestueux volcan Iraz\u00fa \u00e0 la nature sauvage immacul\u00e9e du parc national Corcovado. Vous randonnerez \u00e0 travers des for\u00eats de nuages mystiques, d\u00e9couvrirez la diversit\u00e9 des esp\u00e8ces de la for\u00eat tropicale humide et aurez la chance d'observer le rare oiseau quetzal.<\/p>","protected":false},"featured_media":8288,"template":"","meta":{"_acf_changed":false},"class_list":["post-8818","product","type-product","status-publish","has-post-thumbnail","hentry"],"acf":[],"yoast_head":"<!-- This site is optimized with the Yoast SEO plugin v26.9 - https:\/\/yoast.com\/product\/yoast-seo-wordpress\/ -->\n<title>Costa Rica Rundreise \u2013 Wandertour durch Corcovado Nationalpark | 12 Tage<\/title>\n<meta name=\"description\" content=\"Costa Rica Rundreise f\u00fcr erfahrene Wanderer: 12 Tage Trekking durch Corcovado Nationalpark, Vulkan Iraz\u00fa und Quetzal-Beobachtung. Ab 1.504 EUR pro Person.\" \/>\n<meta name=\"robots\" content=\"noindex, follow, max-snippet:-1, max-image-preview:large, max-video-preview:-1\" \/>\n<meta property=\"og:locale\" content=\"fr_FR\" \/>\n<meta property=\"og:type\" content=\"article\" \/>\n<meta property=\"og:title\" content=\"Costa Rica Rundreise \u2013 Wandertour durch Corcovado Nationalpark | 12 Tage\" \/>\n<meta property=\"og:description\" content=\"Costa Rica Rundreise f\u00fcr erfahrene Wanderer: 12 Tage Trekking durch Corcovado Nationalpark, Vulkan Iraz\u00fa und Quetzal-Beobachtung. Ab 1.504 EUR pro Person.\" \/>\n<meta property=\"og:url\" content=\"https:\/\/latinconnect.com\/fr\/produit\/voyage-au-costa-rica-circuit-de-randonnee\/\" \/>\n<meta property=\"og:site_name\" content=\"Latinconnect\" \/>\n<meta property=\"article:modified_time\" content=\"2026-04-29T14:12:01+00:00\" \/>\n<meta property=\"og:image\" content=\"https:\/\/latinconnect.com\/wp-content\/uploads\/CRA_W_01_costa-rica-rundreise-wandertour.png\" \/>\n\t<meta property=\"og:image:width\" content=\"2400\" \/>\n\t<meta property=\"og:image:height\" content=\"1800\" \/>\n\t<meta property=\"og:image:type\" content=\"image\/png\" \/>\n<meta name=\"twitter:card\" content=\"summary_large_image\" \/>\n<script type=\"application\/ld+json\" class=\"yoast-schema-graph\">{\"@context\":\"https:\/\/schema.org\",\"@graph\":[{\"@type\":\"WebPage\",\"@id\":\"https:\/\/latinconnect.com\/product\/costa-rica-rundreise-wandertour\/\",\"url\":\"https:\/\/latinconnect.com\/product\/costa-rica-rundreise-wandertour\/\",\"name\":\"Costa Rica Rundreise \u2013 Wandertour durch Corcovado Nationalpark | 12 Tage\",\"isPartOf\":{\"@id\":\"https:\/\/latinconnect.com\/de\/#website\"},\"primaryImageOfPage\":{\"@id\":\"https:\/\/latinconnect.com\/product\/costa-rica-rundreise-wandertour\/#primaryimage\"},\"image\":{\"@id\":\"https:\/\/latinconnect.com\/product\/costa-rica-rundreise-wandertour\/#primaryimage\"},\"thumbnailUrl\":\"https:\/\/latinconnect.com\/wp-content\/uploads\/CRA_W_01_costa-rica-rundreise-wandertour.png\",\"datePublished\":\"2026-04-29T13:59:59+00:00\",\"dateModified\":\"2026-04-29T14:12:01+00:00\",\"description\":\"Costa Rica Rundreise f\u00fcr erfahrene Wanderer: 12 Tage Trekking durch Corcovado Nationalpark, Vulkan Iraz\u00fa und Quetzal-Beobachtung. Ab 1.504 EUR pro Person.\",\"breadcrumb\":{\"@id\":\"https:\/\/latinconnect.com\/product\/costa-rica-rundreise-wandertour\/#breadcrumb\"},\"inLanguage\":\"fr-FR\",\"potentialAction\":[{\"@type\":\"ReadAction\",\"target\":[\"https:\/\/latinconnect.com\/product\/costa-rica-rundreise-wandertour\/\"]}]},{\"@type\":\"ImageObject\",\"inLanguage\":\"fr-FR\",\"@id\":\"https:\/\/latinconnect.com\/product\/costa-rica-rundreise-wandertour\/#primaryimage\",\"url\":\"https:\/\/latinconnect.com\/wp-content\/uploads\/CRA_W_01_costa-rica-rundreise-wandertour.png\",\"contentUrl\":\"https:\/\/latinconnect.com\/wp-content\/uploads\/CRA_W_01_costa-rica-rundreise-wandertour.png\",\"width\":2400,\"height\":1800},{\"@type\":\"BreadcrumbList\",\"@id\":\"https:\/\/latinconnect.com\/product\/costa-rica-rundreise-wandertour\/#breadcrumb\",\"itemListElement\":[{\"@type\":\"ListItem\",\"position\":1,\"name\":\"Home\",\"item\":\"https:\/\/latinconnect.com\/de\/\"},{\"@type\":\"ListItem\",\"position\":2,\"name\":\"Costa Rica Rundreise \u2013 Wandertour\"}]},{\"@type\":\"WebSite\",\"@id\":\"https:\/\/latinconnect.com\/de\/#website\",\"url\":\"https:\/\/latinconnect.com\/de\/\",\"name\":\"Latinconnect\",\"description\":\"latin america&#039;s dmc alliance\",\"publisher\":{\"@id\":\"https:\/\/latinconnect.com\/de\/#organization\"},\"potentialAction\":[{\"@type\":\"SearchAction\",\"target\":{\"@type\":\"EntryPoint\",\"urlTemplate\":\"https:\/\/latinconnect.com\/de\/?s={search_term_string}\"},\"query-input\":{\"@type\":\"PropertyValueSpecification\",\"valueRequired\":true,\"valueName\":\"search_term_string\"}}],\"inLanguage\":\"fr-FR\"},{\"@type\":\"Organization\",\"@id\":\"https:\/\/latinconnect.com\/de\/#organization\",\"name\":\"Latinconnect\",\"url\":\"https:\/\/latinconnect.com\/de\/\",\"logo\":{\"@type\":\"ImageObject\",\"inLanguage\":\"fr-FR\",\"@id\":\"https:\/\/latinconnect.com\/de\/#\/schema\/logo\/image\/\",\"url\":\"https:\/\/latinconnect.com\/wp-content\/uploads\/logo-latinconnect.svg\",\"contentUrl\":\"https:\/\/latinconnect.com\/wp-content\/uploads\/logo-latinconnect.svg\",\"width\":260,\"height\":50,\"caption\":\"Latinconnect\"},\"image\":{\"@id\":\"https:\/\/latinconnect.com\/de\/#\/schema\/logo\/image\/\"},\"sameAs\":[\"https:\/\/www.linkedin.com\/company\/latinconnect\"]}]}<\/script>\n<!-- \/ Yoast SEO plugin. -->","yoast_head_json":{"title":"Voyage au Costa Rica \u2013 Randonn\u00e9e dans le parc national du Corcovado | 12 jours","description":"Voyage au Costa Rica pour randonneurs exp\u00e9riment\u00e9s : 12 jours de trekking dans le parc national du Corcovado, le volcan Iraz\u00fa et observation du Quetzal. \u00c0 partir de 1 504 EUR par personne.","robots":{"index":"noindex","follow":"follow","max-snippet":"max-snippet:-1","max-image-preview":"max-image-preview:large","max-video-preview":"max-video-preview:-1"},"og_locale":"fr_FR","og_type":"article","og_title":"Costa Rica Rundreise \u2013 Wandertour durch Corcovado Nationalpark | 12 Tage","og_description":"Costa Rica Rundreise f\u00fcr erfahrene Wanderer: 12 Tage Trekking durch Corcovado Nationalpark, Vulkan Iraz\u00fa und Quetzal-Beobachtung. Ab 1.504 EUR pro Person.","og_url":"https:\/\/latinconnect.com\/fr\/produit\/voyage-au-costa-rica-circuit-de-randonnee\/","og_site_name":"Latinconnect","article_modified_time":"2026-04-29T14:12:01+00:00","og_image":[{"width":2400,"height":1800,"url":"https:\/\/latinconnect.com\/wp-content\/uploads\/CRA_W_01_costa-rica-rundreise-wandertour.png","type":"image\/png"}],"twitter_card":"summary_large_image","schema":{"@context":"https:\/\/schema.org","@graph":[{"@type":"WebPage","@id":"https:\/\/latinconnect.com\/product\/costa-rica-rundreise-wandertour\/","url":"https:\/\/latinconnect.com\/product\/costa-rica-rundreise-wandertour\/","name":"Voyage au Costa Rica \u2013 Randonn\u00e9e dans le parc national du Corcovado | 12 jours","isPartOf":{"@id":"https:\/\/latinconnect.com\/de\/#website"},"primaryImageOfPage":{"@id":"https:\/\/latinconnect.com\/product\/costa-rica-rundreise-wandertour\/#primaryimage"},"image":{"@id":"https:\/\/latinconnect.com\/product\/costa-rica-rundreise-wandertour\/#primaryimage"},"thumbnailUrl":"https:\/\/latinconnect.com\/wp-content\/uploads\/CRA_W_01_costa-rica-rundreise-wandertour.png","datePublished":"2026-04-29T13:59:59+00:00","dateModified":"2026-04-29T14:12:01+00:00","description":"Voyage au Costa Rica pour randonneurs exp\u00e9riment\u00e9s : 12 jours de trekking dans le parc national du Corcovado, le volcan Iraz\u00fa et observation du Quetzal. \u00c0 partir de 1 504 EUR par personne.","breadcrumb":{"@id":"https:\/\/latinconnect.com\/product\/costa-rica-rundreise-wandertour\/#breadcrumb"},"inLanguage":"fr-FR","potentialAction":[{"@type":"ReadAction","target":["https:\/\/latinconnect.com\/product\/costa-rica-rundreise-wandertour\/"]}]},{"@type":"ImageObject","inLanguage":"fr-FR","@id":"https:\/\/latinconnect.com\/product\/costa-rica-rundreise-wandertour\/#primaryimage","url":"https:\/\/latinconnect.com\/wp-content\/uploads\/CRA_W_01_costa-rica-rundreise-wandertour.png","contentUrl":"https:\/\/latinconnect.com\/wp-content\/uploads\/CRA_W_01_costa-rica-rundreise-wandertour.png","width":2400,"height":1800},{"@type":"BreadcrumbList","@id":"https:\/\/latinconnect.com\/product\/costa-rica-rundreise-wandertour\/#breadcrumb","itemListElement":[{"@type":"ListItem","position":1,"name":"Home","item":"https:\/\/latinconnect.com\/de\/"},{"@type":"ListItem","position":2,"name":"Costa Rica Rundreise \u2013 Wandertour"}]},{"@type":"WebSite","@id":"https:\/\/latinconnect.com\/de\/#website","url":"https:\/\/latinconnect.com\/de\/","name":"Latinconnect","description":"latin america's dmc alliance","publisher":{"@id":"https:\/\/latinconnect.com\/de\/#organization"},"potentialAction":[{"@type":"SearchAction","target":{"@type":"EntryPoint","urlTemplate":"https:\/\/latinconnect.com\/de\/?s={search_term_string}"},"query-input":{"@type":"PropertyValueSpecification","valueRequired":true,"valueName":"search_term_string"}}],"inLanguage":"fr-FR"},{"@type":"Organization","@id":"https:\/\/latinconnect.com\/de\/#organization","name":"Latinconnect","url":"https:\/\/latinconnect.com\/de\/","logo":{"@type":"ImageObject","inLanguage":"fr-FR","@id":"https:\/\/latinconnect.com\/de\/#\/schema\/logo\/image\/","url":"https:\/\/latinconnect.com\/wp-content\/uploads\/logo-latinconnect.svg","contentUrl":"https:\/\/latinconnect.com\/wp-content\/uploads\/logo-latinconnect.svg","width":260,"height":50,"caption":"Latinconnect"},"image":{"@id":"https:\/\/latinconnect.com\/de\/#\/schema\/logo\/image\/"},"sameAs":["https:\/\/www.linkedin.com\/company\/latinconnect"]}]}},"_links":{"self":[{"href":"https:\/\/latinconnect.com\/fr\/wp-json\/wp\/v2\/product\/8818","targetHints":{"allow":["GET"]}}],"collection":[{"href":"https:\/\/latinconnect.com\/fr\/wp-json\/wp\/v2\/product"}],"about":[{"href":"https:\/\/latinconnect.com\/fr\/wp-json\/wp\/v2\/types\/product"}],"wp:featuredmedia":[{"embeddable":true,"href":"https:\/\/latinconnect.com\/fr\/wp-json\/wp\/v2\/media\/8288"}],"wp:attachment":[{"href":"https:\/\/latinconnect.com\/fr\/wp-json\/wp\/v2\/media?parent=8818"}],"curies":[{"name":"wp","href":"https:\/\/api.w.org\/{rel}","templated":true}]}}