{"id":8815,"date":"2026-04-29T14:59:57","date_gmt":"2026-04-29T13:59:57","guid":{"rendered":"https:\/\/new.latinconnect.com\/product\/costa-rica-rundreise-pura-vida-e-bike-radtour\/"},"modified":"2026-04-29T15:12:01","modified_gmt":"2026-04-29T14:12:01","slug":"costa-rica-voyage-circulaire-pura-vida-et-tour-a-velo-electrique","status":"publish","type":"product","link":"https:\/\/new.latinconnect.com\/fr\/produit\/costa-rica-voyage-circulaire-pura-vida-et-tour-a-velo-electrique\/","title":{"rendered":"Voyage en groupe au Costa Rica - Tour en v\u00e9lo \u00e9lectrique Pura Vida"},"content":{"rendered":"<p>D\u00e9couvrez le Costa Rica d'une mani\u00e8re totalement nouvelle : avec un v\u00e9lo \u00e9lectrique, explorez le Pura Vida authentique loin des sentiers battus. Ce circuit de 10 jours au Costa Rica vous emm\u00e8ne de la vall\u00e9e centrale verdoyante \u00e0 travers les plantations de caf\u00e9 et de canne \u00e0 sucre jusqu'aux plages de r\u00eave du Pacifique de S\u00e1mara. Vous traverserez \u00e0 v\u00e9lo la vall\u00e9e pittoresque de l'Orosi, d\u00e9couvrirez la nature intacte du parc national de Tapant\u00ed et vous d\u00e9tendrez dans les sources chaudes de La Fortuna.<\/p>","protected":false},"featured_media":8285,"template":"","meta":{"_acf_changed":false},"class_list":["post-8815","product","type-product","status-publish","has-post-thumbnail","hentry"],"acf":[],"yoast_head":"<!-- This site is optimized with the Yoast SEO plugin v26.9 - https:\/\/yoast.com\/product\/yoast-seo-wordpress\/ -->\n<title>Costa Rica Rundreise \u2013 Pura Vida E-Bike Radtour | 10 Tage aktiv<\/title>\n<meta name=\"description\" content=\"Costa Rica Rundreise per E-Bike: 10 Tage aktiv durch Orosi-Tal, Tapant\u00ed Nationalpark bis S\u00e1mara. Kleine Gruppen, mehrsprachige Reiseleitung. Ab 2.503 EUR.\" \/>\n<meta name=\"robots\" content=\"noindex, follow, max-snippet:-1, max-image-preview:large, max-video-preview:-1\" \/>\n<meta property=\"og:locale\" content=\"fr_FR\" \/>\n<meta property=\"og:type\" content=\"article\" \/>\n<meta property=\"og:title\" content=\"Costa Rica Rundreise \u2013 Pura Vida E-Bike Radtour | 10 Tage aktiv\" \/>\n<meta property=\"og:description\" content=\"Costa Rica Rundreise per E-Bike: 10 Tage aktiv durch Orosi-Tal, Tapant\u00ed Nationalpark bis S\u00e1mara. Kleine Gruppen, mehrsprachige Reiseleitung. Ab 2.503 EUR.\" \/>\n<meta property=\"og:url\" content=\"https:\/\/new.latinconnect.com\/fr\/produit\/costa-rica-voyage-circulaire-pura-vida-et-tour-a-velo-electrique\/\" \/>\n<meta property=\"og:site_name\" content=\"Latinconnect\" \/>\n<meta property=\"article:modified_time\" content=\"2026-04-29T14:12:01+00:00\" \/>\n<meta property=\"og:image\" content=\"https:\/\/new.latinconnect.com\/wp-content\/uploads\/CRA_PVE_01_costa-rica-rundreise-pura-vida-e-bike-radtour.png\" \/>\n\t<meta property=\"og:image:width\" content=\"2400\" \/>\n\t<meta property=\"og:image:height\" content=\"1800\" \/>\n\t<meta property=\"og:image:type\" content=\"image\/png\" \/>\n<meta name=\"twitter:card\" content=\"summary_large_image\" \/>\n<script type=\"application\/ld+json\" class=\"yoast-schema-graph\">{\"@context\":\"https:\/\/schema.org\",\"@graph\":[{\"@type\":\"WebPage\",\"@id\":\"https:\/\/new.latinconnect.com\/product\/costa-rica-rundreise-pura-vida-e-bike-radtour\/\",\"url\":\"https:\/\/new.latinconnect.com\/product\/costa-rica-rundreise-pura-vida-e-bike-radtour\/\",\"name\":\"Costa Rica Rundreise \u2013 Pura Vida E-Bike Radtour | 10 Tage aktiv\",\"isPartOf\":{\"@id\":\"http:\/\/new.latinconnect.com\/de\/#website\"},\"primaryImageOfPage\":{\"@id\":\"https:\/\/new.latinconnect.com\/product\/costa-rica-rundreise-pura-vida-e-bike-radtour\/#primaryimage\"},\"image\":{\"@id\":\"https:\/\/new.latinconnect.com\/product\/costa-rica-rundreise-pura-vida-e-bike-radtour\/#primaryimage\"},\"thumbnailUrl\":\"https:\/\/new.latinconnect.com\/wp-content\/uploads\/CRA_PVE_01_costa-rica-rundreise-pura-vida-e-bike-radtour.png\",\"datePublished\":\"2026-04-29T13:59:57+00:00\",\"dateModified\":\"2026-04-29T14:12:01+00:00\",\"description\":\"Costa Rica Rundreise per E-Bike: 10 Tage aktiv durch Orosi-Tal, Tapant\u00ed Nationalpark bis S\u00e1mara. Kleine Gruppen, mehrsprachige Reiseleitung. Ab 2.503 EUR.\",\"breadcrumb\":{\"@id\":\"https:\/\/new.latinconnect.com\/product\/costa-rica-rundreise-pura-vida-e-bike-radtour\/#breadcrumb\"},\"inLanguage\":\"fr-FR\",\"potentialAction\":[{\"@type\":\"ReadAction\",\"target\":[\"https:\/\/new.latinconnect.com\/product\/costa-rica-rundreise-pura-vida-e-bike-radtour\/\"]}]},{\"@type\":\"ImageObject\",\"inLanguage\":\"fr-FR\",\"@id\":\"https:\/\/new.latinconnect.com\/product\/costa-rica-rundreise-pura-vida-e-bike-radtour\/#primaryimage\",\"url\":\"https:\/\/new.latinconnect.com\/wp-content\/uploads\/CRA_PVE_01_costa-rica-rundreise-pura-vida-e-bike-radtour.png\",\"contentUrl\":\"https:\/\/new.latinconnect.com\/wp-content\/uploads\/CRA_PVE_01_costa-rica-rundreise-pura-vida-e-bike-radtour.png\",\"width\":2400,\"height\":1800},{\"@type\":\"BreadcrumbList\",\"@id\":\"https:\/\/new.latinconnect.com\/product\/costa-rica-rundreise-pura-vida-e-bike-radtour\/#breadcrumb\",\"itemListElement\":[{\"@type\":\"ListItem\",\"position\":1,\"name\":\"Home\",\"item\":\"https:\/\/new.latinconnect.com\/\"},{\"@type\":\"ListItem\",\"position\":2,\"name\":\"Costa Rica Rundreise \u2013 Pura Vida E-Bike Radtour\"}]},{\"@type\":\"WebSite\",\"@id\":\"http:\/\/new.latinconnect.com\/de\/#website\",\"url\":\"http:\/\/new.latinconnect.com\/de\/\",\"name\":\"Latinconnect\",\"description\":\"latin america&#039;s dmc alliance\",\"publisher\":{\"@id\":\"http:\/\/new.latinconnect.com\/de\/#organization\"},\"potentialAction\":[{\"@type\":\"SearchAction\",\"target\":{\"@type\":\"EntryPoint\",\"urlTemplate\":\"http:\/\/new.latinconnect.com\/de\/?s={search_term_string}\"},\"query-input\":{\"@type\":\"PropertyValueSpecification\",\"valueRequired\":true,\"valueName\":\"search_term_string\"}}],\"inLanguage\":\"fr-FR\"},{\"@type\":\"Organization\",\"@id\":\"http:\/\/new.latinconnect.com\/de\/#organization\",\"name\":\"Latinconnect\",\"url\":\"http:\/\/new.latinconnect.com\/de\/\",\"logo\":{\"@type\":\"ImageObject\",\"inLanguage\":\"fr-FR\",\"@id\":\"http:\/\/new.latinconnect.com\/de\/#\/schema\/logo\/image\/\",\"url\":\"https:\/\/new.latinconnect.com\/wp-content\/uploads\/logo-latinconnect.svg\",\"contentUrl\":\"https:\/\/new.latinconnect.com\/wp-content\/uploads\/logo-latinconnect.svg\",\"width\":260,\"height\":50,\"caption\":\"Latinconnect\"},\"image\":{\"@id\":\"http:\/\/new.latinconnect.com\/de\/#\/schema\/logo\/image\/\"},\"sameAs\":[\"https:\/\/www.linkedin.com\/company\/latinconnect\"]}]}<\/script>\n<!-- \/ Yoast SEO plugin. -->","yoast_head_json":{"title":"Voyage organis\u00e9 au Costa Rica \u2013 Tour \u00e0 v\u00e9lo \u00e9lectrique Pura Vida | 10 jours actifs","description":"Costa Rica en v\u00e9lo \u00e9lectrique : 10 jours actifs \u00e0 travers la vall\u00e9e d'Orosi, le parc national de Tapant\u00ed jusqu'\u00e0 S\u00e1mara. Petits groupes, guide multilingue. \u00c0 partir de 2 503 EUR.","robots":{"index":"noindex","follow":"follow","max-snippet":"max-snippet:-1","max-image-preview":"max-image-preview:large","max-video-preview":"max-video-preview:-1"},"og_locale":"fr_FR","og_type":"article","og_title":"Costa Rica Rundreise \u2013 Pura Vida E-Bike Radtour | 10 Tage aktiv","og_description":"Costa Rica Rundreise per E-Bike: 10 Tage aktiv durch Orosi-Tal, Tapant\u00ed Nationalpark bis S\u00e1mara. Kleine Gruppen, mehrsprachige Reiseleitung. Ab 2.503 EUR.","og_url":"https:\/\/new.latinconnect.com\/fr\/produit\/costa-rica-voyage-circulaire-pura-vida-et-tour-a-velo-electrique\/","og_site_name":"Latinconnect","article_modified_time":"2026-04-29T14:12:01+00:00","og_image":[{"width":2400,"height":1800,"url":"https:\/\/new.latinconnect.com\/wp-content\/uploads\/CRA_PVE_01_costa-rica-rundreise-pura-vida-e-bike-radtour.png","type":"image\/png"}],"twitter_card":"summary_large_image","schema":{"@context":"https:\/\/schema.org","@graph":[{"@type":"WebPage","@id":"https:\/\/new.latinconnect.com\/product\/costa-rica-rundreise-pura-vida-e-bike-radtour\/","url":"https:\/\/new.latinconnect.com\/product\/costa-rica-rundreise-pura-vida-e-bike-radtour\/","name":"Voyage organis\u00e9 au Costa Rica \u2013 Tour \u00e0 v\u00e9lo \u00e9lectrique Pura Vida | 10 jours actifs","isPartOf":{"@id":"http:\/\/new.latinconnect.com\/de\/#website"},"primaryImageOfPage":{"@id":"https:\/\/new.latinconnect.com\/product\/costa-rica-rundreise-pura-vida-e-bike-radtour\/#primaryimage"},"image":{"@id":"https:\/\/new.latinconnect.com\/product\/costa-rica-rundreise-pura-vida-e-bike-radtour\/#primaryimage"},"thumbnailUrl":"https:\/\/new.latinconnect.com\/wp-content\/uploads\/CRA_PVE_01_costa-rica-rundreise-pura-vida-e-bike-radtour.png","datePublished":"2026-04-29T13:59:57+00:00","dateModified":"2026-04-29T14:12:01+00:00","description":"Costa Rica en v\u00e9lo \u00e9lectrique : 10 jours actifs \u00e0 travers la vall\u00e9e d'Orosi, le parc national de Tapant\u00ed jusqu'\u00e0 S\u00e1mara. Petits groupes, guide multilingue. \u00c0 partir de 2 503 EUR.","breadcrumb":{"@id":"https:\/\/new.latinconnect.com\/product\/costa-rica-rundreise-pura-vida-e-bike-radtour\/#breadcrumb"},"inLanguage":"fr-FR","potentialAction":[{"@type":"ReadAction","target":["https:\/\/new.latinconnect.com\/product\/costa-rica-rundreise-pura-vida-e-bike-radtour\/"]}]},{"@type":"ImageObject","inLanguage":"fr-FR","@id":"https:\/\/new.latinconnect.com\/product\/costa-rica-rundreise-pura-vida-e-bike-radtour\/#primaryimage","url":"https:\/\/new.latinconnect.com\/wp-content\/uploads\/CRA_PVE_01_costa-rica-rundreise-pura-vida-e-bike-radtour.png","contentUrl":"https:\/\/new.latinconnect.com\/wp-content\/uploads\/CRA_PVE_01_costa-rica-rundreise-pura-vida-e-bike-radtour.png","width":2400,"height":1800},{"@type":"BreadcrumbList","@id":"https:\/\/new.latinconnect.com\/product\/costa-rica-rundreise-pura-vida-e-bike-radtour\/#breadcrumb","itemListElement":[{"@type":"ListItem","position":1,"name":"Home","item":"https:\/\/new.latinconnect.com\/"},{"@type":"ListItem","position":2,"name":"Costa Rica Rundreise \u2013 Pura Vida E-Bike Radtour"}]},{"@type":"WebSite","@id":"http:\/\/new.latinconnect.com\/de\/#website","url":"http:\/\/new.latinconnect.com\/de\/","name":"Latinconnect","description":"latin america's dmc alliance","publisher":{"@id":"http:\/\/new.latinconnect.com\/de\/#organization"},"potentialAction":[{"@type":"SearchAction","target":{"@type":"EntryPoint","urlTemplate":"http:\/\/new.latinconnect.com\/de\/?s={search_term_string}"},"query-input":{"@type":"PropertyValueSpecification","valueRequired":true,"valueName":"search_term_string"}}],"inLanguage":"fr-FR"},{"@type":"Organization","@id":"http:\/\/new.latinconnect.com\/de\/#organization","name":"Latinconnect","url":"http:\/\/new.latinconnect.com\/de\/","logo":{"@type":"ImageObject","inLanguage":"fr-FR","@id":"http:\/\/new.latinconnect.com\/de\/#\/schema\/logo\/image\/","url":"https:\/\/new.latinconnect.com\/wp-content\/uploads\/logo-latinconnect.svg","contentUrl":"https:\/\/new.latinconnect.com\/wp-content\/uploads\/logo-latinconnect.svg","width":260,"height":50,"caption":"Latinconnect"},"image":{"@id":"http:\/\/new.latinconnect.com\/de\/#\/schema\/logo\/image\/"},"sameAs":["https:\/\/www.linkedin.com\/company\/latinconnect"]}]}},"_links":{"self":[{"href":"https:\/\/new.latinconnect.com\/fr\/wp-json\/wp\/v2\/product\/8815","targetHints":{"allow":["GET"]}}],"collection":[{"href":"https:\/\/new.latinconnect.com\/fr\/wp-json\/wp\/v2\/product"}],"about":[{"href":"https:\/\/new.latinconnect.com\/fr\/wp-json\/wp\/v2\/types\/product"}],"wp:featuredmedia":[{"embeddable":true,"href":"https:\/\/new.latinconnect.com\/fr\/wp-json\/wp\/v2\/media\/8285"}],"wp:attachment":[{"href":"https:\/\/new.latinconnect.com\/fr\/wp-json\/wp\/v2\/media?parent=8815"}],"curies":[{"name":"wp","href":"https:\/\/api.w.org\/{rel}","templated":true}]}}