{"id":8810,"date":"2026-04-29T14:59:54","date_gmt":"2026-04-29T13:59:54","guid":{"rendered":"https:\/\/new.latinconnect.com\/product\/zentralamerika-rundreise-faszination-guatemala-el-salvador-nicaragua-costa-rica\/"},"modified":"2026-04-29T15:12:01","modified_gmt":"2026-04-29T14:12:01","slug":"voyage-en-amerique-centrale-fascination-guatemala-el-salvador-nicaragua-costa-rica","status":"publish","type":"product","link":"https:\/\/latinconnect.com\/fr\/produit\/voyage-en-amerique-centrale-fascination-guatemala-el-salvador-nicaragua-costa-rica\/","title":{"rendered":"Circuit Centro-am\u00e9ricain \u2013 Fascinant Am\u00e9rique Centrale"},"content":{"rendered":"<p>Un voyage extraordinaire en Am\u00e9rique centrale \u00e0 travers quatre pays fascinants vous attend. De Guatemala, en passant par le Salvador et le Nicaragua jusqu'au Costa Rica, d\u00e9couvrez en 17 jours toute la diversit\u00e9 de cette r\u00e9gion \u2013 des temples mayas aux villes coloniales en passant par les volcans actifs et les parcs nationaux tropicaux.<\/p>","protected":false},"featured_media":8280,"template":"","meta":{"_acf_changed":false},"class_list":["post-8810","product","type-product","status-publish","has-post-thumbnail","hentry"],"acf":[],"yoast_head":"<!-- This site is optimized with the Yoast SEO plugin v26.9 - https:\/\/yoast.com\/product\/yoast-seo-wordpress\/ -->\n<title>Zentralamerika Rundreise \u2013 17 Tage durch Guatemala, El Salvador, Nicaragua &amp; Costa Rica<\/title>\n<meta name=\"description\" content=\"Entdecke auf dieser 17-t\u00e4gigen Zentralamerika Rundreise vier L\u00e4nder: von Maya-Tempeln in Guatemala \u00fcber koloniale St\u00e4dte bis zu Costa Ricas Naturwundern. Mit deutschsprechender Reiseleitung.\" \/>\n<meta name=\"robots\" content=\"noindex, follow, max-snippet:-1, max-image-preview:large, max-video-preview:-1\" \/>\n<meta property=\"og:locale\" content=\"fr_FR\" \/>\n<meta property=\"og:type\" content=\"article\" \/>\n<meta property=\"og:title\" content=\"Zentralamerika Rundreise \u2013 17 Tage durch Guatemala, El Salvador, Nicaragua &amp; Costa Rica\" \/>\n<meta property=\"og:description\" content=\"Entdecke auf dieser 17-t\u00e4gigen Zentralamerika Rundreise vier L\u00e4nder: von Maya-Tempeln in Guatemala \u00fcber koloniale St\u00e4dte bis zu Costa Ricas Naturwundern. Mit deutschsprechender Reiseleitung.\" \/>\n<meta property=\"og:url\" content=\"https:\/\/latinconnect.com\/fr\/produit\/voyage-en-amerique-centrale-fascination-guatemala-el-salvador-nicaragua-costa-rica\/\" \/>\n<meta property=\"og:site_name\" content=\"Latinconnect\" \/>\n<meta property=\"article:modified_time\" content=\"2026-04-29T14:12:01+00:00\" \/>\n<meta property=\"og:image\" content=\"https:\/\/latinconnect.com\/wp-content\/uploads\/GEN_FZ_01_zentralamerika-rundreise-faszination-guatemala-el-salvador-nicaragua-costa-rica.png\" \/>\n\t<meta property=\"og:image:width\" content=\"2400\" \/>\n\t<meta property=\"og:image:height\" content=\"1800\" \/>\n\t<meta property=\"og:image:type\" content=\"image\/png\" \/>\n<meta name=\"twitter:card\" content=\"summary_large_image\" \/>\n<script type=\"application\/ld+json\" class=\"yoast-schema-graph\">{\"@context\":\"https:\/\/schema.org\",\"@graph\":[{\"@type\":\"WebPage\",\"@id\":\"https:\/\/latinconnect.com\/product\/zentralamerika-rundreise-faszination-guatemala-el-salvador-nicaragua-costa-rica\/\",\"url\":\"https:\/\/latinconnect.com\/product\/zentralamerika-rundreise-faszination-guatemala-el-salvador-nicaragua-costa-rica\/\",\"name\":\"Zentralamerika Rundreise \u2013 17 Tage durch Guatemala, El Salvador, Nicaragua & Costa Rica\",\"isPartOf\":{\"@id\":\"https:\/\/latinconnect.com\/de\/#website\"},\"primaryImageOfPage\":{\"@id\":\"https:\/\/latinconnect.com\/product\/zentralamerika-rundreise-faszination-guatemala-el-salvador-nicaragua-costa-rica\/#primaryimage\"},\"image\":{\"@id\":\"https:\/\/latinconnect.com\/product\/zentralamerika-rundreise-faszination-guatemala-el-salvador-nicaragua-costa-rica\/#primaryimage\"},\"thumbnailUrl\":\"https:\/\/latinconnect.com\/wp-content\/uploads\/GEN_FZ_01_zentralamerika-rundreise-faszination-guatemala-el-salvador-nicaragua-costa-rica.png\",\"datePublished\":\"2026-04-29T13:59:54+00:00\",\"dateModified\":\"2026-04-29T14:12:01+00:00\",\"description\":\"Entdecke auf dieser 17-t\u00e4gigen Zentralamerika Rundreise vier L\u00e4nder: von Maya-Tempeln in Guatemala \u00fcber koloniale St\u00e4dte bis zu Costa Ricas Naturwundern. Mit deutschsprechender Reiseleitung.\",\"breadcrumb\":{\"@id\":\"https:\/\/latinconnect.com\/product\/zentralamerika-rundreise-faszination-guatemala-el-salvador-nicaragua-costa-rica\/#breadcrumb\"},\"inLanguage\":\"fr-FR\",\"potentialAction\":[{\"@type\":\"ReadAction\",\"target\":[\"https:\/\/latinconnect.com\/product\/zentralamerika-rundreise-faszination-guatemala-el-salvador-nicaragua-costa-rica\/\"]}]},{\"@type\":\"ImageObject\",\"inLanguage\":\"fr-FR\",\"@id\":\"https:\/\/latinconnect.com\/product\/zentralamerika-rundreise-faszination-guatemala-el-salvador-nicaragua-costa-rica\/#primaryimage\",\"url\":\"https:\/\/latinconnect.com\/wp-content\/uploads\/GEN_FZ_01_zentralamerika-rundreise-faszination-guatemala-el-salvador-nicaragua-costa-rica.png\",\"contentUrl\":\"https:\/\/latinconnect.com\/wp-content\/uploads\/GEN_FZ_01_zentralamerika-rundreise-faszination-guatemala-el-salvador-nicaragua-costa-rica.png\",\"width\":2400,\"height\":1800},{\"@type\":\"BreadcrumbList\",\"@id\":\"https:\/\/latinconnect.com\/product\/zentralamerika-rundreise-faszination-guatemala-el-salvador-nicaragua-costa-rica\/#breadcrumb\",\"itemListElement\":[{\"@type\":\"ListItem\",\"position\":1,\"name\":\"Home\",\"item\":\"https:\/\/latinconnect.com\/de\/\"},{\"@type\":\"ListItem\",\"position\":2,\"name\":\"Zentralamerika Rundreise \u2013 Faszination Zentralamerika\"}]},{\"@type\":\"WebSite\",\"@id\":\"https:\/\/latinconnect.com\/de\/#website\",\"url\":\"https:\/\/latinconnect.com\/de\/\",\"name\":\"Latinconnect\",\"description\":\"latin america&#039;s dmc alliance\",\"publisher\":{\"@id\":\"https:\/\/latinconnect.com\/de\/#organization\"},\"potentialAction\":[{\"@type\":\"SearchAction\",\"target\":{\"@type\":\"EntryPoint\",\"urlTemplate\":\"https:\/\/latinconnect.com\/de\/?s={search_term_string}\"},\"query-input\":{\"@type\":\"PropertyValueSpecification\",\"valueRequired\":true,\"valueName\":\"search_term_string\"}}],\"inLanguage\":\"fr-FR\"},{\"@type\":\"Organization\",\"@id\":\"https:\/\/latinconnect.com\/de\/#organization\",\"name\":\"Latinconnect\",\"url\":\"https:\/\/latinconnect.com\/de\/\",\"logo\":{\"@type\":\"ImageObject\",\"inLanguage\":\"fr-FR\",\"@id\":\"https:\/\/latinconnect.com\/de\/#\/schema\/logo\/image\/\",\"url\":\"https:\/\/latinconnect.com\/wp-content\/uploads\/logo-latinconnect.svg\",\"contentUrl\":\"https:\/\/latinconnect.com\/wp-content\/uploads\/logo-latinconnect.svg\",\"width\":260,\"height\":50,\"caption\":\"Latinconnect\"},\"image\":{\"@id\":\"https:\/\/latinconnect.com\/de\/#\/schema\/logo\/image\/\"},\"sameAs\":[\"https:\/\/www.linkedin.com\/company\/latinconnect\"]}]}<\/script>\n<!-- \/ Yoast SEO plugin. -->","yoast_head_json":{"title":"Tour d'Am\u00e9rique Centrale \u2013 17 jours \u00e0 travers le Guatemala, le Salvador, le Nicaragua et le Costa Rica","description":"D\u00e9couvrez quatre pays lors de ce circuit de 17 jours en Am\u00e9rique Centrale : des temples mayas du Guatemala aux villes coloniales en passant par les merveilles naturelles du Costa Rica. Avec un guide accompagnateur francophone.","robots":{"index":"noindex","follow":"follow","max-snippet":"max-snippet:-1","max-image-preview":"max-image-preview:large","max-video-preview":"max-video-preview:-1"},"og_locale":"fr_FR","og_type":"article","og_title":"Zentralamerika Rundreise \u2013 17 Tage durch Guatemala, El Salvador, Nicaragua & Costa Rica","og_description":"Entdecke auf dieser 17-t\u00e4gigen Zentralamerika Rundreise vier L\u00e4nder: von Maya-Tempeln in Guatemala \u00fcber koloniale St\u00e4dte bis zu Costa Ricas Naturwundern. Mit deutschsprechender Reiseleitung.","og_url":"https:\/\/latinconnect.com\/fr\/produit\/voyage-en-amerique-centrale-fascination-guatemala-el-salvador-nicaragua-costa-rica\/","og_site_name":"Latinconnect","article_modified_time":"2026-04-29T14:12:01+00:00","og_image":[{"width":2400,"height":1800,"url":"https:\/\/latinconnect.com\/wp-content\/uploads\/GEN_FZ_01_zentralamerika-rundreise-faszination-guatemala-el-salvador-nicaragua-costa-rica.png","type":"image\/png"}],"twitter_card":"summary_large_image","schema":{"@context":"https:\/\/schema.org","@graph":[{"@type":"WebPage","@id":"https:\/\/latinconnect.com\/product\/zentralamerika-rundreise-faszination-guatemala-el-salvador-nicaragua-costa-rica\/","url":"https:\/\/latinconnect.com\/product\/zentralamerika-rundreise-faszination-guatemala-el-salvador-nicaragua-costa-rica\/","name":"Tour d'Am\u00e9rique Centrale \u2013 17 jours \u00e0 travers le Guatemala, le Salvador, le Nicaragua et le Costa Rica","isPartOf":{"@id":"https:\/\/latinconnect.com\/de\/#website"},"primaryImageOfPage":{"@id":"https:\/\/latinconnect.com\/product\/zentralamerika-rundreise-faszination-guatemala-el-salvador-nicaragua-costa-rica\/#primaryimage"},"image":{"@id":"https:\/\/latinconnect.com\/product\/zentralamerika-rundreise-faszination-guatemala-el-salvador-nicaragua-costa-rica\/#primaryimage"},"thumbnailUrl":"https:\/\/latinconnect.com\/wp-content\/uploads\/GEN_FZ_01_zentralamerika-rundreise-faszination-guatemala-el-salvador-nicaragua-costa-rica.png","datePublished":"2026-04-29T13:59:54+00:00","dateModified":"2026-04-29T14:12:01+00:00","description":"D\u00e9couvrez quatre pays lors de ce circuit de 17 jours en Am\u00e9rique Centrale : des temples mayas du Guatemala aux villes coloniales en passant par les merveilles naturelles du Costa Rica. Avec un guide accompagnateur francophone.","breadcrumb":{"@id":"https:\/\/latinconnect.com\/product\/zentralamerika-rundreise-faszination-guatemala-el-salvador-nicaragua-costa-rica\/#breadcrumb"},"inLanguage":"fr-FR","potentialAction":[{"@type":"ReadAction","target":["https:\/\/latinconnect.com\/product\/zentralamerika-rundreise-faszination-guatemala-el-salvador-nicaragua-costa-rica\/"]}]},{"@type":"ImageObject","inLanguage":"fr-FR","@id":"https:\/\/latinconnect.com\/product\/zentralamerika-rundreise-faszination-guatemala-el-salvador-nicaragua-costa-rica\/#primaryimage","url":"https:\/\/latinconnect.com\/wp-content\/uploads\/GEN_FZ_01_zentralamerika-rundreise-faszination-guatemala-el-salvador-nicaragua-costa-rica.png","contentUrl":"https:\/\/latinconnect.com\/wp-content\/uploads\/GEN_FZ_01_zentralamerika-rundreise-faszination-guatemala-el-salvador-nicaragua-costa-rica.png","width":2400,"height":1800},{"@type":"BreadcrumbList","@id":"https:\/\/latinconnect.com\/product\/zentralamerika-rundreise-faszination-guatemala-el-salvador-nicaragua-costa-rica\/#breadcrumb","itemListElement":[{"@type":"ListItem","position":1,"name":"Home","item":"https:\/\/latinconnect.com\/de\/"},{"@type":"ListItem","position":2,"name":"Zentralamerika Rundreise \u2013 Faszination Zentralamerika"}]},{"@type":"WebSite","@id":"https:\/\/latinconnect.com\/de\/#website","url":"https:\/\/latinconnect.com\/de\/","name":"Latinconnect","description":"latin america's dmc alliance","publisher":{"@id":"https:\/\/latinconnect.com\/de\/#organization"},"potentialAction":[{"@type":"SearchAction","target":{"@type":"EntryPoint","urlTemplate":"https:\/\/latinconnect.com\/de\/?s={search_term_string}"},"query-input":{"@type":"PropertyValueSpecification","valueRequired":true,"valueName":"search_term_string"}}],"inLanguage":"fr-FR"},{"@type":"Organization","@id":"https:\/\/latinconnect.com\/de\/#organization","name":"Latinconnect","url":"https:\/\/latinconnect.com\/de\/","logo":{"@type":"ImageObject","inLanguage":"fr-FR","@id":"https:\/\/latinconnect.com\/de\/#\/schema\/logo\/image\/","url":"https:\/\/latinconnect.com\/wp-content\/uploads\/logo-latinconnect.svg","contentUrl":"https:\/\/latinconnect.com\/wp-content\/uploads\/logo-latinconnect.svg","width":260,"height":50,"caption":"Latinconnect"},"image":{"@id":"https:\/\/latinconnect.com\/de\/#\/schema\/logo\/image\/"},"sameAs":["https:\/\/www.linkedin.com\/company\/latinconnect"]}]}},"_links":{"self":[{"href":"https:\/\/latinconnect.com\/fr\/wp-json\/wp\/v2\/product\/8810","targetHints":{"allow":["GET"]}}],"collection":[{"href":"https:\/\/latinconnect.com\/fr\/wp-json\/wp\/v2\/product"}],"about":[{"href":"https:\/\/latinconnect.com\/fr\/wp-json\/wp\/v2\/types\/product"}],"wp:featuredmedia":[{"embeddable":true,"href":"https:\/\/latinconnect.com\/fr\/wp-json\/wp\/v2\/media\/8280"}],"wp:attachment":[{"href":"https:\/\/latinconnect.com\/fr\/wp-json\/wp\/v2\/media?parent=8810"}],"curies":[{"name":"wp","href":"https:\/\/api.w.org\/{rel}","templated":true}]}}