{"id":8705,"date":"2026-04-28T10:48:50","date_gmt":"2026-04-28T09:48:50","guid":{"rendered":"https:\/\/new.latinconnect.com\/product\/ecuador-rundreise-medium\/"},"modified":"2026-04-28T18:04:43","modified_gmt":"2026-04-28T17:04:43","slug":"voyage-organise-en-equateur-moyen","status":"publish","type":"product","link":"https:\/\/new.latinconnect.com\/fr\/produit\/voyage-organise-en-equateur-moyen\/","title":{"rendered":"Voyage en \u00c9quateur \u2013 \u00c9quateur Medium"},"content":{"rendered":"<p>D\u00e9couvrez l'\u00c9quateur lors d'un circuit de 12 jours de Quito \u00e0 Guayaquil. Ce voyage \u00e0 travers l'\u00c9quateur vous emm\u00e8ne aux plus beaux points forts du pays : de la vieille ville coloniale de Quito aux march\u00e9s color\u00e9s d'Otavalo, jusqu'\u00e0 la for\u00eat tropicale amazonienne. Vous d\u00e9couvrirez des volcans majestueux comme le Cotopaxi et le Chimborazo, vous d\u00e9tendrez dans les thermes de Papallacta et explorerez les sites class\u00e9s au patrimoine mondial de l'UNESCO, Quito et Cuenca.<\/p>","protected":false},"featured_media":8365,"template":"","meta":{"_acf_changed":false},"class_list":["post-8705","product","type-product","status-publish","has-post-thumbnail","hentry"],"acf":[],"yoast_head":"<!-- This site is optimized with the Yoast SEO plugin v26.9 - https:\/\/yoast.com\/product\/yoast-seo-wordpress\/ -->\n<title>Ecuador Rundreise 12 Tage \u2013 Quito bis Guayaquil | Latinconnect<\/title>\n<meta name=\"description\" content=\"Ecuador Rundreise in 12 Tagen: Von Quito \u00fcber Otavalo und Amazonas bis Cuenca. UNESCO-Weltkulturerbe, Cotopaxi, Chimborazo und mehr. Ab 1.864 USD.\" \/>\n<meta name=\"robots\" content=\"noindex, follow, max-snippet:-1, max-image-preview:large, max-video-preview:-1\" \/>\n<meta property=\"og:locale\" content=\"fr_FR\" \/>\n<meta property=\"og:type\" content=\"article\" \/>\n<meta property=\"og:title\" content=\"Ecuador Rundreise 12 Tage \u2013 Quito bis Guayaquil | Latinconnect\" \/>\n<meta property=\"og:description\" content=\"Ecuador Rundreise in 12 Tagen: Von Quito \u00fcber Otavalo und Amazonas bis Cuenca. UNESCO-Weltkulturerbe, Cotopaxi, Chimborazo und mehr. Ab 1.864 USD.\" \/>\n<meta property=\"og:url\" content=\"https:\/\/new.latinconnect.com\/fr\/produit\/voyage-organise-en-equateur-moyen\/\" \/>\n<meta property=\"og:site_name\" content=\"Latinconnect\" \/>\n<meta property=\"article:modified_time\" content=\"2026-04-28T17:04:43+00:00\" \/>\n<meta property=\"og:image\" content=\"https:\/\/new.latinconnect.com\/wp-content\/uploads\/ECU_EM_01_ecuador-rundreise-medium.png\" \/>\n\t<meta property=\"og:image:width\" content=\"2400\" \/>\n\t<meta property=\"og:image:height\" content=\"1800\" \/>\n\t<meta property=\"og:image:type\" content=\"image\/png\" \/>\n<meta name=\"twitter:card\" content=\"summary_large_image\" \/>\n<script type=\"application\/ld+json\" class=\"yoast-schema-graph\">{\"@context\":\"https:\/\/schema.org\",\"@graph\":[{\"@type\":\"WebPage\",\"@id\":\"https:\/\/new.latinconnect.com\/product\/ecuador-rundreise-medium\/\",\"url\":\"https:\/\/new.latinconnect.com\/product\/ecuador-rundreise-medium\/\",\"name\":\"Ecuador Rundreise 12 Tage \u2013 Quito bis Guayaquil | Latinconnect\",\"isPartOf\":{\"@id\":\"http:\/\/new.latinconnect.com\/de\/#website\"},\"primaryImageOfPage\":{\"@id\":\"https:\/\/new.latinconnect.com\/product\/ecuador-rundreise-medium\/#primaryimage\"},\"image\":{\"@id\":\"https:\/\/new.latinconnect.com\/product\/ecuador-rundreise-medium\/#primaryimage\"},\"thumbnailUrl\":\"https:\/\/new.latinconnect.com\/wp-content\/uploads\/ECU_EM_01_ecuador-rundreise-medium.png\",\"datePublished\":\"2026-04-28T09:48:50+00:00\",\"dateModified\":\"2026-04-28T17:04:43+00:00\",\"description\":\"Ecuador Rundreise in 12 Tagen: Von Quito \u00fcber Otavalo und Amazonas bis Cuenca. UNESCO-Weltkulturerbe, Cotopaxi, Chimborazo und mehr. Ab 1.864 USD.\",\"breadcrumb\":{\"@id\":\"https:\/\/new.latinconnect.com\/product\/ecuador-rundreise-medium\/#breadcrumb\"},\"inLanguage\":\"fr-FR\",\"potentialAction\":[{\"@type\":\"ReadAction\",\"target\":[\"https:\/\/new.latinconnect.com\/product\/ecuador-rundreise-medium\/\"]}]},{\"@type\":\"ImageObject\",\"inLanguage\":\"fr-FR\",\"@id\":\"https:\/\/new.latinconnect.com\/product\/ecuador-rundreise-medium\/#primaryimage\",\"url\":\"https:\/\/new.latinconnect.com\/wp-content\/uploads\/ECU_EM_01_ecuador-rundreise-medium.png\",\"contentUrl\":\"https:\/\/new.latinconnect.com\/wp-content\/uploads\/ECU_EM_01_ecuador-rundreise-medium.png\",\"width\":2400,\"height\":1800},{\"@type\":\"BreadcrumbList\",\"@id\":\"https:\/\/new.latinconnect.com\/product\/ecuador-rundreise-medium\/#breadcrumb\",\"itemListElement\":[{\"@type\":\"ListItem\",\"position\":1,\"name\":\"Home\",\"item\":\"https:\/\/new.latinconnect.com\/\"},{\"@type\":\"ListItem\",\"position\":2,\"name\":\"Ecuador Rundreise \u2013 Ecuador Medium\"}]},{\"@type\":\"WebSite\",\"@id\":\"http:\/\/new.latinconnect.com\/de\/#website\",\"url\":\"http:\/\/new.latinconnect.com\/de\/\",\"name\":\"Latinconnect\",\"description\":\"latin america&#039;s dmc alliance\",\"publisher\":{\"@id\":\"http:\/\/new.latinconnect.com\/de\/#organization\"},\"potentialAction\":[{\"@type\":\"SearchAction\",\"target\":{\"@type\":\"EntryPoint\",\"urlTemplate\":\"http:\/\/new.latinconnect.com\/de\/?s={search_term_string}\"},\"query-input\":{\"@type\":\"PropertyValueSpecification\",\"valueRequired\":true,\"valueName\":\"search_term_string\"}}],\"inLanguage\":\"fr-FR\"},{\"@type\":\"Organization\",\"@id\":\"http:\/\/new.latinconnect.com\/de\/#organization\",\"name\":\"Latinconnect\",\"url\":\"http:\/\/new.latinconnect.com\/de\/\",\"logo\":{\"@type\":\"ImageObject\",\"inLanguage\":\"fr-FR\",\"@id\":\"http:\/\/new.latinconnect.com\/de\/#\/schema\/logo\/image\/\",\"url\":\"https:\/\/new.latinconnect.com\/wp-content\/uploads\/logo-latinconnect.svg\",\"contentUrl\":\"https:\/\/new.latinconnect.com\/wp-content\/uploads\/logo-latinconnect.svg\",\"width\":260,\"height\":50,\"caption\":\"Latinconnect\"},\"image\":{\"@id\":\"http:\/\/new.latinconnect.com\/de\/#\/schema\/logo\/image\/\"},\"sameAs\":[\"https:\/\/www.linkedin.com\/company\/latinconnect\"]}]}<\/script>\n<!-- \/ Yoast SEO plugin. -->","yoast_head_json":{"title":"Voyage \u00c9quateur de 12 jours \u2013 Quito \u00e0 Guayaquil | Latinconnect","description":"\u00c9quateur en 12 jours : De Quito \u00e0 Otavalo en passant par l'Amazonie jusqu'\u00e0 Cuenca. Patrimoine mondial de l'UNESCO, Cotopaxi, Chimborazo et plus encore. \u00c0 partir de 1 864 USD.","robots":{"index":"noindex","follow":"follow","max-snippet":"max-snippet:-1","max-image-preview":"max-image-preview:large","max-video-preview":"max-video-preview:-1"},"og_locale":"fr_FR","og_type":"article","og_title":"Ecuador Rundreise 12 Tage \u2013 Quito bis Guayaquil | Latinconnect","og_description":"Ecuador Rundreise in 12 Tagen: Von Quito \u00fcber Otavalo und Amazonas bis Cuenca. UNESCO-Weltkulturerbe, Cotopaxi, Chimborazo und mehr. Ab 1.864 USD.","og_url":"https:\/\/new.latinconnect.com\/fr\/produit\/voyage-organise-en-equateur-moyen\/","og_site_name":"Latinconnect","article_modified_time":"2026-04-28T17:04:43+00:00","og_image":[{"width":2400,"height":1800,"url":"https:\/\/new.latinconnect.com\/wp-content\/uploads\/ECU_EM_01_ecuador-rundreise-medium.png","type":"image\/png"}],"twitter_card":"summary_large_image","schema":{"@context":"https:\/\/schema.org","@graph":[{"@type":"WebPage","@id":"https:\/\/new.latinconnect.com\/product\/ecuador-rundreise-medium\/","url":"https:\/\/new.latinconnect.com\/product\/ecuador-rundreise-medium\/","name":"Voyage \u00c9quateur de 12 jours \u2013 Quito \u00e0 Guayaquil | Latinconnect","isPartOf":{"@id":"http:\/\/new.latinconnect.com\/de\/#website"},"primaryImageOfPage":{"@id":"https:\/\/new.latinconnect.com\/product\/ecuador-rundreise-medium\/#primaryimage"},"image":{"@id":"https:\/\/new.latinconnect.com\/product\/ecuador-rundreise-medium\/#primaryimage"},"thumbnailUrl":"https:\/\/new.latinconnect.com\/wp-content\/uploads\/ECU_EM_01_ecuador-rundreise-medium.png","datePublished":"2026-04-28T09:48:50+00:00","dateModified":"2026-04-28T17:04:43+00:00","description":"\u00c9quateur en 12 jours : De Quito \u00e0 Otavalo en passant par l'Amazonie jusqu'\u00e0 Cuenca. Patrimoine mondial de l'UNESCO, Cotopaxi, Chimborazo et plus encore. \u00c0 partir de 1 864 USD.","breadcrumb":{"@id":"https:\/\/new.latinconnect.com\/product\/ecuador-rundreise-medium\/#breadcrumb"},"inLanguage":"fr-FR","potentialAction":[{"@type":"ReadAction","target":["https:\/\/new.latinconnect.com\/product\/ecuador-rundreise-medium\/"]}]},{"@type":"ImageObject","inLanguage":"fr-FR","@id":"https:\/\/new.latinconnect.com\/product\/ecuador-rundreise-medium\/#primaryimage","url":"https:\/\/new.latinconnect.com\/wp-content\/uploads\/ECU_EM_01_ecuador-rundreise-medium.png","contentUrl":"https:\/\/new.latinconnect.com\/wp-content\/uploads\/ECU_EM_01_ecuador-rundreise-medium.png","width":2400,"height":1800},{"@type":"BreadcrumbList","@id":"https:\/\/new.latinconnect.com\/product\/ecuador-rundreise-medium\/#breadcrumb","itemListElement":[{"@type":"ListItem","position":1,"name":"Home","item":"https:\/\/new.latinconnect.com\/"},{"@type":"ListItem","position":2,"name":"Ecuador Rundreise \u2013 Ecuador Medium"}]},{"@type":"WebSite","@id":"http:\/\/new.latinconnect.com\/de\/#website","url":"http:\/\/new.latinconnect.com\/de\/","name":"Latinconnect","description":"latin america's dmc alliance","publisher":{"@id":"http:\/\/new.latinconnect.com\/de\/#organization"},"potentialAction":[{"@type":"SearchAction","target":{"@type":"EntryPoint","urlTemplate":"http:\/\/new.latinconnect.com\/de\/?s={search_term_string}"},"query-input":{"@type":"PropertyValueSpecification","valueRequired":true,"valueName":"search_term_string"}}],"inLanguage":"fr-FR"},{"@type":"Organization","@id":"http:\/\/new.latinconnect.com\/de\/#organization","name":"Latinconnect","url":"http:\/\/new.latinconnect.com\/de\/","logo":{"@type":"ImageObject","inLanguage":"fr-FR","@id":"http:\/\/new.latinconnect.com\/de\/#\/schema\/logo\/image\/","url":"https:\/\/new.latinconnect.com\/wp-content\/uploads\/logo-latinconnect.svg","contentUrl":"https:\/\/new.latinconnect.com\/wp-content\/uploads\/logo-latinconnect.svg","width":260,"height":50,"caption":"Latinconnect"},"image":{"@id":"http:\/\/new.latinconnect.com\/de\/#\/schema\/logo\/image\/"},"sameAs":["https:\/\/www.linkedin.com\/company\/latinconnect"]}]}},"_links":{"self":[{"href":"https:\/\/new.latinconnect.com\/fr\/wp-json\/wp\/v2\/product\/8705","targetHints":{"allow":["GET"]}}],"collection":[{"href":"https:\/\/new.latinconnect.com\/fr\/wp-json\/wp\/v2\/product"}],"about":[{"href":"https:\/\/new.latinconnect.com\/fr\/wp-json\/wp\/v2\/types\/product"}],"wp:featuredmedia":[{"embeddable":true,"href":"https:\/\/new.latinconnect.com\/fr\/wp-json\/wp\/v2\/media\/8365"}],"wp:attachment":[{"href":"https:\/\/new.latinconnect.com\/fr\/wp-json\/wp\/v2\/media?parent=8705"}],"curies":[{"name":"wp","href":"https:\/\/api.w.org\/{rel}","templated":true}]}}