{"id":8042,"date":"2026-04-21T14:57:48","date_gmt":"2026-04-21T13:57:48","guid":{"rendered":"https:\/\/new.latinconnect.com\/product\/panama-rundreise-stadt-land-strand\/"},"modified":"2026-04-21T14:57:48","modified_gmt":"2026-04-21T13:57:48","slug":"panama-rundreise-stadt-land-strand","status":"publish","type":"product","link":"https:\/\/new.latinconnect.com\/fr\/produit\/panama-rundreise-stadt-land-strand\/","title":{"rendered":"Voyage au Panama \u2013 Ville, Campagne, Plage"},"content":{"rendered":"<p>Entdecke Panama auf einer abwechslungsreichen 7-t\u00e4gigen Rundreise von der pulsierenden Hauptstadt bis zu den paradiesischen Karibikinseln. Diese Panama Rundreise f\u00fchrt dich von den historischen Gassen Panama Citys \u00fcber die gr\u00fcnen Berge Boquetes bis zu den traumhaften Str\u00e4nden von Bocas del Toro.<\/p>","protected":false},"featured_media":0,"template":"","meta":{"_acf_changed":false},"class_list":["post-8042","product","type-product","status-publish","hentry"],"acf":[],"yoast_head":"<!-- This site is optimized with the Yoast SEO plugin v26.9 - https:\/\/yoast.com\/product\/yoast-seo-wordpress\/ -->\n<title>Panama Rundreise \u2013 Stadt Land Strand | 7 Tage von Panama City bis Bocas del Toro<\/title>\n<meta name=\"description\" content=\"Erlebe Panama auf einer 7-t\u00e4gigen Rundreise von Panama City \u00fcber Boquete bis Bocas del Toro. Kultur, Natur und Karibikstr\u00e4nde in einer Reise durch Panama.\" \/>\n<meta name=\"robots\" content=\"noindex, follow, max-snippet:-1, max-image-preview:large, max-video-preview:-1\" \/>\n<meta property=\"og:locale\" content=\"fr_FR\" \/>\n<meta property=\"og:type\" content=\"article\" \/>\n<meta property=\"og:title\" content=\"Panama Rundreise \u2013 Stadt Land Strand | 7 Tage von Panama City bis Bocas del Toro\" \/>\n<meta property=\"og:description\" content=\"Erlebe Panama auf einer 7-t\u00e4gigen Rundreise von Panama City \u00fcber Boquete bis Bocas del Toro. Kultur, Natur und Karibikstr\u00e4nde in einer Reise durch Panama.\" \/>\n<meta property=\"og:url\" content=\"https:\/\/new.latinconnect.com\/fr\/produit\/panama-rundreise-stadt-land-strand\/\" \/>\n<meta property=\"og:site_name\" content=\"Latinconnect\" \/>\n<meta name=\"twitter:card\" content=\"summary_large_image\" \/>\n<script type=\"application\/ld+json\" class=\"yoast-schema-graph\">{\"@context\":\"https:\/\/schema.org\",\"@graph\":[{\"@type\":\"WebPage\",\"@id\":\"https:\/\/new.latinconnect.com\/product\/panama-rundreise-stadt-land-strand\/\",\"url\":\"https:\/\/new.latinconnect.com\/product\/panama-rundreise-stadt-land-strand\/\",\"name\":\"Panama Rundreise \u2013 Stadt Land Strand | 7 Tage von Panama City bis Bocas del Toro\",\"isPartOf\":{\"@id\":\"http:\/\/new.latinconnect.com\/de\/#website\"},\"datePublished\":\"2026-04-21T13:57:48+00:00\",\"description\":\"Erlebe Panama auf einer 7-t\u00e4gigen Rundreise von Panama City \u00fcber Boquete bis Bocas del Toro. Kultur, Natur und Karibikstr\u00e4nde in einer Reise durch Panama.\",\"breadcrumb\":{\"@id\":\"https:\/\/new.latinconnect.com\/product\/panama-rundreise-stadt-land-strand\/#breadcrumb\"},\"inLanguage\":\"fr-FR\",\"potentialAction\":[{\"@type\":\"ReadAction\",\"target\":[\"https:\/\/new.latinconnect.com\/product\/panama-rundreise-stadt-land-strand\/\"]}]},{\"@type\":\"BreadcrumbList\",\"@id\":\"https:\/\/new.latinconnect.com\/product\/panama-rundreise-stadt-land-strand\/#breadcrumb\",\"itemListElement\":[{\"@type\":\"ListItem\",\"position\":1,\"name\":\"Home\",\"item\":\"https:\/\/new.latinconnect.com\/\"},{\"@type\":\"ListItem\",\"position\":2,\"name\":\"Panama Rundreise \u2013 Stadt Land Strand\"}]},{\"@type\":\"WebSite\",\"@id\":\"http:\/\/new.latinconnect.com\/de\/#website\",\"url\":\"http:\/\/new.latinconnect.com\/de\/\",\"name\":\"Latinconnect\",\"description\":\"latin america&#039;s dmc alliance\",\"publisher\":{\"@id\":\"http:\/\/new.latinconnect.com\/de\/#organization\"},\"potentialAction\":[{\"@type\":\"SearchAction\",\"target\":{\"@type\":\"EntryPoint\",\"urlTemplate\":\"http:\/\/new.latinconnect.com\/de\/?s={search_term_string}\"},\"query-input\":{\"@type\":\"PropertyValueSpecification\",\"valueRequired\":true,\"valueName\":\"search_term_string\"}}],\"inLanguage\":\"fr-FR\"},{\"@type\":\"Organization\",\"@id\":\"http:\/\/new.latinconnect.com\/de\/#organization\",\"name\":\"Latinconnect\",\"url\":\"http:\/\/new.latinconnect.com\/de\/\",\"logo\":{\"@type\":\"ImageObject\",\"inLanguage\":\"fr-FR\",\"@id\":\"http:\/\/new.latinconnect.com\/de\/#\/schema\/logo\/image\/\",\"url\":\"https:\/\/new.latinconnect.com\/wp-content\/uploads\/logo-latinconnect.svg\",\"contentUrl\":\"https:\/\/new.latinconnect.com\/wp-content\/uploads\/logo-latinconnect.svg\",\"width\":260,\"height\":50,\"caption\":\"Latinconnect\"},\"image\":{\"@id\":\"http:\/\/new.latinconnect.com\/de\/#\/schema\/logo\/image\/\"},\"sameAs\":[\"https:\/\/www.linkedin.com\/company\/latinconnect\"]}]}<\/script>\n<!-- \/ Yoast SEO plugin. -->","yoast_head_json":{"title":"Panama Rundreise \u2013 Stadt Land Strand | 7 Tage von Panama City bis Bocas del Toro","description":"Erlebe Panama auf einer 7-t\u00e4gigen Rundreise von Panama City \u00fcber Boquete bis Bocas del Toro. Kultur, Natur und Karibikstr\u00e4nde in einer Reise durch Panama.","robots":{"index":"noindex","follow":"follow","max-snippet":"max-snippet:-1","max-image-preview":"max-image-preview:large","max-video-preview":"max-video-preview:-1"},"og_locale":"fr_FR","og_type":"article","og_title":"Panama Rundreise \u2013 Stadt Land Strand | 7 Tage von Panama City bis Bocas del Toro","og_description":"Erlebe Panama auf einer 7-t\u00e4gigen Rundreise von Panama City \u00fcber Boquete bis Bocas del Toro. Kultur, Natur und Karibikstr\u00e4nde in einer Reise durch Panama.","og_url":"https:\/\/new.latinconnect.com\/fr\/produit\/panama-rundreise-stadt-land-strand\/","og_site_name":"Latinconnect","twitter_card":"summary_large_image","schema":{"@context":"https:\/\/schema.org","@graph":[{"@type":"WebPage","@id":"https:\/\/new.latinconnect.com\/product\/panama-rundreise-stadt-land-strand\/","url":"https:\/\/new.latinconnect.com\/product\/panama-rundreise-stadt-land-strand\/","name":"Panama Rundreise \u2013 Stadt Land Strand | 7 Tage von Panama City bis Bocas del Toro","isPartOf":{"@id":"http:\/\/new.latinconnect.com\/de\/#website"},"datePublished":"2026-04-21T13:57:48+00:00","description":"Erlebe Panama auf einer 7-t\u00e4gigen Rundreise von Panama City \u00fcber Boquete bis Bocas del Toro. Kultur, Natur und Karibikstr\u00e4nde in einer Reise durch Panama.","breadcrumb":{"@id":"https:\/\/new.latinconnect.com\/product\/panama-rundreise-stadt-land-strand\/#breadcrumb"},"inLanguage":"fr-FR","potentialAction":[{"@type":"ReadAction","target":["https:\/\/new.latinconnect.com\/product\/panama-rundreise-stadt-land-strand\/"]}]},{"@type":"BreadcrumbList","@id":"https:\/\/new.latinconnect.com\/product\/panama-rundreise-stadt-land-strand\/#breadcrumb","itemListElement":[{"@type":"ListItem","position":1,"name":"Home","item":"https:\/\/new.latinconnect.com\/"},{"@type":"ListItem","position":2,"name":"Panama Rundreise \u2013 Stadt Land Strand"}]},{"@type":"WebSite","@id":"http:\/\/new.latinconnect.com\/de\/#website","url":"http:\/\/new.latinconnect.com\/de\/","name":"Latinconnect","description":"latin america's dmc alliance","publisher":{"@id":"http:\/\/new.latinconnect.com\/de\/#organization"},"potentialAction":[{"@type":"SearchAction","target":{"@type":"EntryPoint","urlTemplate":"http:\/\/new.latinconnect.com\/de\/?s={search_term_string}"},"query-input":{"@type":"PropertyValueSpecification","valueRequired":true,"valueName":"search_term_string"}}],"inLanguage":"fr-FR"},{"@type":"Organization","@id":"http:\/\/new.latinconnect.com\/de\/#organization","name":"Latinconnect","url":"http:\/\/new.latinconnect.com\/de\/","logo":{"@type":"ImageObject","inLanguage":"fr-FR","@id":"http:\/\/new.latinconnect.com\/de\/#\/schema\/logo\/image\/","url":"https:\/\/new.latinconnect.com\/wp-content\/uploads\/logo-latinconnect.svg","contentUrl":"https:\/\/new.latinconnect.com\/wp-content\/uploads\/logo-latinconnect.svg","width":260,"height":50,"caption":"Latinconnect"},"image":{"@id":"http:\/\/new.latinconnect.com\/de\/#\/schema\/logo\/image\/"},"sameAs":["https:\/\/www.linkedin.com\/company\/latinconnect"]}]}},"_links":{"self":[{"href":"https:\/\/new.latinconnect.com\/fr\/wp-json\/wp\/v2\/product\/8042","targetHints":{"allow":["GET"]}}],"collection":[{"href":"https:\/\/new.latinconnect.com\/fr\/wp-json\/wp\/v2\/product"}],"about":[{"href":"https:\/\/new.latinconnect.com\/fr\/wp-json\/wp\/v2\/types\/product"}],"wp:attachment":[{"href":"https:\/\/new.latinconnect.com\/fr\/wp-json\/wp\/v2\/media?parent=8042"}],"curies":[{"name":"wp","href":"https:\/\/api.w.org\/{rel}","templated":true}]}}