{"id":8038,"date":"2026-04-21T14:57:46","date_gmt":"2026-04-21T13:57:46","guid":{"rendered":"https:\/\/new.latinconnect.com\/product\/panama-rundreise-entdecke-panama-self-drive-tour\/"},"modified":"2026-04-21T14:57:46","modified_gmt":"2026-04-21T13:57:46","slug":"panama-rundreise-entdecke-panama-self-drive-tour","status":"publish","type":"product","link":"https:\/\/new.latinconnect.com\/fr\/produit\/panama-rundreise-entdecke-panama-self-drive-tour\/","title":{"rendered":"Circuit au Panama \u2013 D\u00e9couvrez le Panama \/ Road trip"},"content":{"rendered":"<p>Entdecke Panama auf eigene Faust mit dieser 12-t\u00e4gigen Self-Drive Tour. Von der pulsierenden Hauptstadt Panama City f\u00fchrt dich deine Route durch das malerische El Valle de Ant\u00f3n, \u00fcber die Azuero-Halbinsel bis zu den traumhaften Str\u00e4nden von Pedas\u00ed und weiter in die Bergwelt von Boquete. Mit dem Mietwagen erlebst du Panama in deinem eigenen Tempo und entdeckst versteckte Sch\u00e4tze abseits der ausgetretenen Pfade.<\/p>","protected":false},"featured_media":0,"template":"","meta":{"_acf_changed":false},"class_list":["post-8038","product","type-product","status-publish","hentry"],"acf":[],"yoast_head":"<!-- This site is optimized with the Yoast SEO plugin v26.9 - https:\/\/yoast.com\/product\/yoast-seo-wordpress\/ -->\n<title>Panama Rundreise \u2013 Entdecke Panama Self-Drive Tour 12 Tage<\/title>\n<meta name=\"description\" content=\"Panama Rundreise als Self-Drive Tour: 12 Tage von Panama City \u00fcber El Valle de Ant\u00f3n, Chitr\u00e9, Pedas\u00ed bis Boquete. Flexible Mietwagen-Rundreise ab 816 US$.\" \/>\n<meta name=\"robots\" content=\"noindex, follow, max-snippet:-1, max-image-preview:large, max-video-preview:-1\" \/>\n<meta property=\"og:locale\" content=\"fr_FR\" \/>\n<meta property=\"og:type\" content=\"article\" \/>\n<meta property=\"og:title\" content=\"Panama Rundreise \u2013 Entdecke Panama Self-Drive Tour 12 Tage\" \/>\n<meta property=\"og:description\" content=\"Panama Rundreise als Self-Drive Tour: 12 Tage von Panama City \u00fcber El Valle de Ant\u00f3n, Chitr\u00e9, Pedas\u00ed bis Boquete. Flexible Mietwagen-Rundreise ab 816 US$.\" \/>\n<meta property=\"og:url\" content=\"https:\/\/new.latinconnect.com\/fr\/produit\/panama-rundreise-entdecke-panama-self-drive-tour\/\" \/>\n<meta property=\"og:site_name\" content=\"Latinconnect\" \/>\n<meta name=\"twitter:card\" content=\"summary_large_image\" \/>\n<script type=\"application\/ld+json\" class=\"yoast-schema-graph\">{\"@context\":\"https:\/\/schema.org\",\"@graph\":[{\"@type\":\"WebPage\",\"@id\":\"https:\/\/new.latinconnect.com\/product\/panama-rundreise-entdecke-panama-self-drive-tour\/\",\"url\":\"https:\/\/new.latinconnect.com\/product\/panama-rundreise-entdecke-panama-self-drive-tour\/\",\"name\":\"Panama Rundreise \u2013 Entdecke Panama Self-Drive Tour 12 Tage\",\"isPartOf\":{\"@id\":\"http:\/\/new.latinconnect.com\/de\/#website\"},\"datePublished\":\"2026-04-21T13:57:46+00:00\",\"description\":\"Panama Rundreise als Self-Drive Tour: 12 Tage von Panama City \u00fcber El Valle de Ant\u00f3n, Chitr\u00e9, Pedas\u00ed bis Boquete. Flexible Mietwagen-Rundreise ab 816 US$.\",\"breadcrumb\":{\"@id\":\"https:\/\/new.latinconnect.com\/product\/panama-rundreise-entdecke-panama-self-drive-tour\/#breadcrumb\"},\"inLanguage\":\"fr-FR\",\"potentialAction\":[{\"@type\":\"ReadAction\",\"target\":[\"https:\/\/new.latinconnect.com\/product\/panama-rundreise-entdecke-panama-self-drive-tour\/\"]}]},{\"@type\":\"BreadcrumbList\",\"@id\":\"https:\/\/new.latinconnect.com\/product\/panama-rundreise-entdecke-panama-self-drive-tour\/#breadcrumb\",\"itemListElement\":[{\"@type\":\"ListItem\",\"position\":1,\"name\":\"Home\",\"item\":\"https:\/\/new.latinconnect.com\/\"},{\"@type\":\"ListItem\",\"position\":2,\"name\":\"Panama Rundreise \u2013 Entdecke Panama \/ Self-Drive Tour\"}]},{\"@type\":\"WebSite\",\"@id\":\"http:\/\/new.latinconnect.com\/de\/#website\",\"url\":\"http:\/\/new.latinconnect.com\/de\/\",\"name\":\"Latinconnect\",\"description\":\"latin america&#039;s dmc alliance\",\"publisher\":{\"@id\":\"http:\/\/new.latinconnect.com\/de\/#organization\"},\"potentialAction\":[{\"@type\":\"SearchAction\",\"target\":{\"@type\":\"EntryPoint\",\"urlTemplate\":\"http:\/\/new.latinconnect.com\/de\/?s={search_term_string}\"},\"query-input\":{\"@type\":\"PropertyValueSpecification\",\"valueRequired\":true,\"valueName\":\"search_term_string\"}}],\"inLanguage\":\"fr-FR\"},{\"@type\":\"Organization\",\"@id\":\"http:\/\/new.latinconnect.com\/de\/#organization\",\"name\":\"Latinconnect\",\"url\":\"http:\/\/new.latinconnect.com\/de\/\",\"logo\":{\"@type\":\"ImageObject\",\"inLanguage\":\"fr-FR\",\"@id\":\"http:\/\/new.latinconnect.com\/de\/#\/schema\/logo\/image\/\",\"url\":\"https:\/\/new.latinconnect.com\/wp-content\/uploads\/logo-latinconnect.svg\",\"contentUrl\":\"https:\/\/new.latinconnect.com\/wp-content\/uploads\/logo-latinconnect.svg\",\"width\":260,\"height\":50,\"caption\":\"Latinconnect\"},\"image\":{\"@id\":\"http:\/\/new.latinconnect.com\/de\/#\/schema\/logo\/image\/\"},\"sameAs\":[\"https:\/\/www.linkedin.com\/company\/latinconnect\"]}]}<\/script>\n<!-- \/ Yoast SEO plugin. -->","yoast_head_json":{"title":"Panama Rundreise \u2013 Entdecke Panama Self-Drive Tour 12 Tage","description":"Panama Rundreise als Self-Drive Tour: 12 Tage von Panama City \u00fcber El Valle de Ant\u00f3n, Chitr\u00e9, Pedas\u00ed bis Boquete. Flexible Mietwagen-Rundreise ab 816 US$.","robots":{"index":"noindex","follow":"follow","max-snippet":"max-snippet:-1","max-image-preview":"max-image-preview:large","max-video-preview":"max-video-preview:-1"},"og_locale":"fr_FR","og_type":"article","og_title":"Panama Rundreise \u2013 Entdecke Panama Self-Drive Tour 12 Tage","og_description":"Panama Rundreise als Self-Drive Tour: 12 Tage von Panama City \u00fcber El Valle de Ant\u00f3n, Chitr\u00e9, Pedas\u00ed bis Boquete. Flexible Mietwagen-Rundreise ab 816 US$.","og_url":"https:\/\/new.latinconnect.com\/fr\/produit\/panama-rundreise-entdecke-panama-self-drive-tour\/","og_site_name":"Latinconnect","twitter_card":"summary_large_image","schema":{"@context":"https:\/\/schema.org","@graph":[{"@type":"WebPage","@id":"https:\/\/new.latinconnect.com\/product\/panama-rundreise-entdecke-panama-self-drive-tour\/","url":"https:\/\/new.latinconnect.com\/product\/panama-rundreise-entdecke-panama-self-drive-tour\/","name":"Panama Rundreise \u2013 Entdecke Panama Self-Drive Tour 12 Tage","isPartOf":{"@id":"http:\/\/new.latinconnect.com\/de\/#website"},"datePublished":"2026-04-21T13:57:46+00:00","description":"Panama Rundreise als Self-Drive Tour: 12 Tage von Panama City \u00fcber El Valle de Ant\u00f3n, Chitr\u00e9, Pedas\u00ed bis Boquete. Flexible Mietwagen-Rundreise ab 816 US$.","breadcrumb":{"@id":"https:\/\/new.latinconnect.com\/product\/panama-rundreise-entdecke-panama-self-drive-tour\/#breadcrumb"},"inLanguage":"fr-FR","potentialAction":[{"@type":"ReadAction","target":["https:\/\/new.latinconnect.com\/product\/panama-rundreise-entdecke-panama-self-drive-tour\/"]}]},{"@type":"BreadcrumbList","@id":"https:\/\/new.latinconnect.com\/product\/panama-rundreise-entdecke-panama-self-drive-tour\/#breadcrumb","itemListElement":[{"@type":"ListItem","position":1,"name":"Home","item":"https:\/\/new.latinconnect.com\/"},{"@type":"ListItem","position":2,"name":"Panama Rundreise \u2013 Entdecke Panama \/ Self-Drive Tour"}]},{"@type":"WebSite","@id":"http:\/\/new.latinconnect.com\/de\/#website","url":"http:\/\/new.latinconnect.com\/de\/","name":"Latinconnect","description":"latin america's dmc alliance","publisher":{"@id":"http:\/\/new.latinconnect.com\/de\/#organization"},"potentialAction":[{"@type":"SearchAction","target":{"@type":"EntryPoint","urlTemplate":"http:\/\/new.latinconnect.com\/de\/?s={search_term_string}"},"query-input":{"@type":"PropertyValueSpecification","valueRequired":true,"valueName":"search_term_string"}}],"inLanguage":"fr-FR"},{"@type":"Organization","@id":"http:\/\/new.latinconnect.com\/de\/#organization","name":"Latinconnect","url":"http:\/\/new.latinconnect.com\/de\/","logo":{"@type":"ImageObject","inLanguage":"fr-FR","@id":"http:\/\/new.latinconnect.com\/de\/#\/schema\/logo\/image\/","url":"https:\/\/new.latinconnect.com\/wp-content\/uploads\/logo-latinconnect.svg","contentUrl":"https:\/\/new.latinconnect.com\/wp-content\/uploads\/logo-latinconnect.svg","width":260,"height":50,"caption":"Latinconnect"},"image":{"@id":"http:\/\/new.latinconnect.com\/de\/#\/schema\/logo\/image\/"},"sameAs":["https:\/\/www.linkedin.com\/company\/latinconnect"]}]}},"_links":{"self":[{"href":"https:\/\/new.latinconnect.com\/fr\/wp-json\/wp\/v2\/product\/8038","targetHints":{"allow":["GET"]}}],"collection":[{"href":"https:\/\/new.latinconnect.com\/fr\/wp-json\/wp\/v2\/product"}],"about":[{"href":"https:\/\/new.latinconnect.com\/fr\/wp-json\/wp\/v2\/types\/product"}],"wp:attachment":[{"href":"https:\/\/new.latinconnect.com\/fr\/wp-json\/wp\/v2\/media?parent=8038"}],"curies":[{"name":"wp","href":"https:\/\/api.w.org\/{rel}","templated":true}]}}