{"id":3652,"date":"2025-12-19T08:55:02","date_gmt":"2025-12-19T08:55:02","guid":{"rendered":"https:\/\/new.latinconnect.com\/?page_id=3652"},"modified":"2026-04-14T07:13:16","modified_gmt":"2026-04-14T07:13:16","slug":"mentions-legales","status":"publish","type":"page","link":"https:\/\/new.latinconnect.com\/fr\/mentions-legales\/","title":{"rendered":"Mentions l\u00e9gales"},"content":{"rendered":"<div data-elementor-type=\"wp-page\" data-elementor-id=\"3652\" class=\"elementor elementor-3652\">\n\t\t\t\t<div class=\"elementor-element elementor-element-45db11ad first e-flex e-con-boxed wpr-particle-no wpr-jarallax-no wpr-parallax-no wpr-sticky-section-no e-con e-parent\" data-id=\"45db11ad\" data-element_type=\"container\">\n\t\t\t\t\t<div class=\"e-con-inner\">\n\t\t\t\t<div class=\"elementor-element elementor-element-3d1a54df elementor-widget elementor-widget-text-editor\" data-id=\"3d1a54df\" data-element_type=\"widget\" data-widget_type=\"text-editor.default\">\n\t\t\t\t\t\t\t\t\t<h1>Mentions l\u00e9gales<\/h1><p>Fournisseur \/ responsable du contenu de ce site web :<br \/>Latinconnect<br \/>Daniel K\u00fcng<\/p><p>Latinconnect<br \/>c\/o DMC Systems SA<br \/>Sabana Sur, Calle 66<br \/>Edificio ARA Tours<br \/>10108 San Jos\u00e9<br \/>Costa Rica<\/p><p>Courrier \u00e9lectronique : <a href=\"m&#97;&#105;&#x6c;&#x74;o&#58;&#100;&#x61;&#x6e;&#x69;e&#108;&#46;&#x6b;&#x75;en&#103;&#x40;&#x6c;&#x61;t&#105;&#110;&#x63;&#x6f;nn&#101;&#x63;&#x74;&#x2e;c&#111;&#109;\" data-no-translation=\"\">da&#110;&#105;&#101;&#x6c;&#x2e;&#x6b;&#x75;&#x65;ng&#64;&#108;&#97;&#x74;&#x69;&#x6e;&#x63;&#x6f;nn&#101;&#99;&#116;&#x2e;&#x63;&#x6f;&#x6d;<\/a><\/p><h3>Clause de non-responsabilit\u00e9<\/h3><p><strong>Responsabilit\u00e9 du contenu<\/strong><br \/>Nous \u00e9laborons les contenus de ce site web avec le plus grand soin et nous nous effor\u00e7ons de maintenir toutes les informations \u00e0 jour, correctes et compl\u00e8tes. N\u00e9anmoins, nous ne pouvons pas garantir l'exactitude, l'exhaustivit\u00e9 et l'actualit\u00e9 des contenus.<\/p><p><strong>Responsabilit\u00e9 pour les liens<\/strong><br \/>Ce site web peut contenir des liens vers des sites web externes de tiers. Nous n'avons aucune influence sur leur contenu. Le fournisseur ou l'exploitant de ces sites est toujours responsable de leur contenu. Si tu d\u00e9couvres un lien probl\u00e9matique, nous serions ravis de le signaler.<\/p><h3>Droit d'auteur<\/h3><p>Tous les contenus de ce site web (textes, images, graphiques, logos, t\u00e9l\u00e9chargements et autres fichiers) sont prot\u00e9g\u00e9s par des droits d'auteur. L'utilisation, la reproduction ou la transmission de contenus n'est autoris\u00e9e qu'avec l'accord \u00e9crit pr\u00e9alable de Latinconnect - sauf si la loi l'autorise express\u00e9ment.<\/p><h3>Protection des donn\u00e9es<\/h3><p>Tu trouveras des informations sur le traitement de tes donn\u00e9es personnelles dans notre politique de confidentialit\u00e9.<\/p><h3>Contact<\/h3><p>Si tu as des questions sur le site ou sur des sujets juridiques, tu peux nous contacter \u00e0 tout moment : <a href=\"m&#97;&#105;&#x6c;&#x74;o&#58;&#100;&#x61;&#x6e;&#x69;e&#108;&#46;&#x6b;&#x75;en&#103;&#x40;&#x6c;&#x61;t&#105;&#110;&#x63;&#x6f;nn&#101;&#x63;&#x74;&#x2e;c&#111;&#109;\" data-no-translation=\"\">&#100;a&#x6e;i&#x65;&#108;&#x2e;&#107;&#x75;&#101;n&#x67;&#64;&#x6c;&#97;&#x74;&#105;&#x6e;&#99;&#x6f;&#110;n&#x65;c&#x74;&#46;&#x63;&#111;&#x6d;<\/a>.<\/p>\t\t\t\t\t\t\t\t<\/div>\n\t\t\t\t\t<\/div>\n\t\t\t\t<\/div>\n\t\t\t\t<\/div>","protected":false},"excerpt":{"rendered":"<p>Impressum Anbieter \/ Verantwortlich f\u00fcr den Inhalt dieser Website:LatinconnectDaniel K\u00fcng Latinconnectc\/o DMC Systems SASabana Sur, Calle 66Edificio ARA Tours10108 San Jos\u00e9Costa Rica E-Mail: &#100;&#x61;&#x6e;i&#101;&#x6c;&#46;&#107;&#x75;e&#110;&#x67;&#64;&#108;&#x61;&#x74;&#105;&#x6e;&#x63;o&#110;&#x6e;e&#99;&#x74;&#46;&#99;&#x6f;&#x6d; Haftungsausschluss Haftung f\u00fcr InhalteWir erstellen die Inhalte dieser Website mit grosser Sorgfalt und bem\u00fchen uns, alle Informationen aktuell, korrekt und vollst\u00e4ndig zu halten. Trotzdem k\u00f6nnen wir keine Gew\u00e4hr f\u00fcr die Richtigkeit, Vollst\u00e4ndigkeit und Aktualit\u00e4t der Inhalte \u00fcbernehmen. Haftung f\u00fcr LinksDiese Website kann Links zu externen Websites Dritter enthalten. Auf deren Inhalte haben wir keinen Einfluss. F\u00fcr die Inhalte der verlinkten Seiten ist immer der jeweilige Anbieter oder Betreiber verantwortlich. Wenn du einen problematischen Link entdeckst, freuen wir uns \u00fcber einen Hinweis. Urheberrecht Alle Inhalte dieser Website (Texte, Bilder, Grafiken, Logos, Downloads und weitere Dateien) sind urheberrechtlich gesch\u00fctzt. Die Verwendung, Vervielf\u00e4ltigung oder Weitergabe von Inhalten ist nur mit vorheriger schriftlicher Zustimmung von Latinconnect erlaubt \u2013 ausser es ist gesetzlich ausdr\u00fccklich zul\u00e4ssig. Datenschutz Informationen zur Bearbeitung deiner personenbezogenen Daten findest du in unserer Datenschutzrichtlinie. Kontakt Wenn du Fragen zur Website oder zu rechtlichen Themen hast, kannst du uns jederzeit kontaktieren: &#x64;a&#x6e;i&#x65;&#108;&#x2e;&#107;u&#x65;n&#x67;&#64;&#x6c;&#97;&#x74;&#105;n&#x63;o&#x6e;&#110;&#x65;&#99;&#x74;&#x2e;c&#x6f;m.<\/p>","protected":false},"author":3,"featured_media":0,"parent":0,"menu_order":0,"comment_status":"closed","ping_status":"closed","template":"","meta":{"_acf_changed":false,"footnotes":""},"class_list":["post-3652","page","type-page","status-publish","hentry"],"acf":[],"yoast_head":"<!-- This site is optimized with the Yoast SEO plugin v26.9 - https:\/\/yoast.com\/product\/yoast-seo-wordpress\/ -->\n<title>Impressum | Latinconnect<\/title>\n<meta name=\"description\" content=\"Anbieterkennzeichnung, Kontaktinformationen, Haftungsausschluss und rechtliche Hinweise zur Website von Latinconnect.\" \/>\n<meta name=\"robots\" content=\"noindex, follow, max-snippet:-1, max-image-preview:large, max-video-preview:-1\" \/>\n<meta property=\"og:locale\" content=\"fr_FR\" \/>\n<meta property=\"og:type\" content=\"article\" \/>\n<meta property=\"og:title\" content=\"Impressum | Latinconnect\" \/>\n<meta property=\"og:description\" content=\"Anbieterkennzeichnung, Kontaktinformationen, Haftungsausschluss und rechtliche Hinweise zur Website von Latinconnect.\" \/>\n<meta property=\"og:url\" content=\"https:\/\/new.latinconnect.com\/fr\/mentions-legales\/\" \/>\n<meta property=\"og:site_name\" content=\"Latinconnect\" \/>\n<meta property=\"article:modified_time\" content=\"2026-04-14T07:13:16+00:00\" \/>\n<meta name=\"twitter:card\" content=\"summary_large_image\" \/>\n<meta name=\"twitter:label1\" content=\"Est. reading time\" \/>\n\t<meta name=\"twitter:data1\" content=\"2 minutes\" \/>\n<script type=\"application\/ld+json\" class=\"yoast-schema-graph\">{\"@context\":\"https:\/\/schema.org\",\"@graph\":[{\"@type\":\"WebPage\",\"@id\":\"https:\/\/new.latinconnect.com\/impressum\/\",\"url\":\"https:\/\/new.latinconnect.com\/impressum\/\",\"name\":\"Impressum | Latinconnect\",\"isPartOf\":{\"@id\":\"http:\/\/new.latinconnect.com\/de\/#website\"},\"datePublished\":\"2025-12-19T08:55:02+00:00\",\"dateModified\":\"2026-04-14T07:13:16+00:00\",\"description\":\"Anbieterkennzeichnung, Kontaktinformationen, Haftungsausschluss und rechtliche Hinweise zur Website von Latinconnect.\",\"breadcrumb\":{\"@id\":\"https:\/\/new.latinconnect.com\/impressum\/#breadcrumb\"},\"inLanguage\":\"fr-FR\",\"potentialAction\":[{\"@type\":\"ReadAction\",\"target\":[\"https:\/\/new.latinconnect.com\/impressum\/\"]}]},{\"@type\":\"BreadcrumbList\",\"@id\":\"https:\/\/new.latinconnect.com\/impressum\/#breadcrumb\",\"itemListElement\":[{\"@type\":\"ListItem\",\"position\":1,\"name\":\"Home\",\"item\":\"https:\/\/new.latinconnect.com\/\"},{\"@type\":\"ListItem\",\"position\":2,\"name\":\"Impressum\"}]},{\"@type\":\"WebSite\",\"@id\":\"http:\/\/new.latinconnect.com\/de\/#website\",\"url\":\"http:\/\/new.latinconnect.com\/de\/\",\"name\":\"Latinconnect\",\"description\":\"latin america&#039;s dmc alliance\",\"publisher\":{\"@id\":\"http:\/\/new.latinconnect.com\/de\/#organization\"},\"potentialAction\":[{\"@type\":\"SearchAction\",\"target\":{\"@type\":\"EntryPoint\",\"urlTemplate\":\"http:\/\/new.latinconnect.com\/de\/?s={search_term_string}\"},\"query-input\":{\"@type\":\"PropertyValueSpecification\",\"valueRequired\":true,\"valueName\":\"search_term_string\"}}],\"inLanguage\":\"fr-FR\"},{\"@type\":\"Organization\",\"@id\":\"http:\/\/new.latinconnect.com\/de\/#organization\",\"name\":\"Latinconnect\",\"url\":\"http:\/\/new.latinconnect.com\/de\/\",\"logo\":{\"@type\":\"ImageObject\",\"inLanguage\":\"fr-FR\",\"@id\":\"http:\/\/new.latinconnect.com\/de\/#\/schema\/logo\/image\/\",\"url\":\"https:\/\/new.latinconnect.com\/wp-content\/uploads\/logo-latinconnect.svg\",\"contentUrl\":\"https:\/\/new.latinconnect.com\/wp-content\/uploads\/logo-latinconnect.svg\",\"width\":260,\"height\":50,\"caption\":\"Latinconnect\"},\"image\":{\"@id\":\"http:\/\/new.latinconnect.com\/de\/#\/schema\/logo\/image\/\"},\"sameAs\":[\"https:\/\/www.linkedin.com\/company\/latinconnect\"]}]}<\/script>\n<!-- \/ Yoast SEO plugin. -->","yoast_head_json":{"title":"Mentions l\u00e9gales | Latinconnect","description":"Identification du fournisseur, informations de contact, clause de non-responsabilit\u00e9 et notes juridiques pour le site web de Latinconnect.","robots":{"index":"noindex","follow":"follow","max-snippet":"max-snippet:-1","max-image-preview":"max-image-preview:large","max-video-preview":"max-video-preview:-1"},"og_locale":"fr_FR","og_type":"article","og_title":"Impressum | Latinconnect","og_description":"Anbieterkennzeichnung, Kontaktinformationen, Haftungsausschluss und rechtliche Hinweise zur Website von Latinconnect.","og_url":"https:\/\/new.latinconnect.com\/fr\/mentions-legales\/","og_site_name":"Latinconnect","article_modified_time":"2026-04-14T07:13:16+00:00","twitter_card":"summary_large_image","twitter_misc":{"Est. reading time":"2 minutes"},"schema":{"@context":"https:\/\/schema.org","@graph":[{"@type":"WebPage","@id":"https:\/\/new.latinconnect.com\/impressum\/","url":"https:\/\/new.latinconnect.com\/impressum\/","name":"Mentions l\u00e9gales | Latinconnect","isPartOf":{"@id":"http:\/\/new.latinconnect.com\/de\/#website"},"datePublished":"2025-12-19T08:55:02+00:00","dateModified":"2026-04-14T07:13:16+00:00","description":"Identification du fournisseur, informations de contact, clause de non-responsabilit\u00e9 et notes juridiques pour le site web de Latinconnect.","breadcrumb":{"@id":"https:\/\/new.latinconnect.com\/impressum\/#breadcrumb"},"inLanguage":"fr-FR","potentialAction":[{"@type":"ReadAction","target":["https:\/\/new.latinconnect.com\/impressum\/"]}]},{"@type":"BreadcrumbList","@id":"https:\/\/new.latinconnect.com\/impressum\/#breadcrumb","itemListElement":[{"@type":"ListItem","position":1,"name":"Home","item":"https:\/\/new.latinconnect.com\/"},{"@type":"ListItem","position":2,"name":"Impressum"}]},{"@type":"WebSite","@id":"http:\/\/new.latinconnect.com\/de\/#website","url":"http:\/\/new.latinconnect.com\/de\/","name":"Latinconnect","description":"latin america's dmc alliance","publisher":{"@id":"http:\/\/new.latinconnect.com\/de\/#organization"},"potentialAction":[{"@type":"SearchAction","target":{"@type":"EntryPoint","urlTemplate":"http:\/\/new.latinconnect.com\/de\/?s={search_term_string}"},"query-input":{"@type":"PropertyValueSpecification","valueRequired":true,"valueName":"search_term_string"}}],"inLanguage":"fr-FR"},{"@type":"Organization","@id":"http:\/\/new.latinconnect.com\/de\/#organization","name":"Latinconnect","url":"http:\/\/new.latinconnect.com\/de\/","logo":{"@type":"ImageObject","inLanguage":"fr-FR","@id":"http:\/\/new.latinconnect.com\/de\/#\/schema\/logo\/image\/","url":"https:\/\/new.latinconnect.com\/wp-content\/uploads\/logo-latinconnect.svg","contentUrl":"https:\/\/new.latinconnect.com\/wp-content\/uploads\/logo-latinconnect.svg","width":260,"height":50,"caption":"Latinconnect"},"image":{"@id":"http:\/\/new.latinconnect.com\/de\/#\/schema\/logo\/image\/"},"sameAs":["https:\/\/www.linkedin.com\/company\/latinconnect"]}]}},"_links":{"self":[{"href":"https:\/\/new.latinconnect.com\/fr\/wp-json\/wp\/v2\/pages\/3652","targetHints":{"allow":["GET"]}}],"collection":[{"href":"https:\/\/new.latinconnect.com\/fr\/wp-json\/wp\/v2\/pages"}],"about":[{"href":"https:\/\/new.latinconnect.com\/fr\/wp-json\/wp\/v2\/types\/page"}],"author":[{"embeddable":true,"href":"https:\/\/new.latinconnect.com\/fr\/wp-json\/wp\/v2\/users\/3"}],"replies":[{"embeddable":true,"href":"https:\/\/new.latinconnect.com\/fr\/wp-json\/wp\/v2\/comments?post=3652"}],"version-history":[{"count":25,"href":"https:\/\/new.latinconnect.com\/fr\/wp-json\/wp\/v2\/pages\/3652\/revisions"}],"predecessor-version":[{"id":7905,"href":"https:\/\/new.latinconnect.com\/fr\/wp-json\/wp\/v2\/pages\/3652\/revisions\/7905"}],"wp:attachment":[{"href":"https:\/\/new.latinconnect.com\/fr\/wp-json\/wp\/v2\/media?parent=3652"}],"curies":[{"name":"wp","href":"https:\/\/api.w.org\/{rel}","templated":true}]}}