{"id":8847,"date":"2026-04-29T15:00:27","date_gmt":"2026-04-29T14:00:27","guid":{"rendered":"https:\/\/new.latinconnect.com\/product\/panama-stadt-erleben-staedtereise\/"},"modified":"2026-04-29T15:12:04","modified_gmt":"2026-04-29T14:12:04","slug":"experimenta-ciudad-de-panama-viaje-urbano","status":"publish","type":"product","link":"https:\/\/new.latinconnect.com\/es\/producto\/experimenta-ciudad-de-panama-viaje-urbano\/","title":{"rendered":"Circuito por Panam\u00e1 \u2013 Vive Ciudad de Panam\u00e1"},"content":{"rendered":"<p>Descubre Ciudad de Panam\u00e1 en un intenso viaje de ciudad de 4 d\u00edas por la fascinante capital del Canal de Panam\u00e1. Desde las ruinas hist\u00f3ricas de Panam\u00e1 Viejo hasta el colonial Casco Viejo, pasando por un espectacular cruce parcial del famoso Canal de Panam\u00e1, experimentar\u00e1s la mezcla perfecta de historia, cultura y haza\u00f1as de ingenier\u00eda.<\/p>","protected":false},"featured_media":8386,"template":"","meta":{"_acf_changed":false},"class_list":["post-8847","product","type-product","status-publish","has-post-thumbnail","hentry"],"acf":[],"yoast_head":"<!-- This site is optimized with the Yoast SEO plugin v26.9 - https:\/\/yoast.com\/product\/yoast-seo-wordpress\/ -->\n<title>Panama Rundreise \u2013 Panama-Stadt Erleben | 4 Tage St\u00e4dtereise<\/title>\n<meta name=\"description\" content=\"Panama-Stadt intensiv erleben: 4-t\u00e4gige Rundreise mit UNESCO-Weltkulturerbe Casco Viejo, Panama Viejo Ruinen und Teildurchquerung des Panamakanals. Ab 355 USD pro Person.\" \/>\n<meta name=\"robots\" content=\"noindex, follow, max-snippet:-1, max-image-preview:large, max-video-preview:-1\" \/>\n<meta property=\"og:locale\" content=\"es_ES\" \/>\n<meta property=\"og:type\" content=\"article\" \/>\n<meta property=\"og:title\" content=\"Panama Rundreise \u2013 Panama-Stadt Erleben | 4 Tage St\u00e4dtereise\" \/>\n<meta property=\"og:description\" content=\"Panama-Stadt intensiv erleben: 4-t\u00e4gige Rundreise mit UNESCO-Weltkulturerbe Casco Viejo, Panama Viejo Ruinen und Teildurchquerung des Panamakanals. Ab 355 USD pro Person.\" \/>\n<meta property=\"og:url\" content=\"https:\/\/new.latinconnect.com\/es\/producto\/experimenta-ciudad-de-panama-viaje-urbano\/\" \/>\n<meta property=\"og:site_name\" content=\"Latinconnect\" \/>\n<meta property=\"article:modified_time\" content=\"2026-04-29T14:12:04+00:00\" \/>\n<meta property=\"og:image\" content=\"https:\/\/new.latinconnect.com\/wp-content\/uploads\/PAN_PSE_01_panama-stadt-erleben-staedtereise.png\" \/>\n\t<meta property=\"og:image:width\" content=\"2400\" \/>\n\t<meta property=\"og:image:height\" content=\"1800\" \/>\n\t<meta property=\"og:image:type\" content=\"image\/png\" \/>\n<meta name=\"twitter:card\" content=\"summary_large_image\" \/>\n<script type=\"application\/ld+json\" class=\"yoast-schema-graph\">{\"@context\":\"https:\/\/schema.org\",\"@graph\":[{\"@type\":\"WebPage\",\"@id\":\"https:\/\/new.latinconnect.com\/product\/panama-stadt-erleben-staedtereise\/\",\"url\":\"https:\/\/new.latinconnect.com\/product\/panama-stadt-erleben-staedtereise\/\",\"name\":\"Panama Rundreise \u2013 Panama-Stadt Erleben | 4 Tage St\u00e4dtereise\",\"isPartOf\":{\"@id\":\"http:\/\/new.latinconnect.com\/de\/#website\"},\"primaryImageOfPage\":{\"@id\":\"https:\/\/new.latinconnect.com\/product\/panama-stadt-erleben-staedtereise\/#primaryimage\"},\"image\":{\"@id\":\"https:\/\/new.latinconnect.com\/product\/panama-stadt-erleben-staedtereise\/#primaryimage\"},\"thumbnailUrl\":\"https:\/\/new.latinconnect.com\/wp-content\/uploads\/PAN_PSE_01_panama-stadt-erleben-staedtereise.png\",\"datePublished\":\"2026-04-29T14:00:27+00:00\",\"dateModified\":\"2026-04-29T14:12:04+00:00\",\"description\":\"Panama-Stadt intensiv erleben: 4-t\u00e4gige Rundreise mit UNESCO-Weltkulturerbe Casco Viejo, Panama Viejo Ruinen und Teildurchquerung des Panamakanals. Ab 355 USD pro Person.\",\"breadcrumb\":{\"@id\":\"https:\/\/new.latinconnect.com\/product\/panama-stadt-erleben-staedtereise\/#breadcrumb\"},\"inLanguage\":\"es-CR\",\"potentialAction\":[{\"@type\":\"ReadAction\",\"target\":[\"https:\/\/new.latinconnect.com\/product\/panama-stadt-erleben-staedtereise\/\"]}]},{\"@type\":\"ImageObject\",\"inLanguage\":\"es-CR\",\"@id\":\"https:\/\/new.latinconnect.com\/product\/panama-stadt-erleben-staedtereise\/#primaryimage\",\"url\":\"https:\/\/new.latinconnect.com\/wp-content\/uploads\/PAN_PSE_01_panama-stadt-erleben-staedtereise.png\",\"contentUrl\":\"https:\/\/new.latinconnect.com\/wp-content\/uploads\/PAN_PSE_01_panama-stadt-erleben-staedtereise.png\",\"width\":2400,\"height\":1800},{\"@type\":\"BreadcrumbList\",\"@id\":\"https:\/\/new.latinconnect.com\/product\/panama-stadt-erleben-staedtereise\/#breadcrumb\",\"itemListElement\":[{\"@type\":\"ListItem\",\"position\":1,\"name\":\"Home\",\"item\":\"https:\/\/new.latinconnect.com\/\"},{\"@type\":\"ListItem\",\"position\":2,\"name\":\"Panama Rundreise \u2013 Panama-Stadt Erleben\"}]},{\"@type\":\"WebSite\",\"@id\":\"http:\/\/new.latinconnect.com\/de\/#website\",\"url\":\"http:\/\/new.latinconnect.com\/de\/\",\"name\":\"Latinconnect\",\"description\":\"latin america&#039;s dmc alliance\",\"publisher\":{\"@id\":\"http:\/\/new.latinconnect.com\/de\/#organization\"},\"potentialAction\":[{\"@type\":\"SearchAction\",\"target\":{\"@type\":\"EntryPoint\",\"urlTemplate\":\"http:\/\/new.latinconnect.com\/de\/?s={search_term_string}\"},\"query-input\":{\"@type\":\"PropertyValueSpecification\",\"valueRequired\":true,\"valueName\":\"search_term_string\"}}],\"inLanguage\":\"es-CR\"},{\"@type\":\"Organization\",\"@id\":\"http:\/\/new.latinconnect.com\/de\/#organization\",\"name\":\"Latinconnect\",\"url\":\"http:\/\/new.latinconnect.com\/de\/\",\"logo\":{\"@type\":\"ImageObject\",\"inLanguage\":\"es-CR\",\"@id\":\"http:\/\/new.latinconnect.com\/de\/#\/schema\/logo\/image\/\",\"url\":\"https:\/\/new.latinconnect.com\/wp-content\/uploads\/logo-latinconnect.svg\",\"contentUrl\":\"https:\/\/new.latinconnect.com\/wp-content\/uploads\/logo-latinconnect.svg\",\"width\":260,\"height\":50,\"caption\":\"Latinconnect\"},\"image\":{\"@id\":\"http:\/\/new.latinconnect.com\/de\/#\/schema\/logo\/image\/\"},\"sameAs\":[\"https:\/\/www.linkedin.com\/company\/latinconnect\"]}]}<\/script>\n<!-- \/ Yoast SEO plugin. -->","yoast_head_json":{"title":"Recorrido por Panam\u00e1 \u2013 Descubre Ciudad de Panam\u00e1 | Viaje urbano de 4 d\u00edas","description":"Vive la Ciudad de Panam\u00e1 intensamente: tour de 4 d\u00edas con el Casco Viejo (Patrimonio de la Humanidad por la UNESCO), las ruinas de Panam\u00e1 Viejo y una traves\u00eda parcial del Canal de Panam\u00e1. Desde 355 USD por persona.","robots":{"index":"noindex","follow":"follow","max-snippet":"max-snippet:-1","max-image-preview":"max-image-preview:large","max-video-preview":"max-video-preview:-1"},"og_locale":"es_ES","og_type":"article","og_title":"Panama Rundreise \u2013 Panama-Stadt Erleben | 4 Tage St\u00e4dtereise","og_description":"Panama-Stadt intensiv erleben: 4-t\u00e4gige Rundreise mit UNESCO-Weltkulturerbe Casco Viejo, Panama Viejo Ruinen und Teildurchquerung des Panamakanals. Ab 355 USD pro Person.","og_url":"https:\/\/new.latinconnect.com\/es\/producto\/experimenta-ciudad-de-panama-viaje-urbano\/","og_site_name":"Latinconnect","article_modified_time":"2026-04-29T14:12:04+00:00","og_image":[{"width":2400,"height":1800,"url":"https:\/\/new.latinconnect.com\/wp-content\/uploads\/PAN_PSE_01_panama-stadt-erleben-staedtereise.png","type":"image\/png"}],"twitter_card":"summary_large_image","schema":{"@context":"https:\/\/schema.org","@graph":[{"@type":"WebPage","@id":"https:\/\/new.latinconnect.com\/product\/panama-stadt-erleben-staedtereise\/","url":"https:\/\/new.latinconnect.com\/product\/panama-stadt-erleben-staedtereise\/","name":"Recorrido por Panam\u00e1 \u2013 Descubre Ciudad de Panam\u00e1 | Viaje urbano de 4 d\u00edas","isPartOf":{"@id":"http:\/\/new.latinconnect.com\/de\/#website"},"primaryImageOfPage":{"@id":"https:\/\/new.latinconnect.com\/product\/panama-stadt-erleben-staedtereise\/#primaryimage"},"image":{"@id":"https:\/\/new.latinconnect.com\/product\/panama-stadt-erleben-staedtereise\/#primaryimage"},"thumbnailUrl":"https:\/\/new.latinconnect.com\/wp-content\/uploads\/PAN_PSE_01_panama-stadt-erleben-staedtereise.png","datePublished":"2026-04-29T14:00:27+00:00","dateModified":"2026-04-29T14:12:04+00:00","description":"Vive la Ciudad de Panam\u00e1 intensamente: tour de 4 d\u00edas con el Casco Viejo (Patrimonio de la Humanidad por la UNESCO), las ruinas de Panam\u00e1 Viejo y una traves\u00eda parcial del Canal de Panam\u00e1. Desde 355 USD por persona.","breadcrumb":{"@id":"https:\/\/new.latinconnect.com\/product\/panama-stadt-erleben-staedtereise\/#breadcrumb"},"inLanguage":"es-CR","potentialAction":[{"@type":"ReadAction","target":["https:\/\/new.latinconnect.com\/product\/panama-stadt-erleben-staedtereise\/"]}]},{"@type":"ImageObject","inLanguage":"es-CR","@id":"https:\/\/new.latinconnect.com\/product\/panama-stadt-erleben-staedtereise\/#primaryimage","url":"https:\/\/new.latinconnect.com\/wp-content\/uploads\/PAN_PSE_01_panama-stadt-erleben-staedtereise.png","contentUrl":"https:\/\/new.latinconnect.com\/wp-content\/uploads\/PAN_PSE_01_panama-stadt-erleben-staedtereise.png","width":2400,"height":1800},{"@type":"BreadcrumbList","@id":"https:\/\/new.latinconnect.com\/product\/panama-stadt-erleben-staedtereise\/#breadcrumb","itemListElement":[{"@type":"ListItem","position":1,"name":"Home","item":"https:\/\/new.latinconnect.com\/"},{"@type":"ListItem","position":2,"name":"Panama Rundreise \u2013 Panama-Stadt Erleben"}]},{"@type":"WebSite","@id":"http:\/\/new.latinconnect.com\/de\/#website","url":"http:\/\/new.latinconnect.com\/de\/","name":"Latinconnect","description":"Alianza DMC de Am\u00e9rica Latina","publisher":{"@id":"http:\/\/new.latinconnect.com\/de\/#organization"},"potentialAction":[{"@type":"SearchAction","target":{"@type":"EntryPoint","urlTemplate":"http:\/\/new.latinconnect.com\/de\/?s={search_term_string}"},"query-input":{"@type":"PropertyValueSpecification","valueRequired":true,"valueName":"search_term_string"}}],"inLanguage":"es-CR"},{"@type":"Organization","@id":"http:\/\/new.latinconnect.com\/de\/#organization","name":"Latinconnect","url":"http:\/\/new.latinconnect.com\/de\/","logo":{"@type":"ImageObject","inLanguage":"es-CR","@id":"http:\/\/new.latinconnect.com\/de\/#\/schema\/logo\/image\/","url":"https:\/\/new.latinconnect.com\/wp-content\/uploads\/logo-latinconnect.svg","contentUrl":"https:\/\/new.latinconnect.com\/wp-content\/uploads\/logo-latinconnect.svg","width":260,"height":50,"caption":"Latinconnect"},"image":{"@id":"http:\/\/new.latinconnect.com\/de\/#\/schema\/logo\/image\/"},"sameAs":["https:\/\/www.linkedin.com\/company\/latinconnect"]}]}},"_links":{"self":[{"href":"https:\/\/new.latinconnect.com\/es\/wp-json\/wp\/v2\/product\/8847","targetHints":{"allow":["GET"]}}],"collection":[{"href":"https:\/\/new.latinconnect.com\/es\/wp-json\/wp\/v2\/product"}],"about":[{"href":"https:\/\/new.latinconnect.com\/es\/wp-json\/wp\/v2\/types\/product"}],"wp:featuredmedia":[{"embeddable":true,"href":"https:\/\/new.latinconnect.com\/es\/wp-json\/wp\/v2\/media\/8386"}],"wp:attachment":[{"href":"https:\/\/new.latinconnect.com\/es\/wp-json\/wp\/v2\/media?parent=8847"}],"curies":[{"name":"wp","href":"https:\/\/api.w.org\/{rel}","templated":true}]}}