{"id":8842,"date":"2026-04-29T15:00:24","date_gmt":"2026-04-29T14:00:24","guid":{"rendered":"https:\/\/new.latinconnect.com\/product\/panama-honeymoon-rundreise-romantisch-aktiv\/"},"modified":"2026-04-29T15:12:03","modified_gmt":"2026-04-29T14:12:03","slug":"panama-luna-de-miel-viaje-por-carretera-romantico-activo","status":"publish","type":"product","link":"https:\/\/new.latinconnect.com\/es\/producto\/panama-luna-de-miel-viaje-por-carretera-romantico-activo\/","title":{"rendered":"Circuito por Panam\u00e1 \u2013 Luna de miel rom\u00e1ntica y activa"},"content":{"rendered":"<p>Este tour de 19 d\u00edas por Panam\u00e1 combina a la perfecci\u00f3n el romance y la aventura para tu luna de miel. Experimentar\u00e1s la vibrante capital, Ciudad de Panam\u00e1, te relajar\u00e1s en las paradis\u00edacas islas de San Blas y descubrir\u00e1s paisajes diversos, desde cr\u00e1teres volc\u00e1nicos hasta las playas de ensue\u00f1o del Caribe en Bocas del Toro.<\/p>","protected":false},"featured_media":8381,"template":"","meta":{"_acf_changed":false},"class_list":["post-8842","product","type-product","status-publish","has-post-thumbnail","hentry"],"acf":[],"yoast_head":"<!-- This site is optimized with the Yoast SEO plugin v26.9 - https:\/\/yoast.com\/product\/yoast-seo-wordpress\/ -->\n<title>Panama Rundreise Honeymoon - 19 Tage Romantisch &amp; Aktiv | Latinconnect<\/title>\n<meta name=\"description\" content=\"19-t\u00e4gige Panama Rundreise f\u00fcr Flitterwochen: San Blas Inseln, Vulkankrater El Valle, Boquete &amp; Bocas del Toro. Romantik &amp; Abenteuer perfekt kombiniert. Ab 4.048 USD.\" \/>\n<meta name=\"robots\" content=\"noindex, follow, max-snippet:-1, max-image-preview:large, max-video-preview:-1\" \/>\n<meta property=\"og:locale\" content=\"es_ES\" \/>\n<meta property=\"og:type\" content=\"article\" \/>\n<meta property=\"og:title\" content=\"Panama Rundreise Honeymoon - 19 Tage Romantisch &amp; Aktiv | Latinconnect\" \/>\n<meta property=\"og:description\" content=\"19-t\u00e4gige Panama Rundreise f\u00fcr Flitterwochen: San Blas Inseln, Vulkankrater El Valle, Boquete &amp; Bocas del Toro. Romantik &amp; Abenteuer perfekt kombiniert. Ab 4.048 USD.\" \/>\n<meta property=\"og:url\" content=\"https:\/\/new.latinconnect.com\/es\/producto\/panama-luna-de-miel-viaje-por-carretera-romantico-activo\/\" \/>\n<meta property=\"og:site_name\" content=\"Latinconnect\" \/>\n<meta property=\"article:modified_time\" content=\"2026-04-29T14:12:03+00:00\" \/>\n<meta property=\"og:image\" content=\"https:\/\/new.latinconnect.com\/wp-content\/uploads\/PAN_HPR_02_panama-honeymoon-rundreise-romantisch-aktiv.png\" \/>\n\t<meta property=\"og:image:width\" content=\"2400\" \/>\n\t<meta property=\"og:image:height\" content=\"1800\" \/>\n\t<meta property=\"og:image:type\" content=\"image\/png\" \/>\n<meta name=\"twitter:card\" content=\"summary_large_image\" \/>\n<script type=\"application\/ld+json\" class=\"yoast-schema-graph\">{\"@context\":\"https:\/\/schema.org\",\"@graph\":[{\"@type\":\"WebPage\",\"@id\":\"https:\/\/new.latinconnect.com\/product\/panama-honeymoon-rundreise-romantisch-aktiv\/\",\"url\":\"https:\/\/new.latinconnect.com\/product\/panama-honeymoon-rundreise-romantisch-aktiv\/\",\"name\":\"Panama Rundreise Honeymoon - 19 Tage Romantisch & Aktiv | Latinconnect\",\"isPartOf\":{\"@id\":\"http:\/\/new.latinconnect.com\/de\/#website\"},\"primaryImageOfPage\":{\"@id\":\"https:\/\/new.latinconnect.com\/product\/panama-honeymoon-rundreise-romantisch-aktiv\/#primaryimage\"},\"image\":{\"@id\":\"https:\/\/new.latinconnect.com\/product\/panama-honeymoon-rundreise-romantisch-aktiv\/#primaryimage\"},\"thumbnailUrl\":\"https:\/\/new.latinconnect.com\/wp-content\/uploads\/PAN_HPR_02_panama-honeymoon-rundreise-romantisch-aktiv.png\",\"datePublished\":\"2026-04-29T14:00:24+00:00\",\"dateModified\":\"2026-04-29T14:12:03+00:00\",\"description\":\"19-t\u00e4gige Panama Rundreise f\u00fcr Flitterwochen: San Blas Inseln, Vulkankrater El Valle, Boquete & Bocas del Toro. Romantik & Abenteuer perfekt kombiniert. Ab 4.048 USD.\",\"breadcrumb\":{\"@id\":\"https:\/\/new.latinconnect.com\/product\/panama-honeymoon-rundreise-romantisch-aktiv\/#breadcrumb\"},\"inLanguage\":\"es-CR\",\"potentialAction\":[{\"@type\":\"ReadAction\",\"target\":[\"https:\/\/new.latinconnect.com\/product\/panama-honeymoon-rundreise-romantisch-aktiv\/\"]}]},{\"@type\":\"ImageObject\",\"inLanguage\":\"es-CR\",\"@id\":\"https:\/\/new.latinconnect.com\/product\/panama-honeymoon-rundreise-romantisch-aktiv\/#primaryimage\",\"url\":\"https:\/\/new.latinconnect.com\/wp-content\/uploads\/PAN_HPR_02_panama-honeymoon-rundreise-romantisch-aktiv.png\",\"contentUrl\":\"https:\/\/new.latinconnect.com\/wp-content\/uploads\/PAN_HPR_02_panama-honeymoon-rundreise-romantisch-aktiv.png\",\"width\":2400,\"height\":1800},{\"@type\":\"BreadcrumbList\",\"@id\":\"https:\/\/new.latinconnect.com\/product\/panama-honeymoon-rundreise-romantisch-aktiv\/#breadcrumb\",\"itemListElement\":[{\"@type\":\"ListItem\",\"position\":1,\"name\":\"Home\",\"item\":\"https:\/\/new.latinconnect.com\/\"},{\"@type\":\"ListItem\",\"position\":2,\"name\":\"Panama Rundreise \u2013 Honeymoon Romantisch &#038; Aktiv\"}]},{\"@type\":\"WebSite\",\"@id\":\"http:\/\/new.latinconnect.com\/de\/#website\",\"url\":\"http:\/\/new.latinconnect.com\/de\/\",\"name\":\"Latinconnect\",\"description\":\"latin america&#039;s dmc alliance\",\"publisher\":{\"@id\":\"http:\/\/new.latinconnect.com\/de\/#organization\"},\"potentialAction\":[{\"@type\":\"SearchAction\",\"target\":{\"@type\":\"EntryPoint\",\"urlTemplate\":\"http:\/\/new.latinconnect.com\/de\/?s={search_term_string}\"},\"query-input\":{\"@type\":\"PropertyValueSpecification\",\"valueRequired\":true,\"valueName\":\"search_term_string\"}}],\"inLanguage\":\"es-CR\"},{\"@type\":\"Organization\",\"@id\":\"http:\/\/new.latinconnect.com\/de\/#organization\",\"name\":\"Latinconnect\",\"url\":\"http:\/\/new.latinconnect.com\/de\/\",\"logo\":{\"@type\":\"ImageObject\",\"inLanguage\":\"es-CR\",\"@id\":\"http:\/\/new.latinconnect.com\/de\/#\/schema\/logo\/image\/\",\"url\":\"https:\/\/new.latinconnect.com\/wp-content\/uploads\/logo-latinconnect.svg\",\"contentUrl\":\"https:\/\/new.latinconnect.com\/wp-content\/uploads\/logo-latinconnect.svg\",\"width\":260,\"height\":50,\"caption\":\"Latinconnect\"},\"image\":{\"@id\":\"http:\/\/new.latinconnect.com\/de\/#\/schema\/logo\/image\/\"},\"sameAs\":[\"https:\/\/www.linkedin.com\/company\/latinconnect\"]}]}<\/script>\n<!-- \/ Yoast SEO plugin. -->","yoast_head_json":{"title":"Viaje de Luna de Miel por Panam\u00e1 - 19 D\u00edas Rom\u00e1nticos y Activos | Latinconnect","description":"19 D\u00edas de Viaje por Panam\u00e1 para Luna de Miel: Islas San Blas, Cr\u00e1ter del Volc\u00e1n El Valle, Boquete y Bocas del Toro. Romance y Aventura Perfectamente Combinados. Desde 4.048 USD.","robots":{"index":"noindex","follow":"follow","max-snippet":"max-snippet:-1","max-image-preview":"max-image-preview:large","max-video-preview":"max-video-preview:-1"},"og_locale":"es_ES","og_type":"article","og_title":"Panama Rundreise Honeymoon - 19 Tage Romantisch & Aktiv | Latinconnect","og_description":"19-t\u00e4gige Panama Rundreise f\u00fcr Flitterwochen: San Blas Inseln, Vulkankrater El Valle, Boquete & Bocas del Toro. Romantik & Abenteuer perfekt kombiniert. Ab 4.048 USD.","og_url":"https:\/\/new.latinconnect.com\/es\/producto\/panama-luna-de-miel-viaje-por-carretera-romantico-activo\/","og_site_name":"Latinconnect","article_modified_time":"2026-04-29T14:12:03+00:00","og_image":[{"width":2400,"height":1800,"url":"https:\/\/new.latinconnect.com\/wp-content\/uploads\/PAN_HPR_02_panama-honeymoon-rundreise-romantisch-aktiv.png","type":"image\/png"}],"twitter_card":"summary_large_image","schema":{"@context":"https:\/\/schema.org","@graph":[{"@type":"WebPage","@id":"https:\/\/new.latinconnect.com\/product\/panama-honeymoon-rundreise-romantisch-aktiv\/","url":"https:\/\/new.latinconnect.com\/product\/panama-honeymoon-rundreise-romantisch-aktiv\/","name":"Viaje de Luna de Miel por Panam\u00e1 - 19 D\u00edas Rom\u00e1nticos y Activos | Latinconnect","isPartOf":{"@id":"http:\/\/new.latinconnect.com\/de\/#website"},"primaryImageOfPage":{"@id":"https:\/\/new.latinconnect.com\/product\/panama-honeymoon-rundreise-romantisch-aktiv\/#primaryimage"},"image":{"@id":"https:\/\/new.latinconnect.com\/product\/panama-honeymoon-rundreise-romantisch-aktiv\/#primaryimage"},"thumbnailUrl":"https:\/\/new.latinconnect.com\/wp-content\/uploads\/PAN_HPR_02_panama-honeymoon-rundreise-romantisch-aktiv.png","datePublished":"2026-04-29T14:00:24+00:00","dateModified":"2026-04-29T14:12:03+00:00","description":"19 D\u00edas de Viaje por Panam\u00e1 para Luna de Miel: Islas San Blas, Cr\u00e1ter del Volc\u00e1n El Valle, Boquete y Bocas del Toro. Romance y Aventura Perfectamente Combinados. Desde 4.048 USD.","breadcrumb":{"@id":"https:\/\/new.latinconnect.com\/product\/panama-honeymoon-rundreise-romantisch-aktiv\/#breadcrumb"},"inLanguage":"es-CR","potentialAction":[{"@type":"ReadAction","target":["https:\/\/new.latinconnect.com\/product\/panama-honeymoon-rundreise-romantisch-aktiv\/"]}]},{"@type":"ImageObject","inLanguage":"es-CR","@id":"https:\/\/new.latinconnect.com\/product\/panama-honeymoon-rundreise-romantisch-aktiv\/#primaryimage","url":"https:\/\/new.latinconnect.com\/wp-content\/uploads\/PAN_HPR_02_panama-honeymoon-rundreise-romantisch-aktiv.png","contentUrl":"https:\/\/new.latinconnect.com\/wp-content\/uploads\/PAN_HPR_02_panama-honeymoon-rundreise-romantisch-aktiv.png","width":2400,"height":1800},{"@type":"BreadcrumbList","@id":"https:\/\/new.latinconnect.com\/product\/panama-honeymoon-rundreise-romantisch-aktiv\/#breadcrumb","itemListElement":[{"@type":"ListItem","position":1,"name":"Home","item":"https:\/\/new.latinconnect.com\/"},{"@type":"ListItem","position":2,"name":"Panama Rundreise \u2013 Honeymoon Romantisch &#038; Aktiv"}]},{"@type":"WebSite","@id":"http:\/\/new.latinconnect.com\/de\/#website","url":"http:\/\/new.latinconnect.com\/de\/","name":"Latinconnect","description":"Alianza DMC de Am\u00e9rica Latina","publisher":{"@id":"http:\/\/new.latinconnect.com\/de\/#organization"},"potentialAction":[{"@type":"SearchAction","target":{"@type":"EntryPoint","urlTemplate":"http:\/\/new.latinconnect.com\/de\/?s={search_term_string}"},"query-input":{"@type":"PropertyValueSpecification","valueRequired":true,"valueName":"search_term_string"}}],"inLanguage":"es-CR"},{"@type":"Organization","@id":"http:\/\/new.latinconnect.com\/de\/#organization","name":"Latinconnect","url":"http:\/\/new.latinconnect.com\/de\/","logo":{"@type":"ImageObject","inLanguage":"es-CR","@id":"http:\/\/new.latinconnect.com\/de\/#\/schema\/logo\/image\/","url":"https:\/\/new.latinconnect.com\/wp-content\/uploads\/logo-latinconnect.svg","contentUrl":"https:\/\/new.latinconnect.com\/wp-content\/uploads\/logo-latinconnect.svg","width":260,"height":50,"caption":"Latinconnect"},"image":{"@id":"http:\/\/new.latinconnect.com\/de\/#\/schema\/logo\/image\/"},"sameAs":["https:\/\/www.linkedin.com\/company\/latinconnect"]}]}},"_links":{"self":[{"href":"https:\/\/new.latinconnect.com\/es\/wp-json\/wp\/v2\/product\/8842","targetHints":{"allow":["GET"]}}],"collection":[{"href":"https:\/\/new.latinconnect.com\/es\/wp-json\/wp\/v2\/product"}],"about":[{"href":"https:\/\/new.latinconnect.com\/es\/wp-json\/wp\/v2\/types\/product"}],"wp:featuredmedia":[{"embeddable":true,"href":"https:\/\/new.latinconnect.com\/es\/wp-json\/wp\/v2\/media\/8381"}],"wp:attachment":[{"href":"https:\/\/new.latinconnect.com\/es\/wp-json\/wp\/v2\/media?parent=8842"}],"curies":[{"name":"wp","href":"https:\/\/api.w.org\/{rel}","templated":true}]}}