{"id":8813,"date":"2026-04-29T14:59:56","date_gmt":"2026-04-29T13:59:56","guid":{"rendered":"https:\/\/new.latinconnect.com\/product\/costa-rica-rundreise-naturwunder\/"},"modified":"2026-04-29T15:12:01","modified_gmt":"2026-04-29T14:12:01","slug":"costa-rica-viaje-por-carretera-maravillas-naturales","status":"publish","type":"product","link":"https:\/\/latinconnect.com\/es\/producto\/costa-rica-viaje-por-carretera-maravillas-naturales\/","title":{"rendered":"Tour por Costa Rica - Maravillas Naturales de Costa Rica"},"content":{"rendered":"<p>Descubre en este tour de 11 d\u00edas por Costa Rica la espectacular diversidad natural entre el Pac\u00edfico y el Caribe. Tu viaje por Costa Rica te llevar\u00e1 desde los humeantes volcanes del altiplano hasta las exuberantes selvas tropicales y las impresionantes costas de ambos oc\u00e9anos.<\/p>","protected":false},"featured_media":8283,"template":"","meta":{"_acf_changed":false},"class_list":["post-8813","product","type-product","status-publish","has-post-thumbnail","hentry"],"acf":[],"yoast_head":"<!-- This site is optimized with the Yoast SEO plugin v26.9 - https:\/\/yoast.com\/product\/yoast-seo-wordpress\/ -->\n<title>Costa Rica Rundreise \u2013 Naturwunder Costa Rica | 11 Tage Privatreise<\/title>\n<meta name=\"description\" content=\"Costa Rica Rundreise: 11 Tage Naturwunder zwischen Pazifik und Karibik. Vulkane, Regenw\u00e4lder, Thermalquellen und Traumstr\u00e4nde. Mit deutschsprachiger Reiseleitung ab 2.312 EUR.\" \/>\n<meta name=\"robots\" content=\"noindex, follow, max-snippet:-1, max-image-preview:large, max-video-preview:-1\" \/>\n<meta property=\"og:locale\" content=\"es_ES\" \/>\n<meta property=\"og:type\" content=\"article\" \/>\n<meta property=\"og:title\" content=\"Costa Rica Rundreise \u2013 Naturwunder Costa Rica | 11 Tage Privatreise\" \/>\n<meta property=\"og:description\" content=\"Costa Rica Rundreise: 11 Tage Naturwunder zwischen Pazifik und Karibik. Vulkane, Regenw\u00e4lder, Thermalquellen und Traumstr\u00e4nde. Mit deutschsprachiger Reiseleitung ab 2.312 EUR.\" \/>\n<meta property=\"og:url\" content=\"https:\/\/latinconnect.com\/es\/producto\/costa-rica-viaje-por-carretera-maravillas-naturales\/\" \/>\n<meta property=\"og:site_name\" content=\"Latinconnect\" \/>\n<meta property=\"article:modified_time\" content=\"2026-04-29T14:12:01+00:00\" \/>\n<meta property=\"og:image\" content=\"https:\/\/latinconnect.com\/wp-content\/uploads\/CRA_NCR_01_costa-rica-rundreise-naturwunder.png\" \/>\n\t<meta property=\"og:image:width\" content=\"2400\" \/>\n\t<meta property=\"og:image:height\" content=\"1800\" \/>\n\t<meta property=\"og:image:type\" content=\"image\/png\" \/>\n<meta name=\"twitter:card\" content=\"summary_large_image\" \/>\n<script type=\"application\/ld+json\" class=\"yoast-schema-graph\">{\"@context\":\"https:\/\/schema.org\",\"@graph\":[{\"@type\":\"WebPage\",\"@id\":\"https:\/\/latinconnect.com\/product\/costa-rica-rundreise-naturwunder\/\",\"url\":\"https:\/\/latinconnect.com\/product\/costa-rica-rundreise-naturwunder\/\",\"name\":\"Costa Rica Rundreise \u2013 Naturwunder Costa Rica | 11 Tage Privatreise\",\"isPartOf\":{\"@id\":\"https:\/\/latinconnect.com\/de\/#website\"},\"primaryImageOfPage\":{\"@id\":\"https:\/\/latinconnect.com\/product\/costa-rica-rundreise-naturwunder\/#primaryimage\"},\"image\":{\"@id\":\"https:\/\/latinconnect.com\/product\/costa-rica-rundreise-naturwunder\/#primaryimage\"},\"thumbnailUrl\":\"https:\/\/latinconnect.com\/wp-content\/uploads\/CRA_NCR_01_costa-rica-rundreise-naturwunder.png\",\"datePublished\":\"2026-04-29T13:59:56+00:00\",\"dateModified\":\"2026-04-29T14:12:01+00:00\",\"description\":\"Costa Rica Rundreise: 11 Tage Naturwunder zwischen Pazifik und Karibik. Vulkane, Regenw\u00e4lder, Thermalquellen und Traumstr\u00e4nde. Mit deutschsprachiger Reiseleitung ab 2.312 EUR.\",\"breadcrumb\":{\"@id\":\"https:\/\/latinconnect.com\/product\/costa-rica-rundreise-naturwunder\/#breadcrumb\"},\"inLanguage\":\"es-CR\",\"potentialAction\":[{\"@type\":\"ReadAction\",\"target\":[\"https:\/\/latinconnect.com\/product\/costa-rica-rundreise-naturwunder\/\"]}]},{\"@type\":\"ImageObject\",\"inLanguage\":\"es-CR\",\"@id\":\"https:\/\/latinconnect.com\/product\/costa-rica-rundreise-naturwunder\/#primaryimage\",\"url\":\"https:\/\/latinconnect.com\/wp-content\/uploads\/CRA_NCR_01_costa-rica-rundreise-naturwunder.png\",\"contentUrl\":\"https:\/\/latinconnect.com\/wp-content\/uploads\/CRA_NCR_01_costa-rica-rundreise-naturwunder.png\",\"width\":2400,\"height\":1800},{\"@type\":\"BreadcrumbList\",\"@id\":\"https:\/\/latinconnect.com\/product\/costa-rica-rundreise-naturwunder\/#breadcrumb\",\"itemListElement\":[{\"@type\":\"ListItem\",\"position\":1,\"name\":\"Home\",\"item\":\"https:\/\/latinconnect.com\/de\/\"},{\"@type\":\"ListItem\",\"position\":2,\"name\":\"Costa Rica Rundreise \u2013 Naturwunder Costa Rica\"}]},{\"@type\":\"WebSite\",\"@id\":\"https:\/\/latinconnect.com\/de\/#website\",\"url\":\"https:\/\/latinconnect.com\/de\/\",\"name\":\"Latinconnect\",\"description\":\"latin america&#039;s dmc alliance\",\"publisher\":{\"@id\":\"https:\/\/latinconnect.com\/de\/#organization\"},\"potentialAction\":[{\"@type\":\"SearchAction\",\"target\":{\"@type\":\"EntryPoint\",\"urlTemplate\":\"https:\/\/latinconnect.com\/de\/?s={search_term_string}\"},\"query-input\":{\"@type\":\"PropertyValueSpecification\",\"valueRequired\":true,\"valueName\":\"search_term_string\"}}],\"inLanguage\":\"es-CR\"},{\"@type\":\"Organization\",\"@id\":\"https:\/\/latinconnect.com\/de\/#organization\",\"name\":\"Latinconnect\",\"url\":\"https:\/\/latinconnect.com\/de\/\",\"logo\":{\"@type\":\"ImageObject\",\"inLanguage\":\"es-CR\",\"@id\":\"https:\/\/latinconnect.com\/de\/#\/schema\/logo\/image\/\",\"url\":\"https:\/\/latinconnect.com\/wp-content\/uploads\/logo-latinconnect.svg\",\"contentUrl\":\"https:\/\/latinconnect.com\/wp-content\/uploads\/logo-latinconnect.svg\",\"width\":260,\"height\":50,\"caption\":\"Latinconnect\"},\"image\":{\"@id\":\"https:\/\/latinconnect.com\/de\/#\/schema\/logo\/image\/\"},\"sameAs\":[\"https:\/\/www.linkedin.com\/company\/latinconnect\"]}]}<\/script>\n<!-- \/ Yoast SEO plugin. -->","yoast_head_json":{"title":"Tour por Costa Rica \u2013 Maravillas Naturales de Costa Rica | Viaje Privado de 11 D\u00edas","description":"Costa Rica: Un tour por maravillas naturales entre el Pac\u00edfico y el Caribe en 11 d\u00edas. Volcanes, selvas tropicales, fuentes termales y playas de ensue\u00f1o. Con gu\u00eda de habla alemana desde 2.312 EUR.","robots":{"index":"noindex","follow":"follow","max-snippet":"max-snippet:-1","max-image-preview":"max-image-preview:large","max-video-preview":"max-video-preview:-1"},"og_locale":"es_ES","og_type":"article","og_title":"Costa Rica Rundreise \u2013 Naturwunder Costa Rica | 11 Tage Privatreise","og_description":"Costa Rica Rundreise: 11 Tage Naturwunder zwischen Pazifik und Karibik. Vulkane, Regenw\u00e4lder, Thermalquellen und Traumstr\u00e4nde. Mit deutschsprachiger Reiseleitung ab 2.312 EUR.","og_url":"https:\/\/latinconnect.com\/es\/producto\/costa-rica-viaje-por-carretera-maravillas-naturales\/","og_site_name":"Latinconnect","article_modified_time":"2026-04-29T14:12:01+00:00","og_image":[{"width":2400,"height":1800,"url":"https:\/\/latinconnect.com\/wp-content\/uploads\/CRA_NCR_01_costa-rica-rundreise-naturwunder.png","type":"image\/png"}],"twitter_card":"summary_large_image","schema":{"@context":"https:\/\/schema.org","@graph":[{"@type":"WebPage","@id":"https:\/\/latinconnect.com\/product\/costa-rica-rundreise-naturwunder\/","url":"https:\/\/latinconnect.com\/product\/costa-rica-rundreise-naturwunder\/","name":"Tour por Costa Rica \u2013 Maravillas Naturales de Costa Rica | Viaje Privado de 11 D\u00edas","isPartOf":{"@id":"https:\/\/latinconnect.com\/de\/#website"},"primaryImageOfPage":{"@id":"https:\/\/latinconnect.com\/product\/costa-rica-rundreise-naturwunder\/#primaryimage"},"image":{"@id":"https:\/\/latinconnect.com\/product\/costa-rica-rundreise-naturwunder\/#primaryimage"},"thumbnailUrl":"https:\/\/latinconnect.com\/wp-content\/uploads\/CRA_NCR_01_costa-rica-rundreise-naturwunder.png","datePublished":"2026-04-29T13:59:56+00:00","dateModified":"2026-04-29T14:12:01+00:00","description":"Costa Rica: Un tour por maravillas naturales entre el Pac\u00edfico y el Caribe en 11 d\u00edas. Volcanes, selvas tropicales, fuentes termales y playas de ensue\u00f1o. Con gu\u00eda de habla alemana desde 2.312 EUR.","breadcrumb":{"@id":"https:\/\/latinconnect.com\/product\/costa-rica-rundreise-naturwunder\/#breadcrumb"},"inLanguage":"es-CR","potentialAction":[{"@type":"ReadAction","target":["https:\/\/latinconnect.com\/product\/costa-rica-rundreise-naturwunder\/"]}]},{"@type":"ImageObject","inLanguage":"es-CR","@id":"https:\/\/latinconnect.com\/product\/costa-rica-rundreise-naturwunder\/#primaryimage","url":"https:\/\/latinconnect.com\/wp-content\/uploads\/CRA_NCR_01_costa-rica-rundreise-naturwunder.png","contentUrl":"https:\/\/latinconnect.com\/wp-content\/uploads\/CRA_NCR_01_costa-rica-rundreise-naturwunder.png","width":2400,"height":1800},{"@type":"BreadcrumbList","@id":"https:\/\/latinconnect.com\/product\/costa-rica-rundreise-naturwunder\/#breadcrumb","itemListElement":[{"@type":"ListItem","position":1,"name":"Home","item":"https:\/\/latinconnect.com\/de\/"},{"@type":"ListItem","position":2,"name":"Costa Rica Rundreise \u2013 Naturwunder Costa Rica"}]},{"@type":"WebSite","@id":"https:\/\/latinconnect.com\/de\/#website","url":"https:\/\/latinconnect.com\/de\/","name":"Latinconnect","description":"Alianza DMC de Am\u00e9rica Latina","publisher":{"@id":"https:\/\/latinconnect.com\/de\/#organization"},"potentialAction":[{"@type":"SearchAction","target":{"@type":"EntryPoint","urlTemplate":"https:\/\/latinconnect.com\/de\/?s={search_term_string}"},"query-input":{"@type":"PropertyValueSpecification","valueRequired":true,"valueName":"search_term_string"}}],"inLanguage":"es-CR"},{"@type":"Organization","@id":"https:\/\/latinconnect.com\/de\/#organization","name":"Latinconnect","url":"https:\/\/latinconnect.com\/de\/","logo":{"@type":"ImageObject","inLanguage":"es-CR","@id":"https:\/\/latinconnect.com\/de\/#\/schema\/logo\/image\/","url":"https:\/\/latinconnect.com\/wp-content\/uploads\/logo-latinconnect.svg","contentUrl":"https:\/\/latinconnect.com\/wp-content\/uploads\/logo-latinconnect.svg","width":260,"height":50,"caption":"Latinconnect"},"image":{"@id":"https:\/\/latinconnect.com\/de\/#\/schema\/logo\/image\/"},"sameAs":["https:\/\/www.linkedin.com\/company\/latinconnect"]}]}},"_links":{"self":[{"href":"https:\/\/latinconnect.com\/es\/wp-json\/wp\/v2\/product\/8813","targetHints":{"allow":["GET"]}}],"collection":[{"href":"https:\/\/latinconnect.com\/es\/wp-json\/wp\/v2\/product"}],"about":[{"href":"https:\/\/latinconnect.com\/es\/wp-json\/wp\/v2\/types\/product"}],"wp:featuredmedia":[{"embeddable":true,"href":"https:\/\/latinconnect.com\/es\/wp-json\/wp\/v2\/media\/8283"}],"wp:attachment":[{"href":"https:\/\/latinconnect.com\/es\/wp-json\/wp\/v2\/media?parent=8813"}],"curies":[{"name":"wp","href":"https:\/\/api.w.org\/{rel}","templated":true}]}}