{"id":8809,"date":"2026-04-29T14:59:53","date_gmt":"2026-04-29T13:59:53","guid":{"rendered":"https:\/\/new.latinconnect.com\/product\/costa-rica-rundreise-familientour-fly-drive\/"},"modified":"2026-04-29T15:12:01","modified_gmt":"2026-04-29T14:12:01","slug":"costa-rica-viaje-por-carretera-familiar-con-coche-de-alquiler","status":"publish","type":"product","link":"https:\/\/new.latinconnect.com\/es\/producto\/costa-rica-viaje-por-carretera-familiar-con-coche-de-alquiler\/","title":{"rendered":"Tour por Costa Rica \u2013 Vuelo y recorrido familiar"},"content":{"rendered":"<p>Entdecke Costa Rica mit der ganzen Familie auf dieser 17-t\u00e4gigen Fly &#038; Drive Rundreise durch eines der artenreichsten L\u00e4nder der Erde. Von San Jos\u00e9 f\u00fchrt dich deine Route durch einzigartige Regionen \u2013 vom tropischen Tortuguero \u00fcber die karibische K\u00fcste bis zu den Nebelw\u00e4ldern von Monteverde. Diese Costa Rica Rundreise wurde speziell f\u00fcr Familien konzipiert und bietet unvergessliche Naturerlebnisse, bei denen Gro\u00df und Klein auf ihre Kosten kommen.<\/p>","protected":false},"featured_media":8279,"template":"","meta":{"_acf_changed":false},"class_list":["post-8809","product","type-product","status-publish","has-post-thumbnail","hentry"],"acf":[],"yoast_head":"<!-- This site is optimized with the Yoast SEO plugin v26.9 - https:\/\/yoast.com\/product\/yoast-seo-wordpress\/ -->\n<title>Costa Rica Rundreise f\u00fcr Familien \u2013 17 Tage Fly &amp; Drive mit Kindern<\/title>\n<meta name=\"description\" content=\"Costa Rica Rundreise speziell f\u00fcr Familien: 17 Tage Fly &amp; Drive von Tortuguero bis Monteverde. Mit Mietwagen, kinderfreundlichen Hotels und kulturellen Erlebnissen. Ab 1.737 EUR pro Person.\" \/>\n<meta name=\"robots\" content=\"noindex, follow, max-snippet:-1, max-image-preview:large, max-video-preview:-1\" \/>\n<meta property=\"og:locale\" content=\"es_ES\" \/>\n<meta property=\"og:type\" content=\"article\" \/>\n<meta property=\"og:title\" content=\"Costa Rica Rundreise f\u00fcr Familien \u2013 17 Tage Fly &amp; Drive mit Kindern\" \/>\n<meta property=\"og:description\" content=\"Costa Rica Rundreise speziell f\u00fcr Familien: 17 Tage Fly &amp; Drive von Tortuguero bis Monteverde. Mit Mietwagen, kinderfreundlichen Hotels und kulturellen Erlebnissen. Ab 1.737 EUR pro Person.\" \/>\n<meta property=\"og:url\" content=\"https:\/\/new.latinconnect.com\/es\/producto\/costa-rica-viaje-por-carretera-familiar-con-coche-de-alquiler\/\" \/>\n<meta property=\"og:site_name\" content=\"Latinconnect\" \/>\n<meta property=\"article:modified_time\" content=\"2026-04-29T14:12:01+00:00\" \/>\n<meta property=\"og:image\" content=\"https:\/\/new.latinconnect.com\/wp-content\/uploads\/CRA_FFD_01_costa-rica-rundreise-familientour-fly-drive.png\" \/>\n\t<meta property=\"og:image:width\" content=\"2400\" \/>\n\t<meta property=\"og:image:height\" content=\"1800\" \/>\n\t<meta property=\"og:image:type\" content=\"image\/png\" \/>\n<meta name=\"twitter:card\" content=\"summary_large_image\" \/>\n<script type=\"application\/ld+json\" class=\"yoast-schema-graph\">{\"@context\":\"https:\/\/schema.org\",\"@graph\":[{\"@type\":\"WebPage\",\"@id\":\"https:\/\/new.latinconnect.com\/product\/costa-rica-rundreise-familientour-fly-drive\/\",\"url\":\"https:\/\/new.latinconnect.com\/product\/costa-rica-rundreise-familientour-fly-drive\/\",\"name\":\"Costa Rica Rundreise f\u00fcr Familien \u2013 17 Tage Fly & Drive mit Kindern\",\"isPartOf\":{\"@id\":\"http:\/\/new.latinconnect.com\/de\/#website\"},\"primaryImageOfPage\":{\"@id\":\"https:\/\/new.latinconnect.com\/product\/costa-rica-rundreise-familientour-fly-drive\/#primaryimage\"},\"image\":{\"@id\":\"https:\/\/new.latinconnect.com\/product\/costa-rica-rundreise-familientour-fly-drive\/#primaryimage\"},\"thumbnailUrl\":\"https:\/\/new.latinconnect.com\/wp-content\/uploads\/CRA_FFD_01_costa-rica-rundreise-familientour-fly-drive.png\",\"datePublished\":\"2026-04-29T13:59:53+00:00\",\"dateModified\":\"2026-04-29T14:12:01+00:00\",\"description\":\"Costa Rica Rundreise speziell f\u00fcr Familien: 17 Tage Fly & Drive von Tortuguero bis Monteverde. Mit Mietwagen, kinderfreundlichen Hotels und kulturellen Erlebnissen. Ab 1.737 EUR pro Person.\",\"breadcrumb\":{\"@id\":\"https:\/\/new.latinconnect.com\/product\/costa-rica-rundreise-familientour-fly-drive\/#breadcrumb\"},\"inLanguage\":\"es-CR\",\"potentialAction\":[{\"@type\":\"ReadAction\",\"target\":[\"https:\/\/new.latinconnect.com\/product\/costa-rica-rundreise-familientour-fly-drive\/\"]}]},{\"@type\":\"ImageObject\",\"inLanguage\":\"es-CR\",\"@id\":\"https:\/\/new.latinconnect.com\/product\/costa-rica-rundreise-familientour-fly-drive\/#primaryimage\",\"url\":\"https:\/\/new.latinconnect.com\/wp-content\/uploads\/CRA_FFD_01_costa-rica-rundreise-familientour-fly-drive.png\",\"contentUrl\":\"https:\/\/new.latinconnect.com\/wp-content\/uploads\/CRA_FFD_01_costa-rica-rundreise-familientour-fly-drive.png\",\"width\":2400,\"height\":1800},{\"@type\":\"BreadcrumbList\",\"@id\":\"https:\/\/new.latinconnect.com\/product\/costa-rica-rundreise-familientour-fly-drive\/#breadcrumb\",\"itemListElement\":[{\"@type\":\"ListItem\",\"position\":1,\"name\":\"Home\",\"item\":\"https:\/\/new.latinconnect.com\/\"},{\"@type\":\"ListItem\",\"position\":2,\"name\":\"Costa Rica Rundreise \u2013 Familientour Fly &#038; Drive\"}]},{\"@type\":\"WebSite\",\"@id\":\"http:\/\/new.latinconnect.com\/de\/#website\",\"url\":\"http:\/\/new.latinconnect.com\/de\/\",\"name\":\"Latinconnect\",\"description\":\"latin america&#039;s dmc alliance\",\"publisher\":{\"@id\":\"http:\/\/new.latinconnect.com\/de\/#organization\"},\"potentialAction\":[{\"@type\":\"SearchAction\",\"target\":{\"@type\":\"EntryPoint\",\"urlTemplate\":\"http:\/\/new.latinconnect.com\/de\/?s={search_term_string}\"},\"query-input\":{\"@type\":\"PropertyValueSpecification\",\"valueRequired\":true,\"valueName\":\"search_term_string\"}}],\"inLanguage\":\"es-CR\"},{\"@type\":\"Organization\",\"@id\":\"http:\/\/new.latinconnect.com\/de\/#organization\",\"name\":\"Latinconnect\",\"url\":\"http:\/\/new.latinconnect.com\/de\/\",\"logo\":{\"@type\":\"ImageObject\",\"inLanguage\":\"es-CR\",\"@id\":\"http:\/\/new.latinconnect.com\/de\/#\/schema\/logo\/image\/\",\"url\":\"https:\/\/new.latinconnect.com\/wp-content\/uploads\/logo-latinconnect.svg\",\"contentUrl\":\"https:\/\/new.latinconnect.com\/wp-content\/uploads\/logo-latinconnect.svg\",\"width\":260,\"height\":50,\"caption\":\"Latinconnect\"},\"image\":{\"@id\":\"http:\/\/new.latinconnect.com\/de\/#\/schema\/logo\/image\/\"},\"sameAs\":[\"https:\/\/www.linkedin.com\/company\/latinconnect\"]}]}<\/script>\n<!-- \/ Yoast SEO plugin. -->","yoast_head_json":{"title":"Viaje por Costa Rica para familias - 17 d\u00edas Fly &amp; Drive con ni\u00f1os","description":"Tour por Costa Rica especialmente para familias: 17 d\u00edas Fly &amp; Drive de Tortuguero a Monteverde. Con coche de alquiler, hoteles aptos para ni\u00f1os y experiencias culturales. Desde 1.737 EUR por persona.","robots":{"index":"noindex","follow":"follow","max-snippet":"max-snippet:-1","max-image-preview":"max-image-preview:large","max-video-preview":"max-video-preview:-1"},"og_locale":"es_ES","og_type":"article","og_title":"Costa Rica Rundreise f\u00fcr Familien \u2013 17 Tage Fly & Drive mit Kindern","og_description":"Costa Rica Rundreise speziell f\u00fcr Familien: 17 Tage Fly & Drive von Tortuguero bis Monteverde. Mit Mietwagen, kinderfreundlichen Hotels und kulturellen Erlebnissen. Ab 1.737 EUR pro Person.","og_url":"https:\/\/new.latinconnect.com\/es\/producto\/costa-rica-viaje-por-carretera-familiar-con-coche-de-alquiler\/","og_site_name":"Latinconnect","article_modified_time":"2026-04-29T14:12:01+00:00","og_image":[{"width":2400,"height":1800,"url":"https:\/\/new.latinconnect.com\/wp-content\/uploads\/CRA_FFD_01_costa-rica-rundreise-familientour-fly-drive.png","type":"image\/png"}],"twitter_card":"summary_large_image","schema":{"@context":"https:\/\/schema.org","@graph":[{"@type":"WebPage","@id":"https:\/\/new.latinconnect.com\/product\/costa-rica-rundreise-familientour-fly-drive\/","url":"https:\/\/new.latinconnect.com\/product\/costa-rica-rundreise-familientour-fly-drive\/","name":"Viaje por Costa Rica para familias - 17 d\u00edas Fly &amp; Drive con ni\u00f1os","isPartOf":{"@id":"http:\/\/new.latinconnect.com\/de\/#website"},"primaryImageOfPage":{"@id":"https:\/\/new.latinconnect.com\/product\/costa-rica-rundreise-familientour-fly-drive\/#primaryimage"},"image":{"@id":"https:\/\/new.latinconnect.com\/product\/costa-rica-rundreise-familientour-fly-drive\/#primaryimage"},"thumbnailUrl":"https:\/\/new.latinconnect.com\/wp-content\/uploads\/CRA_FFD_01_costa-rica-rundreise-familientour-fly-drive.png","datePublished":"2026-04-29T13:59:53+00:00","dateModified":"2026-04-29T14:12:01+00:00","description":"Tour por Costa Rica especialmente para familias: 17 d\u00edas Fly &amp; Drive de Tortuguero a Monteverde. Con coche de alquiler, hoteles aptos para ni\u00f1os y experiencias culturales. Desde 1.737 EUR por persona.","breadcrumb":{"@id":"https:\/\/new.latinconnect.com\/product\/costa-rica-rundreise-familientour-fly-drive\/#breadcrumb"},"inLanguage":"es-CR","potentialAction":[{"@type":"ReadAction","target":["https:\/\/new.latinconnect.com\/product\/costa-rica-rundreise-familientour-fly-drive\/"]}]},{"@type":"ImageObject","inLanguage":"es-CR","@id":"https:\/\/new.latinconnect.com\/product\/costa-rica-rundreise-familientour-fly-drive\/#primaryimage","url":"https:\/\/new.latinconnect.com\/wp-content\/uploads\/CRA_FFD_01_costa-rica-rundreise-familientour-fly-drive.png","contentUrl":"https:\/\/new.latinconnect.com\/wp-content\/uploads\/CRA_FFD_01_costa-rica-rundreise-familientour-fly-drive.png","width":2400,"height":1800},{"@type":"BreadcrumbList","@id":"https:\/\/new.latinconnect.com\/product\/costa-rica-rundreise-familientour-fly-drive\/#breadcrumb","itemListElement":[{"@type":"ListItem","position":1,"name":"Home","item":"https:\/\/new.latinconnect.com\/"},{"@type":"ListItem","position":2,"name":"Costa Rica Rundreise \u2013 Familientour Fly &#038; Drive"}]},{"@type":"WebSite","@id":"http:\/\/new.latinconnect.com\/de\/#website","url":"http:\/\/new.latinconnect.com\/de\/","name":"Latinconnect","description":"Alianza DMC de Am\u00e9rica Latina","publisher":{"@id":"http:\/\/new.latinconnect.com\/de\/#organization"},"potentialAction":[{"@type":"SearchAction","target":{"@type":"EntryPoint","urlTemplate":"http:\/\/new.latinconnect.com\/de\/?s={search_term_string}"},"query-input":{"@type":"PropertyValueSpecification","valueRequired":true,"valueName":"search_term_string"}}],"inLanguage":"es-CR"},{"@type":"Organization","@id":"http:\/\/new.latinconnect.com\/de\/#organization","name":"Latinconnect","url":"http:\/\/new.latinconnect.com\/de\/","logo":{"@type":"ImageObject","inLanguage":"es-CR","@id":"http:\/\/new.latinconnect.com\/de\/#\/schema\/logo\/image\/","url":"https:\/\/new.latinconnect.com\/wp-content\/uploads\/logo-latinconnect.svg","contentUrl":"https:\/\/new.latinconnect.com\/wp-content\/uploads\/logo-latinconnect.svg","width":260,"height":50,"caption":"Latinconnect"},"image":{"@id":"http:\/\/new.latinconnect.com\/de\/#\/schema\/logo\/image\/"},"sameAs":["https:\/\/www.linkedin.com\/company\/latinconnect"]}]}},"_links":{"self":[{"href":"https:\/\/new.latinconnect.com\/es\/wp-json\/wp\/v2\/product\/8809","targetHints":{"allow":["GET"]}}],"collection":[{"href":"https:\/\/new.latinconnect.com\/es\/wp-json\/wp\/v2\/product"}],"about":[{"href":"https:\/\/new.latinconnect.com\/es\/wp-json\/wp\/v2\/types\/product"}],"wp:featuredmedia":[{"embeddable":true,"href":"https:\/\/new.latinconnect.com\/es\/wp-json\/wp\/v2\/media\/8279"}],"wp:attachment":[{"href":"https:\/\/new.latinconnect.com\/es\/wp-json\/wp\/v2\/media?parent=8809"}],"curies":[{"name":"wp","href":"https:\/\/api.w.org\/{rel}","templated":true}]}}