{"id":8470,"date":"2026-04-25T09:30:44","date_gmt":"2026-04-25T08:30:44","guid":{"rendered":"https:\/\/new.latinconnect.com\/product\/peru-rundreise-zubucherreise\/"},"modified":"2026-04-25T09:52:16","modified_gmt":"2026-04-25T08:52:16","slug":"peru-rundreise-zubucherreise","status":"publish","type":"product","link":"https:\/\/new.latinconnect.com\/es\/producto\/peru-rundreise-zubucherreise\/","title":{"rendered":"Peru Rundreise \u2013\u00a0Das Beste von Peru"},"content":{"rendered":"<p>Entdecke Peru auf einer 12-t\u00e4gigen Rundreise von Lima \u00fcber Arequipa und den spektakul\u00e4ren Colca Canyon bis zum mystischen Machu Picchu. Diese Peru Rundreise f\u00fchrt dich zu den kulturellen H\u00f6hepunkten des Landes und bietet dir authentische Begegnungen mit der faszinierenden Inka-Kultur.<\/p>","protected":false},"featured_media":0,"template":"","meta":{"_acf_changed":false},"class_list":["post-8470","product","type-product","status-publish","hentry"],"acf":[],"yoast_head":"<!-- This site is optimized with the Yoast SEO plugin v26.9 - https:\/\/yoast.com\/product\/yoast-seo-wordpress\/ -->\n<title>Peru Rundreise 2026 \u2013 12 Tage mit Inka Trail &amp; Machu Picchu<\/title>\n<meta name=\"description\" content=\"Peru Rundreise 2026: 12 Tage von Lima \u00fcber Colca Canyon zum Titicaca-See und Machu Picchu. Mit zweit\u00e4gigem Inka Trail und Regenbenberg Vinicunca. Ab 2.380 USD.\" \/>\n<meta name=\"robots\" content=\"noindex, follow, max-snippet:-1, max-image-preview:large, max-video-preview:-1\" \/>\n<meta property=\"og:locale\" content=\"es_ES\" \/>\n<meta property=\"og:type\" content=\"article\" \/>\n<meta property=\"og:title\" content=\"Peru Rundreise 2026 \u2013 12 Tage mit Inka Trail &amp; Machu Picchu\" \/>\n<meta property=\"og:description\" content=\"Peru Rundreise 2026: 12 Tage von Lima \u00fcber Colca Canyon zum Titicaca-See und Machu Picchu. Mit zweit\u00e4gigem Inka Trail und Regenbenberg Vinicunca. Ab 2.380 USD.\" \/>\n<meta property=\"og:url\" content=\"https:\/\/new.latinconnect.com\/es\/producto\/peru-rundreise-zubucherreise\/\" \/>\n<meta property=\"og:site_name\" content=\"Latinconnect\" \/>\n<meta property=\"article:modified_time\" content=\"2026-04-25T08:52:16+00:00\" \/>\n<meta name=\"twitter:card\" content=\"summary_large_image\" \/>\n<script type=\"application\/ld+json\" class=\"yoast-schema-graph\">{\"@context\":\"https:\/\/schema.org\",\"@graph\":[{\"@type\":\"WebPage\",\"@id\":\"https:\/\/new.latinconnect.com\/product\/peru-rundreise-zubucherreise\/\",\"url\":\"https:\/\/new.latinconnect.com\/product\/peru-rundreise-zubucherreise\/\",\"name\":\"Peru Rundreise 2026 \u2013 12 Tage mit Inka Trail & Machu Picchu\",\"isPartOf\":{\"@id\":\"http:\/\/new.latinconnect.com\/de\/#website\"},\"datePublished\":\"2026-04-25T08:30:44+00:00\",\"dateModified\":\"2026-04-25T08:52:16+00:00\",\"description\":\"Peru Rundreise 2026: 12 Tage von Lima \u00fcber Colca Canyon zum Titicaca-See und Machu Picchu. Mit zweit\u00e4gigem Inka Trail und Regenbenberg Vinicunca. Ab 2.380 USD.\",\"breadcrumb\":{\"@id\":\"https:\/\/new.latinconnect.com\/product\/peru-rundreise-zubucherreise\/#breadcrumb\"},\"inLanguage\":\"es-CR\",\"potentialAction\":[{\"@type\":\"ReadAction\",\"target\":[\"https:\/\/new.latinconnect.com\/product\/peru-rundreise-zubucherreise\/\"]}]},{\"@type\":\"BreadcrumbList\",\"@id\":\"https:\/\/new.latinconnect.com\/product\/peru-rundreise-zubucherreise\/#breadcrumb\",\"itemListElement\":[{\"@type\":\"ListItem\",\"position\":1,\"name\":\"Home\",\"item\":\"https:\/\/new.latinconnect.com\/\"},{\"@type\":\"ListItem\",\"position\":2,\"name\":\"Peru Rundreise \u2013\u00a0Das Beste von Peru\"}]},{\"@type\":\"WebSite\",\"@id\":\"http:\/\/new.latinconnect.com\/de\/#website\",\"url\":\"http:\/\/new.latinconnect.com\/de\/\",\"name\":\"Latinconnect\",\"description\":\"latin america&#039;s dmc alliance\",\"publisher\":{\"@id\":\"http:\/\/new.latinconnect.com\/de\/#organization\"},\"potentialAction\":[{\"@type\":\"SearchAction\",\"target\":{\"@type\":\"EntryPoint\",\"urlTemplate\":\"http:\/\/new.latinconnect.com\/de\/?s={search_term_string}\"},\"query-input\":{\"@type\":\"PropertyValueSpecification\",\"valueRequired\":true,\"valueName\":\"search_term_string\"}}],\"inLanguage\":\"es-CR\"},{\"@type\":\"Organization\",\"@id\":\"http:\/\/new.latinconnect.com\/de\/#organization\",\"name\":\"Latinconnect\",\"url\":\"http:\/\/new.latinconnect.com\/de\/\",\"logo\":{\"@type\":\"ImageObject\",\"inLanguage\":\"es-CR\",\"@id\":\"http:\/\/new.latinconnect.com\/de\/#\/schema\/logo\/image\/\",\"url\":\"https:\/\/new.latinconnect.com\/wp-content\/uploads\/logo-latinconnect.svg\",\"contentUrl\":\"https:\/\/new.latinconnect.com\/wp-content\/uploads\/logo-latinconnect.svg\",\"width\":260,\"height\":50,\"caption\":\"Latinconnect\"},\"image\":{\"@id\":\"http:\/\/new.latinconnect.com\/de\/#\/schema\/logo\/image\/\"},\"sameAs\":[\"https:\/\/www.linkedin.com\/company\/latinconnect\"]}]}<\/script>\n<!-- \/ Yoast SEO plugin. -->","yoast_head_json":{"title":"Peru Rundreise 2026 \u2013 12 Tage mit Inka Trail & Machu Picchu","description":"Peru Rundreise 2026: 12 Tage von Lima \u00fcber Colca Canyon zum Titicaca-See und Machu Picchu. Mit zweit\u00e4gigem Inka Trail und Regenbenberg Vinicunca. Ab 2.380 USD.","robots":{"index":"noindex","follow":"follow","max-snippet":"max-snippet:-1","max-image-preview":"max-image-preview:large","max-video-preview":"max-video-preview:-1"},"og_locale":"es_ES","og_type":"article","og_title":"Peru Rundreise 2026 \u2013 12 Tage mit Inka Trail & Machu Picchu","og_description":"Peru Rundreise 2026: 12 Tage von Lima \u00fcber Colca Canyon zum Titicaca-See und Machu Picchu. Mit zweit\u00e4gigem Inka Trail und Regenbenberg Vinicunca. Ab 2.380 USD.","og_url":"https:\/\/new.latinconnect.com\/es\/producto\/peru-rundreise-zubucherreise\/","og_site_name":"Latinconnect","article_modified_time":"2026-04-25T08:52:16+00:00","twitter_card":"summary_large_image","schema":{"@context":"https:\/\/schema.org","@graph":[{"@type":"WebPage","@id":"https:\/\/new.latinconnect.com\/product\/peru-rundreise-zubucherreise\/","url":"https:\/\/new.latinconnect.com\/product\/peru-rundreise-zubucherreise\/","name":"Peru Rundreise 2026 \u2013 12 Tage mit Inka Trail & Machu Picchu","isPartOf":{"@id":"http:\/\/new.latinconnect.com\/de\/#website"},"datePublished":"2026-04-25T08:30:44+00:00","dateModified":"2026-04-25T08:52:16+00:00","description":"Peru Rundreise 2026: 12 Tage von Lima \u00fcber Colca Canyon zum Titicaca-See und Machu Picchu. Mit zweit\u00e4gigem Inka Trail und Regenbenberg Vinicunca. Ab 2.380 USD.","breadcrumb":{"@id":"https:\/\/new.latinconnect.com\/product\/peru-rundreise-zubucherreise\/#breadcrumb"},"inLanguage":"es-CR","potentialAction":[{"@type":"ReadAction","target":["https:\/\/new.latinconnect.com\/product\/peru-rundreise-zubucherreise\/"]}]},{"@type":"BreadcrumbList","@id":"https:\/\/new.latinconnect.com\/product\/peru-rundreise-zubucherreise\/#breadcrumb","itemListElement":[{"@type":"ListItem","position":1,"name":"Home","item":"https:\/\/new.latinconnect.com\/"},{"@type":"ListItem","position":2,"name":"Peru Rundreise \u2013\u00a0Das Beste von Peru"}]},{"@type":"WebSite","@id":"http:\/\/new.latinconnect.com\/de\/#website","url":"http:\/\/new.latinconnect.com\/de\/","name":"Latinconnect","description":"Alianza DMC de Am\u00e9rica Latina","publisher":{"@id":"http:\/\/new.latinconnect.com\/de\/#organization"},"potentialAction":[{"@type":"SearchAction","target":{"@type":"EntryPoint","urlTemplate":"http:\/\/new.latinconnect.com\/de\/?s={search_term_string}"},"query-input":{"@type":"PropertyValueSpecification","valueRequired":true,"valueName":"search_term_string"}}],"inLanguage":"es-CR"},{"@type":"Organization","@id":"http:\/\/new.latinconnect.com\/de\/#organization","name":"Latinconnect","url":"http:\/\/new.latinconnect.com\/de\/","logo":{"@type":"ImageObject","inLanguage":"es-CR","@id":"http:\/\/new.latinconnect.com\/de\/#\/schema\/logo\/image\/","url":"https:\/\/new.latinconnect.com\/wp-content\/uploads\/logo-latinconnect.svg","contentUrl":"https:\/\/new.latinconnect.com\/wp-content\/uploads\/logo-latinconnect.svg","width":260,"height":50,"caption":"Latinconnect"},"image":{"@id":"http:\/\/new.latinconnect.com\/de\/#\/schema\/logo\/image\/"},"sameAs":["https:\/\/www.linkedin.com\/company\/latinconnect"]}]}},"_links":{"self":[{"href":"https:\/\/new.latinconnect.com\/es\/wp-json\/wp\/v2\/product\/8470","targetHints":{"allow":["GET"]}}],"collection":[{"href":"https:\/\/new.latinconnect.com\/es\/wp-json\/wp\/v2\/product"}],"about":[{"href":"https:\/\/new.latinconnect.com\/es\/wp-json\/wp\/v2\/types\/product"}],"wp:attachment":[{"href":"https:\/\/new.latinconnect.com\/es\/wp-json\/wp\/v2\/media?parent=8470"}],"curies":[{"name":"wp","href":"https:\/\/api.w.org\/{rel}","templated":true}]}}