{"id":55,"date":"2025-10-01T07:25:15","date_gmt":"2025-10-01T07:25:15","guid":{"rendered":"https:\/\/latinconnect.com\/blog\/?page_id=55"},"modified":"2026-03-02T13:12:07","modified_gmt":"2026-03-02T13:12:07","slug":"viajes-multipais","status":"publish","type":"page","link":"https:\/\/new.latinconnect.com\/es\/tours-colectivos\/viajes-multipais\/","title":{"rendered":"Combinaciones de pa\u00edses"},"content":{"rendered":"<div data-elementor-type=\"wp-page\" data-elementor-id=\"55\" class=\"elementor elementor-55\">\n\t\t\t\t<header class=\"elementor-element elementor-element-1aab147d e-con-full main-header e-flex wpr-particle-no wpr-jarallax-no wpr-parallax-no wpr-sticky-section-no e-con e-parent\" data-id=\"1aab147d\" data-element_type=\"container\" data-settings=\"{&quot;background_background&quot;:&quot;classic&quot;}\">\n\t\t<div class=\"elementor-element elementor-element-7d66c5e0 e-con-full e-flex wpr-particle-no wpr-jarallax-no wpr-parallax-no wpr-sticky-section-no e-con e-child\" data-id=\"7d66c5e0\" data-element_type=\"container\" data-settings=\"{&quot;position&quot;:&quot;absolute&quot;}\">\n\t\t\t\t<\/div>\n\t\t\t\t<div class=\"elementor-element elementor-element-5ad4e67a elementor-widget__width-initial elementor-widget elementor-widget-heading\" data-id=\"5ad4e67a\" data-element_type=\"widget\" data-widget_type=\"heading.default\">\n\t\t\t\t\t<h1 class=\"elementor-heading-title elementor-size-default\">Tours colectivos multipa\u00eds con\u00a0Latinconnect<\/h1>\t\t\t\t<\/div>\n\t\t\t\t<div class=\"elementor-element elementor-element-90c8cfc elementor-widget elementor-widget-wpr-elementor-template\" data-id=\"90c8cfc\" data-element_type=\"widget\" data-widget_type=\"wpr-elementor-template.default\">\n\t\t\t\t\t<style>.elementor-6334 .elementor-element.elementor-element-6bc5b328{--display:flex;--align-items:flex-start;--container-widget-width:calc( ( 1 - var( --container-widget-flex-grow ) ) * 100% );--border-radius:12px 12px 12px 12px;box-shadow:3px 3px 9px 0px rgba(0, 0, 0, 0.3);--padding-top:20px;--padding-bottom:20px;--padding-left:20px;--padding-right:20px;}.elementor-6334 .elementor-element.elementor-element-6bc5b328:not(.elementor-motion-effects-element-type-background), .elementor-6334 .elementor-element.elementor-element-6bc5b328 > .elementor-motion-effects-container > .elementor-motion-effects-layer{background-color:#FFFFFF2E;}.elementor-6334 .elementor-element.elementor-element-6bc5b328.e-con{--align-self:center;}.elementor-6334 .elementor-element.elementor-element-47477b3c{width:100%;max-width:100%;}.elementor-6334 .elementor-element.elementor-element-47477b3c.elementor-element{--align-self:center;}@media(min-width:768px){.elementor-6334 .elementor-element.elementor-element-6bc5b328{--width:750px;}}\/* Start custom CSS for shortcode, class: .elementor-element-47477b3c *\/.elementor-6334 .elementor-element.elementor-element-47477b3c {\n    \n}\/* End custom CSS *\/<\/style>\t\t<div data-elementor-type=\"container\" data-elementor-id=\"6334\" class=\"elementor elementor-6334\">\n\t\t\t\t<div class=\"elementor-element elementor-element-6bc5b328 e-con-full e-flex wpr-particle-no wpr-jarallax-no wpr-parallax-no wpr-sticky-section-no e-con e-child\" data-id=\"6bc5b328\" data-element_type=\"container\" id=\"ai-tool-glass\" data-settings=\"{&quot;background_background&quot;:&quot;classic&quot;}\">\n\t\t\t\t<div class=\"elementor-element elementor-element-47477b3c elementor-widget__width-inherit elementor-widget elementor-widget-shortcode\" data-id=\"47477b3c\" data-element_type=\"widget\" data-widget_type=\"shortcode.default\">\n\t\t\t\t\t\t\t<div class=\"elementor-shortcode\">        <div class=\"ai-chat-input-only ai-tool-home\" style=\"width: 100%;\">\n                        <div class=\"ai-chat-input-container\">\n                <input type=\"text\" class=\"ai-chat-input\" placeholder=\"Soy tu asistente personal. \u00bfC\u00f3mo puedo ayudarte?\">\n                <button class=\"ai-chat-send\"><\/button>\n            <\/div>\n            <div class=\"ai-chat-loading\" style=\"display: none;\">La IA est\u00e1 pensando...<\/div>\n        <\/div>\n    <\/div>\n\t\t\t\t\t\t<\/div>\n\t\t\t\t<\/div>\n\t\t\t\t<\/div>\n\t\t<span class=\"wpr-template-edit-btn\" data-permalink=\"https:\/\/new.latinconnect.com\/es\/?elementor_library=ai-header\">Editar plantilla<\/span>\t\t\t\t<\/div>\n\t\t\t\t<\/header>\n\t\t<div class=\"elementor-element elementor-element-4e4217a5 e-flex e-con-boxed wpr-particle-no wpr-jarallax-no wpr-parallax-no wpr-sticky-section-no e-con e-parent\" data-id=\"4e4217a5\" data-element_type=\"container\">\n\t\t\t\t\t<div class=\"e-con-inner\">\n\t\t<div class=\"elementor-element elementor-element-d9817b7 e-con-full e-flex wpr-particle-no wpr-jarallax-no wpr-parallax-no wpr-sticky-section-no e-con e-child\" data-id=\"d9817b7\" data-element_type=\"container\">\n\t\t\t\t<div class=\"elementor-element elementor-element-7fe50564 elementor-widget elementor-widget-heading\" data-id=\"7fe50564\" data-element_type=\"widget\" data-widget_type=\"heading.default\">\n\t\t\t\t\t<h2 class=\"elementor-heading-title elementor-size-default\">Rutas combinadas por Am\u00e9rica Latina<\/h2>\t\t\t\t<\/div>\n\t\t\t\t<div class=\"elementor-element elementor-element-2f3ceab0 elementor-widget__width-inherit elementor-widget elementor-widget-text-editor\" data-id=\"2f3ceab0\" data-element_type=\"widget\" data-widget_type=\"text-editor.default\">\n\t\t\t\t\t\t\t\t\t<p>Estos itinerarios cuidadosamente dise\u00f1ados combinan varios pa\u00edses en una sola experiencia de viaje, permitiendo descubrir distintas culturas, paisajes y lugares emblem\u00e1ticos en un mismo recorrido. Gracias a salidas garantizadas desde solo dos participantes y a un tama\u00f1o m\u00e1ximo de grupo de entre 10 y 16 personas, los viajeros disfrutan de un ambiente cercano y una atenci\u00f3n personalizada. Todos los viajes est\u00e1n acompa\u00f1ados por gu\u00edas experimentados de habla alemana, que comparten a lo largo del recorrido su profundo conocimiento de la regi\u00f3n. Ya sea explorando las impresionantes ruinas mayas de Guatemala y Belice, descubriendo las ciudades coloniales de M\u00e9xico y Cuba, o viviendo la espectacular naturaleza de Costa Rica y Panam\u00e1, las combinaciones de pa\u00edses de Latinconnect lo hacen posible.<\/p><p>Aproveche la experiencia de los DMC locales y disfrute de una organizaci\u00f3n fluida junto con perspectivas aut\u00e9nticas de cada destino visitado.<\/p>\t\t\t\t\t\t\t\t<\/div>\n\t\t\t\t<\/div>\n\t\t<div class=\"elementor-element elementor-element-4e9da14 e-con-full e-flex wpr-particle-no wpr-jarallax-no wpr-parallax-no wpr-sticky-section-no e-con e-child\" data-id=\"4e9da14\" data-element_type=\"container\">\n\t\t<div class=\"elementor-element elementor-element-75424824 e-con-full e-flex wpr-particle-no wpr-jarallax-no wpr-parallax-no wpr-sticky-section-no e-con e-child\" data-id=\"75424824\" data-element_type=\"container\">\n\t\t<div class=\"elementor-element elementor-element-6fe608f4 e-con-full e-flex wpr-particle-no wpr-jarallax-no wpr-parallax-no wpr-sticky-section-no e-con e-child\" data-id=\"6fe608f4\" data-element_type=\"container\">\n\t\t\t\t<div class=\"elementor-element elementor-element-54416364 elementor-widget elementor-widget-image\" data-id=\"54416364\" data-element_type=\"widget\" data-widget_type=\"image.default\">\n\t\t\t\t\t\t\t\t\t\t\t\t\t\t\t<img fetchpriority=\"high\" decoding=\"async\" width=\"400\" height=\"267\" src=\"https:\/\/new.latinconnect.com\/wp-content\/uploads\/latinconnect-zubucherreisen-kombireisen-bild-1.webp\" class=\"attachment-medium size-medium wp-image-2629\" alt=\"Muelle de madera que conduce tranquilamente al mar al atardecer, s\u00edmbolo de inicio de viaje y nuevas perspectivas\" \/>\t\t\t\t\t\t\t\t\t\t\t\t\t\t\t<\/div>\n\t\t\t\t<\/div>\n\t\t<div class=\"elementor-element elementor-element-802a9dd e-con-full e-flex wpr-particle-no wpr-jarallax-no wpr-parallax-no wpr-sticky-section-no e-con e-child\" data-id=\"802a9dd\" data-element_type=\"container\">\n\t\t\t\t<div class=\"elementor-element elementor-element-7b4640f6 elementor-widget__width-initial elementor-widget elementor-widget-image\" data-id=\"7b4640f6\" data-element_type=\"widget\" data-widget_type=\"image.default\">\n\t\t\t\t\t\t\t\t\t\t\t\t\t\t\t<img decoding=\"async\" width=\"350\" height=\"214\" src=\"https:\/\/new.latinconnect.com\/wp-content\/uploads\/latinconnect-zubucherreisen-kombireisen-bild-2.webp\" class=\"attachment-medium size-medium wp-image-2633\" alt=\"Amplio paisaje volc\u00e1nico en Latinoam\u00e9rica con llanura \u00e1rida, monta\u00f1as y cielo dram\u00e1tico\" \/>\t\t\t\t\t\t\t\t\t\t\t\t\t\t\t<\/div>\n\t\t\t\t<\/div>\n\t\t\t\t<\/div>\n\t\t<div class=\"elementor-element elementor-element-52834789 e-con-full e-flex wpr-particle-no wpr-jarallax-no wpr-parallax-no wpr-sticky-section-no e-con e-child\" data-id=\"52834789\" data-element_type=\"container\">\n\t\t<div class=\"elementor-element elementor-element-4a31d2ab e-con-full e-flex wpr-particle-no wpr-jarallax-no wpr-parallax-no wpr-sticky-section-no e-con e-child\" data-id=\"4a31d2ab\" data-element_type=\"container\">\n\t\t\t\t<div class=\"elementor-element elementor-element-2095867 elementor-widget elementor-widget-image\" data-id=\"2095867\" data-element_type=\"widget\" data-widget_type=\"image.default\">\n\t\t\t\t\t\t\t\t\t\t\t\t\t\t\t<img decoding=\"async\" width=\"400\" height=\"400\" src=\"https:\/\/new.latinconnect.com\/wp-content\/uploads\/latinconnect-zubucherreisen-kombireisen-bild-3.webp\" class=\"attachment-thumbnail size-thumbnail wp-image-2637\" alt=\"Le\u00f3n marino descansando relajado en la playa, primer plano de un animal t\u00edpico de Latinoam\u00e9rica\" \/>\t\t\t\t\t\t\t\t\t\t\t\t\t\t\t<\/div>\n\t\t\t\t<\/div>\n\t\t\t\t<\/div>\n\t\t\t\t<\/div>\n\t\t\t\t\t<\/div>\n\t\t\t\t<\/div>\n\t\t<div class=\"elementor-element elementor-element-390f66 e-flex e-con-boxed wpr-particle-no wpr-jarallax-no wpr-parallax-no wpr-sticky-section-no e-con e-parent\" data-id=\"390f66\" data-element_type=\"container\" data-settings=\"{&quot;background_background&quot;:&quot;classic&quot;}\">\n\t\t\t\t\t<div class=\"e-con-inner\">\n\t\t\t\t<div class=\"elementor-element elementor-element-109920f6 elementor-widget elementor-widget-heading\" data-id=\"109920f6\" data-element_type=\"widget\" data-widget_type=\"heading.default\">\n\t\t\t\t\t<h2 class=\"elementor-heading-title elementor-size-default\">Resumen de ofertas<\/h2>\t\t\t\t<\/div>\n\t\t\t\t<div class=\"elementor-element elementor-element-9001b5b elementor-widget elementor-widget-shortcode\" data-id=\"9001b5b\" data-element_type=\"widget\" data-widget_type=\"shortcode.default\">\n\t\t\t\t\t\t\t<div class=\"elementor-shortcode\">    <div class=\"lc-seatin-app\"\n        data-country=\"MUL\"\n        data-lang=\"es\"\n        data-has-data=\"0\">\n        \n        \n        <div class=\"lc-seatin-results\">\n            <div class=\"no-posts-found\">Actualmente no hay tours colectivos disponibles...<\/div>        <\/div>\n    <\/div>\n    <\/div>\n\t\t\t\t\t\t<\/div>\n\t\t\t\t\t<\/div>\n\t\t\t\t<\/div>\n\t\t\t\t<\/div>","protected":false},"excerpt":{"rendered":"<p>L\u00e4nder\u00fcbergreifende Zubucherreisen mit Latinconnect AI is thinking&#8230; Edit Template Kombireisen durch Lateinamerika Diese sorgf\u00e4ltig zusammengestellten Reisen verbinden mehrere L\u00e4nder zu einem einzigartigen Erlebnis und bieten dir die M\u00f6glichkeit, verschiedene Kulturen, Landschaften und Sehensw\u00fcrdigkeiten in einer Tour zu erleben. Dank garantierten Abfahrten bereits ab zwei Personen und einer maximalen Gruppengr\u00f6sse von 10 bis 16 Teilnehmenden geniesst du eine pers\u00f6nliche Atmosph\u00e4re und individuelle Betreuung. Alle Reisen werden von erfahrenen, deutschsprachigen Reiseleitern begleitet, die ihr umfangreiches Wissen \u00fcber die Region mit dir teilen. Ob du die beeindruckenden Ruinen der Maya in Guatemala und Belize erkundest, die kolonialen St\u00e4dte Mexikos und Kubas entdeckst oder die atemberaubende Natur Costa Ricas und Panamas erleben m\u00f6chtest \u2013 die L\u00e4nderkombinationen von Latinconnect machen es m\u00f6glich. Profitiere von der Expertise lokaler DMC-Partner und erlebe eine reibungslose Organisation sowie authentische Einblicke in die bereisten L\u00e4nder. Angebots\u00fcbersicht<\/p>","protected":false},"author":3,"featured_media":2625,"parent":3182,"menu_order":0,"comment_status":"closed","ping_status":"closed","template":"","meta":{"_acf_changed":false,"footnotes":""},"class_list":["post-55","page","type-page","status-publish","has-post-thumbnail","hentry"],"acf":[],"yoast_head":"<!-- This site is optimized with the Yoast SEO plugin v26.9 - https:\/\/yoast.com\/product\/yoast-seo-wordpress\/ -->\n<title>L\u00e4nderkombinationen in Lateinamerika | Latinconnect<\/title>\n<meta name=\"description\" content=\"Zubucher-L\u00e4nderkombinationen durch mehrere L\u00e4nder Lateinamerikas mit qualifizierter Reiseleitung, garantierten Terminen und kleinen Gruppen.\" \/>\n<meta name=\"robots\" content=\"noindex, follow, max-snippet:-1, max-image-preview:large, max-video-preview:-1\" \/>\n<meta property=\"og:locale\" content=\"es_ES\" \/>\n<meta property=\"og:type\" content=\"article\" \/>\n<meta property=\"og:title\" content=\"L\u00e4nderkombinationen in Lateinamerika | Latinconnect\" \/>\n<meta property=\"og:description\" content=\"Zubucher-L\u00e4nderkombinationen durch mehrere L\u00e4nder Lateinamerikas mit qualifizierter Reiseleitung, garantierten Terminen und kleinen Gruppen.\" \/>\n<meta property=\"og:url\" content=\"https:\/\/new.latinconnect.com\/es\/tours-colectivos\/viajes-multipais\/\" \/>\n<meta property=\"og:site_name\" content=\"Latinconnect\" \/>\n<meta property=\"article:modified_time\" content=\"2026-03-02T13:12:07+00:00\" \/>\n<meta property=\"og:image\" content=\"https:\/\/new.latinconnect.com\/wp-content\/uploads\/latinconnect-zubucherreisen-headerbild.webp\" \/>\n\t<meta property=\"og:image:width\" content=\"1920\" \/>\n\t<meta property=\"og:image:height\" content=\"855\" \/>\n\t<meta property=\"og:image:type\" content=\"image\/webp\" \/>\n<meta name=\"twitter:card\" content=\"summary_large_image\" \/>\n<meta name=\"twitter:label1\" content=\"Est. reading time\" \/>\n\t<meta name=\"twitter:data1\" content=\"2 minutos\" \/>\n<script type=\"application\/ld+json\" class=\"yoast-schema-graph\">{\"@context\":\"https:\/\/schema.org\",\"@graph\":[{\"@type\":\"WebPage\",\"@id\":\"https:\/\/new.latinconnect.com\/zubucherreisen\/laenderkombinationen\/\",\"url\":\"https:\/\/new.latinconnect.com\/zubucherreisen\/laenderkombinationen\/\",\"name\":\"L\u00e4nderkombinationen in Lateinamerika | Latinconnect\",\"isPartOf\":{\"@id\":\"http:\/\/new.latinconnect.com\/de\/#website\"},\"primaryImageOfPage\":{\"@id\":\"https:\/\/new.latinconnect.com\/zubucherreisen\/laenderkombinationen\/#primaryimage\"},\"image\":{\"@id\":\"https:\/\/new.latinconnect.com\/zubucherreisen\/laenderkombinationen\/#primaryimage\"},\"thumbnailUrl\":\"https:\/\/new.latinconnect.com\/wp-content\/uploads\/latinconnect-zubucherreisen-headerbild.webp\",\"datePublished\":\"2025-10-01T07:25:15+00:00\",\"dateModified\":\"2026-03-02T13:12:07+00:00\",\"description\":\"Zubucher-L\u00e4nderkombinationen durch mehrere L\u00e4nder Lateinamerikas mit qualifizierter Reiseleitung, garantierten Terminen und kleinen Gruppen.\",\"breadcrumb\":{\"@id\":\"https:\/\/new.latinconnect.com\/zubucherreisen\/laenderkombinationen\/#breadcrumb\"},\"inLanguage\":\"es-CR\",\"potentialAction\":[{\"@type\":\"ReadAction\",\"target\":[\"https:\/\/new.latinconnect.com\/zubucherreisen\/laenderkombinationen\/\"]}]},{\"@type\":\"ImageObject\",\"inLanguage\":\"es-CR\",\"@id\":\"https:\/\/new.latinconnect.com\/zubucherreisen\/laenderkombinationen\/#primaryimage\",\"url\":\"https:\/\/new.latinconnect.com\/wp-content\/uploads\/latinconnect-zubucherreisen-headerbild.webp\",\"contentUrl\":\"https:\/\/new.latinconnect.com\/wp-content\/uploads\/latinconnect-zubucherreisen-headerbild.webp\",\"width\":1920,\"height\":855,\"caption\":\"Hand h\u00e4lt eine kleine Weltkugel vor Berglandschaft\"},{\"@type\":\"BreadcrumbList\",\"@id\":\"https:\/\/new.latinconnect.com\/zubucherreisen\/laenderkombinationen\/#breadcrumb\",\"itemListElement\":[{\"@type\":\"ListItem\",\"position\":1,\"name\":\"Home\",\"item\":\"https:\/\/new.latinconnect.com\/\"},{\"@type\":\"ListItem\",\"position\":2,\"name\":\"Zubucherreisen\",\"item\":\"https:\/\/new.latinconnect.com\/zubucherreisen\/\"},{\"@type\":\"ListItem\",\"position\":3,\"name\":\"L\u00e4nderkombinationen\"}]},{\"@type\":\"WebSite\",\"@id\":\"http:\/\/new.latinconnect.com\/de\/#website\",\"url\":\"http:\/\/new.latinconnect.com\/de\/\",\"name\":\"Latinconnect\",\"description\":\"latin america&#039;s dmc alliance\",\"publisher\":{\"@id\":\"http:\/\/new.latinconnect.com\/de\/#organization\"},\"potentialAction\":[{\"@type\":\"SearchAction\",\"target\":{\"@type\":\"EntryPoint\",\"urlTemplate\":\"http:\/\/new.latinconnect.com\/de\/?s={search_term_string}\"},\"query-input\":{\"@type\":\"PropertyValueSpecification\",\"valueRequired\":true,\"valueName\":\"search_term_string\"}}],\"inLanguage\":\"es-CR\"},{\"@type\":\"Organization\",\"@id\":\"http:\/\/new.latinconnect.com\/de\/#organization\",\"name\":\"Latinconnect\",\"url\":\"http:\/\/new.latinconnect.com\/de\/\",\"logo\":{\"@type\":\"ImageObject\",\"inLanguage\":\"es-CR\",\"@id\":\"http:\/\/new.latinconnect.com\/de\/#\/schema\/logo\/image\/\",\"url\":\"https:\/\/new.latinconnect.com\/wp-content\/uploads\/logo-latinconnect.svg\",\"contentUrl\":\"https:\/\/new.latinconnect.com\/wp-content\/uploads\/logo-latinconnect.svg\",\"width\":260,\"height\":50,\"caption\":\"Latinconnect\"},\"image\":{\"@id\":\"http:\/\/new.latinconnect.com\/de\/#\/schema\/logo\/image\/\"},\"sameAs\":[\"https:\/\/www.linkedin.com\/company\/latinconnect\"]}]}<\/script>\n<!-- \/ Yoast SEO plugin. -->","yoast_head_json":{"title":"Combinaciones de pa\u00edses en Latinoam\u00e9rica | Latinconnect","description":"Combinaciones de pa\u00edses en grupo compartido por varios pa\u00edses de Latinoam\u00e9rica con gu\u00eda cualificada, fechas garantizadas y grupos peque\u00f1os.","robots":{"index":"noindex","follow":"follow","max-snippet":"max-snippet:-1","max-image-preview":"max-image-preview:large","max-video-preview":"max-video-preview:-1"},"og_locale":"es_ES","og_type":"article","og_title":"L\u00e4nderkombinationen in Lateinamerika | Latinconnect","og_description":"Zubucher-L\u00e4nderkombinationen durch mehrere L\u00e4nder Lateinamerikas mit qualifizierter Reiseleitung, garantierten Terminen und kleinen Gruppen.","og_url":"https:\/\/new.latinconnect.com\/es\/tours-colectivos\/viajes-multipais\/","og_site_name":"Latinconnect","article_modified_time":"2026-03-02T13:12:07+00:00","og_image":[{"width":1920,"height":855,"url":"https:\/\/new.latinconnect.com\/wp-content\/uploads\/latinconnect-zubucherreisen-headerbild.webp","type":"image\/webp"}],"twitter_card":"summary_large_image","twitter_misc":{"Est. reading time":"2 minutos"},"schema":{"@context":"https:\/\/schema.org","@graph":[{"@type":"WebPage","@id":"https:\/\/new.latinconnect.com\/zubucherreisen\/laenderkombinationen\/","url":"https:\/\/new.latinconnect.com\/zubucherreisen\/laenderkombinationen\/","name":"Combinaciones de pa\u00edses en Latinoam\u00e9rica | Latinconnect","isPartOf":{"@id":"http:\/\/new.latinconnect.com\/de\/#website"},"primaryImageOfPage":{"@id":"https:\/\/new.latinconnect.com\/zubucherreisen\/laenderkombinationen\/#primaryimage"},"image":{"@id":"https:\/\/new.latinconnect.com\/zubucherreisen\/laenderkombinationen\/#primaryimage"},"thumbnailUrl":"https:\/\/new.latinconnect.com\/wp-content\/uploads\/latinconnect-zubucherreisen-headerbild.webp","datePublished":"2025-10-01T07:25:15+00:00","dateModified":"2026-03-02T13:12:07+00:00","description":"Combinaciones de pa\u00edses en grupo compartido por varios pa\u00edses de Latinoam\u00e9rica con gu\u00eda cualificada, fechas garantizadas y grupos peque\u00f1os.","breadcrumb":{"@id":"https:\/\/new.latinconnect.com\/zubucherreisen\/laenderkombinationen\/#breadcrumb"},"inLanguage":"es-CR","potentialAction":[{"@type":"ReadAction","target":["https:\/\/new.latinconnect.com\/zubucherreisen\/laenderkombinationen\/"]}]},{"@type":"ImageObject","inLanguage":"es-CR","@id":"https:\/\/new.latinconnect.com\/zubucherreisen\/laenderkombinationen\/#primaryimage","url":"https:\/\/new.latinconnect.com\/wp-content\/uploads\/latinconnect-zubucherreisen-headerbild.webp","contentUrl":"https:\/\/new.latinconnect.com\/wp-content\/uploads\/latinconnect-zubucherreisen-headerbild.webp","width":1920,"height":855,"caption":"Hand h\u00e4lt eine kleine Weltkugel vor Berglandschaft"},{"@type":"BreadcrumbList","@id":"https:\/\/new.latinconnect.com\/zubucherreisen\/laenderkombinationen\/#breadcrumb","itemListElement":[{"@type":"ListItem","position":1,"name":"Home","item":"https:\/\/new.latinconnect.com\/"},{"@type":"ListItem","position":2,"name":"Zubucherreisen","item":"https:\/\/new.latinconnect.com\/zubucherreisen\/"},{"@type":"ListItem","position":3,"name":"L\u00e4nderkombinationen"}]},{"@type":"WebSite","@id":"http:\/\/new.latinconnect.com\/de\/#website","url":"http:\/\/new.latinconnect.com\/de\/","name":"Latinconnect","description":"Alianza DMC de Am\u00e9rica Latina","publisher":{"@id":"http:\/\/new.latinconnect.com\/de\/#organization"},"potentialAction":[{"@type":"SearchAction","target":{"@type":"EntryPoint","urlTemplate":"http:\/\/new.latinconnect.com\/de\/?s={search_term_string}"},"query-input":{"@type":"PropertyValueSpecification","valueRequired":true,"valueName":"search_term_string"}}],"inLanguage":"es-CR"},{"@type":"Organization","@id":"http:\/\/new.latinconnect.com\/de\/#organization","name":"Latinconnect","url":"http:\/\/new.latinconnect.com\/de\/","logo":{"@type":"ImageObject","inLanguage":"es-CR","@id":"http:\/\/new.latinconnect.com\/de\/#\/schema\/logo\/image\/","url":"https:\/\/new.latinconnect.com\/wp-content\/uploads\/logo-latinconnect.svg","contentUrl":"https:\/\/new.latinconnect.com\/wp-content\/uploads\/logo-latinconnect.svg","width":260,"height":50,"caption":"Latinconnect"},"image":{"@id":"http:\/\/new.latinconnect.com\/de\/#\/schema\/logo\/image\/"},"sameAs":["https:\/\/www.linkedin.com\/company\/latinconnect"]}]}},"_links":{"self":[{"href":"https:\/\/new.latinconnect.com\/es\/wp-json\/wp\/v2\/pages\/55","targetHints":{"allow":["GET"]}}],"collection":[{"href":"https:\/\/new.latinconnect.com\/es\/wp-json\/wp\/v2\/pages"}],"about":[{"href":"https:\/\/new.latinconnect.com\/es\/wp-json\/wp\/v2\/types\/page"}],"author":[{"embeddable":true,"href":"https:\/\/new.latinconnect.com\/es\/wp-json\/wp\/v2\/users\/3"}],"replies":[{"embeddable":true,"href":"https:\/\/new.latinconnect.com\/es\/wp-json\/wp\/v2\/comments?post=55"}],"version-history":[{"count":73,"href":"https:\/\/new.latinconnect.com\/es\/wp-json\/wp\/v2\/pages\/55\/revisions"}],"predecessor-version":[{"id":7144,"href":"https:\/\/new.latinconnect.com\/es\/wp-json\/wp\/v2\/pages\/55\/revisions\/7144"}],"up":[{"embeddable":true,"href":"https:\/\/new.latinconnect.com\/es\/wp-json\/wp\/v2\/pages\/3182"}],"wp:featuredmedia":[{"embeddable":true,"href":"https:\/\/new.latinconnect.com\/es\/wp-json\/wp\/v2\/media\/2625"}],"wp:attachment":[{"href":"https:\/\/new.latinconnect.com\/es\/wp-json\/wp\/v2\/media?parent=55"}],"curies":[{"name":"wp","href":"https:\/\/api.w.org\/{rel}","templated":true}]}}