{"id":3045,"date":"2025-11-28T09:14:43","date_gmt":"2025-11-28T09:14:43","guid":{"rendered":"https:\/\/new.latinconnect.com\/?page_id=3045"},"modified":"2026-04-15T16:59:36","modified_gmt":"2026-04-15T15:59:36","slug":"academy","status":"publish","type":"page","link":"https:\/\/new.latinconnect.com\/es\/academy\/","title":{"rendered":"Academia"},"content":{"rendered":"<div data-elementor-type=\"wp-page\" data-elementor-id=\"3045\" class=\"elementor elementor-3045\">\n\t\t\t\t<header class=\"elementor-element elementor-element-24a178cc e-con-full main-header e-flex wpr-particle-no wpr-jarallax-no wpr-parallax-no wpr-sticky-section-no e-con e-parent\" data-id=\"24a178cc\" data-element_type=\"container\" data-settings=\"{&quot;background_background&quot;:&quot;classic&quot;}\">\n\t\t<div class=\"elementor-element elementor-element-1c2584d9 e-con-full e-flex wpr-particle-no wpr-jarallax-no wpr-parallax-no wpr-sticky-section-no e-con e-child\" data-id=\"1c2584d9\" data-element_type=\"container\" data-settings=\"{&quot;position&quot;:&quot;absolute&quot;}\">\n\t\t\t\t<\/div>\n\t\t\t\t<div class=\"elementor-element elementor-element-693a43c6 elementor-widget__width-initial elementor-widget elementor-widget-heading\" data-id=\"693a43c6\" data-element_type=\"widget\" data-widget_type=\"heading.default\">\n\t\t\t\t\t<h1 class=\"elementor-heading-title elementor-size-default\">Latinconnect Academy \u2013 <br>\nEl conocimiento es valor a\u00f1adido<\/h1>\t\t\t\t<\/div>\n\t\t\t\t<div class=\"elementor-element elementor-element-5136600 elementor-widget elementor-widget-wpr-elementor-template\" data-id=\"5136600\" data-element_type=\"widget\" data-widget_type=\"wpr-elementor-template.default\">\n\t\t\t\t\t<style>.elementor-6334 .elementor-element.elementor-element-6bc5b328{--display:flex;--align-items:flex-start;--container-widget-width:calc( ( 1 - var( --container-widget-flex-grow ) ) * 100% );--border-radius:12px 12px 12px 12px;box-shadow:3px 3px 9px 0px rgba(0, 0, 0, 0.3);--padding-top:20px;--padding-bottom:20px;--padding-left:20px;--padding-right:20px;}.elementor-6334 .elementor-element.elementor-element-6bc5b328:not(.elementor-motion-effects-element-type-background), .elementor-6334 .elementor-element.elementor-element-6bc5b328 > .elementor-motion-effects-container > .elementor-motion-effects-layer{background-color:#FFFFFF2E;}.elementor-6334 .elementor-element.elementor-element-6bc5b328.e-con{--align-self:center;}.elementor-6334 .elementor-element.elementor-element-47477b3c{width:100%;max-width:100%;}.elementor-6334 .elementor-element.elementor-element-47477b3c.elementor-element{--align-self:center;}@media(min-width:768px){.elementor-6334 .elementor-element.elementor-element-6bc5b328{--width:750px;}}\/* Start custom CSS for shortcode, class: .elementor-element-47477b3c *\/.elementor-6334 .elementor-element.elementor-element-47477b3c {\n    \n}\/* End custom CSS *\/<\/style>\t\t<div data-elementor-type=\"container\" data-elementor-id=\"6334\" class=\"elementor elementor-6334\">\n\t\t\t\t<div class=\"elementor-element elementor-element-6bc5b328 e-con-full e-flex wpr-particle-no wpr-jarallax-no wpr-parallax-no wpr-sticky-section-no e-con e-child\" data-id=\"6bc5b328\" data-element_type=\"container\" id=\"ai-tool-glass\" data-settings=\"{&quot;background_background&quot;:&quot;classic&quot;}\">\n\t\t\t\t<div class=\"elementor-element elementor-element-47477b3c elementor-widget__width-inherit elementor-widget elementor-widget-shortcode\" data-id=\"47477b3c\" data-element_type=\"widget\" data-widget_type=\"shortcode.default\">\n\t\t\t\t\t\t\t<div class=\"elementor-shortcode\">        <div class=\"ai-chat-input-only ai-tool-home\" style=\"width: 100%;\">\n                        <div class=\"ai-chat-input-container\">\n                <input type=\"text\" class=\"ai-chat-input\" placeholder=\"Soy tu asistente personal. \u00bfC\u00f3mo puedo ayudarte?\">\n                <button class=\"ai-chat-send\"><\/button>\n            <\/div>\n            <div class=\"ai-chat-loading\" style=\"display: none;\">La IA est\u00e1 pensando...<\/div>\n        <\/div>\n    <\/div>\n\t\t\t\t\t\t<\/div>\n\t\t\t\t<\/div>\n\t\t\t\t<\/div>\n\t\t<span class=\"wpr-template-edit-btn\" data-permalink=\"https:\/\/new.latinconnect.com\/es\/?elementor_library=ai-header\">Editar plantilla<\/span>\t\t\t\t<\/div>\n\t\t\t\t<\/header>\n\t\t<div class=\"elementor-element elementor-element-20e2305e e-flex e-con-boxed wpr-particle-no wpr-jarallax-no wpr-parallax-no wpr-sticky-section-no e-con e-parent\" data-id=\"20e2305e\" data-element_type=\"container\" data-settings=\"{&quot;background_background&quot;:&quot;classic&quot;}\">\n\t\t\t\t\t<div class=\"e-con-inner\">\n\t\t\t\t<div class=\"elementor-element elementor-element-4b1c936 elementor-widget elementor-widget-heading\" data-id=\"4b1c936\" data-element_type=\"widget\" data-widget_type=\"heading.default\">\n\t\t\t\t\t<h2 class=\"elementor-heading-title elementor-size-default\">Nuestros webinars<\/h2>\t\t\t\t<\/div>\n\t\t\t\t<div class=\"elementor-element elementor-element-4026a77e elementor-widget__width-initial elementor-widget elementor-widget-text-editor\" data-id=\"4026a77e\" data-element_type=\"widget\" data-widget_type=\"text-editor.default\">\n\t\t\t\t\t\t\t\t\t<p>Nuestra serie de webinars 2026 est\u00e1 dirigida a revendedores con experiencia, as\u00ed como a quienes desean convertirse en uno. De forma breve y concisa, presentamos las fortalezas de nuestros socios DMC, destacamos experiencias especiales en los destinos, compartimos novedades de las agencias y aportamos informaci\u00f3n relevante sobre la colaboraci\u00f3n con Latinconnect.<\/p><p>\u00a1No se pierda este valioso contenido para sus ventas! Los pr\u00f3ximos webinars se muestran a continuaci\u00f3n. \u00a1Inscr\u00edbase all\u00ed!<\/p>\t\t\t\t\t\t\t\t<\/div>\n\t\t\t\t<div class=\"elementor-element elementor-element-ebe9e9f elementor-widget__width-inherit data-table-container elementor-widget elementor-widget-shortcode\" data-id=\"ebe9e9f\" data-element_type=\"widget\" data-widget_type=\"shortcode.default\">\n\t\t\t\t\t\t\t<div class=\"elementor-shortcode\"><p class=\"no-posts-found\">No hay seminarios web programados...<\/p><\/div>\n\t\t\t\t\t\t<\/div>\n\t\t\t\t\t<\/div>\n\t\t\t\t<\/div>\n\t\t\t\t<\/div>","protected":false},"excerpt":{"rendered":"<p>Latinconnect Academy \u2013 Know-how ist Mehrwert AI is thinking&#8230; Edit Template Unsere Webinare Unsere Webinar Reihe 2026 richtet sich an erfahrene Wiederverk\u00e4ufer und solche, die es werden wollen! Kurz und knapp berichten wir \u00fcber die St\u00e4rken unserer DMC-Partner, besondere Erlebnisse in den L\u00e4ndern, Neuigkeiten der Agenturen sowie Wissenswertes zur Zusammenarbeit mit Latinconnect. Lasse dir diesen Input f\u00fcr deinen Verkauf nicht entgehen! Die n\u00e4chsten Webinare sind gleich unten aufgef\u00fchrt. Melde dich dort an!<\/p>","protected":false},"author":3,"featured_media":3048,"parent":0,"menu_order":0,"comment_status":"closed","ping_status":"closed","template":"","meta":{"_acf_changed":false,"footnotes":""},"class_list":["post-3045","page","type-page","status-publish","has-post-thumbnail","hentry"],"acf":[],"yoast_head":"<!-- This site is optimized with the Yoast SEO plugin v26.9 - https:\/\/yoast.com\/product\/yoast-seo-wordpress\/ -->\n<title>Academy \u2013 Webinare &amp; Fachwissen | Latinconnect<\/title>\n<meta name=\"description\" content=\"Webinare f\u00fcr den Reisevertrieb mit Destinationswissen, Produktupdates und Tipps zur Zusammenarbeit mit DMC-Partnern.\" \/>\n<meta name=\"robots\" content=\"noindex, follow, max-snippet:-1, max-image-preview:large, max-video-preview:-1\" \/>\n<meta property=\"og:locale\" content=\"es_ES\" \/>\n<meta property=\"og:type\" content=\"article\" \/>\n<meta property=\"og:title\" content=\"Academy \u2013 Webinare &amp; Fachwissen | Latinconnect\" \/>\n<meta property=\"og:description\" content=\"Webinare f\u00fcr den Reisevertrieb mit Destinationswissen, Produktupdates und Tipps zur Zusammenarbeit mit DMC-Partnern.\" \/>\n<meta property=\"og:url\" content=\"https:\/\/new.latinconnect.com\/es\/academy\/\" \/>\n<meta property=\"og:site_name\" content=\"Latinconnect\" \/>\n<meta property=\"article:modified_time\" content=\"2026-04-15T15:59:36+00:00\" \/>\n<meta property=\"og:image\" content=\"https:\/\/new.latinconnect.com\/wp-content\/uploads\/latinconnect-support-academy-headerbild.webp\" \/>\n\t<meta property=\"og:image:width\" content=\"1920\" \/>\n\t<meta property=\"og:image:height\" content=\"858\" \/>\n\t<meta property=\"og:image:type\" content=\"image\/webp\" \/>\n<meta name=\"twitter:card\" content=\"summary_large_image\" \/>\n<meta name=\"twitter:label1\" content=\"Est. reading time\" \/>\n\t<meta name=\"twitter:data1\" content=\"1 minuto\" \/>\n<script type=\"application\/ld+json\" class=\"yoast-schema-graph\">{\"@context\":\"https:\/\/schema.org\",\"@graph\":[{\"@type\":\"WebPage\",\"@id\":\"https:\/\/new.latinconnect.com\/de\/academy\/\",\"url\":\"https:\/\/new.latinconnect.com\/de\/academy\/\",\"name\":\"Academy \u2013 Webinare & Fachwissen | Latinconnect\",\"isPartOf\":{\"@id\":\"http:\/\/new.latinconnect.com\/de\/#website\"},\"primaryImageOfPage\":{\"@id\":\"https:\/\/new.latinconnect.com\/de\/academy\/#primaryimage\"},\"image\":{\"@id\":\"https:\/\/new.latinconnect.com\/de\/academy\/#primaryimage\"},\"thumbnailUrl\":\"https:\/\/new.latinconnect.com\/wp-content\/uploads\/latinconnect-support-academy-headerbild.webp\",\"datePublished\":\"2025-11-28T09:14:43+00:00\",\"dateModified\":\"2026-04-15T15:59:36+00:00\",\"description\":\"Webinare f\u00fcr den Reisevertrieb mit Destinationswissen, Produktupdates und Tipps zur Zusammenarbeit mit DMC-Partnern.\",\"breadcrumb\":{\"@id\":\"https:\/\/new.latinconnect.com\/de\/academy\/#breadcrumb\"},\"inLanguage\":\"es-CR\",\"potentialAction\":[{\"@type\":\"ReadAction\",\"target\":[\"https:\/\/new.latinconnect.com\/de\/academy\/\"]}]},{\"@type\":\"ImageObject\",\"inLanguage\":\"es-CR\",\"@id\":\"https:\/\/new.latinconnect.com\/de\/academy\/#primaryimage\",\"url\":\"https:\/\/new.latinconnect.com\/wp-content\/uploads\/latinconnect-support-academy-headerbild.webp\",\"contentUrl\":\"https:\/\/new.latinconnect.com\/wp-content\/uploads\/latinconnect-support-academy-headerbild.webp\",\"width\":1920,\"height\":858,\"caption\":\"Boot f\u00e4hrt \u00fcber ruhiges Meer vor vulkanischer K\u00fcstenlandschaft in Lateinamerika\"},{\"@type\":\"BreadcrumbList\",\"@id\":\"https:\/\/new.latinconnect.com\/de\/academy\/#breadcrumb\",\"itemListElement\":[{\"@type\":\"ListItem\",\"position\":1,\"name\":\"Home\",\"item\":\"https:\/\/new.latinconnect.com\/\"},{\"@type\":\"ListItem\",\"position\":2,\"name\":\"Academy\"}]},{\"@type\":\"WebSite\",\"@id\":\"http:\/\/new.latinconnect.com\/de\/#website\",\"url\":\"http:\/\/new.latinconnect.com\/de\/\",\"name\":\"Latinconnect\",\"description\":\"latin america&#039;s dmc alliance\",\"publisher\":{\"@id\":\"http:\/\/new.latinconnect.com\/de\/#organization\"},\"potentialAction\":[{\"@type\":\"SearchAction\",\"target\":{\"@type\":\"EntryPoint\",\"urlTemplate\":\"http:\/\/new.latinconnect.com\/de\/?s={search_term_string}\"},\"query-input\":{\"@type\":\"PropertyValueSpecification\",\"valueRequired\":true,\"valueName\":\"search_term_string\"}}],\"inLanguage\":\"es-CR\"},{\"@type\":\"Organization\",\"@id\":\"http:\/\/new.latinconnect.com\/de\/#organization\",\"name\":\"Latinconnect\",\"url\":\"http:\/\/new.latinconnect.com\/de\/\",\"logo\":{\"@type\":\"ImageObject\",\"inLanguage\":\"es-CR\",\"@id\":\"http:\/\/new.latinconnect.com\/de\/#\/schema\/logo\/image\/\",\"url\":\"https:\/\/new.latinconnect.com\/wp-content\/uploads\/logo-latinconnect.svg\",\"contentUrl\":\"https:\/\/new.latinconnect.com\/wp-content\/uploads\/logo-latinconnect.svg\",\"width\":260,\"height\":50,\"caption\":\"Latinconnect\"},\"image\":{\"@id\":\"http:\/\/new.latinconnect.com\/de\/#\/schema\/logo\/image\/\"},\"sameAs\":[\"https:\/\/www.linkedin.com\/company\/latinconnect\"]}]}<\/script>\n<!-- \/ Yoast SEO plugin. -->","yoast_head_json":{"title":"Academy \u2013 Webinars y Conocimiento Especializado | Latinconnect","description":"Webinars para la distribuci\u00f3n tur\u00edstica con conocimiento de destinos, actualizaciones de productos y consejos para la colaboraci\u00f3n con socios DMC.","robots":{"index":"noindex","follow":"follow","max-snippet":"max-snippet:-1","max-image-preview":"max-image-preview:large","max-video-preview":"max-video-preview:-1"},"og_locale":"es_ES","og_type":"article","og_title":"Academy \u2013 Webinare & Fachwissen | Latinconnect","og_description":"Webinare f\u00fcr den Reisevertrieb mit Destinationswissen, Produktupdates und Tipps zur Zusammenarbeit mit DMC-Partnern.","og_url":"https:\/\/new.latinconnect.com\/es\/academy\/","og_site_name":"Latinconnect","article_modified_time":"2026-04-15T15:59:36+00:00","og_image":[{"width":1920,"height":858,"url":"https:\/\/new.latinconnect.com\/wp-content\/uploads\/latinconnect-support-academy-headerbild.webp","type":"image\/webp"}],"twitter_card":"summary_large_image","twitter_misc":{"Est. reading time":"1 minuto"},"schema":{"@context":"https:\/\/schema.org","@graph":[{"@type":"WebPage","@id":"https:\/\/new.latinconnect.com\/de\/academy\/","url":"https:\/\/new.latinconnect.com\/de\/academy\/","name":"Academy \u2013 Webinars y Conocimiento Especializado | Latinconnect","isPartOf":{"@id":"http:\/\/new.latinconnect.com\/de\/#website"},"primaryImageOfPage":{"@id":"https:\/\/new.latinconnect.com\/de\/academy\/#primaryimage"},"image":{"@id":"https:\/\/new.latinconnect.com\/de\/academy\/#primaryimage"},"thumbnailUrl":"https:\/\/new.latinconnect.com\/wp-content\/uploads\/latinconnect-support-academy-headerbild.webp","datePublished":"2025-11-28T09:14:43+00:00","dateModified":"2026-04-15T15:59:36+00:00","description":"Webinars para la distribuci\u00f3n tur\u00edstica con conocimiento de destinos, actualizaciones de productos y consejos para la colaboraci\u00f3n con socios DMC.","breadcrumb":{"@id":"https:\/\/new.latinconnect.com\/de\/academy\/#breadcrumb"},"inLanguage":"es-CR","potentialAction":[{"@type":"ReadAction","target":["https:\/\/new.latinconnect.com\/de\/academy\/"]}]},{"@type":"ImageObject","inLanguage":"es-CR","@id":"https:\/\/new.latinconnect.com\/de\/academy\/#primaryimage","url":"https:\/\/new.latinconnect.com\/wp-content\/uploads\/latinconnect-support-academy-headerbild.webp","contentUrl":"https:\/\/new.latinconnect.com\/wp-content\/uploads\/latinconnect-support-academy-headerbild.webp","width":1920,"height":858,"caption":"Boot f\u00e4hrt \u00fcber ruhiges Meer vor vulkanischer K\u00fcstenlandschaft in Lateinamerika"},{"@type":"BreadcrumbList","@id":"https:\/\/new.latinconnect.com\/de\/academy\/#breadcrumb","itemListElement":[{"@type":"ListItem","position":1,"name":"Home","item":"https:\/\/new.latinconnect.com\/"},{"@type":"ListItem","position":2,"name":"Academy"}]},{"@type":"WebSite","@id":"http:\/\/new.latinconnect.com\/de\/#website","url":"http:\/\/new.latinconnect.com\/de\/","name":"Latinconnect","description":"Alianza DMC de Am\u00e9rica Latina","publisher":{"@id":"http:\/\/new.latinconnect.com\/de\/#organization"},"potentialAction":[{"@type":"SearchAction","target":{"@type":"EntryPoint","urlTemplate":"http:\/\/new.latinconnect.com\/de\/?s={search_term_string}"},"query-input":{"@type":"PropertyValueSpecification","valueRequired":true,"valueName":"search_term_string"}}],"inLanguage":"es-CR"},{"@type":"Organization","@id":"http:\/\/new.latinconnect.com\/de\/#organization","name":"Latinconnect","url":"http:\/\/new.latinconnect.com\/de\/","logo":{"@type":"ImageObject","inLanguage":"es-CR","@id":"http:\/\/new.latinconnect.com\/de\/#\/schema\/logo\/image\/","url":"https:\/\/new.latinconnect.com\/wp-content\/uploads\/logo-latinconnect.svg","contentUrl":"https:\/\/new.latinconnect.com\/wp-content\/uploads\/logo-latinconnect.svg","width":260,"height":50,"caption":"Latinconnect"},"image":{"@id":"http:\/\/new.latinconnect.com\/de\/#\/schema\/logo\/image\/"},"sameAs":["https:\/\/www.linkedin.com\/company\/latinconnect"]}]}},"_links":{"self":[{"href":"https:\/\/new.latinconnect.com\/es\/wp-json\/wp\/v2\/pages\/3045","targetHints":{"allow":["GET"]}}],"collection":[{"href":"https:\/\/new.latinconnect.com\/es\/wp-json\/wp\/v2\/pages"}],"about":[{"href":"https:\/\/new.latinconnect.com\/es\/wp-json\/wp\/v2\/types\/page"}],"author":[{"embeddable":true,"href":"https:\/\/new.latinconnect.com\/es\/wp-json\/wp\/v2\/users\/3"}],"replies":[{"embeddable":true,"href":"https:\/\/new.latinconnect.com\/es\/wp-json\/wp\/v2\/comments?post=3045"}],"version-history":[{"count":58,"href":"https:\/\/new.latinconnect.com\/es\/wp-json\/wp\/v2\/pages\/3045\/revisions"}],"predecessor-version":[{"id":7936,"href":"https:\/\/new.latinconnect.com\/es\/wp-json\/wp\/v2\/pages\/3045\/revisions\/7936"}],"wp:featuredmedia":[{"embeddable":true,"href":"https:\/\/new.latinconnect.com\/es\/wp-json\/wp\/v2\/media\/3048"}],"wp:attachment":[{"href":"https:\/\/new.latinconnect.com\/es\/wp-json\/wp\/v2\/media?parent=3045"}],"curies":[{"name":"wp","href":"https:\/\/api.w.org\/{rel}","templated":true}]}}