{"id":8862,"date":"2026-04-29T15:00:37","date_gmt":"2026-04-29T14:00:37","guid":{"rendered":"https:\/\/new.latinconnect.com\/product\/kuba-rundreise-erlebnis-kuba\/"},"modified":"2026-04-29T15:12:05","modified_gmt":"2026-04-29T14:12:05","slug":"cuba-round-trip-experience-cuba","status":"publish","type":"product","link":"https:\/\/new.latinconnect.com\/en\/product\/cuba-round-trip-experience-cuba\/","title":{"rendered":"Cuba Grand Tour \u2013 Experience Cuba 2026\/2027"},"content":{"rendered":"<p>Discover the fascinating island of Cuba on this tour, from Havana to Trinidad. Experience an unforgettable journey through Cuba, taking you to the natural treasures of the west, vibrant cities, and rich culture. Immerse yourself in authentic Cuba and be inspired by its history and people.<\/p>","protected":false},"featured_media":8403,"template":"","meta":{"_acf_changed":false},"class_list":["post-8862","product","type-product","status-publish","has-post-thumbnail","hentry"],"acf":[],"yoast_head":"<!-- This site is optimized with the Yoast SEO plugin v26.9 - https:\/\/yoast.com\/product\/yoast-seo-wordpress\/ -->\n<title>Kuba Rundreise \u2013 Erlebnis Kuba 2026\/2027: Havanna, Vi\u00f1ales, Trinidad entdecken<\/title>\n<meta name=\"description\" content=\"Erlebe eine unvergessliche Kuba Rundreise von Havanna bis Trinidad. Entdecke die Natursch\u00e4tze im Vi\u00f1ales-Tal, die Kolonialst\u00e4dte Cienfuegos und Trinidad und tauche ein in die kubanische Kultur. Diese Reise durch Kuba bietet dir tiefe Einblicke und authentische Erlebnisse.\" \/>\n<meta name=\"robots\" content=\"noindex, follow, max-snippet:-1, max-image-preview:large, max-video-preview:-1\" \/>\n<meta property=\"og:locale\" content=\"en_GB\" \/>\n<meta property=\"og:type\" content=\"article\" \/>\n<meta property=\"og:title\" content=\"Kuba Rundreise \u2013 Erlebnis Kuba 2026\/2027: Havanna, Vi\u00f1ales, Trinidad entdecken\" \/>\n<meta property=\"og:description\" content=\"Erlebe eine unvergessliche Kuba Rundreise von Havanna bis Trinidad. Entdecke die Natursch\u00e4tze im Vi\u00f1ales-Tal, die Kolonialst\u00e4dte Cienfuegos und Trinidad und tauche ein in die kubanische Kultur. Diese Reise durch Kuba bietet dir tiefe Einblicke und authentische Erlebnisse.\" \/>\n<meta property=\"og:url\" content=\"https:\/\/new.latinconnect.com\/en\/product\/cuba-round-trip-experience-cuba\/\" \/>\n<meta property=\"og:site_name\" content=\"Latinconnect\" \/>\n<meta property=\"article:modified_time\" content=\"2026-04-29T14:12:05+00:00\" \/>\n<meta property=\"og:image\" content=\"https:\/\/new.latinconnect.com\/wp-content\/uploads\/CUB_EK2_01_kuba-rundreise-erlebnis-kuba.png\" \/>\n\t<meta property=\"og:image:width\" content=\"2400\" \/>\n\t<meta property=\"og:image:height\" content=\"1800\" \/>\n\t<meta property=\"og:image:type\" content=\"image\/png\" \/>\n<meta name=\"twitter:card\" content=\"summary_large_image\" \/>\n<script type=\"application\/ld+json\" class=\"yoast-schema-graph\">{\"@context\":\"https:\/\/schema.org\",\"@graph\":[{\"@type\":\"WebPage\",\"@id\":\"https:\/\/new.latinconnect.com\/product\/kuba-rundreise-erlebnis-kuba\/\",\"url\":\"https:\/\/new.latinconnect.com\/product\/kuba-rundreise-erlebnis-kuba\/\",\"name\":\"Kuba Rundreise \u2013 Erlebnis Kuba 2026\/2027: Havanna, Vi\u00f1ales, Trinidad entdecken\",\"isPartOf\":{\"@id\":\"http:\/\/new.latinconnect.com\/de\/#website\"},\"primaryImageOfPage\":{\"@id\":\"https:\/\/new.latinconnect.com\/product\/kuba-rundreise-erlebnis-kuba\/#primaryimage\"},\"image\":{\"@id\":\"https:\/\/new.latinconnect.com\/product\/kuba-rundreise-erlebnis-kuba\/#primaryimage\"},\"thumbnailUrl\":\"https:\/\/new.latinconnect.com\/wp-content\/uploads\/CUB_EK2_01_kuba-rundreise-erlebnis-kuba.png\",\"datePublished\":\"2026-04-29T14:00:37+00:00\",\"dateModified\":\"2026-04-29T14:12:05+00:00\",\"description\":\"Erlebe eine unvergessliche Kuba Rundreise von Havanna bis Trinidad. Entdecke die Natursch\u00e4tze im Vi\u00f1ales-Tal, die Kolonialst\u00e4dte Cienfuegos und Trinidad und tauche ein in die kubanische Kultur. Diese Reise durch Kuba bietet dir tiefe Einblicke und authentische Erlebnisse.\",\"breadcrumb\":{\"@id\":\"https:\/\/new.latinconnect.com\/product\/kuba-rundreise-erlebnis-kuba\/#breadcrumb\"},\"inLanguage\":\"en-GB\",\"potentialAction\":[{\"@type\":\"ReadAction\",\"target\":[\"https:\/\/new.latinconnect.com\/product\/kuba-rundreise-erlebnis-kuba\/\"]}]},{\"@type\":\"ImageObject\",\"inLanguage\":\"en-GB\",\"@id\":\"https:\/\/new.latinconnect.com\/product\/kuba-rundreise-erlebnis-kuba\/#primaryimage\",\"url\":\"https:\/\/new.latinconnect.com\/wp-content\/uploads\/CUB_EK2_01_kuba-rundreise-erlebnis-kuba.png\",\"contentUrl\":\"https:\/\/new.latinconnect.com\/wp-content\/uploads\/CUB_EK2_01_kuba-rundreise-erlebnis-kuba.png\",\"width\":2400,\"height\":1800},{\"@type\":\"BreadcrumbList\",\"@id\":\"https:\/\/new.latinconnect.com\/product\/kuba-rundreise-erlebnis-kuba\/#breadcrumb\",\"itemListElement\":[{\"@type\":\"ListItem\",\"position\":1,\"name\":\"Home\",\"item\":\"https:\/\/new.latinconnect.com\/\"},{\"@type\":\"ListItem\",\"position\":2,\"name\":\"Kuba Rundreise \u2013 Erlebnis Kuba 2026\/2027\"}]},{\"@type\":\"WebSite\",\"@id\":\"http:\/\/new.latinconnect.com\/de\/#website\",\"url\":\"http:\/\/new.latinconnect.com\/de\/\",\"name\":\"Latinconnect\",\"description\":\"latin america&#039;s dmc alliance\",\"publisher\":{\"@id\":\"http:\/\/new.latinconnect.com\/de\/#organization\"},\"potentialAction\":[{\"@type\":\"SearchAction\",\"target\":{\"@type\":\"EntryPoint\",\"urlTemplate\":\"http:\/\/new.latinconnect.com\/de\/?s={search_term_string}\"},\"query-input\":{\"@type\":\"PropertyValueSpecification\",\"valueRequired\":true,\"valueName\":\"search_term_string\"}}],\"inLanguage\":\"en-GB\"},{\"@type\":\"Organization\",\"@id\":\"http:\/\/new.latinconnect.com\/de\/#organization\",\"name\":\"Latinconnect\",\"url\":\"http:\/\/new.latinconnect.com\/de\/\",\"logo\":{\"@type\":\"ImageObject\",\"inLanguage\":\"en-GB\",\"@id\":\"http:\/\/new.latinconnect.com\/de\/#\/schema\/logo\/image\/\",\"url\":\"https:\/\/new.latinconnect.com\/wp-content\/uploads\/logo-latinconnect.svg\",\"contentUrl\":\"https:\/\/new.latinconnect.com\/wp-content\/uploads\/logo-latinconnect.svg\",\"width\":260,\"height\":50,\"caption\":\"Latinconnect\"},\"image\":{\"@id\":\"http:\/\/new.latinconnect.com\/de\/#\/schema\/logo\/image\/\"},\"sameAs\":[\"https:\/\/www.linkedin.com\/company\/latinconnect\"]}]}<\/script>\n<!-- \/ Yoast SEO plugin. -->","yoast_head_json":{"title":"Cuba Round Trip \u2013 Experience Cuba 2026\/2027: Discover Havana, Vi\u00f1ales, Trinidad","description":"Experience an unforgettable Cuba tour from Havana to Trinidad. Discover the natural treasures of the Vi\u00f1ales Valley, the colonial cities of Cienfuegos and Trinidad, and immerse yourself in Cuban culture. This journey through Cuba offers deep insights and authentic experiences.","robots":{"index":"noindex","follow":"follow","max-snippet":"max-snippet:-1","max-image-preview":"max-image-preview:large","max-video-preview":"max-video-preview:-1"},"og_locale":"en_GB","og_type":"article","og_title":"Kuba Rundreise \u2013 Erlebnis Kuba 2026\/2027: Havanna, Vi\u00f1ales, Trinidad entdecken","og_description":"Erlebe eine unvergessliche Kuba Rundreise von Havanna bis Trinidad. Entdecke die Natursch\u00e4tze im Vi\u00f1ales-Tal, die Kolonialst\u00e4dte Cienfuegos und Trinidad und tauche ein in die kubanische Kultur. Diese Reise durch Kuba bietet dir tiefe Einblicke und authentische Erlebnisse.","og_url":"https:\/\/new.latinconnect.com\/en\/product\/cuba-round-trip-experience-cuba\/","og_site_name":"Latinconnect","article_modified_time":"2026-04-29T14:12:05+00:00","og_image":[{"width":2400,"height":1800,"url":"https:\/\/new.latinconnect.com\/wp-content\/uploads\/CUB_EK2_01_kuba-rundreise-erlebnis-kuba.png","type":"image\/png"}],"twitter_card":"summary_large_image","schema":{"@context":"https:\/\/schema.org","@graph":[{"@type":"WebPage","@id":"https:\/\/new.latinconnect.com\/product\/kuba-rundreise-erlebnis-kuba\/","url":"https:\/\/new.latinconnect.com\/product\/kuba-rundreise-erlebnis-kuba\/","name":"Cuba Round Trip \u2013 Experience Cuba 2026\/2027: Discover Havana, Vi\u00f1ales, Trinidad","isPartOf":{"@id":"http:\/\/new.latinconnect.com\/de\/#website"},"primaryImageOfPage":{"@id":"https:\/\/new.latinconnect.com\/product\/kuba-rundreise-erlebnis-kuba\/#primaryimage"},"image":{"@id":"https:\/\/new.latinconnect.com\/product\/kuba-rundreise-erlebnis-kuba\/#primaryimage"},"thumbnailUrl":"https:\/\/new.latinconnect.com\/wp-content\/uploads\/CUB_EK2_01_kuba-rundreise-erlebnis-kuba.png","datePublished":"2026-04-29T14:00:37+00:00","dateModified":"2026-04-29T14:12:05+00:00","description":"Experience an unforgettable Cuba tour from Havana to Trinidad. Discover the natural treasures of the Vi\u00f1ales Valley, the colonial cities of Cienfuegos and Trinidad, and immerse yourself in Cuban culture. This journey through Cuba offers deep insights and authentic experiences.","breadcrumb":{"@id":"https:\/\/new.latinconnect.com\/product\/kuba-rundreise-erlebnis-kuba\/#breadcrumb"},"inLanguage":"en-GB","potentialAction":[{"@type":"ReadAction","target":["https:\/\/new.latinconnect.com\/product\/kuba-rundreise-erlebnis-kuba\/"]}]},{"@type":"ImageObject","inLanguage":"en-GB","@id":"https:\/\/new.latinconnect.com\/product\/kuba-rundreise-erlebnis-kuba\/#primaryimage","url":"https:\/\/new.latinconnect.com\/wp-content\/uploads\/CUB_EK2_01_kuba-rundreise-erlebnis-kuba.png","contentUrl":"https:\/\/new.latinconnect.com\/wp-content\/uploads\/CUB_EK2_01_kuba-rundreise-erlebnis-kuba.png","width":2400,"height":1800},{"@type":"BreadcrumbList","@id":"https:\/\/new.latinconnect.com\/product\/kuba-rundreise-erlebnis-kuba\/#breadcrumb","itemListElement":[{"@type":"ListItem","position":1,"name":"Home","item":"https:\/\/new.latinconnect.com\/"},{"@type":"ListItem","position":2,"name":"Kuba Rundreise \u2013 Erlebnis Kuba 2026\/2027"}]},{"@type":"WebSite","@id":"http:\/\/new.latinconnect.com\/de\/#website","url":"http:\/\/new.latinconnect.com\/de\/","name":"Latinconnect","description":"latin america's dmc alliance","publisher":{"@id":"http:\/\/new.latinconnect.com\/de\/#organization"},"potentialAction":[{"@type":"SearchAction","target":{"@type":"EntryPoint","urlTemplate":"http:\/\/new.latinconnect.com\/de\/?s={search_term_string}"},"query-input":{"@type":"PropertyValueSpecification","valueRequired":true,"valueName":"search_term_string"}}],"inLanguage":"en-GB"},{"@type":"Organization","@id":"http:\/\/new.latinconnect.com\/de\/#organization","name":"Latinconnect","url":"http:\/\/new.latinconnect.com\/de\/","logo":{"@type":"ImageObject","inLanguage":"en-GB","@id":"http:\/\/new.latinconnect.com\/de\/#\/schema\/logo\/image\/","url":"https:\/\/new.latinconnect.com\/wp-content\/uploads\/logo-latinconnect.svg","contentUrl":"https:\/\/new.latinconnect.com\/wp-content\/uploads\/logo-latinconnect.svg","width":260,"height":50,"caption":"Latinconnect"},"image":{"@id":"http:\/\/new.latinconnect.com\/de\/#\/schema\/logo\/image\/"},"sameAs":["https:\/\/www.linkedin.com\/company\/latinconnect"]}]}},"_links":{"self":[{"href":"https:\/\/new.latinconnect.com\/en\/wp-json\/wp\/v2\/product\/8862","targetHints":{"allow":["GET"]}}],"collection":[{"href":"https:\/\/new.latinconnect.com\/en\/wp-json\/wp\/v2\/product"}],"about":[{"href":"https:\/\/new.latinconnect.com\/en\/wp-json\/wp\/v2\/types\/product"}],"wp:featuredmedia":[{"embeddable":true,"href":"https:\/\/new.latinconnect.com\/en\/wp-json\/wp\/v2\/media\/8403"}],"wp:attachment":[{"href":"https:\/\/new.latinconnect.com\/en\/wp-json\/wp\/v2\/media?parent=8862"}],"curies":[{"name":"wp","href":"https:\/\/api.w.org\/{rel}","templated":true}]}}