{"id":8857,"date":"2026-04-29T15:00:34","date_gmt":"2026-04-29T14:00:34","guid":{"rendered":"https:\/\/new.latinconnect.com\/product\/mexiko-rundreise-klassisches-mexiko\/"},"modified":"2026-04-29T15:12:04","modified_gmt":"2026-04-29T14:12:04","slug":"mexico-classic-tour","status":"publish","type":"product","link":"https:\/\/latinconnect.com\/en\/product\/mexico-classic-tour\/","title":{"rendered":"Mexico Tour \u2013 Classic Mexico"},"content":{"rendered":"<p>This 14-day Mexico tour takes you from the vibrant capital Mexico City to the dreamlike beaches of the Riviera Maya. You will experience Mexico's diversity up close: from the imposing pyramids of Teotihuac\u00e1n to the colonial splendour of Oaxaca and San Crist\u00f3bal de las Casas, and on to the mysterious Mayan sites such as Palenque and Chich\u00e9n Itz\u00e1.<\/p>","protected":false},"featured_media":8398,"template":"","meta":{"_acf_changed":false},"class_list":["post-8857","product","type-product","status-publish","has-post-thumbnail","hentry"],"acf":[],"yoast_head":"<!-- This site is optimized with the Yoast SEO plugin v26.9 - https:\/\/yoast.com\/product\/yoast-seo-wordpress\/ -->\n<title>Mexiko Rundreise \u2013 Klassisches Mexiko in 14 Tagen | Latinconnect<\/title>\n<meta name=\"description\" content=\"Entdecke Mexiko auf einer 14-t\u00e4gigen Rundreise von Mexiko Stadt bis zur Riviera Maya. Besuche Teotihuac\u00e1n, Oaxaca, Palenque und Chich\u00e9n Itz\u00e1. Mit Mietwagen und Fr\u00fchst\u00fcck ab 1.204 EUR.\" \/>\n<meta name=\"robots\" content=\"noindex, follow, max-snippet:-1, max-image-preview:large, max-video-preview:-1\" \/>\n<meta property=\"og:locale\" content=\"en_GB\" \/>\n<meta property=\"og:type\" content=\"article\" \/>\n<meta property=\"og:title\" content=\"Mexiko Rundreise \u2013 Klassisches Mexiko in 14 Tagen | Latinconnect\" \/>\n<meta property=\"og:description\" content=\"Entdecke Mexiko auf einer 14-t\u00e4gigen Rundreise von Mexiko Stadt bis zur Riviera Maya. Besuche Teotihuac\u00e1n, Oaxaca, Palenque und Chich\u00e9n Itz\u00e1. Mit Mietwagen und Fr\u00fchst\u00fcck ab 1.204 EUR.\" \/>\n<meta property=\"og:url\" content=\"https:\/\/latinconnect.com\/en\/product\/mexico-classic-tour\/\" \/>\n<meta property=\"og:site_name\" content=\"Latinconnect\" \/>\n<meta property=\"article:modified_time\" content=\"2026-04-29T14:12:04+00:00\" \/>\n<meta property=\"og:image\" content=\"https:\/\/latinconnect.com\/wp-content\/uploads\/MEX_KM_01_mexiko-rundreise-klassisches-mexiko.png\" \/>\n\t<meta property=\"og:image:width\" content=\"2400\" \/>\n\t<meta property=\"og:image:height\" content=\"1800\" \/>\n\t<meta property=\"og:image:type\" content=\"image\/png\" \/>\n<meta name=\"twitter:card\" content=\"summary_large_image\" \/>\n<script type=\"application\/ld+json\" class=\"yoast-schema-graph\">{\"@context\":\"https:\/\/schema.org\",\"@graph\":[{\"@type\":\"WebPage\",\"@id\":\"https:\/\/latinconnect.com\/product\/mexiko-rundreise-klassisches-mexiko\/\",\"url\":\"https:\/\/latinconnect.com\/product\/mexiko-rundreise-klassisches-mexiko\/\",\"name\":\"Mexiko Rundreise \u2013 Klassisches Mexiko in 14 Tagen | Latinconnect\",\"isPartOf\":{\"@id\":\"https:\/\/latinconnect.com\/de\/#website\"},\"primaryImageOfPage\":{\"@id\":\"https:\/\/latinconnect.com\/product\/mexiko-rundreise-klassisches-mexiko\/#primaryimage\"},\"image\":{\"@id\":\"https:\/\/latinconnect.com\/product\/mexiko-rundreise-klassisches-mexiko\/#primaryimage\"},\"thumbnailUrl\":\"https:\/\/latinconnect.com\/wp-content\/uploads\/MEX_KM_01_mexiko-rundreise-klassisches-mexiko.png\",\"datePublished\":\"2026-04-29T14:00:34+00:00\",\"dateModified\":\"2026-04-29T14:12:04+00:00\",\"description\":\"Entdecke Mexiko auf einer 14-t\u00e4gigen Rundreise von Mexiko Stadt bis zur Riviera Maya. Besuche Teotihuac\u00e1n, Oaxaca, Palenque und Chich\u00e9n Itz\u00e1. Mit Mietwagen und Fr\u00fchst\u00fcck ab 1.204 EUR.\",\"breadcrumb\":{\"@id\":\"https:\/\/latinconnect.com\/product\/mexiko-rundreise-klassisches-mexiko\/#breadcrumb\"},\"inLanguage\":\"en-GB\",\"potentialAction\":[{\"@type\":\"ReadAction\",\"target\":[\"https:\/\/latinconnect.com\/product\/mexiko-rundreise-klassisches-mexiko\/\"]}]},{\"@type\":\"ImageObject\",\"inLanguage\":\"en-GB\",\"@id\":\"https:\/\/latinconnect.com\/product\/mexiko-rundreise-klassisches-mexiko\/#primaryimage\",\"url\":\"https:\/\/latinconnect.com\/wp-content\/uploads\/MEX_KM_01_mexiko-rundreise-klassisches-mexiko.png\",\"contentUrl\":\"https:\/\/latinconnect.com\/wp-content\/uploads\/MEX_KM_01_mexiko-rundreise-klassisches-mexiko.png\",\"width\":2400,\"height\":1800},{\"@type\":\"BreadcrumbList\",\"@id\":\"https:\/\/latinconnect.com\/product\/mexiko-rundreise-klassisches-mexiko\/#breadcrumb\",\"itemListElement\":[{\"@type\":\"ListItem\",\"position\":1,\"name\":\"Home\",\"item\":\"https:\/\/latinconnect.com\/de\/\"},{\"@type\":\"ListItem\",\"position\":2,\"name\":\"Mexiko Rundreise \u2013 Klassisches Mexiko\"}]},{\"@type\":\"WebSite\",\"@id\":\"https:\/\/latinconnect.com\/de\/#website\",\"url\":\"https:\/\/latinconnect.com\/de\/\",\"name\":\"Latinconnect\",\"description\":\"latin america&#039;s dmc alliance\",\"publisher\":{\"@id\":\"https:\/\/latinconnect.com\/de\/#organization\"},\"potentialAction\":[{\"@type\":\"SearchAction\",\"target\":{\"@type\":\"EntryPoint\",\"urlTemplate\":\"https:\/\/latinconnect.com\/de\/?s={search_term_string}\"},\"query-input\":{\"@type\":\"PropertyValueSpecification\",\"valueRequired\":true,\"valueName\":\"search_term_string\"}}],\"inLanguage\":\"en-GB\"},{\"@type\":\"Organization\",\"@id\":\"https:\/\/latinconnect.com\/de\/#organization\",\"name\":\"Latinconnect\",\"url\":\"https:\/\/latinconnect.com\/de\/\",\"logo\":{\"@type\":\"ImageObject\",\"inLanguage\":\"en-GB\",\"@id\":\"https:\/\/latinconnect.com\/de\/#\/schema\/logo\/image\/\",\"url\":\"https:\/\/latinconnect.com\/wp-content\/uploads\/logo-latinconnect.svg\",\"contentUrl\":\"https:\/\/latinconnect.com\/wp-content\/uploads\/logo-latinconnect.svg\",\"width\":260,\"height\":50,\"caption\":\"Latinconnect\"},\"image\":{\"@id\":\"https:\/\/latinconnect.com\/de\/#\/schema\/logo\/image\/\"},\"sameAs\":[\"https:\/\/www.linkedin.com\/company\/latinconnect\"]}]}<\/script>\n<!-- \/ Yoast SEO plugin. -->","yoast_head_json":{"title":"Mexico Road Trip \u2013 Classic Mexico in 14 Days | Latinconnect","description":"Discover Mexico on a 14-day round trip from Mexico City to the Riviera Maya. Visit Teotihuac\u00e1n, Oaxaca, Palenque, and Chich\u00e9n Itz\u00e1. With a rental car and breakfast from \u20ac1,204.","robots":{"index":"noindex","follow":"follow","max-snippet":"max-snippet:-1","max-image-preview":"max-image-preview:large","max-video-preview":"max-video-preview:-1"},"og_locale":"en_GB","og_type":"article","og_title":"Mexiko Rundreise \u2013 Klassisches Mexiko in 14 Tagen | Latinconnect","og_description":"Entdecke Mexiko auf einer 14-t\u00e4gigen Rundreise von Mexiko Stadt bis zur Riviera Maya. Besuche Teotihuac\u00e1n, Oaxaca, Palenque und Chich\u00e9n Itz\u00e1. Mit Mietwagen und Fr\u00fchst\u00fcck ab 1.204 EUR.","og_url":"https:\/\/latinconnect.com\/en\/product\/mexico-classic-tour\/","og_site_name":"Latinconnect","article_modified_time":"2026-04-29T14:12:04+00:00","og_image":[{"width":2400,"height":1800,"url":"https:\/\/latinconnect.com\/wp-content\/uploads\/MEX_KM_01_mexiko-rundreise-klassisches-mexiko.png","type":"image\/png"}],"twitter_card":"summary_large_image","schema":{"@context":"https:\/\/schema.org","@graph":[{"@type":"WebPage","@id":"https:\/\/latinconnect.com\/product\/mexiko-rundreise-klassisches-mexiko\/","url":"https:\/\/latinconnect.com\/product\/mexiko-rundreise-klassisches-mexiko\/","name":"Mexico Road Trip \u2013 Classic Mexico in 14 Days | Latinconnect","isPartOf":{"@id":"https:\/\/latinconnect.com\/de\/#website"},"primaryImageOfPage":{"@id":"https:\/\/latinconnect.com\/product\/mexiko-rundreise-klassisches-mexiko\/#primaryimage"},"image":{"@id":"https:\/\/latinconnect.com\/product\/mexiko-rundreise-klassisches-mexiko\/#primaryimage"},"thumbnailUrl":"https:\/\/latinconnect.com\/wp-content\/uploads\/MEX_KM_01_mexiko-rundreise-klassisches-mexiko.png","datePublished":"2026-04-29T14:00:34+00:00","dateModified":"2026-04-29T14:12:04+00:00","description":"Discover Mexico on a 14-day round trip from Mexico City to the Riviera Maya. Visit Teotihuac\u00e1n, Oaxaca, Palenque, and Chich\u00e9n Itz\u00e1. With a rental car and breakfast from \u20ac1,204.","breadcrumb":{"@id":"https:\/\/latinconnect.com\/product\/mexiko-rundreise-klassisches-mexiko\/#breadcrumb"},"inLanguage":"en-GB","potentialAction":[{"@type":"ReadAction","target":["https:\/\/latinconnect.com\/product\/mexiko-rundreise-klassisches-mexiko\/"]}]},{"@type":"ImageObject","inLanguage":"en-GB","@id":"https:\/\/latinconnect.com\/product\/mexiko-rundreise-klassisches-mexiko\/#primaryimage","url":"https:\/\/latinconnect.com\/wp-content\/uploads\/MEX_KM_01_mexiko-rundreise-klassisches-mexiko.png","contentUrl":"https:\/\/latinconnect.com\/wp-content\/uploads\/MEX_KM_01_mexiko-rundreise-klassisches-mexiko.png","width":2400,"height":1800},{"@type":"BreadcrumbList","@id":"https:\/\/latinconnect.com\/product\/mexiko-rundreise-klassisches-mexiko\/#breadcrumb","itemListElement":[{"@type":"ListItem","position":1,"name":"Home","item":"https:\/\/latinconnect.com\/de\/"},{"@type":"ListItem","position":2,"name":"Mexiko Rundreise \u2013 Klassisches Mexiko"}]},{"@type":"WebSite","@id":"https:\/\/latinconnect.com\/de\/#website","url":"https:\/\/latinconnect.com\/de\/","name":"Latinconnect","description":"latin america's dmc alliance","publisher":{"@id":"https:\/\/latinconnect.com\/de\/#organization"},"potentialAction":[{"@type":"SearchAction","target":{"@type":"EntryPoint","urlTemplate":"https:\/\/latinconnect.com\/de\/?s={search_term_string}"},"query-input":{"@type":"PropertyValueSpecification","valueRequired":true,"valueName":"search_term_string"}}],"inLanguage":"en-GB"},{"@type":"Organization","@id":"https:\/\/latinconnect.com\/de\/#organization","name":"Latinconnect","url":"https:\/\/latinconnect.com\/de\/","logo":{"@type":"ImageObject","inLanguage":"en-GB","@id":"https:\/\/latinconnect.com\/de\/#\/schema\/logo\/image\/","url":"https:\/\/latinconnect.com\/wp-content\/uploads\/logo-latinconnect.svg","contentUrl":"https:\/\/latinconnect.com\/wp-content\/uploads\/logo-latinconnect.svg","width":260,"height":50,"caption":"Latinconnect"},"image":{"@id":"https:\/\/latinconnect.com\/de\/#\/schema\/logo\/image\/"},"sameAs":["https:\/\/www.linkedin.com\/company\/latinconnect"]}]}},"_links":{"self":[{"href":"https:\/\/latinconnect.com\/en\/wp-json\/wp\/v2\/product\/8857","targetHints":{"allow":["GET"]}}],"collection":[{"href":"https:\/\/latinconnect.com\/en\/wp-json\/wp\/v2\/product"}],"about":[{"href":"https:\/\/latinconnect.com\/en\/wp-json\/wp\/v2\/types\/product"}],"wp:featuredmedia":[{"embeddable":true,"href":"https:\/\/latinconnect.com\/en\/wp-json\/wp\/v2\/media\/8398"}],"wp:attachment":[{"href":"https:\/\/latinconnect.com\/en\/wp-json\/wp\/v2\/media?parent=8857"}],"curies":[{"name":"wp","href":"https:\/\/api.w.org\/{rel}","templated":true}]}}