{"id":8850,"date":"2026-04-29T15:00:29","date_gmt":"2026-04-29T14:00:29","guid":{"rendered":"https:\/\/new.latinconnect.com\/product\/mexiko-rundreise-chiapas\/"},"modified":"2026-04-29T15:12:04","modified_gmt":"2026-04-29T14:12:04","slug":"mexico-trip-chiapas","status":"publish","type":"product","link":"https:\/\/new.latinconnect.com\/en\/product\/mexico-trip-chiapas\/","title":{"rendered":"Mexico Tour \u2013 6 Days Chiapas"},"content":{"rendered":"<p>Discover the fascinating diversity of Chiapas in 6 days \u2013 from the colonial mountain town of San Crist\u00f3bal de las Casas to the legendary Mayan sites in the tropical lowlands. This Mexico tour takes you through spectacular landscapes, to mystical cultures, and into the secrets of one of Mesoamerica's most significant civilisations.<\/p>","protected":false},"featured_media":8390,"template":"","meta":{"_acf_changed":false},"class_list":["post-8850","product","type-product","status-publish","has-post-thumbnail","hentry"],"acf":[],"yoast_head":"<!-- This site is optimized with the Yoast SEO plugin v26.9 - https:\/\/yoast.com\/product\/yoast-seo-wordpress\/ -->\n<title>Mexiko Rundreise Chiapas 6 Tage - Maya-Kultur &amp; Natur erleben<\/title>\n<meta name=\"description\" content=\"6-t\u00e4gige Mexiko Rundreise durch Chiapas: Entdecke Maya-St\u00e4tten wie Palenque, koloniales San Crist\u00f3bal, Sumidero-Schlucht und authentische D\u00f6rfer. Ab 730 EUR.\" \/>\n<meta name=\"robots\" content=\"noindex, follow, max-snippet:-1, max-image-preview:large, max-video-preview:-1\" \/>\n<meta property=\"og:locale\" content=\"en_GB\" \/>\n<meta property=\"og:type\" content=\"article\" \/>\n<meta property=\"og:title\" content=\"Mexiko Rundreise Chiapas 6 Tage - Maya-Kultur &amp; Natur erleben\" \/>\n<meta property=\"og:description\" content=\"6-t\u00e4gige Mexiko Rundreise durch Chiapas: Entdecke Maya-St\u00e4tten wie Palenque, koloniales San Crist\u00f3bal, Sumidero-Schlucht und authentische D\u00f6rfer. Ab 730 EUR.\" \/>\n<meta property=\"og:url\" content=\"https:\/\/new.latinconnect.com\/en\/product\/mexico-trip-chiapas\/\" \/>\n<meta property=\"og:site_name\" content=\"Latinconnect\" \/>\n<meta property=\"article:modified_time\" content=\"2026-04-29T14:12:04+00:00\" \/>\n<meta property=\"og:image\" content=\"https:\/\/new.latinconnect.com\/wp-content\/uploads\/MEX_6TC_01_mexiko-rundreise-chiapas.png\" \/>\n\t<meta property=\"og:image:width\" content=\"2400\" \/>\n\t<meta property=\"og:image:height\" content=\"1800\" \/>\n\t<meta property=\"og:image:type\" content=\"image\/png\" \/>\n<meta name=\"twitter:card\" content=\"summary_large_image\" \/>\n<script type=\"application\/ld+json\" class=\"yoast-schema-graph\">{\"@context\":\"https:\/\/schema.org\",\"@graph\":[{\"@type\":\"WebPage\",\"@id\":\"https:\/\/new.latinconnect.com\/product\/mexiko-rundreise-chiapas\/\",\"url\":\"https:\/\/new.latinconnect.com\/product\/mexiko-rundreise-chiapas\/\",\"name\":\"Mexiko Rundreise Chiapas 6 Tage - Maya-Kultur & Natur erleben\",\"isPartOf\":{\"@id\":\"http:\/\/new.latinconnect.com\/de\/#website\"},\"primaryImageOfPage\":{\"@id\":\"https:\/\/new.latinconnect.com\/product\/mexiko-rundreise-chiapas\/#primaryimage\"},\"image\":{\"@id\":\"https:\/\/new.latinconnect.com\/product\/mexiko-rundreise-chiapas\/#primaryimage\"},\"thumbnailUrl\":\"https:\/\/new.latinconnect.com\/wp-content\/uploads\/MEX_6TC_01_mexiko-rundreise-chiapas.png\",\"datePublished\":\"2026-04-29T14:00:29+00:00\",\"dateModified\":\"2026-04-29T14:12:04+00:00\",\"description\":\"6-t\u00e4gige Mexiko Rundreise durch Chiapas: Entdecke Maya-St\u00e4tten wie Palenque, koloniales San Crist\u00f3bal, Sumidero-Schlucht und authentische D\u00f6rfer. Ab 730 EUR.\",\"breadcrumb\":{\"@id\":\"https:\/\/new.latinconnect.com\/product\/mexiko-rundreise-chiapas\/#breadcrumb\"},\"inLanguage\":\"en-GB\",\"potentialAction\":[{\"@type\":\"ReadAction\",\"target\":[\"https:\/\/new.latinconnect.com\/product\/mexiko-rundreise-chiapas\/\"]}]},{\"@type\":\"ImageObject\",\"inLanguage\":\"en-GB\",\"@id\":\"https:\/\/new.latinconnect.com\/product\/mexiko-rundreise-chiapas\/#primaryimage\",\"url\":\"https:\/\/new.latinconnect.com\/wp-content\/uploads\/MEX_6TC_01_mexiko-rundreise-chiapas.png\",\"contentUrl\":\"https:\/\/new.latinconnect.com\/wp-content\/uploads\/MEX_6TC_01_mexiko-rundreise-chiapas.png\",\"width\":2400,\"height\":1800},{\"@type\":\"BreadcrumbList\",\"@id\":\"https:\/\/new.latinconnect.com\/product\/mexiko-rundreise-chiapas\/#breadcrumb\",\"itemListElement\":[{\"@type\":\"ListItem\",\"position\":1,\"name\":\"Home\",\"item\":\"https:\/\/new.latinconnect.com\/\"},{\"@type\":\"ListItem\",\"position\":2,\"name\":\"Mexiko Rundreise \u2013 6 Tage Chiapas\"}]},{\"@type\":\"WebSite\",\"@id\":\"http:\/\/new.latinconnect.com\/de\/#website\",\"url\":\"http:\/\/new.latinconnect.com\/de\/\",\"name\":\"Latinconnect\",\"description\":\"latin america&#039;s dmc alliance\",\"publisher\":{\"@id\":\"http:\/\/new.latinconnect.com\/de\/#organization\"},\"potentialAction\":[{\"@type\":\"SearchAction\",\"target\":{\"@type\":\"EntryPoint\",\"urlTemplate\":\"http:\/\/new.latinconnect.com\/de\/?s={search_term_string}\"},\"query-input\":{\"@type\":\"PropertyValueSpecification\",\"valueRequired\":true,\"valueName\":\"search_term_string\"}}],\"inLanguage\":\"en-GB\"},{\"@type\":\"Organization\",\"@id\":\"http:\/\/new.latinconnect.com\/de\/#organization\",\"name\":\"Latinconnect\",\"url\":\"http:\/\/new.latinconnect.com\/de\/\",\"logo\":{\"@type\":\"ImageObject\",\"inLanguage\":\"en-GB\",\"@id\":\"http:\/\/new.latinconnect.com\/de\/#\/schema\/logo\/image\/\",\"url\":\"https:\/\/new.latinconnect.com\/wp-content\/uploads\/logo-latinconnect.svg\",\"contentUrl\":\"https:\/\/new.latinconnect.com\/wp-content\/uploads\/logo-latinconnect.svg\",\"width\":260,\"height\":50,\"caption\":\"Latinconnect\"},\"image\":{\"@id\":\"http:\/\/new.latinconnect.com\/de\/#\/schema\/logo\/image\/\"},\"sameAs\":[\"https:\/\/www.linkedin.com\/company\/latinconnect\"]}]}<\/script>\n<!-- \/ Yoast SEO plugin. -->","yoast_head_json":{"title":"Mexico Tour Chiapas 6 Days - Experience Maya Culture &amp; Nature","description":"6-day Mexico Tour through Chiapas: Discover Maya sites like Palenque, colonial San Crist\u00f3bal, Sumidero Canyon, and authentic villages. From \u20ac730.","robots":{"index":"noindex","follow":"follow","max-snippet":"max-snippet:-1","max-image-preview":"max-image-preview:large","max-video-preview":"max-video-preview:-1"},"og_locale":"en_GB","og_type":"article","og_title":"Mexiko Rundreise Chiapas 6 Tage - Maya-Kultur & Natur erleben","og_description":"6-t\u00e4gige Mexiko Rundreise durch Chiapas: Entdecke Maya-St\u00e4tten wie Palenque, koloniales San Crist\u00f3bal, Sumidero-Schlucht und authentische D\u00f6rfer. Ab 730 EUR.","og_url":"https:\/\/new.latinconnect.com\/en\/product\/mexico-trip-chiapas\/","og_site_name":"Latinconnect","article_modified_time":"2026-04-29T14:12:04+00:00","og_image":[{"width":2400,"height":1800,"url":"https:\/\/new.latinconnect.com\/wp-content\/uploads\/MEX_6TC_01_mexiko-rundreise-chiapas.png","type":"image\/png"}],"twitter_card":"summary_large_image","schema":{"@context":"https:\/\/schema.org","@graph":[{"@type":"WebPage","@id":"https:\/\/new.latinconnect.com\/product\/mexiko-rundreise-chiapas\/","url":"https:\/\/new.latinconnect.com\/product\/mexiko-rundreise-chiapas\/","name":"Mexico Tour Chiapas 6 Days - Experience Maya Culture &amp; Nature","isPartOf":{"@id":"http:\/\/new.latinconnect.com\/de\/#website"},"primaryImageOfPage":{"@id":"https:\/\/new.latinconnect.com\/product\/mexiko-rundreise-chiapas\/#primaryimage"},"image":{"@id":"https:\/\/new.latinconnect.com\/product\/mexiko-rundreise-chiapas\/#primaryimage"},"thumbnailUrl":"https:\/\/new.latinconnect.com\/wp-content\/uploads\/MEX_6TC_01_mexiko-rundreise-chiapas.png","datePublished":"2026-04-29T14:00:29+00:00","dateModified":"2026-04-29T14:12:04+00:00","description":"6-day Mexico Tour through Chiapas: Discover Maya sites like Palenque, colonial San Crist\u00f3bal, Sumidero Canyon, and authentic villages. From \u20ac730.","breadcrumb":{"@id":"https:\/\/new.latinconnect.com\/product\/mexiko-rundreise-chiapas\/#breadcrumb"},"inLanguage":"en-GB","potentialAction":[{"@type":"ReadAction","target":["https:\/\/new.latinconnect.com\/product\/mexiko-rundreise-chiapas\/"]}]},{"@type":"ImageObject","inLanguage":"en-GB","@id":"https:\/\/new.latinconnect.com\/product\/mexiko-rundreise-chiapas\/#primaryimage","url":"https:\/\/new.latinconnect.com\/wp-content\/uploads\/MEX_6TC_01_mexiko-rundreise-chiapas.png","contentUrl":"https:\/\/new.latinconnect.com\/wp-content\/uploads\/MEX_6TC_01_mexiko-rundreise-chiapas.png","width":2400,"height":1800},{"@type":"BreadcrumbList","@id":"https:\/\/new.latinconnect.com\/product\/mexiko-rundreise-chiapas\/#breadcrumb","itemListElement":[{"@type":"ListItem","position":1,"name":"Home","item":"https:\/\/new.latinconnect.com\/"},{"@type":"ListItem","position":2,"name":"Mexiko Rundreise \u2013 6 Tage Chiapas"}]},{"@type":"WebSite","@id":"http:\/\/new.latinconnect.com\/de\/#website","url":"http:\/\/new.latinconnect.com\/de\/","name":"Latinconnect","description":"latin america's dmc alliance","publisher":{"@id":"http:\/\/new.latinconnect.com\/de\/#organization"},"potentialAction":[{"@type":"SearchAction","target":{"@type":"EntryPoint","urlTemplate":"http:\/\/new.latinconnect.com\/de\/?s={search_term_string}"},"query-input":{"@type":"PropertyValueSpecification","valueRequired":true,"valueName":"search_term_string"}}],"inLanguage":"en-GB"},{"@type":"Organization","@id":"http:\/\/new.latinconnect.com\/de\/#organization","name":"Latinconnect","url":"http:\/\/new.latinconnect.com\/de\/","logo":{"@type":"ImageObject","inLanguage":"en-GB","@id":"http:\/\/new.latinconnect.com\/de\/#\/schema\/logo\/image\/","url":"https:\/\/new.latinconnect.com\/wp-content\/uploads\/logo-latinconnect.svg","contentUrl":"https:\/\/new.latinconnect.com\/wp-content\/uploads\/logo-latinconnect.svg","width":260,"height":50,"caption":"Latinconnect"},"image":{"@id":"http:\/\/new.latinconnect.com\/de\/#\/schema\/logo\/image\/"},"sameAs":["https:\/\/www.linkedin.com\/company\/latinconnect"]}]}},"_links":{"self":[{"href":"https:\/\/new.latinconnect.com\/en\/wp-json\/wp\/v2\/product\/8850","targetHints":{"allow":["GET"]}}],"collection":[{"href":"https:\/\/new.latinconnect.com\/en\/wp-json\/wp\/v2\/product"}],"about":[{"href":"https:\/\/new.latinconnect.com\/en\/wp-json\/wp\/v2\/types\/product"}],"wp:featuredmedia":[{"embeddable":true,"href":"https:\/\/new.latinconnect.com\/en\/wp-json\/wp\/v2\/media\/8390"}],"wp:attachment":[{"href":"https:\/\/new.latinconnect.com\/en\/wp-json\/wp\/v2\/media?parent=8850"}],"curies":[{"name":"wp","href":"https:\/\/api.w.org\/{rel}","templated":true}]}}