{"id":8732,"date":"2026-04-28T10:49:08","date_gmt":"2026-04-28T09:49:08","guid":{"rendered":"https:\/\/new.latinconnect.com\/product\/belize-rundreise-hoehepunkte-belize\/"},"modified":"2026-04-28T14:52:12","modified_gmt":"2026-04-28T13:52:12","slug":"belize-tour-highlights","status":"publish","type":"product","link":"https:\/\/new.latinconnect.com\/en\/product\/belize-tour-highlights\/","title":{"rendered":"Belize Grand Tour \u2013 Belize Highlights"},"content":{"rendered":"<p>Discover the fascinating highlights between the Caribbean and the rainforest on this 8-day Belize tour. Your journey through Belize will take you to mystical Maya sites such as Lamanai, Xunantunich, and Caracol, as well as the legendary Maya metropolis of Tikal in Guatemala. Experience adventurous cave tubing through underground rivers, snorkel the world's second-longest coral reef, and meet cocoa farmers in the south of the country.<\/p>","protected":false},"featured_media":8396,"template":"","meta":{"_acf_changed":false},"class_list":["post-8732","product","type-product","status-publish","has-post-thumbnail","hentry"],"acf":[],"yoast_head":"<!-- This site is optimized with the Yoast SEO plugin v26.9 - https:\/\/yoast.com\/product\/yoast-seo-wordpress\/ -->\n<title>Belize Rundreise \u2013 H\u00f6hepunkte Belize | 8 Tage Maya-Kultur &amp; Karibik<\/title>\n<meta name=\"description\" content=\"Entdecke auf dieser 8-t\u00e4gigen Belize Rundreise Maya-St\u00e4tten wie Tikal und Lamanai, erlebe Cave Tubing und schnorchle am zweitl\u00e4ngsten Korallenriff der Welt. Ab 1.535 EUR.\" \/>\n<meta name=\"robots\" content=\"noindex, follow, max-snippet:-1, max-image-preview:large, max-video-preview:-1\" \/>\n<meta property=\"og:locale\" content=\"en_GB\" \/>\n<meta property=\"og:type\" content=\"article\" \/>\n<meta property=\"og:title\" content=\"Belize Rundreise \u2013 H\u00f6hepunkte Belize | 8 Tage Maya-Kultur &amp; Karibik\" \/>\n<meta property=\"og:description\" content=\"Entdecke auf dieser 8-t\u00e4gigen Belize Rundreise Maya-St\u00e4tten wie Tikal und Lamanai, erlebe Cave Tubing und schnorchle am zweitl\u00e4ngsten Korallenriff der Welt. Ab 1.535 EUR.\" \/>\n<meta property=\"og:url\" content=\"https:\/\/new.latinconnect.com\/en\/product\/belize-tour-highlights\/\" \/>\n<meta property=\"og:site_name\" content=\"Latinconnect\" \/>\n<meta property=\"article:modified_time\" content=\"2026-04-28T13:52:12+00:00\" \/>\n<meta property=\"og:image\" content=\"https:\/\/new.latinconnect.com\/wp-content\/uploads\/BLZ_HB_02_belize-rundreise-hoehepunkte-belize.png\" \/>\n\t<meta property=\"og:image:width\" content=\"2400\" \/>\n\t<meta property=\"og:image:height\" content=\"1800\" \/>\n\t<meta property=\"og:image:type\" content=\"image\/png\" \/>\n<meta name=\"twitter:card\" content=\"summary_large_image\" \/>\n<script type=\"application\/ld+json\" class=\"yoast-schema-graph\">{\"@context\":\"https:\/\/schema.org\",\"@graph\":[{\"@type\":\"WebPage\",\"@id\":\"https:\/\/new.latinconnect.com\/product\/belize-rundreise-hoehepunkte-belize\/\",\"url\":\"https:\/\/new.latinconnect.com\/product\/belize-rundreise-hoehepunkte-belize\/\",\"name\":\"Belize Rundreise \u2013 H\u00f6hepunkte Belize | 8 Tage Maya-Kultur & Karibik\",\"isPartOf\":{\"@id\":\"http:\/\/new.latinconnect.com\/de\/#website\"},\"primaryImageOfPage\":{\"@id\":\"https:\/\/new.latinconnect.com\/product\/belize-rundreise-hoehepunkte-belize\/#primaryimage\"},\"image\":{\"@id\":\"https:\/\/new.latinconnect.com\/product\/belize-rundreise-hoehepunkte-belize\/#primaryimage\"},\"thumbnailUrl\":\"https:\/\/new.latinconnect.com\/wp-content\/uploads\/BLZ_HB_02_belize-rundreise-hoehepunkte-belize.png\",\"datePublished\":\"2026-04-28T09:49:08+00:00\",\"dateModified\":\"2026-04-28T13:52:12+00:00\",\"description\":\"Entdecke auf dieser 8-t\u00e4gigen Belize Rundreise Maya-St\u00e4tten wie Tikal und Lamanai, erlebe Cave Tubing und schnorchle am zweitl\u00e4ngsten Korallenriff der Welt. Ab 1.535 EUR.\",\"breadcrumb\":{\"@id\":\"https:\/\/new.latinconnect.com\/product\/belize-rundreise-hoehepunkte-belize\/#breadcrumb\"},\"inLanguage\":\"en-GB\",\"potentialAction\":[{\"@type\":\"ReadAction\",\"target\":[\"https:\/\/new.latinconnect.com\/product\/belize-rundreise-hoehepunkte-belize\/\"]}]},{\"@type\":\"ImageObject\",\"inLanguage\":\"en-GB\",\"@id\":\"https:\/\/new.latinconnect.com\/product\/belize-rundreise-hoehepunkte-belize\/#primaryimage\",\"url\":\"https:\/\/new.latinconnect.com\/wp-content\/uploads\/BLZ_HB_02_belize-rundreise-hoehepunkte-belize.png\",\"contentUrl\":\"https:\/\/new.latinconnect.com\/wp-content\/uploads\/BLZ_HB_02_belize-rundreise-hoehepunkte-belize.png\",\"width\":2400,\"height\":1800},{\"@type\":\"BreadcrumbList\",\"@id\":\"https:\/\/new.latinconnect.com\/product\/belize-rundreise-hoehepunkte-belize\/#breadcrumb\",\"itemListElement\":[{\"@type\":\"ListItem\",\"position\":1,\"name\":\"Home\",\"item\":\"https:\/\/new.latinconnect.com\/\"},{\"@type\":\"ListItem\",\"position\":2,\"name\":\"Belize Rundreise \u2013 H\u00f6hepunkte Belize\"}]},{\"@type\":\"WebSite\",\"@id\":\"http:\/\/new.latinconnect.com\/de\/#website\",\"url\":\"http:\/\/new.latinconnect.com\/de\/\",\"name\":\"Latinconnect\",\"description\":\"latin america&#039;s dmc alliance\",\"publisher\":{\"@id\":\"http:\/\/new.latinconnect.com\/de\/#organization\"},\"potentialAction\":[{\"@type\":\"SearchAction\",\"target\":{\"@type\":\"EntryPoint\",\"urlTemplate\":\"http:\/\/new.latinconnect.com\/de\/?s={search_term_string}\"},\"query-input\":{\"@type\":\"PropertyValueSpecification\",\"valueRequired\":true,\"valueName\":\"search_term_string\"}}],\"inLanguage\":\"en-GB\"},{\"@type\":\"Organization\",\"@id\":\"http:\/\/new.latinconnect.com\/de\/#organization\",\"name\":\"Latinconnect\",\"url\":\"http:\/\/new.latinconnect.com\/de\/\",\"logo\":{\"@type\":\"ImageObject\",\"inLanguage\":\"en-GB\",\"@id\":\"http:\/\/new.latinconnect.com\/de\/#\/schema\/logo\/image\/\",\"url\":\"https:\/\/new.latinconnect.com\/wp-content\/uploads\/logo-latinconnect.svg\",\"contentUrl\":\"https:\/\/new.latinconnect.com\/wp-content\/uploads\/logo-latinconnect.svg\",\"width\":260,\"height\":50,\"caption\":\"Latinconnect\"},\"image\":{\"@id\":\"http:\/\/new.latinconnect.com\/de\/#\/schema\/logo\/image\/\"},\"sameAs\":[\"https:\/\/www.linkedin.com\/company\/latinconnect\"]}]}<\/script>\n<!-- \/ Yoast SEO plugin. -->","yoast_head_json":{"title":"Belize Road Trip \u2013 Belize Highlights | 8 Days Maya Culture &amp; Caribbean","description":"Discover Mayan sites like Tikal and Lamanai on this 8-day Belize tour, experience cave tubing, and snorkel the world's second-longest coral reef. From \u20ac1,535.","robots":{"index":"noindex","follow":"follow","max-snippet":"max-snippet:-1","max-image-preview":"max-image-preview:large","max-video-preview":"max-video-preview:-1"},"og_locale":"en_GB","og_type":"article","og_title":"Belize Rundreise \u2013 H\u00f6hepunkte Belize | 8 Tage Maya-Kultur & Karibik","og_description":"Entdecke auf dieser 8-t\u00e4gigen Belize Rundreise Maya-St\u00e4tten wie Tikal und Lamanai, erlebe Cave Tubing und schnorchle am zweitl\u00e4ngsten Korallenriff der Welt. Ab 1.535 EUR.","og_url":"https:\/\/new.latinconnect.com\/en\/product\/belize-tour-highlights\/","og_site_name":"Latinconnect","article_modified_time":"2026-04-28T13:52:12+00:00","og_image":[{"width":2400,"height":1800,"url":"https:\/\/new.latinconnect.com\/wp-content\/uploads\/BLZ_HB_02_belize-rundreise-hoehepunkte-belize.png","type":"image\/png"}],"twitter_card":"summary_large_image","schema":{"@context":"https:\/\/schema.org","@graph":[{"@type":"WebPage","@id":"https:\/\/new.latinconnect.com\/product\/belize-rundreise-hoehepunkte-belize\/","url":"https:\/\/new.latinconnect.com\/product\/belize-rundreise-hoehepunkte-belize\/","name":"Belize Road Trip \u2013 Belize Highlights | 8 Days Maya Culture &amp; Caribbean","isPartOf":{"@id":"http:\/\/new.latinconnect.com\/de\/#website"},"primaryImageOfPage":{"@id":"https:\/\/new.latinconnect.com\/product\/belize-rundreise-hoehepunkte-belize\/#primaryimage"},"image":{"@id":"https:\/\/new.latinconnect.com\/product\/belize-rundreise-hoehepunkte-belize\/#primaryimage"},"thumbnailUrl":"https:\/\/new.latinconnect.com\/wp-content\/uploads\/BLZ_HB_02_belize-rundreise-hoehepunkte-belize.png","datePublished":"2026-04-28T09:49:08+00:00","dateModified":"2026-04-28T13:52:12+00:00","description":"Discover Mayan sites like Tikal and Lamanai on this 8-day Belize tour, experience cave tubing, and snorkel the world's second-longest coral reef. From \u20ac1,535.","breadcrumb":{"@id":"https:\/\/new.latinconnect.com\/product\/belize-rundreise-hoehepunkte-belize\/#breadcrumb"},"inLanguage":"en-GB","potentialAction":[{"@type":"ReadAction","target":["https:\/\/new.latinconnect.com\/product\/belize-rundreise-hoehepunkte-belize\/"]}]},{"@type":"ImageObject","inLanguage":"en-GB","@id":"https:\/\/new.latinconnect.com\/product\/belize-rundreise-hoehepunkte-belize\/#primaryimage","url":"https:\/\/new.latinconnect.com\/wp-content\/uploads\/BLZ_HB_02_belize-rundreise-hoehepunkte-belize.png","contentUrl":"https:\/\/new.latinconnect.com\/wp-content\/uploads\/BLZ_HB_02_belize-rundreise-hoehepunkte-belize.png","width":2400,"height":1800},{"@type":"BreadcrumbList","@id":"https:\/\/new.latinconnect.com\/product\/belize-rundreise-hoehepunkte-belize\/#breadcrumb","itemListElement":[{"@type":"ListItem","position":1,"name":"Home","item":"https:\/\/new.latinconnect.com\/"},{"@type":"ListItem","position":2,"name":"Belize Rundreise \u2013 H\u00f6hepunkte Belize"}]},{"@type":"WebSite","@id":"http:\/\/new.latinconnect.com\/de\/#website","url":"http:\/\/new.latinconnect.com\/de\/","name":"Latinconnect","description":"latin america's dmc alliance","publisher":{"@id":"http:\/\/new.latinconnect.com\/de\/#organization"},"potentialAction":[{"@type":"SearchAction","target":{"@type":"EntryPoint","urlTemplate":"http:\/\/new.latinconnect.com\/de\/?s={search_term_string}"},"query-input":{"@type":"PropertyValueSpecification","valueRequired":true,"valueName":"search_term_string"}}],"inLanguage":"en-GB"},{"@type":"Organization","@id":"http:\/\/new.latinconnect.com\/de\/#organization","name":"Latinconnect","url":"http:\/\/new.latinconnect.com\/de\/","logo":{"@type":"ImageObject","inLanguage":"en-GB","@id":"http:\/\/new.latinconnect.com\/de\/#\/schema\/logo\/image\/","url":"https:\/\/new.latinconnect.com\/wp-content\/uploads\/logo-latinconnect.svg","contentUrl":"https:\/\/new.latinconnect.com\/wp-content\/uploads\/logo-latinconnect.svg","width":260,"height":50,"caption":"Latinconnect"},"image":{"@id":"http:\/\/new.latinconnect.com\/de\/#\/schema\/logo\/image\/"},"sameAs":["https:\/\/www.linkedin.com\/company\/latinconnect"]}]}},"_links":{"self":[{"href":"https:\/\/new.latinconnect.com\/en\/wp-json\/wp\/v2\/product\/8732","targetHints":{"allow":["GET"]}}],"collection":[{"href":"https:\/\/new.latinconnect.com\/en\/wp-json\/wp\/v2\/product"}],"about":[{"href":"https:\/\/new.latinconnect.com\/en\/wp-json\/wp\/v2\/types\/product"}],"wp:featuredmedia":[{"embeddable":true,"href":"https:\/\/new.latinconnect.com\/en\/wp-json\/wp\/v2\/media\/8396"}],"wp:attachment":[{"href":"https:\/\/new.latinconnect.com\/en\/wp-json\/wp\/v2\/media?parent=8732"}],"curies":[{"name":"wp","href":"https:\/\/api.w.org\/{rel}","templated":true}]}}