{"id":8731,"date":"2026-04-28T10:49:07","date_gmt":"2026-04-28T09:49:07","guid":{"rendered":"https:\/\/new.latinconnect.com\/product\/guatemala-rundreise-guatemala-hoehepunkte\/"},"modified":"2026-04-28T14:52:12","modified_gmt":"2026-04-28T13:52:12","slug":"guatemala-tour-guatemala-highlights","status":"publish","type":"product","link":"https:\/\/new.latinconnect.com\/en\/product\/guatemala-tour-guatemala-highlights\/","title":{"rendered":"Guatemala Tour \u2013 Guatemala Highlights"},"content":{"rendered":"<p>Discover the fascinating highlights of Guatemala on this tour. Your journey will take you from the colonial splendour of Antigua to the mystical Lake Atitl\u00e1n and on to the impressive Maya sites of Tikal. Experience an unforgettable trip through Guatemala that will allow you to immerse yourself deeply in its culture and history.<\/p>","protected":false},"featured_media":8394,"template":"","meta":{"_acf_changed":false},"class_list":["post-8731","product","type-product","status-publish","has-post-thumbnail","hentry"],"acf":[],"yoast_head":"<!-- This site is optimized with the Yoast SEO plugin v26.9 - https:\/\/yoast.com\/product\/yoast-seo-wordpress\/ -->\n<title>Guatemala Rundreise \u2013 Guatemala H\u00f6hepunkte<\/title>\n<meta name=\"description\" content=\"Entdecke die H\u00f6hepunkte Guatemalas auf dieser 8-t\u00e4gigen Rundreise. Besuche die Kolonialstadt Antigua, den Atitlan-See und die Maya-St\u00e4tte Tikal. Erlebe eine unvergessliche Reise durch Guatemala mit Latinconnect.\" \/>\n<meta name=\"robots\" content=\"noindex, follow, max-snippet:-1, max-image-preview:large, max-video-preview:-1\" \/>\n<meta property=\"og:locale\" content=\"en_GB\" \/>\n<meta property=\"og:type\" content=\"article\" \/>\n<meta property=\"og:title\" content=\"Guatemala Rundreise \u2013 Guatemala H\u00f6hepunkte\" \/>\n<meta property=\"og:description\" content=\"Entdecke die H\u00f6hepunkte Guatemalas auf dieser 8-t\u00e4gigen Rundreise. Besuche die Kolonialstadt Antigua, den Atitlan-See und die Maya-St\u00e4tte Tikal. Erlebe eine unvergessliche Reise durch Guatemala mit Latinconnect.\" \/>\n<meta property=\"og:url\" content=\"https:\/\/new.latinconnect.com\/en\/product\/guatemala-tour-guatemala-highlights\/\" \/>\n<meta property=\"og:site_name\" content=\"Latinconnect\" \/>\n<meta property=\"article:modified_time\" content=\"2026-04-28T13:52:12+00:00\" \/>\n<meta property=\"og:image\" content=\"https:\/\/new.latinconnect.com\/wp-content\/uploads\/GTM_GH_01_guatemala-rundreise-guatemala-hoehepunkte.png\" \/>\n\t<meta property=\"og:image:width\" content=\"2400\" \/>\n\t<meta property=\"og:image:height\" content=\"1800\" \/>\n\t<meta property=\"og:image:type\" content=\"image\/png\" \/>\n<meta name=\"twitter:card\" content=\"summary_large_image\" \/>\n<script type=\"application\/ld+json\" class=\"yoast-schema-graph\">{\"@context\":\"https:\/\/schema.org\",\"@graph\":[{\"@type\":\"WebPage\",\"@id\":\"https:\/\/new.latinconnect.com\/product\/guatemala-rundreise-guatemala-hoehepunkte\/\",\"url\":\"https:\/\/new.latinconnect.com\/product\/guatemala-rundreise-guatemala-hoehepunkte\/\",\"name\":\"Guatemala Rundreise \u2013 Guatemala H\u00f6hepunkte\",\"isPartOf\":{\"@id\":\"http:\/\/new.latinconnect.com\/de\/#website\"},\"primaryImageOfPage\":{\"@id\":\"https:\/\/new.latinconnect.com\/product\/guatemala-rundreise-guatemala-hoehepunkte\/#primaryimage\"},\"image\":{\"@id\":\"https:\/\/new.latinconnect.com\/product\/guatemala-rundreise-guatemala-hoehepunkte\/#primaryimage\"},\"thumbnailUrl\":\"https:\/\/new.latinconnect.com\/wp-content\/uploads\/GTM_GH_01_guatemala-rundreise-guatemala-hoehepunkte.png\",\"datePublished\":\"2026-04-28T09:49:07+00:00\",\"dateModified\":\"2026-04-28T13:52:12+00:00\",\"description\":\"Entdecke die H\u00f6hepunkte Guatemalas auf dieser 8-t\u00e4gigen Rundreise. Besuche die Kolonialstadt Antigua, den Atitlan-See und die Maya-St\u00e4tte Tikal. Erlebe eine unvergessliche Reise durch Guatemala mit Latinconnect.\",\"breadcrumb\":{\"@id\":\"https:\/\/new.latinconnect.com\/product\/guatemala-rundreise-guatemala-hoehepunkte\/#breadcrumb\"},\"inLanguage\":\"en-GB\",\"potentialAction\":[{\"@type\":\"ReadAction\",\"target\":[\"https:\/\/new.latinconnect.com\/product\/guatemala-rundreise-guatemala-hoehepunkte\/\"]}]},{\"@type\":\"ImageObject\",\"inLanguage\":\"en-GB\",\"@id\":\"https:\/\/new.latinconnect.com\/product\/guatemala-rundreise-guatemala-hoehepunkte\/#primaryimage\",\"url\":\"https:\/\/new.latinconnect.com\/wp-content\/uploads\/GTM_GH_01_guatemala-rundreise-guatemala-hoehepunkte.png\",\"contentUrl\":\"https:\/\/new.latinconnect.com\/wp-content\/uploads\/GTM_GH_01_guatemala-rundreise-guatemala-hoehepunkte.png\",\"width\":2400,\"height\":1800},{\"@type\":\"BreadcrumbList\",\"@id\":\"https:\/\/new.latinconnect.com\/product\/guatemala-rundreise-guatemala-hoehepunkte\/#breadcrumb\",\"itemListElement\":[{\"@type\":\"ListItem\",\"position\":1,\"name\":\"Home\",\"item\":\"https:\/\/new.latinconnect.com\/\"},{\"@type\":\"ListItem\",\"position\":2,\"name\":\"Guatemala Rundreise \u2013 Guatemala H\u00f6hepunkte\"}]},{\"@type\":\"WebSite\",\"@id\":\"http:\/\/new.latinconnect.com\/de\/#website\",\"url\":\"http:\/\/new.latinconnect.com\/de\/\",\"name\":\"Latinconnect\",\"description\":\"latin america&#039;s dmc alliance\",\"publisher\":{\"@id\":\"http:\/\/new.latinconnect.com\/de\/#organization\"},\"potentialAction\":[{\"@type\":\"SearchAction\",\"target\":{\"@type\":\"EntryPoint\",\"urlTemplate\":\"http:\/\/new.latinconnect.com\/de\/?s={search_term_string}\"},\"query-input\":{\"@type\":\"PropertyValueSpecification\",\"valueRequired\":true,\"valueName\":\"search_term_string\"}}],\"inLanguage\":\"en-GB\"},{\"@type\":\"Organization\",\"@id\":\"http:\/\/new.latinconnect.com\/de\/#organization\",\"name\":\"Latinconnect\",\"url\":\"http:\/\/new.latinconnect.com\/de\/\",\"logo\":{\"@type\":\"ImageObject\",\"inLanguage\":\"en-GB\",\"@id\":\"http:\/\/new.latinconnect.com\/de\/#\/schema\/logo\/image\/\",\"url\":\"https:\/\/new.latinconnect.com\/wp-content\/uploads\/logo-latinconnect.svg\",\"contentUrl\":\"https:\/\/new.latinconnect.com\/wp-content\/uploads\/logo-latinconnect.svg\",\"width\":260,\"height\":50,\"caption\":\"Latinconnect\"},\"image\":{\"@id\":\"http:\/\/new.latinconnect.com\/de\/#\/schema\/logo\/image\/\"},\"sameAs\":[\"https:\/\/www.linkedin.com\/company\/latinconnect\"]}]}<\/script>\n<!-- \/ Yoast SEO plugin. -->","yoast_head_json":{"title":"Guatemala Tour \u2013 Guatemala Highlights","description":"Discover the highlights of Guatemala on this 8-day tour. Visit the colonial city of Antigua, Lake Atitlan, and the Mayan site of Tikal. Experience an unforgettable journey through Guatemala with Latinconnect.","robots":{"index":"noindex","follow":"follow","max-snippet":"max-snippet:-1","max-image-preview":"max-image-preview:large","max-video-preview":"max-video-preview:-1"},"og_locale":"en_GB","og_type":"article","og_title":"Guatemala Rundreise \u2013 Guatemala H\u00f6hepunkte","og_description":"Entdecke die H\u00f6hepunkte Guatemalas auf dieser 8-t\u00e4gigen Rundreise. Besuche die Kolonialstadt Antigua, den Atitlan-See und die Maya-St\u00e4tte Tikal. Erlebe eine unvergessliche Reise durch Guatemala mit Latinconnect.","og_url":"https:\/\/new.latinconnect.com\/en\/product\/guatemala-tour-guatemala-highlights\/","og_site_name":"Latinconnect","article_modified_time":"2026-04-28T13:52:12+00:00","og_image":[{"width":2400,"height":1800,"url":"https:\/\/new.latinconnect.com\/wp-content\/uploads\/GTM_GH_01_guatemala-rundreise-guatemala-hoehepunkte.png","type":"image\/png"}],"twitter_card":"summary_large_image","schema":{"@context":"https:\/\/schema.org","@graph":[{"@type":"WebPage","@id":"https:\/\/new.latinconnect.com\/product\/guatemala-rundreise-guatemala-hoehepunkte\/","url":"https:\/\/new.latinconnect.com\/product\/guatemala-rundreise-guatemala-hoehepunkte\/","name":"Guatemala Tour \u2013 Guatemala Highlights","isPartOf":{"@id":"http:\/\/new.latinconnect.com\/de\/#website"},"primaryImageOfPage":{"@id":"https:\/\/new.latinconnect.com\/product\/guatemala-rundreise-guatemala-hoehepunkte\/#primaryimage"},"image":{"@id":"https:\/\/new.latinconnect.com\/product\/guatemala-rundreise-guatemala-hoehepunkte\/#primaryimage"},"thumbnailUrl":"https:\/\/new.latinconnect.com\/wp-content\/uploads\/GTM_GH_01_guatemala-rundreise-guatemala-hoehepunkte.png","datePublished":"2026-04-28T09:49:07+00:00","dateModified":"2026-04-28T13:52:12+00:00","description":"Discover the highlights of Guatemala on this 8-day tour. Visit the colonial city of Antigua, Lake Atitlan, and the Mayan site of Tikal. Experience an unforgettable journey through Guatemala with Latinconnect.","breadcrumb":{"@id":"https:\/\/new.latinconnect.com\/product\/guatemala-rundreise-guatemala-hoehepunkte\/#breadcrumb"},"inLanguage":"en-GB","potentialAction":[{"@type":"ReadAction","target":["https:\/\/new.latinconnect.com\/product\/guatemala-rundreise-guatemala-hoehepunkte\/"]}]},{"@type":"ImageObject","inLanguage":"en-GB","@id":"https:\/\/new.latinconnect.com\/product\/guatemala-rundreise-guatemala-hoehepunkte\/#primaryimage","url":"https:\/\/new.latinconnect.com\/wp-content\/uploads\/GTM_GH_01_guatemala-rundreise-guatemala-hoehepunkte.png","contentUrl":"https:\/\/new.latinconnect.com\/wp-content\/uploads\/GTM_GH_01_guatemala-rundreise-guatemala-hoehepunkte.png","width":2400,"height":1800},{"@type":"BreadcrumbList","@id":"https:\/\/new.latinconnect.com\/product\/guatemala-rundreise-guatemala-hoehepunkte\/#breadcrumb","itemListElement":[{"@type":"ListItem","position":1,"name":"Home","item":"https:\/\/new.latinconnect.com\/"},{"@type":"ListItem","position":2,"name":"Guatemala Rundreise \u2013 Guatemala H\u00f6hepunkte"}]},{"@type":"WebSite","@id":"http:\/\/new.latinconnect.com\/de\/#website","url":"http:\/\/new.latinconnect.com\/de\/","name":"Latinconnect","description":"latin america's dmc alliance","publisher":{"@id":"http:\/\/new.latinconnect.com\/de\/#organization"},"potentialAction":[{"@type":"SearchAction","target":{"@type":"EntryPoint","urlTemplate":"http:\/\/new.latinconnect.com\/de\/?s={search_term_string}"},"query-input":{"@type":"PropertyValueSpecification","valueRequired":true,"valueName":"search_term_string"}}],"inLanguage":"en-GB"},{"@type":"Organization","@id":"http:\/\/new.latinconnect.com\/de\/#organization","name":"Latinconnect","url":"http:\/\/new.latinconnect.com\/de\/","logo":{"@type":"ImageObject","inLanguage":"en-GB","@id":"http:\/\/new.latinconnect.com\/de\/#\/schema\/logo\/image\/","url":"https:\/\/new.latinconnect.com\/wp-content\/uploads\/logo-latinconnect.svg","contentUrl":"https:\/\/new.latinconnect.com\/wp-content\/uploads\/logo-latinconnect.svg","width":260,"height":50,"caption":"Latinconnect"},"image":{"@id":"http:\/\/new.latinconnect.com\/de\/#\/schema\/logo\/image\/"},"sameAs":["https:\/\/www.linkedin.com\/company\/latinconnect"]}]}},"_links":{"self":[{"href":"https:\/\/new.latinconnect.com\/en\/wp-json\/wp\/v2\/product\/8731","targetHints":{"allow":["GET"]}}],"collection":[{"href":"https:\/\/new.latinconnect.com\/en\/wp-json\/wp\/v2\/product"}],"about":[{"href":"https:\/\/new.latinconnect.com\/en\/wp-json\/wp\/v2\/types\/product"}],"wp:featuredmedia":[{"embeddable":true,"href":"https:\/\/new.latinconnect.com\/en\/wp-json\/wp\/v2\/media\/8394"}],"wp:attachment":[{"href":"https:\/\/new.latinconnect.com\/en\/wp-json\/wp\/v2\/media?parent=8731"}],"curies":[{"name":"wp","href":"https:\/\/api.w.org\/{rel}","templated":true}]}}