{"id":8056,"date":"2026-04-21T14:57:56","date_gmt":"2026-04-21T13:57:56","guid":{"rendered":"https:\/\/new.latinconnect.com\/product\/kuba-rundreise-cuba-tradicional\/"},"modified":"2026-04-21T14:57:56","modified_gmt":"2026-04-21T13:57:56","slug":"kuba-rundreise-cuba-tradicional","status":"publish","type":"product","link":"https:\/\/new.latinconnect.com\/en\/product\/kuba-rundreise-cuba-tradicional\/","title":{"rendered":"Cuba Round Trip \u2013 BEST OF: Traditional Cuba"},"content":{"rendered":"<p>Entdecke das authentische Kuba auf dieser 7-t\u00e4gigen Rundreise durch den Westen und das Zentrum der Karibikinsel. Von der pulsierenden Hauptstadt Havanna f\u00fchrt dich diese Reise durch das malerische Vi\u00f1ales-Tal, die koloniale Perle Trinidad und weitere H\u00f6hepunkte der kubanischen Kultur und Geschichte.<\/p>","protected":false},"featured_media":0,"template":"","meta":{"_acf_changed":false},"class_list":["post-8056","product","type-product","status-publish","hentry"],"acf":[],"yoast_head":"<!-- This site is optimized with the Yoast SEO plugin v26.9 - https:\/\/yoast.com\/product\/yoast-seo-wordpress\/ -->\n<title>Kuba Rundreise \u2013 BEST OF: Cuba Tradicional | 7 Tage deutschsprachig<\/title>\n<meta name=\"description\" content=\"Entdecke Kuba in 7 Tagen: Von Havanna \u00fcber Vi\u00f1ales und Trinidad bis Santa Clara. Deutschsprachige Rundreise ab 930 USD. Garantierte Abfahrt ab 2 Personen.\" \/>\n<meta name=\"robots\" content=\"noindex, follow, max-snippet:-1, max-image-preview:large, max-video-preview:-1\" \/>\n<meta property=\"og:locale\" content=\"en_GB\" \/>\n<meta property=\"og:type\" content=\"article\" \/>\n<meta property=\"og:title\" content=\"Kuba Rundreise \u2013 BEST OF: Cuba Tradicional | 7 Tage deutschsprachig\" \/>\n<meta property=\"og:description\" content=\"Entdecke Kuba in 7 Tagen: Von Havanna \u00fcber Vi\u00f1ales und Trinidad bis Santa Clara. Deutschsprachige Rundreise ab 930 USD. Garantierte Abfahrt ab 2 Personen.\" \/>\n<meta property=\"og:url\" content=\"https:\/\/new.latinconnect.com\/en\/product\/kuba-rundreise-cuba-tradicional\/\" \/>\n<meta property=\"og:site_name\" content=\"Latinconnect\" \/>\n<meta name=\"twitter:card\" content=\"summary_large_image\" \/>\n<script type=\"application\/ld+json\" class=\"yoast-schema-graph\">{\"@context\":\"https:\/\/schema.org\",\"@graph\":[{\"@type\":\"WebPage\",\"@id\":\"https:\/\/new.latinconnect.com\/product\/kuba-rundreise-cuba-tradicional\/\",\"url\":\"https:\/\/new.latinconnect.com\/product\/kuba-rundreise-cuba-tradicional\/\",\"name\":\"Kuba Rundreise \u2013 BEST OF: Cuba Tradicional | 7 Tage deutschsprachig\",\"isPartOf\":{\"@id\":\"http:\/\/new.latinconnect.com\/de\/#website\"},\"datePublished\":\"2026-04-21T13:57:56+00:00\",\"description\":\"Entdecke Kuba in 7 Tagen: Von Havanna \u00fcber Vi\u00f1ales und Trinidad bis Santa Clara. Deutschsprachige Rundreise ab 930 USD. Garantierte Abfahrt ab 2 Personen.\",\"breadcrumb\":{\"@id\":\"https:\/\/new.latinconnect.com\/product\/kuba-rundreise-cuba-tradicional\/#breadcrumb\"},\"inLanguage\":\"en-GB\",\"potentialAction\":[{\"@type\":\"ReadAction\",\"target\":[\"https:\/\/new.latinconnect.com\/product\/kuba-rundreise-cuba-tradicional\/\"]}]},{\"@type\":\"BreadcrumbList\",\"@id\":\"https:\/\/new.latinconnect.com\/product\/kuba-rundreise-cuba-tradicional\/#breadcrumb\",\"itemListElement\":[{\"@type\":\"ListItem\",\"position\":1,\"name\":\"Home\",\"item\":\"https:\/\/new.latinconnect.com\/\"},{\"@type\":\"ListItem\",\"position\":2,\"name\":\"Kuba Rundreise \u2013 BEST OF: Cuba Tradicional\"}]},{\"@type\":\"WebSite\",\"@id\":\"http:\/\/new.latinconnect.com\/de\/#website\",\"url\":\"http:\/\/new.latinconnect.com\/de\/\",\"name\":\"Latinconnect\",\"description\":\"latin america&#039;s dmc alliance\",\"publisher\":{\"@id\":\"http:\/\/new.latinconnect.com\/de\/#organization\"},\"potentialAction\":[{\"@type\":\"SearchAction\",\"target\":{\"@type\":\"EntryPoint\",\"urlTemplate\":\"http:\/\/new.latinconnect.com\/de\/?s={search_term_string}\"},\"query-input\":{\"@type\":\"PropertyValueSpecification\",\"valueRequired\":true,\"valueName\":\"search_term_string\"}}],\"inLanguage\":\"en-GB\"},{\"@type\":\"Organization\",\"@id\":\"http:\/\/new.latinconnect.com\/de\/#organization\",\"name\":\"Latinconnect\",\"url\":\"http:\/\/new.latinconnect.com\/de\/\",\"logo\":{\"@type\":\"ImageObject\",\"inLanguage\":\"en-GB\",\"@id\":\"http:\/\/new.latinconnect.com\/de\/#\/schema\/logo\/image\/\",\"url\":\"https:\/\/new.latinconnect.com\/wp-content\/uploads\/logo-latinconnect.svg\",\"contentUrl\":\"https:\/\/new.latinconnect.com\/wp-content\/uploads\/logo-latinconnect.svg\",\"width\":260,\"height\":50,\"caption\":\"Latinconnect\"},\"image\":{\"@id\":\"http:\/\/new.latinconnect.com\/de\/#\/schema\/logo\/image\/\"},\"sameAs\":[\"https:\/\/www.linkedin.com\/company\/latinconnect\"]}]}<\/script>\n<!-- \/ Yoast SEO plugin. -->","yoast_head_json":{"title":"Kuba Rundreise \u2013 BEST OF: Cuba Tradicional | 7 Tage deutschsprachig","description":"Entdecke Kuba in 7 Tagen: Von Havanna \u00fcber Vi\u00f1ales und Trinidad bis Santa Clara. Deutschsprachige Rundreise ab 930 USD. Garantierte Abfahrt ab 2 Personen.","robots":{"index":"noindex","follow":"follow","max-snippet":"max-snippet:-1","max-image-preview":"max-image-preview:large","max-video-preview":"max-video-preview:-1"},"og_locale":"en_GB","og_type":"article","og_title":"Kuba Rundreise \u2013 BEST OF: Cuba Tradicional | 7 Tage deutschsprachig","og_description":"Entdecke Kuba in 7 Tagen: Von Havanna \u00fcber Vi\u00f1ales und Trinidad bis Santa Clara. Deutschsprachige Rundreise ab 930 USD. Garantierte Abfahrt ab 2 Personen.","og_url":"https:\/\/new.latinconnect.com\/en\/product\/kuba-rundreise-cuba-tradicional\/","og_site_name":"Latinconnect","twitter_card":"summary_large_image","schema":{"@context":"https:\/\/schema.org","@graph":[{"@type":"WebPage","@id":"https:\/\/new.latinconnect.com\/product\/kuba-rundreise-cuba-tradicional\/","url":"https:\/\/new.latinconnect.com\/product\/kuba-rundreise-cuba-tradicional\/","name":"Kuba Rundreise \u2013 BEST OF: Cuba Tradicional | 7 Tage deutschsprachig","isPartOf":{"@id":"http:\/\/new.latinconnect.com\/de\/#website"},"datePublished":"2026-04-21T13:57:56+00:00","description":"Entdecke Kuba in 7 Tagen: Von Havanna \u00fcber Vi\u00f1ales und Trinidad bis Santa Clara. Deutschsprachige Rundreise ab 930 USD. Garantierte Abfahrt ab 2 Personen.","breadcrumb":{"@id":"https:\/\/new.latinconnect.com\/product\/kuba-rundreise-cuba-tradicional\/#breadcrumb"},"inLanguage":"en-GB","potentialAction":[{"@type":"ReadAction","target":["https:\/\/new.latinconnect.com\/product\/kuba-rundreise-cuba-tradicional\/"]}]},{"@type":"BreadcrumbList","@id":"https:\/\/new.latinconnect.com\/product\/kuba-rundreise-cuba-tradicional\/#breadcrumb","itemListElement":[{"@type":"ListItem","position":1,"name":"Home","item":"https:\/\/new.latinconnect.com\/"},{"@type":"ListItem","position":2,"name":"Kuba Rundreise \u2013 BEST OF: Cuba Tradicional"}]},{"@type":"WebSite","@id":"http:\/\/new.latinconnect.com\/de\/#website","url":"http:\/\/new.latinconnect.com\/de\/","name":"Latinconnect","description":"latin america's dmc alliance","publisher":{"@id":"http:\/\/new.latinconnect.com\/de\/#organization"},"potentialAction":[{"@type":"SearchAction","target":{"@type":"EntryPoint","urlTemplate":"http:\/\/new.latinconnect.com\/de\/?s={search_term_string}"},"query-input":{"@type":"PropertyValueSpecification","valueRequired":true,"valueName":"search_term_string"}}],"inLanguage":"en-GB"},{"@type":"Organization","@id":"http:\/\/new.latinconnect.com\/de\/#organization","name":"Latinconnect","url":"http:\/\/new.latinconnect.com\/de\/","logo":{"@type":"ImageObject","inLanguage":"en-GB","@id":"http:\/\/new.latinconnect.com\/de\/#\/schema\/logo\/image\/","url":"https:\/\/new.latinconnect.com\/wp-content\/uploads\/logo-latinconnect.svg","contentUrl":"https:\/\/new.latinconnect.com\/wp-content\/uploads\/logo-latinconnect.svg","width":260,"height":50,"caption":"Latinconnect"},"image":{"@id":"http:\/\/new.latinconnect.com\/de\/#\/schema\/logo\/image\/"},"sameAs":["https:\/\/www.linkedin.com\/company\/latinconnect"]}]}},"_links":{"self":[{"href":"https:\/\/new.latinconnect.com\/en\/wp-json\/wp\/v2\/product\/8056","targetHints":{"allow":["GET"]}}],"collection":[{"href":"https:\/\/new.latinconnect.com\/en\/wp-json\/wp\/v2\/product"}],"about":[{"href":"https:\/\/new.latinconnect.com\/en\/wp-json\/wp\/v2\/types\/product"}],"wp:attachment":[{"href":"https:\/\/new.latinconnect.com\/en\/wp-json\/wp\/v2\/media?parent=8056"}],"curies":[{"name":"wp","href":"https:\/\/api.w.org\/{rel}","templated":true}]}}