{"id":8816,"date":"2026-04-29T14:59:58","date_gmt":"2026-04-29T13:59:58","guid":{"rendered":"https:\/\/new.latinconnect.com\/product\/costa-rica-rundreise-stilvolles-golferlebnis\/"},"modified":"2026-04-29T15:12:01","modified_gmt":"2026-04-29T14:12:01","slug":"costa-rica-rundreise-stilvolles-golferlebnis","status":"publish","type":"product","link":"https:\/\/new.latinconnect.com\/de\/product\/costa-rica-rundreise-stilvolles-golferlebnis\/","title":{"rendered":"Costa Rica Rundreise \u2013 Stilvolles Golferlebnis"},"content":{"rendered":"<p>Erlebe Costa Rica auf eine ganz besondere Art: Diese 11-t\u00e4gige Costa Rica Rundreise verbindet erstklassiges Golf mit den spektakul\u00e4rsten Naturerlebnissen des Landes. Von San Jos\u00e9 f\u00fchrt dich deine Route durch das mystische Nebelwaldparadies Bajos del Toro zum majest\u00e4tischen Vulkan Arenal, weiter an die lebendige Pazifikk\u00fcste nach Tamarindo und schlie\u00dflich zur zentralen Pazifikk\u00fcste nach Los Sue\u00f1os.<\/p>\n","protected":false},"featured_media":8286,"template":"","meta":{"_acf_changed":false},"class_list":["post-8816","product","type-product","status-publish","has-post-thumbnail","hentry"],"acf":[],"yoast_head":"<!-- This site is optimized with the Yoast SEO plugin v26.9 - https:\/\/yoast.com\/product\/yoast-seo-wordpress\/ -->\n<title>Costa Rica Rundreise \u2013 Stilvolles Golferlebnis | 11 Tage Golf &amp; Natur<\/title>\n<meta name=\"description\" content=\"Costa Rica Rundreise mit Golf auf 4 Championship-Pl\u00e4tzen. 11 Tage von San Jos\u00e9 \u00fcber Vulkan Arenal nach Tamarindo. Erstklassige Hotels, Mietwagen inklusive.\" \/>\n<meta name=\"robots\" content=\"noindex, follow, max-snippet:-1, max-image-preview:large, max-video-preview:-1\" \/>\n<meta property=\"og:locale\" content=\"de_DE\" \/>\n<meta property=\"og:type\" content=\"article\" \/>\n<meta property=\"og:title\" content=\"Costa Rica Rundreise \u2013 Stilvolles Golferlebnis | 11 Tage Golf &amp; Natur\" \/>\n<meta property=\"og:description\" content=\"Costa Rica Rundreise mit Golf auf 4 Championship-Pl\u00e4tzen. 11 Tage von San Jos\u00e9 \u00fcber Vulkan Arenal nach Tamarindo. Erstklassige Hotels, Mietwagen inklusive.\" \/>\n<meta property=\"og:url\" content=\"https:\/\/new.latinconnect.com\/de\/product\/costa-rica-rundreise-stilvolles-golferlebnis\/\" \/>\n<meta property=\"og:site_name\" content=\"Latinconnect\" \/>\n<meta property=\"article:modified_time\" content=\"2026-04-29T14:12:01+00:00\" \/>\n<meta property=\"og:image\" content=\"https:\/\/new.latinconnect.com\/wp-content\/uploads\/CRA_SGC_01_costa-rica-rundreise-stilvolles-golferlebnis.png\" \/>\n\t<meta property=\"og:image:width\" content=\"2400\" \/>\n\t<meta property=\"og:image:height\" content=\"1800\" \/>\n\t<meta property=\"og:image:type\" content=\"image\/png\" \/>\n<meta name=\"twitter:card\" content=\"summary_large_image\" \/>\n<script type=\"application\/ld+json\" class=\"yoast-schema-graph\">{\"@context\":\"https:\/\/schema.org\",\"@graph\":[{\"@type\":\"WebPage\",\"@id\":\"https:\/\/new.latinconnect.com\/product\/costa-rica-rundreise-stilvolles-golferlebnis\/\",\"url\":\"https:\/\/new.latinconnect.com\/product\/costa-rica-rundreise-stilvolles-golferlebnis\/\",\"name\":\"Costa Rica Rundreise \u2013 Stilvolles Golferlebnis | 11 Tage Golf & Natur\",\"isPartOf\":{\"@id\":\"http:\/\/new.latinconnect.com\/de\/#website\"},\"primaryImageOfPage\":{\"@id\":\"https:\/\/new.latinconnect.com\/product\/costa-rica-rundreise-stilvolles-golferlebnis\/#primaryimage\"},\"image\":{\"@id\":\"https:\/\/new.latinconnect.com\/product\/costa-rica-rundreise-stilvolles-golferlebnis\/#primaryimage\"},\"thumbnailUrl\":\"https:\/\/new.latinconnect.com\/wp-content\/uploads\/CRA_SGC_01_costa-rica-rundreise-stilvolles-golferlebnis.png\",\"datePublished\":\"2026-04-29T13:59:58+00:00\",\"dateModified\":\"2026-04-29T14:12:01+00:00\",\"description\":\"Costa Rica Rundreise mit Golf auf 4 Championship-Pl\u00e4tzen. 11 Tage von San Jos\u00e9 \u00fcber Vulkan Arenal nach Tamarindo. Erstklassige Hotels, Mietwagen inklusive.\",\"breadcrumb\":{\"@id\":\"https:\/\/new.latinconnect.com\/product\/costa-rica-rundreise-stilvolles-golferlebnis\/#breadcrumb\"},\"inLanguage\":\"de\",\"potentialAction\":[{\"@type\":\"ReadAction\",\"target\":[\"https:\/\/new.latinconnect.com\/product\/costa-rica-rundreise-stilvolles-golferlebnis\/\"]}]},{\"@type\":\"ImageObject\",\"inLanguage\":\"de\",\"@id\":\"https:\/\/new.latinconnect.com\/product\/costa-rica-rundreise-stilvolles-golferlebnis\/#primaryimage\",\"url\":\"https:\/\/new.latinconnect.com\/wp-content\/uploads\/CRA_SGC_01_costa-rica-rundreise-stilvolles-golferlebnis.png\",\"contentUrl\":\"https:\/\/new.latinconnect.com\/wp-content\/uploads\/CRA_SGC_01_costa-rica-rundreise-stilvolles-golferlebnis.png\",\"width\":2400,\"height\":1800},{\"@type\":\"BreadcrumbList\",\"@id\":\"https:\/\/new.latinconnect.com\/product\/costa-rica-rundreise-stilvolles-golferlebnis\/#breadcrumb\",\"itemListElement\":[{\"@type\":\"ListItem\",\"position\":1,\"name\":\"Home\",\"item\":\"https:\/\/new.latinconnect.com\/\"},{\"@type\":\"ListItem\",\"position\":2,\"name\":\"Costa Rica Rundreise \u2013 Stilvolles Golferlebnis\"}]},{\"@type\":\"WebSite\",\"@id\":\"http:\/\/new.latinconnect.com\/de\/#website\",\"url\":\"http:\/\/new.latinconnect.com\/de\/\",\"name\":\"Latinconnect\",\"description\":\"latin america&#039;s dmc alliance\",\"publisher\":{\"@id\":\"http:\/\/new.latinconnect.com\/de\/#organization\"},\"potentialAction\":[{\"@type\":\"SearchAction\",\"target\":{\"@type\":\"EntryPoint\",\"urlTemplate\":\"http:\/\/new.latinconnect.com\/de\/?s={search_term_string}\"},\"query-input\":{\"@type\":\"PropertyValueSpecification\",\"valueRequired\":true,\"valueName\":\"search_term_string\"}}],\"inLanguage\":\"de\"},{\"@type\":\"Organization\",\"@id\":\"http:\/\/new.latinconnect.com\/de\/#organization\",\"name\":\"Latinconnect\",\"url\":\"http:\/\/new.latinconnect.com\/de\/\",\"logo\":{\"@type\":\"ImageObject\",\"inLanguage\":\"de\",\"@id\":\"http:\/\/new.latinconnect.com\/de\/#\/schema\/logo\/image\/\",\"url\":\"https:\/\/new.latinconnect.com\/wp-content\/uploads\/logo-latinconnect.svg\",\"contentUrl\":\"https:\/\/new.latinconnect.com\/wp-content\/uploads\/logo-latinconnect.svg\",\"width\":260,\"height\":50,\"caption\":\"Latinconnect\"},\"image\":{\"@id\":\"http:\/\/new.latinconnect.com\/de\/#\/schema\/logo\/image\/\"},\"sameAs\":[\"https:\/\/www.linkedin.com\/company\/latinconnect\"]}]}<\/script>\n<!-- \/ Yoast SEO plugin. -->","yoast_head_json":{"title":"Costa Rica Rundreise \u2013 Stilvolles Golferlebnis | 11 Tage Golf & Natur","description":"Costa Rica Rundreise mit Golf auf 4 Championship-Pl\u00e4tzen. 11 Tage von San Jos\u00e9 \u00fcber Vulkan Arenal nach Tamarindo. Erstklassige Hotels, Mietwagen inklusive.","robots":{"index":"noindex","follow":"follow","max-snippet":"max-snippet:-1","max-image-preview":"max-image-preview:large","max-video-preview":"max-video-preview:-1"},"og_locale":"de_DE","og_type":"article","og_title":"Costa Rica Rundreise \u2013 Stilvolles Golferlebnis | 11 Tage Golf & Natur","og_description":"Costa Rica Rundreise mit Golf auf 4 Championship-Pl\u00e4tzen. 11 Tage von San Jos\u00e9 \u00fcber Vulkan Arenal nach Tamarindo. Erstklassige Hotels, Mietwagen inklusive.","og_url":"https:\/\/new.latinconnect.com\/de\/product\/costa-rica-rundreise-stilvolles-golferlebnis\/","og_site_name":"Latinconnect","article_modified_time":"2026-04-29T14:12:01+00:00","og_image":[{"width":2400,"height":1800,"url":"https:\/\/new.latinconnect.com\/wp-content\/uploads\/CRA_SGC_01_costa-rica-rundreise-stilvolles-golferlebnis.png","type":"image\/png"}],"twitter_card":"summary_large_image","schema":{"@context":"https:\/\/schema.org","@graph":[{"@type":"WebPage","@id":"https:\/\/new.latinconnect.com\/product\/costa-rica-rundreise-stilvolles-golferlebnis\/","url":"https:\/\/new.latinconnect.com\/product\/costa-rica-rundreise-stilvolles-golferlebnis\/","name":"Costa Rica Rundreise \u2013 Stilvolles Golferlebnis | 11 Tage Golf & Natur","isPartOf":{"@id":"http:\/\/new.latinconnect.com\/de\/#website"},"primaryImageOfPage":{"@id":"https:\/\/new.latinconnect.com\/product\/costa-rica-rundreise-stilvolles-golferlebnis\/#primaryimage"},"image":{"@id":"https:\/\/new.latinconnect.com\/product\/costa-rica-rundreise-stilvolles-golferlebnis\/#primaryimage"},"thumbnailUrl":"https:\/\/new.latinconnect.com\/wp-content\/uploads\/CRA_SGC_01_costa-rica-rundreise-stilvolles-golferlebnis.png","datePublished":"2026-04-29T13:59:58+00:00","dateModified":"2026-04-29T14:12:01+00:00","description":"Costa Rica Rundreise mit Golf auf 4 Championship-Pl\u00e4tzen. 11 Tage von San Jos\u00e9 \u00fcber Vulkan Arenal nach Tamarindo. Erstklassige Hotels, Mietwagen inklusive.","breadcrumb":{"@id":"https:\/\/new.latinconnect.com\/product\/costa-rica-rundreise-stilvolles-golferlebnis\/#breadcrumb"},"inLanguage":"de","potentialAction":[{"@type":"ReadAction","target":["https:\/\/new.latinconnect.com\/product\/costa-rica-rundreise-stilvolles-golferlebnis\/"]}]},{"@type":"ImageObject","inLanguage":"de","@id":"https:\/\/new.latinconnect.com\/product\/costa-rica-rundreise-stilvolles-golferlebnis\/#primaryimage","url":"https:\/\/new.latinconnect.com\/wp-content\/uploads\/CRA_SGC_01_costa-rica-rundreise-stilvolles-golferlebnis.png","contentUrl":"https:\/\/new.latinconnect.com\/wp-content\/uploads\/CRA_SGC_01_costa-rica-rundreise-stilvolles-golferlebnis.png","width":2400,"height":1800},{"@type":"BreadcrumbList","@id":"https:\/\/new.latinconnect.com\/product\/costa-rica-rundreise-stilvolles-golferlebnis\/#breadcrumb","itemListElement":[{"@type":"ListItem","position":1,"name":"Home","item":"https:\/\/new.latinconnect.com\/"},{"@type":"ListItem","position":2,"name":"Costa Rica Rundreise \u2013 Stilvolles Golferlebnis"}]},{"@type":"WebSite","@id":"http:\/\/new.latinconnect.com\/de\/#website","url":"http:\/\/new.latinconnect.com\/de\/","name":"Latinconnect","description":"latin america&#039;s dmc alliance","publisher":{"@id":"http:\/\/new.latinconnect.com\/de\/#organization"},"potentialAction":[{"@type":"SearchAction","target":{"@type":"EntryPoint","urlTemplate":"http:\/\/new.latinconnect.com\/de\/?s={search_term_string}"},"query-input":{"@type":"PropertyValueSpecification","valueRequired":true,"valueName":"search_term_string"}}],"inLanguage":"de"},{"@type":"Organization","@id":"http:\/\/new.latinconnect.com\/de\/#organization","name":"Latinconnect","url":"http:\/\/new.latinconnect.com\/de\/","logo":{"@type":"ImageObject","inLanguage":"de","@id":"http:\/\/new.latinconnect.com\/de\/#\/schema\/logo\/image\/","url":"https:\/\/new.latinconnect.com\/wp-content\/uploads\/logo-latinconnect.svg","contentUrl":"https:\/\/new.latinconnect.com\/wp-content\/uploads\/logo-latinconnect.svg","width":260,"height":50,"caption":"Latinconnect"},"image":{"@id":"http:\/\/new.latinconnect.com\/de\/#\/schema\/logo\/image\/"},"sameAs":["https:\/\/www.linkedin.com\/company\/latinconnect"]}]}},"_links":{"self":[{"href":"https:\/\/new.latinconnect.com\/de\/wp-json\/wp\/v2\/product\/8816","targetHints":{"allow":["GET"]}}],"collection":[{"href":"https:\/\/new.latinconnect.com\/de\/wp-json\/wp\/v2\/product"}],"about":[{"href":"https:\/\/new.latinconnect.com\/de\/wp-json\/wp\/v2\/types\/product"}],"wp:featuredmedia":[{"embeddable":true,"href":"https:\/\/new.latinconnect.com\/de\/wp-json\/wp\/v2\/media\/8286"}],"wp:attachment":[{"href":"https:\/\/new.latinconnect.com\/de\/wp-json\/wp\/v2\/media?parent=8816"}],"curies":[{"name":"wp","href":"https:\/\/api.w.org\/{rel}","templated":true}]}}