{"id":8815,"date":"2026-04-29T14:59:57","date_gmt":"2026-04-29T13:59:57","guid":{"rendered":"https:\/\/new.latinconnect.com\/product\/costa-rica-rundreise-pura-vida-e-bike-radtour\/"},"modified":"2026-04-29T15:12:01","modified_gmt":"2026-04-29T14:12:01","slug":"costa-rica-rundreise-pura-vida-e-bike-radtour","status":"publish","type":"product","link":"https:\/\/new.latinconnect.com\/de\/product\/costa-rica-rundreise-pura-vida-e-bike-radtour\/","title":{"rendered":"Costa Rica Rundreise \u2013 Pura Vida E-Bike Radtour"},"content":{"rendered":"<p>Entdecke Costa Rica auf eine v\u00f6llig neue Art: Mit dem E-Bike erkundest du das authentische Pura Vida abseits der Touristenpfade. Diese 10-t\u00e4gige Costa Rica Rundreise f\u00fchrt dich vom gr\u00fcnen Zentraltal \u00fcber Kaffee- und Zuckerrohrplantagen bis zu den traumhaften Pazifikstr\u00e4nden von S\u00e1mara. Du radelst durch das malerische Orosi-Tal, erlebst die unber\u00fchrte Natur des Tapant\u00ed Nationalparks und entspannst in den hei\u00dfen Quellen von La Fortuna.<\/p>\n","protected":false},"featured_media":8285,"template":"","meta":{"_acf_changed":false},"class_list":["post-8815","product","type-product","status-publish","has-post-thumbnail","hentry"],"acf":[],"yoast_head":"<!-- This site is optimized with the Yoast SEO plugin v26.9 - https:\/\/yoast.com\/product\/yoast-seo-wordpress\/ -->\n<title>Costa Rica Rundreise \u2013 Pura Vida E-Bike Radtour | 10 Tage aktiv<\/title>\n<meta name=\"description\" content=\"Costa Rica Rundreise per E-Bike: 10 Tage aktiv durch Orosi-Tal, Tapant\u00ed Nationalpark bis S\u00e1mara. Kleine Gruppen, mehrsprachige Reiseleitung. Ab 2.503 EUR.\" \/>\n<meta name=\"robots\" content=\"noindex, follow, max-snippet:-1, max-image-preview:large, max-video-preview:-1\" \/>\n<meta property=\"og:locale\" content=\"de_DE\" \/>\n<meta property=\"og:type\" content=\"article\" \/>\n<meta property=\"og:title\" content=\"Costa Rica Rundreise \u2013 Pura Vida E-Bike Radtour | 10 Tage aktiv\" \/>\n<meta property=\"og:description\" content=\"Costa Rica Rundreise per E-Bike: 10 Tage aktiv durch Orosi-Tal, Tapant\u00ed Nationalpark bis S\u00e1mara. Kleine Gruppen, mehrsprachige Reiseleitung. Ab 2.503 EUR.\" \/>\n<meta property=\"og:url\" content=\"https:\/\/new.latinconnect.com\/de\/product\/costa-rica-rundreise-pura-vida-e-bike-radtour\/\" \/>\n<meta property=\"og:site_name\" content=\"Latinconnect\" \/>\n<meta property=\"article:modified_time\" content=\"2026-04-29T14:12:01+00:00\" \/>\n<meta property=\"og:image\" content=\"https:\/\/new.latinconnect.com\/wp-content\/uploads\/CRA_PVE_01_costa-rica-rundreise-pura-vida-e-bike-radtour.png\" \/>\n\t<meta property=\"og:image:width\" content=\"2400\" \/>\n\t<meta property=\"og:image:height\" content=\"1800\" \/>\n\t<meta property=\"og:image:type\" content=\"image\/png\" \/>\n<meta name=\"twitter:card\" content=\"summary_large_image\" \/>\n<script type=\"application\/ld+json\" class=\"yoast-schema-graph\">{\"@context\":\"https:\/\/schema.org\",\"@graph\":[{\"@type\":\"WebPage\",\"@id\":\"https:\/\/new.latinconnect.com\/product\/costa-rica-rundreise-pura-vida-e-bike-radtour\/\",\"url\":\"https:\/\/new.latinconnect.com\/product\/costa-rica-rundreise-pura-vida-e-bike-radtour\/\",\"name\":\"Costa Rica Rundreise \u2013 Pura Vida E-Bike Radtour | 10 Tage aktiv\",\"isPartOf\":{\"@id\":\"http:\/\/new.latinconnect.com\/de\/#website\"},\"primaryImageOfPage\":{\"@id\":\"https:\/\/new.latinconnect.com\/product\/costa-rica-rundreise-pura-vida-e-bike-radtour\/#primaryimage\"},\"image\":{\"@id\":\"https:\/\/new.latinconnect.com\/product\/costa-rica-rundreise-pura-vida-e-bike-radtour\/#primaryimage\"},\"thumbnailUrl\":\"https:\/\/new.latinconnect.com\/wp-content\/uploads\/CRA_PVE_01_costa-rica-rundreise-pura-vida-e-bike-radtour.png\",\"datePublished\":\"2026-04-29T13:59:57+00:00\",\"dateModified\":\"2026-04-29T14:12:01+00:00\",\"description\":\"Costa Rica Rundreise per E-Bike: 10 Tage aktiv durch Orosi-Tal, Tapant\u00ed Nationalpark bis S\u00e1mara. Kleine Gruppen, mehrsprachige Reiseleitung. Ab 2.503 EUR.\",\"breadcrumb\":{\"@id\":\"https:\/\/new.latinconnect.com\/product\/costa-rica-rundreise-pura-vida-e-bike-radtour\/#breadcrumb\"},\"inLanguage\":\"de\",\"potentialAction\":[{\"@type\":\"ReadAction\",\"target\":[\"https:\/\/new.latinconnect.com\/product\/costa-rica-rundreise-pura-vida-e-bike-radtour\/\"]}]},{\"@type\":\"ImageObject\",\"inLanguage\":\"de\",\"@id\":\"https:\/\/new.latinconnect.com\/product\/costa-rica-rundreise-pura-vida-e-bike-radtour\/#primaryimage\",\"url\":\"https:\/\/new.latinconnect.com\/wp-content\/uploads\/CRA_PVE_01_costa-rica-rundreise-pura-vida-e-bike-radtour.png\",\"contentUrl\":\"https:\/\/new.latinconnect.com\/wp-content\/uploads\/CRA_PVE_01_costa-rica-rundreise-pura-vida-e-bike-radtour.png\",\"width\":2400,\"height\":1800},{\"@type\":\"BreadcrumbList\",\"@id\":\"https:\/\/new.latinconnect.com\/product\/costa-rica-rundreise-pura-vida-e-bike-radtour\/#breadcrumb\",\"itemListElement\":[{\"@type\":\"ListItem\",\"position\":1,\"name\":\"Home\",\"item\":\"https:\/\/new.latinconnect.com\/\"},{\"@type\":\"ListItem\",\"position\":2,\"name\":\"Costa Rica Rundreise \u2013 Pura Vida E-Bike Radtour\"}]},{\"@type\":\"WebSite\",\"@id\":\"http:\/\/new.latinconnect.com\/de\/#website\",\"url\":\"http:\/\/new.latinconnect.com\/de\/\",\"name\":\"Latinconnect\",\"description\":\"latin america&#039;s dmc alliance\",\"publisher\":{\"@id\":\"http:\/\/new.latinconnect.com\/de\/#organization\"},\"potentialAction\":[{\"@type\":\"SearchAction\",\"target\":{\"@type\":\"EntryPoint\",\"urlTemplate\":\"http:\/\/new.latinconnect.com\/de\/?s={search_term_string}\"},\"query-input\":{\"@type\":\"PropertyValueSpecification\",\"valueRequired\":true,\"valueName\":\"search_term_string\"}}],\"inLanguage\":\"de\"},{\"@type\":\"Organization\",\"@id\":\"http:\/\/new.latinconnect.com\/de\/#organization\",\"name\":\"Latinconnect\",\"url\":\"http:\/\/new.latinconnect.com\/de\/\",\"logo\":{\"@type\":\"ImageObject\",\"inLanguage\":\"de\",\"@id\":\"http:\/\/new.latinconnect.com\/de\/#\/schema\/logo\/image\/\",\"url\":\"https:\/\/new.latinconnect.com\/wp-content\/uploads\/logo-latinconnect.svg\",\"contentUrl\":\"https:\/\/new.latinconnect.com\/wp-content\/uploads\/logo-latinconnect.svg\",\"width\":260,\"height\":50,\"caption\":\"Latinconnect\"},\"image\":{\"@id\":\"http:\/\/new.latinconnect.com\/de\/#\/schema\/logo\/image\/\"},\"sameAs\":[\"https:\/\/www.linkedin.com\/company\/latinconnect\"]}]}<\/script>\n<!-- \/ Yoast SEO plugin. -->","yoast_head_json":{"title":"Costa Rica Rundreise \u2013 Pura Vida E-Bike Radtour | 10 Tage aktiv","description":"Costa Rica Rundreise per E-Bike: 10 Tage aktiv durch Orosi-Tal, Tapant\u00ed Nationalpark bis S\u00e1mara. Kleine Gruppen, mehrsprachige Reiseleitung. Ab 2.503 EUR.","robots":{"index":"noindex","follow":"follow","max-snippet":"max-snippet:-1","max-image-preview":"max-image-preview:large","max-video-preview":"max-video-preview:-1"},"og_locale":"de_DE","og_type":"article","og_title":"Costa Rica Rundreise \u2013 Pura Vida E-Bike Radtour | 10 Tage aktiv","og_description":"Costa Rica Rundreise per E-Bike: 10 Tage aktiv durch Orosi-Tal, Tapant\u00ed Nationalpark bis S\u00e1mara. Kleine Gruppen, mehrsprachige Reiseleitung. Ab 2.503 EUR.","og_url":"https:\/\/new.latinconnect.com\/de\/product\/costa-rica-rundreise-pura-vida-e-bike-radtour\/","og_site_name":"Latinconnect","article_modified_time":"2026-04-29T14:12:01+00:00","og_image":[{"width":2400,"height":1800,"url":"https:\/\/new.latinconnect.com\/wp-content\/uploads\/CRA_PVE_01_costa-rica-rundreise-pura-vida-e-bike-radtour.png","type":"image\/png"}],"twitter_card":"summary_large_image","schema":{"@context":"https:\/\/schema.org","@graph":[{"@type":"WebPage","@id":"https:\/\/new.latinconnect.com\/product\/costa-rica-rundreise-pura-vida-e-bike-radtour\/","url":"https:\/\/new.latinconnect.com\/product\/costa-rica-rundreise-pura-vida-e-bike-radtour\/","name":"Costa Rica Rundreise \u2013 Pura Vida E-Bike Radtour | 10 Tage aktiv","isPartOf":{"@id":"http:\/\/new.latinconnect.com\/de\/#website"},"primaryImageOfPage":{"@id":"https:\/\/new.latinconnect.com\/product\/costa-rica-rundreise-pura-vida-e-bike-radtour\/#primaryimage"},"image":{"@id":"https:\/\/new.latinconnect.com\/product\/costa-rica-rundreise-pura-vida-e-bike-radtour\/#primaryimage"},"thumbnailUrl":"https:\/\/new.latinconnect.com\/wp-content\/uploads\/CRA_PVE_01_costa-rica-rundreise-pura-vida-e-bike-radtour.png","datePublished":"2026-04-29T13:59:57+00:00","dateModified":"2026-04-29T14:12:01+00:00","description":"Costa Rica Rundreise per E-Bike: 10 Tage aktiv durch Orosi-Tal, Tapant\u00ed Nationalpark bis S\u00e1mara. Kleine Gruppen, mehrsprachige Reiseleitung. Ab 2.503 EUR.","breadcrumb":{"@id":"https:\/\/new.latinconnect.com\/product\/costa-rica-rundreise-pura-vida-e-bike-radtour\/#breadcrumb"},"inLanguage":"de","potentialAction":[{"@type":"ReadAction","target":["https:\/\/new.latinconnect.com\/product\/costa-rica-rundreise-pura-vida-e-bike-radtour\/"]}]},{"@type":"ImageObject","inLanguage":"de","@id":"https:\/\/new.latinconnect.com\/product\/costa-rica-rundreise-pura-vida-e-bike-radtour\/#primaryimage","url":"https:\/\/new.latinconnect.com\/wp-content\/uploads\/CRA_PVE_01_costa-rica-rundreise-pura-vida-e-bike-radtour.png","contentUrl":"https:\/\/new.latinconnect.com\/wp-content\/uploads\/CRA_PVE_01_costa-rica-rundreise-pura-vida-e-bike-radtour.png","width":2400,"height":1800},{"@type":"BreadcrumbList","@id":"https:\/\/new.latinconnect.com\/product\/costa-rica-rundreise-pura-vida-e-bike-radtour\/#breadcrumb","itemListElement":[{"@type":"ListItem","position":1,"name":"Home","item":"https:\/\/new.latinconnect.com\/"},{"@type":"ListItem","position":2,"name":"Costa Rica Rundreise \u2013 Pura Vida E-Bike Radtour"}]},{"@type":"WebSite","@id":"http:\/\/new.latinconnect.com\/de\/#website","url":"http:\/\/new.latinconnect.com\/de\/","name":"Latinconnect","description":"latin america&#039;s dmc alliance","publisher":{"@id":"http:\/\/new.latinconnect.com\/de\/#organization"},"potentialAction":[{"@type":"SearchAction","target":{"@type":"EntryPoint","urlTemplate":"http:\/\/new.latinconnect.com\/de\/?s={search_term_string}"},"query-input":{"@type":"PropertyValueSpecification","valueRequired":true,"valueName":"search_term_string"}}],"inLanguage":"de"},{"@type":"Organization","@id":"http:\/\/new.latinconnect.com\/de\/#organization","name":"Latinconnect","url":"http:\/\/new.latinconnect.com\/de\/","logo":{"@type":"ImageObject","inLanguage":"de","@id":"http:\/\/new.latinconnect.com\/de\/#\/schema\/logo\/image\/","url":"https:\/\/new.latinconnect.com\/wp-content\/uploads\/logo-latinconnect.svg","contentUrl":"https:\/\/new.latinconnect.com\/wp-content\/uploads\/logo-latinconnect.svg","width":260,"height":50,"caption":"Latinconnect"},"image":{"@id":"http:\/\/new.latinconnect.com\/de\/#\/schema\/logo\/image\/"},"sameAs":["https:\/\/www.linkedin.com\/company\/latinconnect"]}]}},"_links":{"self":[{"href":"https:\/\/new.latinconnect.com\/de\/wp-json\/wp\/v2\/product\/8815","targetHints":{"allow":["GET"]}}],"collection":[{"href":"https:\/\/new.latinconnect.com\/de\/wp-json\/wp\/v2\/product"}],"about":[{"href":"https:\/\/new.latinconnect.com\/de\/wp-json\/wp\/v2\/types\/product"}],"wp:featuredmedia":[{"embeddable":true,"href":"https:\/\/new.latinconnect.com\/de\/wp-json\/wp\/v2\/media\/8285"}],"wp:attachment":[{"href":"https:\/\/new.latinconnect.com\/de\/wp-json\/wp\/v2\/media?parent=8815"}],"curies":[{"name":"wp","href":"https:\/\/api.w.org\/{rel}","templated":true}]}}