{"id":8813,"date":"2026-04-29T14:59:56","date_gmt":"2026-04-29T13:59:56","guid":{"rendered":"https:\/\/new.latinconnect.com\/product\/costa-rica-rundreise-naturwunder\/"},"modified":"2026-04-29T15:12:01","modified_gmt":"2026-04-29T14:12:01","slug":"costa-rica-rundreise-naturwunder","status":"publish","type":"product","link":"https:\/\/new.latinconnect.com\/de\/product\/costa-rica-rundreise-naturwunder\/","title":{"rendered":"Costa Rica Rundreise \u2013 Naturwunder Costa Rica"},"content":{"rendered":"<p>Entdecke auf dieser 11-t\u00e4gigen Costa Rica Rundreise die spektakul\u00e4re Naturvielfalt zwischen Pazifik und Karibik. Deine Reise durch Costa Rica f\u00fchrt dich von den dampfenden Vulkanen des Hochlands \u00fcber die \u00fcppigen Regenw\u00e4lder bis zu den traumhaften K\u00fcsten beider Ozeane.<\/p>\n","protected":false},"featured_media":8283,"template":"","meta":{"_acf_changed":false},"class_list":["post-8813","product","type-product","status-publish","has-post-thumbnail","hentry"],"acf":[],"yoast_head":"<!-- This site is optimized with the Yoast SEO plugin v26.9 - https:\/\/yoast.com\/product\/yoast-seo-wordpress\/ -->\n<title>Costa Rica Rundreise \u2013 Naturwunder Costa Rica | 11 Tage Privatreise<\/title>\n<meta name=\"description\" content=\"Costa Rica Rundreise: 11 Tage Naturwunder zwischen Pazifik und Karibik. Vulkane, Regenw\u00e4lder, Thermalquellen und Traumstr\u00e4nde. Mit deutschsprachiger Reiseleitung ab 2.312 EUR.\" \/>\n<meta name=\"robots\" content=\"noindex, follow, max-snippet:-1, max-image-preview:large, max-video-preview:-1\" \/>\n<meta property=\"og:locale\" content=\"de_DE\" \/>\n<meta property=\"og:type\" content=\"article\" \/>\n<meta property=\"og:title\" content=\"Costa Rica Rundreise \u2013 Naturwunder Costa Rica | 11 Tage Privatreise\" \/>\n<meta property=\"og:description\" content=\"Costa Rica Rundreise: 11 Tage Naturwunder zwischen Pazifik und Karibik. Vulkane, Regenw\u00e4lder, Thermalquellen und Traumstr\u00e4nde. Mit deutschsprachiger Reiseleitung ab 2.312 EUR.\" \/>\n<meta property=\"og:url\" content=\"https:\/\/new.latinconnect.com\/de\/product\/costa-rica-rundreise-naturwunder\/\" \/>\n<meta property=\"og:site_name\" content=\"Latinconnect\" \/>\n<meta property=\"article:modified_time\" content=\"2026-04-29T14:12:01+00:00\" \/>\n<meta property=\"og:image\" content=\"https:\/\/new.latinconnect.com\/wp-content\/uploads\/CRA_NCR_01_costa-rica-rundreise-naturwunder.png\" \/>\n\t<meta property=\"og:image:width\" content=\"2400\" \/>\n\t<meta property=\"og:image:height\" content=\"1800\" \/>\n\t<meta property=\"og:image:type\" content=\"image\/png\" \/>\n<meta name=\"twitter:card\" content=\"summary_large_image\" \/>\n<script type=\"application\/ld+json\" class=\"yoast-schema-graph\">{\"@context\":\"https:\/\/schema.org\",\"@graph\":[{\"@type\":\"WebPage\",\"@id\":\"https:\/\/new.latinconnect.com\/product\/costa-rica-rundreise-naturwunder\/\",\"url\":\"https:\/\/new.latinconnect.com\/product\/costa-rica-rundreise-naturwunder\/\",\"name\":\"Costa Rica Rundreise \u2013 Naturwunder Costa Rica | 11 Tage Privatreise\",\"isPartOf\":{\"@id\":\"http:\/\/new.latinconnect.com\/de\/#website\"},\"primaryImageOfPage\":{\"@id\":\"https:\/\/new.latinconnect.com\/product\/costa-rica-rundreise-naturwunder\/#primaryimage\"},\"image\":{\"@id\":\"https:\/\/new.latinconnect.com\/product\/costa-rica-rundreise-naturwunder\/#primaryimage\"},\"thumbnailUrl\":\"https:\/\/new.latinconnect.com\/wp-content\/uploads\/CRA_NCR_01_costa-rica-rundreise-naturwunder.png\",\"datePublished\":\"2026-04-29T13:59:56+00:00\",\"dateModified\":\"2026-04-29T14:12:01+00:00\",\"description\":\"Costa Rica Rundreise: 11 Tage Naturwunder zwischen Pazifik und Karibik. Vulkane, Regenw\u00e4lder, Thermalquellen und Traumstr\u00e4nde. Mit deutschsprachiger Reiseleitung ab 2.312 EUR.\",\"breadcrumb\":{\"@id\":\"https:\/\/new.latinconnect.com\/product\/costa-rica-rundreise-naturwunder\/#breadcrumb\"},\"inLanguage\":\"de\",\"potentialAction\":[{\"@type\":\"ReadAction\",\"target\":[\"https:\/\/new.latinconnect.com\/product\/costa-rica-rundreise-naturwunder\/\"]}]},{\"@type\":\"ImageObject\",\"inLanguage\":\"de\",\"@id\":\"https:\/\/new.latinconnect.com\/product\/costa-rica-rundreise-naturwunder\/#primaryimage\",\"url\":\"https:\/\/new.latinconnect.com\/wp-content\/uploads\/CRA_NCR_01_costa-rica-rundreise-naturwunder.png\",\"contentUrl\":\"https:\/\/new.latinconnect.com\/wp-content\/uploads\/CRA_NCR_01_costa-rica-rundreise-naturwunder.png\",\"width\":2400,\"height\":1800},{\"@type\":\"BreadcrumbList\",\"@id\":\"https:\/\/new.latinconnect.com\/product\/costa-rica-rundreise-naturwunder\/#breadcrumb\",\"itemListElement\":[{\"@type\":\"ListItem\",\"position\":1,\"name\":\"Home\",\"item\":\"https:\/\/new.latinconnect.com\/\"},{\"@type\":\"ListItem\",\"position\":2,\"name\":\"Costa Rica Rundreise \u2013 Naturwunder Costa Rica\"}]},{\"@type\":\"WebSite\",\"@id\":\"http:\/\/new.latinconnect.com\/de\/#website\",\"url\":\"http:\/\/new.latinconnect.com\/de\/\",\"name\":\"Latinconnect\",\"description\":\"latin america&#039;s dmc alliance\",\"publisher\":{\"@id\":\"http:\/\/new.latinconnect.com\/de\/#organization\"},\"potentialAction\":[{\"@type\":\"SearchAction\",\"target\":{\"@type\":\"EntryPoint\",\"urlTemplate\":\"http:\/\/new.latinconnect.com\/de\/?s={search_term_string}\"},\"query-input\":{\"@type\":\"PropertyValueSpecification\",\"valueRequired\":true,\"valueName\":\"search_term_string\"}}],\"inLanguage\":\"de\"},{\"@type\":\"Organization\",\"@id\":\"http:\/\/new.latinconnect.com\/de\/#organization\",\"name\":\"Latinconnect\",\"url\":\"http:\/\/new.latinconnect.com\/de\/\",\"logo\":{\"@type\":\"ImageObject\",\"inLanguage\":\"de\",\"@id\":\"http:\/\/new.latinconnect.com\/de\/#\/schema\/logo\/image\/\",\"url\":\"https:\/\/new.latinconnect.com\/wp-content\/uploads\/logo-latinconnect.svg\",\"contentUrl\":\"https:\/\/new.latinconnect.com\/wp-content\/uploads\/logo-latinconnect.svg\",\"width\":260,\"height\":50,\"caption\":\"Latinconnect\"},\"image\":{\"@id\":\"http:\/\/new.latinconnect.com\/de\/#\/schema\/logo\/image\/\"},\"sameAs\":[\"https:\/\/www.linkedin.com\/company\/latinconnect\"]}]}<\/script>\n<!-- \/ Yoast SEO plugin. -->","yoast_head_json":{"title":"Costa Rica Rundreise \u2013 Naturwunder Costa Rica | 11 Tage Privatreise","description":"Costa Rica Rundreise: 11 Tage Naturwunder zwischen Pazifik und Karibik. Vulkane, Regenw\u00e4lder, Thermalquellen und Traumstr\u00e4nde. Mit deutschsprachiger Reiseleitung ab 2.312 EUR.","robots":{"index":"noindex","follow":"follow","max-snippet":"max-snippet:-1","max-image-preview":"max-image-preview:large","max-video-preview":"max-video-preview:-1"},"og_locale":"de_DE","og_type":"article","og_title":"Costa Rica Rundreise \u2013 Naturwunder Costa Rica | 11 Tage Privatreise","og_description":"Costa Rica Rundreise: 11 Tage Naturwunder zwischen Pazifik und Karibik. Vulkane, Regenw\u00e4lder, Thermalquellen und Traumstr\u00e4nde. Mit deutschsprachiger Reiseleitung ab 2.312 EUR.","og_url":"https:\/\/new.latinconnect.com\/de\/product\/costa-rica-rundreise-naturwunder\/","og_site_name":"Latinconnect","article_modified_time":"2026-04-29T14:12:01+00:00","og_image":[{"width":2400,"height":1800,"url":"https:\/\/new.latinconnect.com\/wp-content\/uploads\/CRA_NCR_01_costa-rica-rundreise-naturwunder.png","type":"image\/png"}],"twitter_card":"summary_large_image","schema":{"@context":"https:\/\/schema.org","@graph":[{"@type":"WebPage","@id":"https:\/\/new.latinconnect.com\/product\/costa-rica-rundreise-naturwunder\/","url":"https:\/\/new.latinconnect.com\/product\/costa-rica-rundreise-naturwunder\/","name":"Costa Rica Rundreise \u2013 Naturwunder Costa Rica | 11 Tage Privatreise","isPartOf":{"@id":"http:\/\/new.latinconnect.com\/de\/#website"},"primaryImageOfPage":{"@id":"https:\/\/new.latinconnect.com\/product\/costa-rica-rundreise-naturwunder\/#primaryimage"},"image":{"@id":"https:\/\/new.latinconnect.com\/product\/costa-rica-rundreise-naturwunder\/#primaryimage"},"thumbnailUrl":"https:\/\/new.latinconnect.com\/wp-content\/uploads\/CRA_NCR_01_costa-rica-rundreise-naturwunder.png","datePublished":"2026-04-29T13:59:56+00:00","dateModified":"2026-04-29T14:12:01+00:00","description":"Costa Rica Rundreise: 11 Tage Naturwunder zwischen Pazifik und Karibik. Vulkane, Regenw\u00e4lder, Thermalquellen und Traumstr\u00e4nde. Mit deutschsprachiger Reiseleitung ab 2.312 EUR.","breadcrumb":{"@id":"https:\/\/new.latinconnect.com\/product\/costa-rica-rundreise-naturwunder\/#breadcrumb"},"inLanguage":"de","potentialAction":[{"@type":"ReadAction","target":["https:\/\/new.latinconnect.com\/product\/costa-rica-rundreise-naturwunder\/"]}]},{"@type":"ImageObject","inLanguage":"de","@id":"https:\/\/new.latinconnect.com\/product\/costa-rica-rundreise-naturwunder\/#primaryimage","url":"https:\/\/new.latinconnect.com\/wp-content\/uploads\/CRA_NCR_01_costa-rica-rundreise-naturwunder.png","contentUrl":"https:\/\/new.latinconnect.com\/wp-content\/uploads\/CRA_NCR_01_costa-rica-rundreise-naturwunder.png","width":2400,"height":1800},{"@type":"BreadcrumbList","@id":"https:\/\/new.latinconnect.com\/product\/costa-rica-rundreise-naturwunder\/#breadcrumb","itemListElement":[{"@type":"ListItem","position":1,"name":"Home","item":"https:\/\/new.latinconnect.com\/"},{"@type":"ListItem","position":2,"name":"Costa Rica Rundreise \u2013 Naturwunder Costa Rica"}]},{"@type":"WebSite","@id":"http:\/\/new.latinconnect.com\/de\/#website","url":"http:\/\/new.latinconnect.com\/de\/","name":"Latinconnect","description":"latin america&#039;s dmc alliance","publisher":{"@id":"http:\/\/new.latinconnect.com\/de\/#organization"},"potentialAction":[{"@type":"SearchAction","target":{"@type":"EntryPoint","urlTemplate":"http:\/\/new.latinconnect.com\/de\/?s={search_term_string}"},"query-input":{"@type":"PropertyValueSpecification","valueRequired":true,"valueName":"search_term_string"}}],"inLanguage":"de"},{"@type":"Organization","@id":"http:\/\/new.latinconnect.com\/de\/#organization","name":"Latinconnect","url":"http:\/\/new.latinconnect.com\/de\/","logo":{"@type":"ImageObject","inLanguage":"de","@id":"http:\/\/new.latinconnect.com\/de\/#\/schema\/logo\/image\/","url":"https:\/\/new.latinconnect.com\/wp-content\/uploads\/logo-latinconnect.svg","contentUrl":"https:\/\/new.latinconnect.com\/wp-content\/uploads\/logo-latinconnect.svg","width":260,"height":50,"caption":"Latinconnect"},"image":{"@id":"http:\/\/new.latinconnect.com\/de\/#\/schema\/logo\/image\/"},"sameAs":["https:\/\/www.linkedin.com\/company\/latinconnect"]}]}},"_links":{"self":[{"href":"https:\/\/new.latinconnect.com\/de\/wp-json\/wp\/v2\/product\/8813","targetHints":{"allow":["GET"]}}],"collection":[{"href":"https:\/\/new.latinconnect.com\/de\/wp-json\/wp\/v2\/product"}],"about":[{"href":"https:\/\/new.latinconnect.com\/de\/wp-json\/wp\/v2\/types\/product"}],"wp:featuredmedia":[{"embeddable":true,"href":"https:\/\/new.latinconnect.com\/de\/wp-json\/wp\/v2\/media\/8283"}],"wp:attachment":[{"href":"https:\/\/new.latinconnect.com\/de\/wp-json\/wp\/v2\/media?parent=8813"}],"curies":[{"name":"wp","href":"https:\/\/api.w.org\/{rel}","templated":true}]}}