{"id":8451,"date":"2026-04-25T09:30:28","date_gmt":"2026-04-25T08:30:28","guid":{"rendered":"https:\/\/new.latinconnect.com\/product\/panama-rundreise-hoehepunkte-panama-reise\/"},"modified":"2026-04-25T09:52:14","modified_gmt":"2026-04-25T08:52:14","slug":"panama-rundreise-hoehepunkte-panama-reise","status":"publish","type":"product","link":"https:\/\/new.latinconnect.com\/de\/product\/panama-rundreise-hoehepunkte-panama-reise\/","title":{"rendered":"Panama Rundreise \u2013 H\u00f6hepunkte Panama Reise"},"content":{"rendered":"<p>Entdecke Panama auf dieser 8-t\u00e4gigen Rundreise von Panama City aus. Du erlebst die faszinierende Hauptstadt mit dem UNESCO-Weltkulturerbe Casco Viejo, durchquerst den legend\u00e4ren Panama-Kanal und tauchst in die jahrtausendealte Kultur der Ember\u00e1 ein. Diese Panama Rundreise f\u00fchrt dich zu den wichtigsten H\u00f6hepunkten des Landes \u2013 von den modernen Schleusen bis zu unber\u00fchrten Nationalparks.<\/p>\n","protected":false},"featured_media":0,"template":"","meta":{"_acf_changed":false},"class_list":["post-8451","product","type-product","status-publish","hentry"],"acf":[],"yoast_head":"<!-- This site is optimized with the Yoast SEO plugin v26.9 - https:\/\/yoast.com\/product\/yoast-seo-wordpress\/ -->\n<title>Panama Rundreise \u2013 8 Tage H\u00f6hepunkte mit Panama-Kanal | Latinconnect<\/title>\n<meta name=\"description\" content=\"Panama Rundreise: 8 Tage zu den H\u00f6hepunkten mit Panama-Kanal Durchquerung, Casco Viejo, Ember\u00e1 Kultur und Nationalparks. Deutschsprachig gef\u00fchrt ab 1.000 US$.\" \/>\n<meta name=\"robots\" content=\"noindex, follow, max-snippet:-1, max-image-preview:large, max-video-preview:-1\" \/>\n<meta property=\"og:locale\" content=\"de_DE\" \/>\n<meta property=\"og:type\" content=\"article\" \/>\n<meta property=\"og:title\" content=\"Panama Rundreise \u2013 8 Tage H\u00f6hepunkte mit Panama-Kanal | Latinconnect\" \/>\n<meta property=\"og:description\" content=\"Panama Rundreise: 8 Tage zu den H\u00f6hepunkten mit Panama-Kanal Durchquerung, Casco Viejo, Ember\u00e1 Kultur und Nationalparks. Deutschsprachig gef\u00fchrt ab 1.000 US$.\" \/>\n<meta property=\"og:url\" content=\"https:\/\/new.latinconnect.com\/de\/product\/panama-rundreise-hoehepunkte-panama-reise\/\" \/>\n<meta property=\"og:site_name\" content=\"Latinconnect\" \/>\n<meta property=\"article:modified_time\" content=\"2026-04-25T08:52:14+00:00\" \/>\n<meta name=\"twitter:card\" content=\"summary_large_image\" \/>\n<script type=\"application\/ld+json\" class=\"yoast-schema-graph\">{\"@context\":\"https:\/\/schema.org\",\"@graph\":[{\"@type\":\"WebPage\",\"@id\":\"https:\/\/new.latinconnect.com\/product\/panama-rundreise-hoehepunkte-panama-reise\/\",\"url\":\"https:\/\/new.latinconnect.com\/product\/panama-rundreise-hoehepunkte-panama-reise\/\",\"name\":\"Panama Rundreise \u2013 8 Tage H\u00f6hepunkte mit Panama-Kanal | Latinconnect\",\"isPartOf\":{\"@id\":\"http:\/\/new.latinconnect.com\/de\/#website\"},\"datePublished\":\"2026-04-25T08:30:28+00:00\",\"dateModified\":\"2026-04-25T08:52:14+00:00\",\"description\":\"Panama Rundreise: 8 Tage zu den H\u00f6hepunkten mit Panama-Kanal Durchquerung, Casco Viejo, Ember\u00e1 Kultur und Nationalparks. Deutschsprachig gef\u00fchrt ab 1.000 US$.\",\"breadcrumb\":{\"@id\":\"https:\/\/new.latinconnect.com\/product\/panama-rundreise-hoehepunkte-panama-reise\/#breadcrumb\"},\"inLanguage\":\"de\",\"potentialAction\":[{\"@type\":\"ReadAction\",\"target\":[\"https:\/\/new.latinconnect.com\/product\/panama-rundreise-hoehepunkte-panama-reise\/\"]}]},{\"@type\":\"BreadcrumbList\",\"@id\":\"https:\/\/new.latinconnect.com\/product\/panama-rundreise-hoehepunkte-panama-reise\/#breadcrumb\",\"itemListElement\":[{\"@type\":\"ListItem\",\"position\":1,\"name\":\"Home\",\"item\":\"https:\/\/new.latinconnect.com\/\"},{\"@type\":\"ListItem\",\"position\":2,\"name\":\"Panama Rundreise \u2013 H\u00f6hepunkte Panama Reise\"}]},{\"@type\":\"WebSite\",\"@id\":\"http:\/\/new.latinconnect.com\/de\/#website\",\"url\":\"http:\/\/new.latinconnect.com\/de\/\",\"name\":\"Latinconnect\",\"description\":\"latin america&#039;s dmc alliance\",\"publisher\":{\"@id\":\"http:\/\/new.latinconnect.com\/de\/#organization\"},\"potentialAction\":[{\"@type\":\"SearchAction\",\"target\":{\"@type\":\"EntryPoint\",\"urlTemplate\":\"http:\/\/new.latinconnect.com\/de\/?s={search_term_string}\"},\"query-input\":{\"@type\":\"PropertyValueSpecification\",\"valueRequired\":true,\"valueName\":\"search_term_string\"}}],\"inLanguage\":\"de\"},{\"@type\":\"Organization\",\"@id\":\"http:\/\/new.latinconnect.com\/de\/#organization\",\"name\":\"Latinconnect\",\"url\":\"http:\/\/new.latinconnect.com\/de\/\",\"logo\":{\"@type\":\"ImageObject\",\"inLanguage\":\"de\",\"@id\":\"http:\/\/new.latinconnect.com\/de\/#\/schema\/logo\/image\/\",\"url\":\"https:\/\/new.latinconnect.com\/wp-content\/uploads\/logo-latinconnect.svg\",\"contentUrl\":\"https:\/\/new.latinconnect.com\/wp-content\/uploads\/logo-latinconnect.svg\",\"width\":260,\"height\":50,\"caption\":\"Latinconnect\"},\"image\":{\"@id\":\"http:\/\/new.latinconnect.com\/de\/#\/schema\/logo\/image\/\"},\"sameAs\":[\"https:\/\/www.linkedin.com\/company\/latinconnect\"]}]}<\/script>\n<!-- \/ Yoast SEO plugin. -->","yoast_head_json":{"title":"Panama Rundreise \u2013 8 Tage H\u00f6hepunkte mit Panama-Kanal | Latinconnect","description":"Panama Rundreise: 8 Tage zu den H\u00f6hepunkten mit Panama-Kanal Durchquerung, Casco Viejo, Ember\u00e1 Kultur und Nationalparks. Deutschsprachig gef\u00fchrt ab 1.000 US$.","robots":{"index":"noindex","follow":"follow","max-snippet":"max-snippet:-1","max-image-preview":"max-image-preview:large","max-video-preview":"max-video-preview:-1"},"og_locale":"de_DE","og_type":"article","og_title":"Panama Rundreise \u2013 8 Tage H\u00f6hepunkte mit Panama-Kanal | Latinconnect","og_description":"Panama Rundreise: 8 Tage zu den H\u00f6hepunkten mit Panama-Kanal Durchquerung, Casco Viejo, Ember\u00e1 Kultur und Nationalparks. Deutschsprachig gef\u00fchrt ab 1.000 US$.","og_url":"https:\/\/new.latinconnect.com\/de\/product\/panama-rundreise-hoehepunkte-panama-reise\/","og_site_name":"Latinconnect","article_modified_time":"2026-04-25T08:52:14+00:00","twitter_card":"summary_large_image","schema":{"@context":"https:\/\/schema.org","@graph":[{"@type":"WebPage","@id":"https:\/\/new.latinconnect.com\/product\/panama-rundreise-hoehepunkte-panama-reise\/","url":"https:\/\/new.latinconnect.com\/product\/panama-rundreise-hoehepunkte-panama-reise\/","name":"Panama Rundreise \u2013 8 Tage H\u00f6hepunkte mit Panama-Kanal | Latinconnect","isPartOf":{"@id":"http:\/\/new.latinconnect.com\/de\/#website"},"datePublished":"2026-04-25T08:30:28+00:00","dateModified":"2026-04-25T08:52:14+00:00","description":"Panama Rundreise: 8 Tage zu den H\u00f6hepunkten mit Panama-Kanal Durchquerung, Casco Viejo, Ember\u00e1 Kultur und Nationalparks. Deutschsprachig gef\u00fchrt ab 1.000 US$.","breadcrumb":{"@id":"https:\/\/new.latinconnect.com\/product\/panama-rundreise-hoehepunkte-panama-reise\/#breadcrumb"},"inLanguage":"de","potentialAction":[{"@type":"ReadAction","target":["https:\/\/new.latinconnect.com\/product\/panama-rundreise-hoehepunkte-panama-reise\/"]}]},{"@type":"BreadcrumbList","@id":"https:\/\/new.latinconnect.com\/product\/panama-rundreise-hoehepunkte-panama-reise\/#breadcrumb","itemListElement":[{"@type":"ListItem","position":1,"name":"Home","item":"https:\/\/new.latinconnect.com\/"},{"@type":"ListItem","position":2,"name":"Panama Rundreise \u2013 H\u00f6hepunkte Panama Reise"}]},{"@type":"WebSite","@id":"http:\/\/new.latinconnect.com\/de\/#website","url":"http:\/\/new.latinconnect.com\/de\/","name":"Latinconnect","description":"latin america&#039;s dmc alliance","publisher":{"@id":"http:\/\/new.latinconnect.com\/de\/#organization"},"potentialAction":[{"@type":"SearchAction","target":{"@type":"EntryPoint","urlTemplate":"http:\/\/new.latinconnect.com\/de\/?s={search_term_string}"},"query-input":{"@type":"PropertyValueSpecification","valueRequired":true,"valueName":"search_term_string"}}],"inLanguage":"de"},{"@type":"Organization","@id":"http:\/\/new.latinconnect.com\/de\/#organization","name":"Latinconnect","url":"http:\/\/new.latinconnect.com\/de\/","logo":{"@type":"ImageObject","inLanguage":"de","@id":"http:\/\/new.latinconnect.com\/de\/#\/schema\/logo\/image\/","url":"https:\/\/new.latinconnect.com\/wp-content\/uploads\/logo-latinconnect.svg","contentUrl":"https:\/\/new.latinconnect.com\/wp-content\/uploads\/logo-latinconnect.svg","width":260,"height":50,"caption":"Latinconnect"},"image":{"@id":"http:\/\/new.latinconnect.com\/de\/#\/schema\/logo\/image\/"},"sameAs":["https:\/\/www.linkedin.com\/company\/latinconnect"]}]}},"_links":{"self":[{"href":"https:\/\/new.latinconnect.com\/de\/wp-json\/wp\/v2\/product\/8451","targetHints":{"allow":["GET"]}}],"collection":[{"href":"https:\/\/new.latinconnect.com\/de\/wp-json\/wp\/v2\/product"}],"about":[{"href":"https:\/\/new.latinconnect.com\/de\/wp-json\/wp\/v2\/types\/product"}],"wp:attachment":[{"href":"https:\/\/new.latinconnect.com\/de\/wp-json\/wp\/v2\/media?parent=8451"}],"curies":[{"name":"wp","href":"https:\/\/api.w.org\/{rel}","templated":true}]}}