{"id":8450,"date":"2026-04-25T09:30:28","date_gmt":"2026-04-25T08:30:28","guid":{"rendered":"https:\/\/new.latinconnect.com\/product\/panama-rundreise-best-of-panama-tour\/"},"modified":"2026-04-25T09:52:14","modified_gmt":"2026-04-25T08:52:14","slug":"panama-rundreise-best-of-panama-tour","status":"publish","type":"product","link":"https:\/\/new.latinconnect.com\/de\/product\/panama-rundreise-best-of-panama-tour\/","title":{"rendered":"Panama Rundreise \u2013 Best of Panama Tour"},"content":{"rendered":"<p>Entdecke Panama auf dieser 12-t\u00e4gigen Rundreise von Panama City bis zu den paradiesischen Inseln von Bocas del Toro. Du erlebst die faszinierende Teildurchquerung des Panamakanals, wandelst durch koloniale Altst\u00e4dte und tauchst in authentische Dorfgemeinschaften ein. Von den Bergnebelw\u00e4ldern Boquetes bis zu den Traumstr\u00e4nden der Karibikk\u00fcste zeigt dir diese Reise durch Panama die ganze Vielfalt des Landes zwischen zwei Ozeanen.<\/p>\n","protected":false},"featured_media":0,"template":"","meta":{"_acf_changed":false},"class_list":["post-8450","product","type-product","status-publish","hentry"],"acf":[],"yoast_head":"<!-- This site is optimized with the Yoast SEO plugin v26.9 - https:\/\/yoast.com\/product\/yoast-seo-wordpress\/ -->\n<title>Panama Rundreise \u2013 Best of Panama Tour | 12 Tage von Panama City bis Bocas del Toro<\/title>\n<meta name=\"description\" content=\"Entdecke Panama auf einer 12-t\u00e4gigen Rundreise: Panamakanal, koloniale St\u00e4dte, Vulkankrater El Valle, authentische D\u00f6rfer, Bergnebelwald Boquete und Karibikinseln Bocas del Toro. Ab 1390 US$.\" \/>\n<meta name=\"robots\" content=\"noindex, follow, max-snippet:-1, max-image-preview:large, max-video-preview:-1\" \/>\n<meta property=\"og:locale\" content=\"de_DE\" \/>\n<meta property=\"og:type\" content=\"article\" \/>\n<meta property=\"og:title\" content=\"Panama Rundreise \u2013 Best of Panama Tour | 12 Tage von Panama City bis Bocas del Toro\" \/>\n<meta property=\"og:description\" content=\"Entdecke Panama auf einer 12-t\u00e4gigen Rundreise: Panamakanal, koloniale St\u00e4dte, Vulkankrater El Valle, authentische D\u00f6rfer, Bergnebelwald Boquete und Karibikinseln Bocas del Toro. Ab 1390 US$.\" \/>\n<meta property=\"og:url\" content=\"https:\/\/new.latinconnect.com\/de\/product\/panama-rundreise-best-of-panama-tour\/\" \/>\n<meta property=\"og:site_name\" content=\"Latinconnect\" \/>\n<meta property=\"article:modified_time\" content=\"2026-04-25T08:52:14+00:00\" \/>\n<meta name=\"twitter:card\" content=\"summary_large_image\" \/>\n<script type=\"application\/ld+json\" class=\"yoast-schema-graph\">{\"@context\":\"https:\/\/schema.org\",\"@graph\":[{\"@type\":\"WebPage\",\"@id\":\"https:\/\/new.latinconnect.com\/product\/panama-rundreise-best-of-panama-tour\/\",\"url\":\"https:\/\/new.latinconnect.com\/product\/panama-rundreise-best-of-panama-tour\/\",\"name\":\"Panama Rundreise \u2013 Best of Panama Tour | 12 Tage von Panama City bis Bocas del Toro\",\"isPartOf\":{\"@id\":\"http:\/\/new.latinconnect.com\/de\/#website\"},\"datePublished\":\"2026-04-25T08:30:28+00:00\",\"dateModified\":\"2026-04-25T08:52:14+00:00\",\"description\":\"Entdecke Panama auf einer 12-t\u00e4gigen Rundreise: Panamakanal, koloniale St\u00e4dte, Vulkankrater El Valle, authentische D\u00f6rfer, Bergnebelwald Boquete und Karibikinseln Bocas del Toro. Ab 1390 US$.\",\"breadcrumb\":{\"@id\":\"https:\/\/new.latinconnect.com\/product\/panama-rundreise-best-of-panama-tour\/#breadcrumb\"},\"inLanguage\":\"de\",\"potentialAction\":[{\"@type\":\"ReadAction\",\"target\":[\"https:\/\/new.latinconnect.com\/product\/panama-rundreise-best-of-panama-tour\/\"]}]},{\"@type\":\"BreadcrumbList\",\"@id\":\"https:\/\/new.latinconnect.com\/product\/panama-rundreise-best-of-panama-tour\/#breadcrumb\",\"itemListElement\":[{\"@type\":\"ListItem\",\"position\":1,\"name\":\"Home\",\"item\":\"https:\/\/new.latinconnect.com\/\"},{\"@type\":\"ListItem\",\"position\":2,\"name\":\"Panama Rundreise \u2013 Best of Panama Tour\"}]},{\"@type\":\"WebSite\",\"@id\":\"http:\/\/new.latinconnect.com\/de\/#website\",\"url\":\"http:\/\/new.latinconnect.com\/de\/\",\"name\":\"Latinconnect\",\"description\":\"latin america&#039;s dmc alliance\",\"publisher\":{\"@id\":\"http:\/\/new.latinconnect.com\/de\/#organization\"},\"potentialAction\":[{\"@type\":\"SearchAction\",\"target\":{\"@type\":\"EntryPoint\",\"urlTemplate\":\"http:\/\/new.latinconnect.com\/de\/?s={search_term_string}\"},\"query-input\":{\"@type\":\"PropertyValueSpecification\",\"valueRequired\":true,\"valueName\":\"search_term_string\"}}],\"inLanguage\":\"de\"},{\"@type\":\"Organization\",\"@id\":\"http:\/\/new.latinconnect.com\/de\/#organization\",\"name\":\"Latinconnect\",\"url\":\"http:\/\/new.latinconnect.com\/de\/\",\"logo\":{\"@type\":\"ImageObject\",\"inLanguage\":\"de\",\"@id\":\"http:\/\/new.latinconnect.com\/de\/#\/schema\/logo\/image\/\",\"url\":\"https:\/\/new.latinconnect.com\/wp-content\/uploads\/logo-latinconnect.svg\",\"contentUrl\":\"https:\/\/new.latinconnect.com\/wp-content\/uploads\/logo-latinconnect.svg\",\"width\":260,\"height\":50,\"caption\":\"Latinconnect\"},\"image\":{\"@id\":\"http:\/\/new.latinconnect.com\/de\/#\/schema\/logo\/image\/\"},\"sameAs\":[\"https:\/\/www.linkedin.com\/company\/latinconnect\"]}]}<\/script>\n<!-- \/ Yoast SEO plugin. -->","yoast_head_json":{"title":"Panama Rundreise \u2013 Best of Panama Tour | 12 Tage von Panama City bis Bocas del Toro","description":"Entdecke Panama auf einer 12-t\u00e4gigen Rundreise: Panamakanal, koloniale St\u00e4dte, Vulkankrater El Valle, authentische D\u00f6rfer, Bergnebelwald Boquete und Karibikinseln Bocas del Toro. Ab 1390 US$.","robots":{"index":"noindex","follow":"follow","max-snippet":"max-snippet:-1","max-image-preview":"max-image-preview:large","max-video-preview":"max-video-preview:-1"},"og_locale":"de_DE","og_type":"article","og_title":"Panama Rundreise \u2013 Best of Panama Tour | 12 Tage von Panama City bis Bocas del Toro","og_description":"Entdecke Panama auf einer 12-t\u00e4gigen Rundreise: Panamakanal, koloniale St\u00e4dte, Vulkankrater El Valle, authentische D\u00f6rfer, Bergnebelwald Boquete und Karibikinseln Bocas del Toro. Ab 1390 US$.","og_url":"https:\/\/new.latinconnect.com\/de\/product\/panama-rundreise-best-of-panama-tour\/","og_site_name":"Latinconnect","article_modified_time":"2026-04-25T08:52:14+00:00","twitter_card":"summary_large_image","schema":{"@context":"https:\/\/schema.org","@graph":[{"@type":"WebPage","@id":"https:\/\/new.latinconnect.com\/product\/panama-rundreise-best-of-panama-tour\/","url":"https:\/\/new.latinconnect.com\/product\/panama-rundreise-best-of-panama-tour\/","name":"Panama Rundreise \u2013 Best of Panama Tour | 12 Tage von Panama City bis Bocas del Toro","isPartOf":{"@id":"http:\/\/new.latinconnect.com\/de\/#website"},"datePublished":"2026-04-25T08:30:28+00:00","dateModified":"2026-04-25T08:52:14+00:00","description":"Entdecke Panama auf einer 12-t\u00e4gigen Rundreise: Panamakanal, koloniale St\u00e4dte, Vulkankrater El Valle, authentische D\u00f6rfer, Bergnebelwald Boquete und Karibikinseln Bocas del Toro. Ab 1390 US$.","breadcrumb":{"@id":"https:\/\/new.latinconnect.com\/product\/panama-rundreise-best-of-panama-tour\/#breadcrumb"},"inLanguage":"de","potentialAction":[{"@type":"ReadAction","target":["https:\/\/new.latinconnect.com\/product\/panama-rundreise-best-of-panama-tour\/"]}]},{"@type":"BreadcrumbList","@id":"https:\/\/new.latinconnect.com\/product\/panama-rundreise-best-of-panama-tour\/#breadcrumb","itemListElement":[{"@type":"ListItem","position":1,"name":"Home","item":"https:\/\/new.latinconnect.com\/"},{"@type":"ListItem","position":2,"name":"Panama Rundreise \u2013 Best of Panama Tour"}]},{"@type":"WebSite","@id":"http:\/\/new.latinconnect.com\/de\/#website","url":"http:\/\/new.latinconnect.com\/de\/","name":"Latinconnect","description":"latin america&#039;s dmc alliance","publisher":{"@id":"http:\/\/new.latinconnect.com\/de\/#organization"},"potentialAction":[{"@type":"SearchAction","target":{"@type":"EntryPoint","urlTemplate":"http:\/\/new.latinconnect.com\/de\/?s={search_term_string}"},"query-input":{"@type":"PropertyValueSpecification","valueRequired":true,"valueName":"search_term_string"}}],"inLanguage":"de"},{"@type":"Organization","@id":"http:\/\/new.latinconnect.com\/de\/#organization","name":"Latinconnect","url":"http:\/\/new.latinconnect.com\/de\/","logo":{"@type":"ImageObject","inLanguage":"de","@id":"http:\/\/new.latinconnect.com\/de\/#\/schema\/logo\/image\/","url":"https:\/\/new.latinconnect.com\/wp-content\/uploads\/logo-latinconnect.svg","contentUrl":"https:\/\/new.latinconnect.com\/wp-content\/uploads\/logo-latinconnect.svg","width":260,"height":50,"caption":"Latinconnect"},"image":{"@id":"http:\/\/new.latinconnect.com\/de\/#\/schema\/logo\/image\/"},"sameAs":["https:\/\/www.linkedin.com\/company\/latinconnect"]}]}},"_links":{"self":[{"href":"https:\/\/new.latinconnect.com\/de\/wp-json\/wp\/v2\/product\/8450","targetHints":{"allow":["GET"]}}],"collection":[{"href":"https:\/\/new.latinconnect.com\/de\/wp-json\/wp\/v2\/product"}],"about":[{"href":"https:\/\/new.latinconnect.com\/de\/wp-json\/wp\/v2\/types\/product"}],"wp:attachment":[{"href":"https:\/\/new.latinconnect.com\/de\/wp-json\/wp\/v2\/media?parent=8450"}],"curies":[{"name":"wp","href":"https:\/\/api.w.org\/{rel}","templated":true}]}}