{"id":8418,"date":"2026-04-25T09:30:02","date_gmt":"2026-04-25T08:30:02","guid":{"rendered":"https:\/\/new.latinconnect.com\/product\/nicaragua-costa-rica-panama-rundreise-mundo-verde\/"},"modified":"2026-04-25T09:52:12","modified_gmt":"2026-04-25T08:52:12","slug":"nicaragua-costa-rica-panama-rundreise-mundo-verde","status":"publish","type":"product","link":"https:\/\/new.latinconnect.com\/de\/product\/nicaragua-costa-rica-panama-rundreise-mundo-verde\/","title":{"rendered":"Nicaragua, Costa Rica &#038; Panama Rundreise \u2013 Erlebnisreise Mundo Verde"},"content":{"rendered":"<p>Entdecke auf dieser 15-t\u00e4gigen Rundreise durch Nicaragua, Costa Rica und Panama die unglaubliche Artenvielfalt und den Naturreichtum Zentralamerikas. Von der kolonialen Pracht Granadas \u00fcber die mystische Insel Ometepe bis hin zum beeindruckenden Panama-Kanal erlebst du drei L\u00e4nder voller Kontraste und nat\u00fcrlicher Sch\u00f6nheit.<\/p>\n","protected":false},"featured_media":0,"template":"","meta":{"_acf_changed":false},"class_list":["post-8418","product","type-product","status-publish","hentry"],"acf":[],"yoast_head":"<!-- This site is optimized with the Yoast SEO plugin v26.9 - https:\/\/yoast.com\/product\/yoast-seo-wordpress\/ -->\n<title>Nicaragua Costa Rica Panama Rundreise \u2013 15 Tage Erlebnisreise Mundo Verde<\/title>\n<meta name=\"description\" content=\"15-t\u00e4gige Nicaragua, Costa Rica und Panama Rundreise: Von Granada \u00fcber Ometepe und Arenal bis Panama-Kanal. Kleingruppenreise mit deutschsprechender Reiseleitung ab 3.029 EUR.\" \/>\n<meta name=\"robots\" content=\"noindex, follow, max-snippet:-1, max-image-preview:large, max-video-preview:-1\" \/>\n<meta property=\"og:locale\" content=\"de_DE\" \/>\n<meta property=\"og:type\" content=\"article\" \/>\n<meta property=\"og:title\" content=\"Nicaragua Costa Rica Panama Rundreise \u2013 15 Tage Erlebnisreise Mundo Verde\" \/>\n<meta property=\"og:description\" content=\"15-t\u00e4gige Nicaragua, Costa Rica und Panama Rundreise: Von Granada \u00fcber Ometepe und Arenal bis Panama-Kanal. Kleingruppenreise mit deutschsprechender Reiseleitung ab 3.029 EUR.\" \/>\n<meta property=\"og:url\" content=\"https:\/\/new.latinconnect.com\/de\/product\/nicaragua-costa-rica-panama-rundreise-mundo-verde\/\" \/>\n<meta property=\"og:site_name\" content=\"Latinconnect\" \/>\n<meta property=\"article:modified_time\" content=\"2026-04-25T08:52:12+00:00\" \/>\n<meta name=\"twitter:card\" content=\"summary_large_image\" \/>\n<script type=\"application\/ld+json\" class=\"yoast-schema-graph\">{\"@context\":\"https:\/\/schema.org\",\"@graph\":[{\"@type\":\"WebPage\",\"@id\":\"https:\/\/new.latinconnect.com\/product\/nicaragua-costa-rica-panama-rundreise-mundo-verde\/\",\"url\":\"https:\/\/new.latinconnect.com\/product\/nicaragua-costa-rica-panama-rundreise-mundo-verde\/\",\"name\":\"Nicaragua Costa Rica Panama Rundreise \u2013 15 Tage Erlebnisreise Mundo Verde\",\"isPartOf\":{\"@id\":\"http:\/\/new.latinconnect.com\/de\/#website\"},\"datePublished\":\"2026-04-25T08:30:02+00:00\",\"dateModified\":\"2026-04-25T08:52:12+00:00\",\"description\":\"15-t\u00e4gige Nicaragua, Costa Rica und Panama Rundreise: Von Granada \u00fcber Ometepe und Arenal bis Panama-Kanal. Kleingruppenreise mit deutschsprechender Reiseleitung ab 3.029 EUR.\",\"breadcrumb\":{\"@id\":\"https:\/\/new.latinconnect.com\/product\/nicaragua-costa-rica-panama-rundreise-mundo-verde\/#breadcrumb\"},\"inLanguage\":\"de\",\"potentialAction\":[{\"@type\":\"ReadAction\",\"target\":[\"https:\/\/new.latinconnect.com\/product\/nicaragua-costa-rica-panama-rundreise-mundo-verde\/\"]}]},{\"@type\":\"BreadcrumbList\",\"@id\":\"https:\/\/new.latinconnect.com\/product\/nicaragua-costa-rica-panama-rundreise-mundo-verde\/#breadcrumb\",\"itemListElement\":[{\"@type\":\"ListItem\",\"position\":1,\"name\":\"Home\",\"item\":\"https:\/\/new.latinconnect.com\/\"},{\"@type\":\"ListItem\",\"position\":2,\"name\":\"Nicaragua, Costa Rica &#038; Panama Rundreise \u2013 Erlebnisreise Mundo Verde\"}]},{\"@type\":\"WebSite\",\"@id\":\"http:\/\/new.latinconnect.com\/de\/#website\",\"url\":\"http:\/\/new.latinconnect.com\/de\/\",\"name\":\"Latinconnect\",\"description\":\"latin america&#039;s dmc alliance\",\"publisher\":{\"@id\":\"http:\/\/new.latinconnect.com\/de\/#organization\"},\"potentialAction\":[{\"@type\":\"SearchAction\",\"target\":{\"@type\":\"EntryPoint\",\"urlTemplate\":\"http:\/\/new.latinconnect.com\/de\/?s={search_term_string}\"},\"query-input\":{\"@type\":\"PropertyValueSpecification\",\"valueRequired\":true,\"valueName\":\"search_term_string\"}}],\"inLanguage\":\"de\"},{\"@type\":\"Organization\",\"@id\":\"http:\/\/new.latinconnect.com\/de\/#organization\",\"name\":\"Latinconnect\",\"url\":\"http:\/\/new.latinconnect.com\/de\/\",\"logo\":{\"@type\":\"ImageObject\",\"inLanguage\":\"de\",\"@id\":\"http:\/\/new.latinconnect.com\/de\/#\/schema\/logo\/image\/\",\"url\":\"https:\/\/new.latinconnect.com\/wp-content\/uploads\/logo-latinconnect.svg\",\"contentUrl\":\"https:\/\/new.latinconnect.com\/wp-content\/uploads\/logo-latinconnect.svg\",\"width\":260,\"height\":50,\"caption\":\"Latinconnect\"},\"image\":{\"@id\":\"http:\/\/new.latinconnect.com\/de\/#\/schema\/logo\/image\/\"},\"sameAs\":[\"https:\/\/www.linkedin.com\/company\/latinconnect\"]}]}<\/script>\n<!-- \/ Yoast SEO plugin. -->","yoast_head_json":{"title":"Nicaragua Costa Rica Panama Rundreise \u2013 15 Tage Erlebnisreise Mundo Verde","description":"15-t\u00e4gige Nicaragua, Costa Rica und Panama Rundreise: Von Granada \u00fcber Ometepe und Arenal bis Panama-Kanal. Kleingruppenreise mit deutschsprechender Reiseleitung ab 3.029 EUR.","robots":{"index":"noindex","follow":"follow","max-snippet":"max-snippet:-1","max-image-preview":"max-image-preview:large","max-video-preview":"max-video-preview:-1"},"og_locale":"de_DE","og_type":"article","og_title":"Nicaragua Costa Rica Panama Rundreise \u2013 15 Tage Erlebnisreise Mundo Verde","og_description":"15-t\u00e4gige Nicaragua, Costa Rica und Panama Rundreise: Von Granada \u00fcber Ometepe und Arenal bis Panama-Kanal. Kleingruppenreise mit deutschsprechender Reiseleitung ab 3.029 EUR.","og_url":"https:\/\/new.latinconnect.com\/de\/product\/nicaragua-costa-rica-panama-rundreise-mundo-verde\/","og_site_name":"Latinconnect","article_modified_time":"2026-04-25T08:52:12+00:00","twitter_card":"summary_large_image","schema":{"@context":"https:\/\/schema.org","@graph":[{"@type":"WebPage","@id":"https:\/\/new.latinconnect.com\/product\/nicaragua-costa-rica-panama-rundreise-mundo-verde\/","url":"https:\/\/new.latinconnect.com\/product\/nicaragua-costa-rica-panama-rundreise-mundo-verde\/","name":"Nicaragua Costa Rica Panama Rundreise \u2013 15 Tage Erlebnisreise Mundo Verde","isPartOf":{"@id":"http:\/\/new.latinconnect.com\/de\/#website"},"datePublished":"2026-04-25T08:30:02+00:00","dateModified":"2026-04-25T08:52:12+00:00","description":"15-t\u00e4gige Nicaragua, Costa Rica und Panama Rundreise: Von Granada \u00fcber Ometepe und Arenal bis Panama-Kanal. Kleingruppenreise mit deutschsprechender Reiseleitung ab 3.029 EUR.","breadcrumb":{"@id":"https:\/\/new.latinconnect.com\/product\/nicaragua-costa-rica-panama-rundreise-mundo-verde\/#breadcrumb"},"inLanguage":"de","potentialAction":[{"@type":"ReadAction","target":["https:\/\/new.latinconnect.com\/product\/nicaragua-costa-rica-panama-rundreise-mundo-verde\/"]}]},{"@type":"BreadcrumbList","@id":"https:\/\/new.latinconnect.com\/product\/nicaragua-costa-rica-panama-rundreise-mundo-verde\/#breadcrumb","itemListElement":[{"@type":"ListItem","position":1,"name":"Home","item":"https:\/\/new.latinconnect.com\/"},{"@type":"ListItem","position":2,"name":"Nicaragua, Costa Rica &#038; Panama Rundreise \u2013 Erlebnisreise Mundo Verde"}]},{"@type":"WebSite","@id":"http:\/\/new.latinconnect.com\/de\/#website","url":"http:\/\/new.latinconnect.com\/de\/","name":"Latinconnect","description":"latin america&#039;s dmc alliance","publisher":{"@id":"http:\/\/new.latinconnect.com\/de\/#organization"},"potentialAction":[{"@type":"SearchAction","target":{"@type":"EntryPoint","urlTemplate":"http:\/\/new.latinconnect.com\/de\/?s={search_term_string}"},"query-input":{"@type":"PropertyValueSpecification","valueRequired":true,"valueName":"search_term_string"}}],"inLanguage":"de"},{"@type":"Organization","@id":"http:\/\/new.latinconnect.com\/de\/#organization","name":"Latinconnect","url":"http:\/\/new.latinconnect.com\/de\/","logo":{"@type":"ImageObject","inLanguage":"de","@id":"http:\/\/new.latinconnect.com\/de\/#\/schema\/logo\/image\/","url":"https:\/\/new.latinconnect.com\/wp-content\/uploads\/logo-latinconnect.svg","contentUrl":"https:\/\/new.latinconnect.com\/wp-content\/uploads\/logo-latinconnect.svg","width":260,"height":50,"caption":"Latinconnect"},"image":{"@id":"http:\/\/new.latinconnect.com\/de\/#\/schema\/logo\/image\/"},"sameAs":["https:\/\/www.linkedin.com\/company\/latinconnect"]}]}},"_links":{"self":[{"href":"https:\/\/new.latinconnect.com\/de\/wp-json\/wp\/v2\/product\/8418","targetHints":{"allow":["GET"]}}],"collection":[{"href":"https:\/\/new.latinconnect.com\/de\/wp-json\/wp\/v2\/product"}],"about":[{"href":"https:\/\/new.latinconnect.com\/de\/wp-json\/wp\/v2\/types\/product"}],"wp:attachment":[{"href":"https:\/\/new.latinconnect.com\/de\/wp-json\/wp\/v2\/media?parent=8418"}],"curies":[{"name":"wp","href":"https:\/\/api.w.org\/{rel}","templated":true}]}}