{"id":3652,"date":"2025-12-19T08:55:02","date_gmt":"2025-12-19T08:55:02","guid":{"rendered":"https:\/\/new.latinconnect.com\/?page_id=3652"},"modified":"2026-04-14T07:13:16","modified_gmt":"2026-04-14T07:13:16","slug":"impressum","status":"publish","type":"page","link":"https:\/\/new.latinconnect.com\/de\/impressum\/","title":{"rendered":"Impressum"},"content":{"rendered":"\t\t<div data-elementor-type=\"wp-page\" data-elementor-id=\"3652\" class=\"elementor elementor-3652\">\n\t\t\t\t<div class=\"elementor-element elementor-element-45db11ad first e-flex e-con-boxed wpr-particle-no wpr-jarallax-no wpr-parallax-no wpr-sticky-section-no e-con e-parent\" data-id=\"45db11ad\" data-element_type=\"container\">\n\t\t\t\t\t<div class=\"e-con-inner\">\n\t\t\t\t<div class=\"elementor-element elementor-element-3d1a54df elementor-widget elementor-widget-text-editor\" data-id=\"3d1a54df\" data-element_type=\"widget\" data-widget_type=\"text-editor.default\">\n\t\t\t\t\t\t\t\t\t<h1>Impressum<\/h1><p>Anbieter \/ Verantwortlich f\u00fcr den Inhalt dieser Website:<br \/>Latinconnect<br \/>Daniel K\u00fcng<\/p><p>Latinconnect<br \/>c\/o DMC Systems SA<br \/>Sabana Sur, Calle 66<br \/>Edificio ARA Tours<br \/>10108 San Jos\u00e9<br \/>Costa Rica<\/p><p>E-Mail: <a href=\"&#x6d;&#97;&#105;l&#x74;&#x6f;&#58;d&#x61;&#x6e;&#105;e&#x6c;&#x2e;&#107;u&#x65;&#x6e;&#103;&#64;&#x6c;&#x61;&#116;i&#x6e;&#x63;&#111;&#110;n&#x65;&#x63;&#116;&#46;&#x63;&#x6f;&#109;\" data-no-translation=\"\">daniel&#46;k&#117;&#101;&#110;&#103;&#64;&#108;&#97;&#116;&#105;&#110;&#x63;&#x6f;&#x6e;&#x6e;&#x65;&#x63;&#x74;&#x2e;&#x63;&#x6f;&#x6d;<\/a><\/p><h3>Haftungsausschluss<\/h3><p><strong>Haftung f\u00fcr Inhalte<\/strong><br \/>Wir erstellen die Inhalte dieser Website mit grosser Sorgfalt und bem\u00fchen uns, alle Informationen aktuell, korrekt und vollst\u00e4ndig zu halten. Trotzdem k\u00f6nnen wir keine Gew\u00e4hr f\u00fcr die Richtigkeit, Vollst\u00e4ndigkeit und Aktualit\u00e4t der Inhalte \u00fcbernehmen.<\/p><p><strong>Haftung f\u00fcr Links<\/strong><br \/>Diese Website kann Links zu externen Websites Dritter enthalten. Auf deren Inhalte haben wir keinen Einfluss. F\u00fcr die Inhalte der verlinkten Seiten ist immer der jeweilige Anbieter oder Betreiber verantwortlich. Wenn du einen problematischen Link entdeckst, freuen wir uns \u00fcber einen Hinweis.<\/p><h3>Urheberrecht<\/h3><p>Alle Inhalte dieser Website (Texte, Bilder, Grafiken, Logos, Downloads und weitere Dateien) sind urheberrechtlich gesch\u00fctzt. Die Verwendung, Vervielf\u00e4ltigung oder Weitergabe von Inhalten ist nur mit vorheriger schriftlicher Zustimmung von Latinconnect erlaubt \u2013 ausser es ist gesetzlich ausdr\u00fccklich zul\u00e4ssig.<\/p><h3>Datenschutz<\/h3><p>Informationen zur Bearbeitung deiner personenbezogenen Daten findest du in unserer Datenschutzrichtlinie.<\/p><h3>Kontakt<\/h3><p>Wenn du Fragen zur Website oder zu rechtlichen Themen hast, kannst du uns jederzeit kontaktieren: <a href=\"&#x6d;&#x61;&#105;l&#x74;&#x6f;&#58;&#100;a&#x6e;&#x69;&#101;&#108;&#46;&#x6b;&#x75;&#101;ng&#x40;&#x6c;&#97;t&#x69;&#x6e;&#99;&#111;n&#x6e;&#x65;&#99;&#116;&#46;&#x63;&#x6f;&#109;\" data-no-translation=\"\">&#100;&#x61;&#110;&#x69;&#101;&#x6c;&#46;&#x6b;u&#101;&#x6e;&#103;&#x40;&#108;&#x61;t&#x69;n&#99;&#x6f;&#110;&#x6e;&#101;&#x63;&#116;&#x2e;c&#x6f;m<\/a>.<\/p>\t\t\t\t\t\t\t\t<\/div>\n\t\t\t\t\t<\/div>\n\t\t\t\t<\/div>\n\t\t\t\t<\/div>\n\t\t","protected":false},"excerpt":{"rendered":"<p>Impressum Anbieter \/ Verantwortlich f\u00fcr den Inhalt dieser Website:LatinconnectDaniel K\u00fcng Latinconnectc\/o DMC Systems SASabana Sur, Calle 66Edificio ARA Tours10108 San Jos\u00e9Costa Rica E-Mail: d&#97;&#110;&#x69;&#x65;l&#46;&#107;&#117;&#x65;&#x6e;g&#64;&#108;&#97;&#x74;&#x69;nc&#111;&#x6e;&#x6e;&#x65;c&#116;&#46;&#x63;&#x6f;&#x6d; Haftungsausschluss Haftung f\u00fcr InhalteWir erstellen die Inhalte dieser Website mit grosser Sorgfalt und bem\u00fchen uns, alle Informationen aktuell, korrekt und vollst\u00e4ndig zu halten. Trotzdem k\u00f6nnen wir keine Gew\u00e4hr f\u00fcr die Richtigkeit, Vollst\u00e4ndigkeit und Aktualit\u00e4t der Inhalte \u00fcbernehmen. Haftung f\u00fcr LinksDiese Website kann Links zu externen Websites Dritter enthalten. Auf deren Inhalte haben wir keinen Einfluss. F\u00fcr die Inhalte der verlinkten Seiten ist immer der jeweilige Anbieter oder Betreiber verantwortlich. Wenn du einen problematischen Link entdeckst, freuen wir uns \u00fcber einen Hinweis. Urheberrecht Alle Inhalte dieser Website (Texte, Bilder, Grafiken, Logos, Downloads und weitere Dateien) sind urheberrechtlich gesch\u00fctzt. Die Verwendung, Vervielf\u00e4ltigung oder Weitergabe von Inhalten ist nur mit vorheriger schriftlicher Zustimmung von Latinconnect erlaubt \u2013 ausser es ist gesetzlich ausdr\u00fccklich zul\u00e4ssig. Datenschutz Informationen zur Bearbeitung deiner personenbezogenen Daten findest du in unserer Datenschutzrichtlinie. Kontakt Wenn du Fragen zur Website oder zu rechtlichen Themen hast, kannst du uns jederzeit kontaktieren: d&#97;&#x6e;&#x69;&#x65;l&#46;&#x6b;&#x75;&#x65;n&#103;&#x40;&#x6c;&#x61;t&#105;&#x6e;&#x63;&#x6f;n&#110;&#x65;&#x63;&#x74;&#46;&#99;&#x6f;&#x6d;.<\/p>\n","protected":false},"author":3,"featured_media":0,"parent":0,"menu_order":0,"comment_status":"closed","ping_status":"closed","template":"","meta":{"_acf_changed":false,"footnotes":""},"class_list":["post-3652","page","type-page","status-publish","hentry"],"acf":[],"yoast_head":"<!-- This site is optimized with the Yoast SEO plugin v26.9 - https:\/\/yoast.com\/product\/yoast-seo-wordpress\/ -->\n<title>Impressum | Latinconnect<\/title>\n<meta name=\"description\" content=\"Anbieterkennzeichnung, Kontaktinformationen, Haftungsausschluss und rechtliche Hinweise zur Website von Latinconnect.\" \/>\n<meta name=\"robots\" content=\"noindex, follow, max-snippet:-1, max-image-preview:large, max-video-preview:-1\" \/>\n<meta property=\"og:locale\" content=\"de_DE\" \/>\n<meta property=\"og:type\" content=\"article\" \/>\n<meta property=\"og:title\" content=\"Impressum | Latinconnect\" \/>\n<meta property=\"og:description\" content=\"Anbieterkennzeichnung, Kontaktinformationen, Haftungsausschluss und rechtliche Hinweise zur Website von Latinconnect.\" \/>\n<meta property=\"og:url\" content=\"https:\/\/new.latinconnect.com\/de\/impressum\/\" \/>\n<meta property=\"og:site_name\" content=\"Latinconnect\" \/>\n<meta property=\"article:modified_time\" content=\"2026-04-14T07:13:16+00:00\" \/>\n<meta name=\"twitter:card\" content=\"summary_large_image\" \/>\n<meta name=\"twitter:label1\" content=\"Est. reading time\" \/>\n\t<meta name=\"twitter:data1\" content=\"2\u00a0Minuten\" \/>\n<script type=\"application\/ld+json\" class=\"yoast-schema-graph\">{\"@context\":\"https:\/\/schema.org\",\"@graph\":[{\"@type\":\"WebPage\",\"@id\":\"https:\/\/new.latinconnect.com\/impressum\/\",\"url\":\"https:\/\/new.latinconnect.com\/impressum\/\",\"name\":\"Impressum | Latinconnect\",\"isPartOf\":{\"@id\":\"http:\/\/new.latinconnect.com\/de\/#website\"},\"datePublished\":\"2025-12-19T08:55:02+00:00\",\"dateModified\":\"2026-04-14T07:13:16+00:00\",\"description\":\"Anbieterkennzeichnung, Kontaktinformationen, Haftungsausschluss und rechtliche Hinweise zur Website von Latinconnect.\",\"breadcrumb\":{\"@id\":\"https:\/\/new.latinconnect.com\/impressum\/#breadcrumb\"},\"inLanguage\":\"de\",\"potentialAction\":[{\"@type\":\"ReadAction\",\"target\":[\"https:\/\/new.latinconnect.com\/impressum\/\"]}]},{\"@type\":\"BreadcrumbList\",\"@id\":\"https:\/\/new.latinconnect.com\/impressum\/#breadcrumb\",\"itemListElement\":[{\"@type\":\"ListItem\",\"position\":1,\"name\":\"Home\",\"item\":\"https:\/\/new.latinconnect.com\/\"},{\"@type\":\"ListItem\",\"position\":2,\"name\":\"Impressum\"}]},{\"@type\":\"WebSite\",\"@id\":\"http:\/\/new.latinconnect.com\/de\/#website\",\"url\":\"http:\/\/new.latinconnect.com\/de\/\",\"name\":\"Latinconnect\",\"description\":\"latin america&#039;s dmc alliance\",\"publisher\":{\"@id\":\"http:\/\/new.latinconnect.com\/de\/#organization\"},\"potentialAction\":[{\"@type\":\"SearchAction\",\"target\":{\"@type\":\"EntryPoint\",\"urlTemplate\":\"http:\/\/new.latinconnect.com\/de\/?s={search_term_string}\"},\"query-input\":{\"@type\":\"PropertyValueSpecification\",\"valueRequired\":true,\"valueName\":\"search_term_string\"}}],\"inLanguage\":\"de\"},{\"@type\":\"Organization\",\"@id\":\"http:\/\/new.latinconnect.com\/de\/#organization\",\"name\":\"Latinconnect\",\"url\":\"http:\/\/new.latinconnect.com\/de\/\",\"logo\":{\"@type\":\"ImageObject\",\"inLanguage\":\"de\",\"@id\":\"http:\/\/new.latinconnect.com\/de\/#\/schema\/logo\/image\/\",\"url\":\"https:\/\/new.latinconnect.com\/wp-content\/uploads\/logo-latinconnect.svg\",\"contentUrl\":\"https:\/\/new.latinconnect.com\/wp-content\/uploads\/logo-latinconnect.svg\",\"width\":260,\"height\":50,\"caption\":\"Latinconnect\"},\"image\":{\"@id\":\"http:\/\/new.latinconnect.com\/de\/#\/schema\/logo\/image\/\"},\"sameAs\":[\"https:\/\/www.linkedin.com\/company\/latinconnect\"]}]}<\/script>\n<!-- \/ Yoast SEO plugin. -->","yoast_head_json":{"title":"Impressum | Latinconnect","description":"Anbieterkennzeichnung, Kontaktinformationen, Haftungsausschluss und rechtliche Hinweise zur Website von Latinconnect.","robots":{"index":"noindex","follow":"follow","max-snippet":"max-snippet:-1","max-image-preview":"max-image-preview:large","max-video-preview":"max-video-preview:-1"},"og_locale":"de_DE","og_type":"article","og_title":"Impressum | Latinconnect","og_description":"Anbieterkennzeichnung, Kontaktinformationen, Haftungsausschluss und rechtliche Hinweise zur Website von Latinconnect.","og_url":"https:\/\/new.latinconnect.com\/de\/impressum\/","og_site_name":"Latinconnect","article_modified_time":"2026-04-14T07:13:16+00:00","twitter_card":"summary_large_image","twitter_misc":{"Est. reading time":"2\u00a0Minuten"},"schema":{"@context":"https:\/\/schema.org","@graph":[{"@type":"WebPage","@id":"https:\/\/new.latinconnect.com\/impressum\/","url":"https:\/\/new.latinconnect.com\/impressum\/","name":"Impressum | Latinconnect","isPartOf":{"@id":"http:\/\/new.latinconnect.com\/de\/#website"},"datePublished":"2025-12-19T08:55:02+00:00","dateModified":"2026-04-14T07:13:16+00:00","description":"Anbieterkennzeichnung, Kontaktinformationen, Haftungsausschluss und rechtliche Hinweise zur Website von Latinconnect.","breadcrumb":{"@id":"https:\/\/new.latinconnect.com\/impressum\/#breadcrumb"},"inLanguage":"de","potentialAction":[{"@type":"ReadAction","target":["https:\/\/new.latinconnect.com\/impressum\/"]}]},{"@type":"BreadcrumbList","@id":"https:\/\/new.latinconnect.com\/impressum\/#breadcrumb","itemListElement":[{"@type":"ListItem","position":1,"name":"Home","item":"https:\/\/new.latinconnect.com\/"},{"@type":"ListItem","position":2,"name":"Impressum"}]},{"@type":"WebSite","@id":"http:\/\/new.latinconnect.com\/de\/#website","url":"http:\/\/new.latinconnect.com\/de\/","name":"Latinconnect","description":"latin america&#039;s dmc alliance","publisher":{"@id":"http:\/\/new.latinconnect.com\/de\/#organization"},"potentialAction":[{"@type":"SearchAction","target":{"@type":"EntryPoint","urlTemplate":"http:\/\/new.latinconnect.com\/de\/?s={search_term_string}"},"query-input":{"@type":"PropertyValueSpecification","valueRequired":true,"valueName":"search_term_string"}}],"inLanguage":"de"},{"@type":"Organization","@id":"http:\/\/new.latinconnect.com\/de\/#organization","name":"Latinconnect","url":"http:\/\/new.latinconnect.com\/de\/","logo":{"@type":"ImageObject","inLanguage":"de","@id":"http:\/\/new.latinconnect.com\/de\/#\/schema\/logo\/image\/","url":"https:\/\/new.latinconnect.com\/wp-content\/uploads\/logo-latinconnect.svg","contentUrl":"https:\/\/new.latinconnect.com\/wp-content\/uploads\/logo-latinconnect.svg","width":260,"height":50,"caption":"Latinconnect"},"image":{"@id":"http:\/\/new.latinconnect.com\/de\/#\/schema\/logo\/image\/"},"sameAs":["https:\/\/www.linkedin.com\/company\/latinconnect"]}]}},"_links":{"self":[{"href":"https:\/\/new.latinconnect.com\/de\/wp-json\/wp\/v2\/pages\/3652","targetHints":{"allow":["GET"]}}],"collection":[{"href":"https:\/\/new.latinconnect.com\/de\/wp-json\/wp\/v2\/pages"}],"about":[{"href":"https:\/\/new.latinconnect.com\/de\/wp-json\/wp\/v2\/types\/page"}],"author":[{"embeddable":true,"href":"https:\/\/new.latinconnect.com\/de\/wp-json\/wp\/v2\/users\/3"}],"replies":[{"embeddable":true,"href":"https:\/\/new.latinconnect.com\/de\/wp-json\/wp\/v2\/comments?post=3652"}],"version-history":[{"count":25,"href":"https:\/\/new.latinconnect.com\/de\/wp-json\/wp\/v2\/pages\/3652\/revisions"}],"predecessor-version":[{"id":7905,"href":"https:\/\/new.latinconnect.com\/de\/wp-json\/wp\/v2\/pages\/3652\/revisions\/7905"}],"wp:attachment":[{"href":"https:\/\/new.latinconnect.com\/de\/wp-json\/wp\/v2\/media?parent=3652"}],"curies":[{"name":"wp","href":"https:\/\/api.w.org\/{rel}","templated":true}]}}