{"id":2249,"date":"2025-11-06T11:33:18","date_gmt":"2025-11-06T11:33:18","guid":{"rendered":"https:\/\/new.latinconnect.com\/blog\/?page_id=2249"},"modified":"2026-03-10T15:17:17","modified_gmt":"2026-03-10T15:17:17","slug":"anmeldung-bonusprogramm","status":"publish","type":"page","link":"https:\/\/new.latinconnect.com\/de\/anmeldung-bonusprogramm\/","title":{"rendered":"Anmeldung Bonusprogramm"},"content":{"rendered":"\t\t<div data-elementor-type=\"wp-page\" data-elementor-id=\"2249\" class=\"elementor elementor-2249\">\n\t\t\t\t<div class=\"elementor-element elementor-element-5a274c43 first e-flex e-con-boxed wpr-particle-no wpr-jarallax-no wpr-parallax-no wpr-sticky-section-no e-con e-parent\" data-id=\"5a274c43\" data-element_type=\"container\">\n\t\t\t\t\t<div class=\"e-con-inner\">\n\t\t\t\t<div class=\"elementor-element elementor-element-11051253 s elementor-widget elementor-widget-heading\" data-id=\"11051253\" data-element_type=\"widget\" data-widget_type=\"heading.default\">\n\t\t\t\t\t<h1 class=\"elementor-heading-title elementor-size-default\">Anmeldung Bonusprogramm<\/h1>\t\t\t\t<\/div>\n\t\t<div class=\"elementor-element elementor-element-e5de5ab e-con-full e-flex wpr-particle-no wpr-jarallax-no wpr-parallax-no wpr-sticky-section-no e-con e-child\" data-id=\"e5de5ab\" data-element_type=\"container\">\n\t\t<div class=\"elementor-element elementor-element-1208bb63 e-con-full e-flex wpr-particle-no wpr-jarallax-no wpr-parallax-no wpr-sticky-section-no e-con e-child\" data-id=\"1208bb63\" data-element_type=\"container\">\n\t\t\t\t<div class=\"elementor-element elementor-element-518059a7 elementor-widget elementor-widget-text-editor\" data-id=\"518059a7\" data-element_type=\"widget\" data-widget_type=\"text-editor.default\">\n\t\t\t\t\t\t\t\t\tVeranstalter m\u00fcssen sich zur Teilnahme am Bonusprogramm mit diesem Formular bewerben. Latinconnect wird den Teilnahmeantrag am Bonusprogramm pr\u00fcfen und anschliessend die Teilnahme, sowie die endg\u00fcltigen Bedingungen schriftlich best\u00e4tigen. Latinconnect beh\u00e4lt sich das Recht vor, mit Veranstaltern abweichende Bedingungen zu verhandeln. Dies gilt insbesondere f\u00fcr Veranstalter im Tiefpreis-Segment und Anbieter, die Rabatte und Preisreduktionen f\u00fcr ihre Reisen separat aushandeln.\t\t\t\t\t\t\t\t<\/div>\n\t\t\t\t<\/div>\n\t\t<div class=\"elementor-element elementor-element-23f69276 e-con-full e-flex wpr-particle-no wpr-jarallax-no wpr-parallax-no wpr-sticky-section-no e-con e-child\" data-id=\"23f69276\" data-element_type=\"container\">\n\t\t\t\t<div class=\"elementor-element elementor-element-b84f6af elementor-widget elementor-widget-shortcode\" data-id=\"b84f6af\" data-element_type=\"widget\" data-widget_type=\"shortcode.default\">\n\t\t\t\t\t\t\t<div class=\"elementor-shortcode\">\n<div class=\"wpcf7 no-js\" id=\"wpcf7-f2263-o1\" lang=\"de-DE\" dir=\"ltr\" data-wpcf7-id=\"2263\">\n<div class=\"screen-reader-response\"><p role=\"status\" aria-live=\"polite\" aria-atomic=\"true\"><\/p> <ul><\/ul><\/div>\n<form action=\"\/de\/wp-json\/wp\/v2\/pages\/2249#wpcf7-f2263-o1\" method=\"post\" class=\"wpcf7-form init\" aria-label=\"Contact form\" novalidate=\"novalidate\" data-status=\"init\">\n<fieldset class=\"hidden-fields-container\"><input type=\"hidden\" name=\"_wpcf7\" value=\"2263\" \/><input type=\"hidden\" name=\"_wpcf7_version\" value=\"6.1.5\" \/><input type=\"hidden\" name=\"_wpcf7_locale\" value=\"de_DE\" \/><input type=\"hidden\" name=\"_wpcf7_unit_tag\" value=\"wpcf7-f2263-o1\" \/><input type=\"hidden\" name=\"_wpcf7_container_post\" value=\"0\" \/><input type=\"hidden\" name=\"_wpcf7_posted_data_hash\" value=\"\" \/><input type=\"hidden\" name=\"_wpcf7_recaptcha_response\" value=\"\" \/>\n<\/fieldset>\n<p><span class=\"wpcf7-form-control-wrap\" data-name=\"veranstaler\"><input size=\"40\" maxlength=\"400\" class=\"wpcf7-form-control wpcf7-text wpcf7-validates-as-required\" aria-required=\"true\" aria-invalid=\"false\" placeholder=\"Name des Veranstalters*\" value=\"\" type=\"text\" name=\"veranstaler\" \/><\/span>\n<\/p>\n<p><span class=\"wpcf7-form-control-wrap\" data-name=\"ansprechpartner\"><input size=\"40\" maxlength=\"400\" class=\"wpcf7-form-control wpcf7-text wpcf7-validates-as-required\" aria-required=\"true\" aria-invalid=\"false\" placeholder=\"Name des Ansprechpartners*\" value=\"\" type=\"text\" name=\"ansprechpartner\" \/><\/span>\n<\/p>\n<p><span class=\"wpcf7-form-control-wrap\" data-name=\"email\"><input size=\"40\" maxlength=\"400\" class=\"wpcf7-form-control wpcf7-email wpcf7-validates-as-required wpcf7-text wpcf7-validates-as-email\" autocomplete=\"email\" aria-required=\"true\" aria-invalid=\"false\" placeholder=\"E-Mail*\" value=\"\" type=\"email\" name=\"email\" \/><\/span>\n<\/p>\n<p><span class=\"wpcf7-form-control-wrap\" data-name=\"marken\"><input size=\"40\" maxlength=\"400\" class=\"wpcf7-form-control wpcf7-text\" aria-invalid=\"false\" placeholder=\"Wir sind mit folgenden Marken am Markt aktiv\" value=\"\" type=\"text\" name=\"marken\" \/><\/span>\n<\/p>\n<p><span class=\"wpcf7-form-control-wrap\" data-name=\"jetzige_partner\"><select class=\"wpcf7-form-control wpcf7-select lc-multi\" aria-invalid=\"false\" multiple=\"multiple\" name=\"jetzige_partner[]\"><option value=\"ARA Tours\">ARA Tours<\/option><option value=\"Caribbean Tours Cuba\">Caribbean Tours Cuba<\/option><option value=\"Caribbean Tours Hispaniola\">Caribbean Tours Hispaniola<\/option><option value=\"Gapa Travel\">Gapa Travel<\/option><option value=\"Caribbean Tours Mexico, Belize &amp; Guatemala\">Caribbean Tours Mexico, Belize &amp; Guatemala<\/option><option value=\"Promotora Neptuno\">Promotora Neptuno<\/option><option value=\"Latventure Argentina &amp; Chile\">Latventure Argentina &amp; Chile<\/option><option value=\"Latventure Ecuador\">Latventure Ecuador<\/option><option value=\"Latventure Peru\">Latventure Peru<\/option><\/select><\/span>\n<\/p>\n<p><span class=\"wpcf7-form-control-wrap\" data-name=\"kuenftige_partner\"><select class=\"wpcf7-form-control wpcf7-select lc-multi\" aria-invalid=\"false\" multiple=\"multiple\" name=\"kuenftige_partner[]\"><option value=\"ARA Tours\">ARA Tours<\/option><option value=\"Caribbean Tours Cuba\">Caribbean Tours Cuba<\/option><option value=\"Caribbean Tours Hispaniola\">Caribbean Tours Hispaniola<\/option><option value=\"Gapa Travel\">Gapa Travel<\/option><option value=\"Caribbean Tours Mexico, Belize &amp; Guatemala\">Caribbean Tours Mexico, Belize &amp; Guatemala<\/option><option value=\"Promotora Neptuno\">Promotora Neptuno<\/option><option value=\"Latventure Argentina &amp; Chile\">Latventure Argentina &amp; Chile<\/option><option value=\"Latventure Ecuador\">Latventure Ecuador<\/option><option value=\"Latventure Peru\">Latventure Peru<\/option><\/select><\/span>\n<\/p>\n<div class=\"last\">\n\t<p><span class=\"wpcf7-form-control-wrap\" data-name=\"teilnahme\"><span class=\"wpcf7-form-control wpcf7-acceptance\"><span class=\"wpcf7-list-item\"><label><input type=\"checkbox\" name=\"teilnahme\" value=\"1\" aria-invalid=\"false\" \/><span class=\"wpcf7-list-item-label\">Wir bewerben uns zur Teilnahme am Latinconnect Bonusprogramm und erwarten die endg\u00fcltigen schriftlichen Bedingungen in den n\u00e4chsten Tagen.<\/span><\/label><\/span><\/span><\/span>\n\t<\/p>\n<\/div>\n<div class=\"submit-block\">\n\t<p><input class=\"wpcf7-form-control wpcf7-submit has-spinner reset button-orange\" type=\"submit\" value=\"Jetzt anmelden\" \/>\n\t<\/p>\n<\/div><div class=\"wpcf7-response-output\" aria-hidden=\"true\"><\/div>\n<\/form>\n<\/div>\n<\/div>\n\t\t\t\t\t\t<\/div>\n\t\t\t\t<\/div>\n\t\t\t\t<\/div>\n\t\t\t\t\t<\/div>\n\t\t\t\t<\/div>\n\t\t\t\t<\/div>\n\t\t","protected":false},"excerpt":{"rendered":"<p>Anmeldung Bonusprogramm Veranstalter m\u00fcssen sich zur Teilnahme am Bonusprogramm mit diesem Formular bewerben. Latinconnect wird den Teilnahmeantrag am Bonusprogramm pr\u00fcfen und anschliessend die Teilnahme, sowie die endg\u00fcltigen Bedingungen schriftlich best\u00e4tigen. Latinconnect beh\u00e4lt sich das Recht vor, mit Veranstaltern abweichende Bedingungen zu verhandeln. Dies gilt insbesondere f\u00fcr Veranstalter im Tiefpreis-Segment und Anbieter, die Rabatte und Preisreduktionen f\u00fcr ihre Reisen separat aushandeln.<\/p>\n","protected":false},"author":3,"featured_media":0,"parent":0,"menu_order":0,"comment_status":"closed","ping_status":"closed","template":"","meta":{"_acf_changed":false,"footnotes":""},"class_list":["post-2249","page","type-page","status-publish","hentry"],"acf":[],"yoast_head":"<!-- This site is optimized with the Yoast SEO plugin v26.9 - https:\/\/yoast.com\/product\/yoast-seo-wordpress\/ -->\n<title>Bonusprogramm Anmeldung | Latinconnect<\/title>\n<meta name=\"description\" content=\"Jetzt f\u00fcr das Latinconnect Bonusprogramm anmelden: Veranstalterdaten erfassen, Partnerschaften angeben und Teilnahmebedingungen anfordern.\" \/>\n<meta name=\"robots\" content=\"noindex, follow, max-snippet:-1, max-image-preview:large, max-video-preview:-1\" \/>\n<meta property=\"og:locale\" content=\"de_DE\" \/>\n<meta property=\"og:type\" content=\"article\" \/>\n<meta property=\"og:title\" content=\"Bonusprogramm Anmeldung | Latinconnect\" \/>\n<meta property=\"og:description\" content=\"Jetzt f\u00fcr das Latinconnect Bonusprogramm anmelden: Veranstalterdaten erfassen, Partnerschaften angeben und Teilnahmebedingungen anfordern.\" \/>\n<meta property=\"og:url\" content=\"https:\/\/new.latinconnect.com\/de\/anmeldung-bonusprogramm\/\" \/>\n<meta property=\"og:site_name\" content=\"Latinconnect\" \/>\n<meta property=\"article:modified_time\" content=\"2026-03-10T15:17:17+00:00\" \/>\n<meta name=\"twitter:card\" content=\"summary_large_image\" \/>\n<meta name=\"twitter:label1\" content=\"Est. reading time\" \/>\n\t<meta name=\"twitter:data1\" content=\"1\u00a0Minute\" \/>\n<script type=\"application\/ld+json\" class=\"yoast-schema-graph\">{\"@context\":\"https:\/\/schema.org\",\"@graph\":[{\"@type\":\"WebPage\",\"@id\":\"https:\/\/new.latinconnect.com\/de\/anmeldung-bonusprogramm\/\",\"url\":\"https:\/\/new.latinconnect.com\/de\/anmeldung-bonusprogramm\/\",\"name\":\"Bonusprogramm Anmeldung | Latinconnect\",\"isPartOf\":{\"@id\":\"http:\/\/new.latinconnect.com\/de\/#website\"},\"datePublished\":\"2025-11-06T11:33:18+00:00\",\"dateModified\":\"2026-03-10T15:17:17+00:00\",\"description\":\"Jetzt f\u00fcr das Latinconnect Bonusprogramm anmelden: Veranstalterdaten erfassen, Partnerschaften angeben und Teilnahmebedingungen anfordern.\",\"breadcrumb\":{\"@id\":\"https:\/\/new.latinconnect.com\/de\/anmeldung-bonusprogramm\/#breadcrumb\"},\"inLanguage\":\"de\",\"potentialAction\":[{\"@type\":\"ReadAction\",\"target\":[\"https:\/\/new.latinconnect.com\/de\/anmeldung-bonusprogramm\/\"]}]},{\"@type\":\"BreadcrumbList\",\"@id\":\"https:\/\/new.latinconnect.com\/de\/anmeldung-bonusprogramm\/#breadcrumb\",\"itemListElement\":[{\"@type\":\"ListItem\",\"position\":1,\"name\":\"Home\",\"item\":\"https:\/\/new.latinconnect.com\/\"},{\"@type\":\"ListItem\",\"position\":2,\"name\":\"Anmeldung Bonusprogramm\"}]},{\"@type\":\"WebSite\",\"@id\":\"http:\/\/new.latinconnect.com\/de\/#website\",\"url\":\"http:\/\/new.latinconnect.com\/de\/\",\"name\":\"Latinconnect\",\"description\":\"latin america&#039;s dmc alliance\",\"publisher\":{\"@id\":\"http:\/\/new.latinconnect.com\/de\/#organization\"},\"potentialAction\":[{\"@type\":\"SearchAction\",\"target\":{\"@type\":\"EntryPoint\",\"urlTemplate\":\"http:\/\/new.latinconnect.com\/de\/?s={search_term_string}\"},\"query-input\":{\"@type\":\"PropertyValueSpecification\",\"valueRequired\":true,\"valueName\":\"search_term_string\"}}],\"inLanguage\":\"de\"},{\"@type\":\"Organization\",\"@id\":\"http:\/\/new.latinconnect.com\/de\/#organization\",\"name\":\"Latinconnect\",\"url\":\"http:\/\/new.latinconnect.com\/de\/\",\"logo\":{\"@type\":\"ImageObject\",\"inLanguage\":\"de\",\"@id\":\"http:\/\/new.latinconnect.com\/de\/#\/schema\/logo\/image\/\",\"url\":\"https:\/\/new.latinconnect.com\/wp-content\/uploads\/logo-latinconnect.svg\",\"contentUrl\":\"https:\/\/new.latinconnect.com\/wp-content\/uploads\/logo-latinconnect.svg\",\"width\":260,\"height\":50,\"caption\":\"Latinconnect\"},\"image\":{\"@id\":\"http:\/\/new.latinconnect.com\/de\/#\/schema\/logo\/image\/\"},\"sameAs\":[\"https:\/\/www.linkedin.com\/company\/latinconnect\"]}]}<\/script>\n<!-- \/ Yoast SEO plugin. -->","yoast_head_json":{"title":"Bonusprogramm Anmeldung | Latinconnect","description":"Jetzt f\u00fcr das Latinconnect Bonusprogramm anmelden: Veranstalterdaten erfassen, Partnerschaften angeben und Teilnahmebedingungen anfordern.","robots":{"index":"noindex","follow":"follow","max-snippet":"max-snippet:-1","max-image-preview":"max-image-preview:large","max-video-preview":"max-video-preview:-1"},"og_locale":"de_DE","og_type":"article","og_title":"Bonusprogramm Anmeldung | Latinconnect","og_description":"Jetzt f\u00fcr das Latinconnect Bonusprogramm anmelden: Veranstalterdaten erfassen, Partnerschaften angeben und Teilnahmebedingungen anfordern.","og_url":"https:\/\/new.latinconnect.com\/de\/anmeldung-bonusprogramm\/","og_site_name":"Latinconnect","article_modified_time":"2026-03-10T15:17:17+00:00","twitter_card":"summary_large_image","twitter_misc":{"Est. reading time":"1\u00a0Minute"},"schema":{"@context":"https:\/\/schema.org","@graph":[{"@type":"WebPage","@id":"https:\/\/new.latinconnect.com\/de\/anmeldung-bonusprogramm\/","url":"https:\/\/new.latinconnect.com\/de\/anmeldung-bonusprogramm\/","name":"Bonusprogramm Anmeldung | Latinconnect","isPartOf":{"@id":"http:\/\/new.latinconnect.com\/de\/#website"},"datePublished":"2025-11-06T11:33:18+00:00","dateModified":"2026-03-10T15:17:17+00:00","description":"Jetzt f\u00fcr das Latinconnect Bonusprogramm anmelden: Veranstalterdaten erfassen, Partnerschaften angeben und Teilnahmebedingungen anfordern.","breadcrumb":{"@id":"https:\/\/new.latinconnect.com\/de\/anmeldung-bonusprogramm\/#breadcrumb"},"inLanguage":"de","potentialAction":[{"@type":"ReadAction","target":["https:\/\/new.latinconnect.com\/de\/anmeldung-bonusprogramm\/"]}]},{"@type":"BreadcrumbList","@id":"https:\/\/new.latinconnect.com\/de\/anmeldung-bonusprogramm\/#breadcrumb","itemListElement":[{"@type":"ListItem","position":1,"name":"Home","item":"https:\/\/new.latinconnect.com\/"},{"@type":"ListItem","position":2,"name":"Anmeldung Bonusprogramm"}]},{"@type":"WebSite","@id":"http:\/\/new.latinconnect.com\/de\/#website","url":"http:\/\/new.latinconnect.com\/de\/","name":"Latinconnect","description":"latin america&#039;s dmc alliance","publisher":{"@id":"http:\/\/new.latinconnect.com\/de\/#organization"},"potentialAction":[{"@type":"SearchAction","target":{"@type":"EntryPoint","urlTemplate":"http:\/\/new.latinconnect.com\/de\/?s={search_term_string}"},"query-input":{"@type":"PropertyValueSpecification","valueRequired":true,"valueName":"search_term_string"}}],"inLanguage":"de"},{"@type":"Organization","@id":"http:\/\/new.latinconnect.com\/de\/#organization","name":"Latinconnect","url":"http:\/\/new.latinconnect.com\/de\/","logo":{"@type":"ImageObject","inLanguage":"de","@id":"http:\/\/new.latinconnect.com\/de\/#\/schema\/logo\/image\/","url":"https:\/\/new.latinconnect.com\/wp-content\/uploads\/logo-latinconnect.svg","contentUrl":"https:\/\/new.latinconnect.com\/wp-content\/uploads\/logo-latinconnect.svg","width":260,"height":50,"caption":"Latinconnect"},"image":{"@id":"http:\/\/new.latinconnect.com\/de\/#\/schema\/logo\/image\/"},"sameAs":["https:\/\/www.linkedin.com\/company\/latinconnect"]}]}},"_links":{"self":[{"href":"https:\/\/new.latinconnect.com\/de\/wp-json\/wp\/v2\/pages\/2249","targetHints":{"allow":["GET"]}}],"collection":[{"href":"https:\/\/new.latinconnect.com\/de\/wp-json\/wp\/v2\/pages"}],"about":[{"href":"https:\/\/new.latinconnect.com\/de\/wp-json\/wp\/v2\/types\/page"}],"author":[{"embeddable":true,"href":"https:\/\/new.latinconnect.com\/de\/wp-json\/wp\/v2\/users\/3"}],"replies":[{"embeddable":true,"href":"https:\/\/new.latinconnect.com\/de\/wp-json\/wp\/v2\/comments?post=2249"}],"version-history":[{"count":64,"href":"https:\/\/new.latinconnect.com\/de\/wp-json\/wp\/v2\/pages\/2249\/revisions"}],"predecessor-version":[{"id":7372,"href":"https:\/\/new.latinconnect.com\/de\/wp-json\/wp\/v2\/pages\/2249\/revisions\/7372"}],"wp:attachment":[{"href":"https:\/\/new.latinconnect.com\/de\/wp-json\/wp\/v2\/media?parent=2249"}],"curies":[{"name":"wp","href":"https:\/\/api.w.org\/{rel}","templated":true}]}}